{"id":1069,"date":"2023-03-05T12:19:17","date_gmt":"2023-03-05T10:19:17","guid":{"rendered":"https:\/\/www.harmoniedeblois.fr\/?page_id=1069"},"modified":"2023-03-23T12:19:04","modified_gmt":"2023-03-23T10:19:04","slug":"concert-de-printemps-2023","status":"publish","type":"page","link":"https:\/\/www.harmoniedeblois.fr\/?page_id=1069","title":{"rendered":"Concert de printemps 2023"},"content":{"rendered":"<p><a href=\"officiel\/images\/affiches\/HdB-230318.pdf\" target=\"_blank\" rel=\"noopener noreferrer\"><img loading=\"lazy\" decoding=\"async\" src=\"officiel\/images\/affiches\/230318.jpg\" alt=\"Affiche du concert\" class=\"alignleft\" width=\"70\" height=\"100\"><\/a><\/p>\n<div class=\"descriptif_concert\">\nLieu : Halle aux Grains de Blois<\/p>\n<p>Date : 18 mars 2023<br \/>\nHoraire : 20h30<br \/>\n&nbsp;<br \/>\n&nbsp;<br \/>\n&nbsp;<\/p>\n<\/div>\n<h3 class=\"entracte\">Premi\u00e8re partie (Harmonie de Blois)<\/h3>\n<div class=\"morceau\">\n<h4 class=\"morceau_titre\">Wings to Fly<br \/>\n<span class=\"morceau_titre2\">Overture for Young People<\/span><\/h4>\n<p class=\"morceau_compositeur\">Thomas DOSS<\/p>\n<div class=\"morceau_description\"><\/div>\n<\/div>\n<p>Thomas Doss est n\u00e9 en 1966. Parall\u00e8lement \u00e0 ses activit\u00e9s de chef d\u2019orchestre, il m\u00e8ne une brillante carri\u00e8re de compositeur. Il est l\u2019auteur de nombreuses \u0153uvres pour diverses formations instrumentales, dont beaucoup pour orchestre d\u2019Harmonie.<br \/>\nCette pi\u00e8ce a \u00e9t\u00e9 compos\u00e9e pour l\u2019harmonie de la Marienschule de Saarbruck, en Allemagne. Son titre (Wings To Fly : Des Ailes pour Voler) souligne l\u2019importance d\u2019une \u00e9ducation fond\u00e9e sur la libert\u00e9 et la responsabilit\u00e9, et d\u2019apprendre reconna\u00eetre et accepter ses propres limites afin de devenir des citoyens cultiv\u00e9s et charitables.<br \/>\nDans sa musique, le compositeur \u00e9voque des aspects de la vie typique des jeunes, comme l\u2019amiti\u00e9, les d\u00e9ceptions, les d\u00e9fis, les valeurs et les espoirs. En fait, l\u2019\u00e9ducation nous donne tous \u00ab&nbsp;des ailes pour voler&nbsp;\u00bb.<\/p>\n<hr>\n<div class=\"morceau\">\n<h4 class=\"morceau_titre\">DA VINCI<\/h4>\n<p class=\"morceau_compositeur\">Johan De MEIJ<\/p>\n<div class=\"morceau_description\">\n<p>Johan De MEIJ, n\u00e9 en 1953, est un chef d&rsquo;orchestre et un compositeur n\u00e9erlandais. Voici ce qu&rsquo;il dit lui-m\u00eame de sa pi\u00e8ce Da Vinci :<br \/>\n\u00ab Uomo universalis par excellence, Leonardo Da Vinci (1452-1519) m&rsquo;a toujours fascin\u00e9 par son infinie curiosit\u00e9 pour tout ce qui bouge et vit autour de nous.<br \/>\nLa vie de Da Vinci a attis\u00e9 ma curiosit\u00e9 et stimul\u00e9 ma cr\u00e9ativit\u00e9. Je me suis demand\u00e9 quelle musique je pourrais cr\u00e9er en me limitant, par exemple, aux touches blanches du piano.<br \/>\nDA VINCI d\u00e9bute avec un accord grandiose sur cinq octaves par l&rsquo;orchestre entier. Cet accord, que j&rsquo;appelle \u00ab l&rsquo;accord Da Vinci \u00bb forme la connectivit\u00e9 entre les diverses sections de la pi\u00e8ce.<br \/>\nDans la s\u00e9quence d&rsquo;ouverture, The Vitruvian Man, j&rsquo;ai exp\u00e9riment\u00e9 la sym\u00e9trie cet accord avec des accords en cluster ascendants et descendants.<br \/>\nDans Mona Lisa, un quatuor de fl\u00fbtes \u00e0 bec \u00e9merge subitement de l&rsquo;ensemble pour interpr\u00e9ter un motet \u00e9crit par un contemporain de Da Vinci, Josquin Des Prez.<br \/>\nLes rapides phrases ascendantes de Vola, Vola illustrent le d\u00e9sir fervent de Da Vinci : pouvoir voler.<br \/>\nDans Macchianario (machines), j&rsquo;ai exploit\u00e9 les possibilit\u00e9s de l&rsquo;intervalle D-A ( = R\u00e9-La), les deux premi\u00e8res lettres se son nom, jusqu&rsquo;\u00e0 ce que l&rsquo;accord Da Vinci m\u00e8ne brusquement \u00e0 une reprise de Vola, Vola ! Des passages virtuoses tourbillonnent \u00e0 travers tout l&rsquo;orchestre, \u00e9voquant un voyage audacieux dans les airs. L&rsquo;accord Da Vinci m\u00e8ne finalement \u00e0 un accord de Do majeur \u00e9clatant, rendant hommage \u00e0 l&rsquo;un des plus grands g\u00e9nies de tous les temps. \u00bb<br \/>\nI. The Vitruvian Man<br \/>\nII. Mona Lisa<br \/>\nIII. Vola, vola (1)<br \/>\nIV. Macchinario<br \/>\nV. Vola, vola (2)<\/p>\n<\/div>\n<\/div>\n<hr>\n<div class=\"morceau\">\n<h4 class=\"morceau_titre\">THE LION KING SOUNDTRACK HIGHLIGHTS<\/h4>\n<p class=\"morceau_compositeur\">Elton JOHN\/ Hans ZIMMER<br \/>\n<span class=\"morceau_arrangeur\">Arr : Calvin CUSTER<\/span><\/p>\n<div class=\"morceau_description\">\n<p>Sorti en 1994, Le Roi lion (The Lion King) est un long-m\u00e9trage d&rsquo;animation des studios Disney, r\u00e9alis\u00e9 par Roger ALLERS et Rob MINKOFF.<br \/>\nLe film rencontre d\u00e8s sa sortie un \u00e9norme succ\u00e8s devenant le film num\u00e9ro un du box-office mondial de l&rsquo;ann\u00e9e 1994. Il devient alors un des grands classiques \u00ab Disney \u00bb.<br \/>\nOr, Depuis toujours Disney mise sur la musique dans ses films. Ainsi, le \u00ab roi lion \u00bb (comme les autres films d&rsquo;animation Disney) est jalonn\u00e9 de chansons qui deviendront pour beaucoup d&rsquo;\u00e9normes succ\u00e8s. Tim RICE en est l&rsquo;auteur et c&rsquo;est lui-m\u00eame qui a choisi le c\u00e9l\u00e8bre Elton JOHN pour la composition de celles-ci. Quant \u00e0 la partition orchestrale qui devait inclure toutes ces chansons, c&rsquo;est Hans ZIMMER (grand compositeur de musique de film) qui s&rsquo;en est charg\u00e9.<br \/>\nL&rsquo;arrangement de Calvin CUSTER pour orchestre d&rsquo;harmonie inclus des extraits des principales chansons du film : \u00ab Circle of Life \u00bb (Le Cycle De La vie), \u00ab To Die For \u00bb (La D\u00e9bandade), \u00ab Be Prepared \u00bb (Soyez Pr\u00eates), \u00ab Can You Feel The Love Tonight \u00bb (L&rsquo;Amour Brille Sous Les \u00c9toiles), \u00ab Hakuna Matata \u00bb et \u00ab I Just Can&rsquo;t Wait To Be King \u00bb (Je voudrais d\u00e9j\u00e0 \u00eatre roi).<\/p>\n<\/div>\n<\/div>\n<hr>\n<div class=\"morceau\">\n<h4 class=\"morceau_titre\">GEORGIA ON MY MIND<\/h4>\n<p class=\"morceau_compositeur\">Ray CHARLES<br \/>\n<span class=\"morceau_arrangeur\">Arr : Peter KLEINE SCHAARS<\/span><\/p>\n<div class=\"morceau_description\">\n<p>Ray CHARLES, (1930-2004) est un chanteur, compositeur, arrangeur et pianiste am\u00e9ricain.<br \/>\nFigure majeure de la musique afro-am\u00e9ricaine, il aborda de nombreux genres musicaux durant sa carri\u00e8re. Atteint de c\u00e9cit\u00e9 totale \u00e0 l&rsquo;\u00e2ge de sept ans, Ray CHARLES suit une formation musicale classique dans sa jeunesse, puis se tourne vers le blues et conna\u00eet le succ\u00e8s au d\u00e9but des ann\u00e9es 1960 avec des titres tels que Georgia on my Mind.<br \/>\nCompos\u00e9e en 1930, cette ballade jazzy est sans doute l\u2019un des standards les plus repris de tous les temps. Son interpr\u00e9tation la plus connue, enregistr\u00e9e en 1960, est celle de l\u2019incomparable Ray CHARLES. En 1979, cette chanson a \u00e9t\u00e9 d\u00e9clar\u00e9e hymne officiel de l\u2019\u00c9tat de G\u00e9orgie, aux \u00c9tats-Unis. Le grand arrangeur Peter KLEINE SCHAARS en a r\u00e9alis\u00e9 un arrangement pour orchestre d\u2019harmonie qui s\u2019en rapproche tellement, que l\u2019on ressent pleinement l\u2019ambiance des ann\u00e9es soixante.<\/p>\n<\/div>\n<\/div>\n<h3 class=\"entracte\">Deuxi\u00e8me partie (Union musicale de Romorantin-Lantenay)<\/h3>\n<p>L&rsquo;Union Musicale de Romorantin-Lanthenay, fond\u00e9e le 19 juin 1919, est une soci\u00e9t\u00e9 d&rsquo;\u00e9ducation populaire ; elle a pour but de d\u00e9velopper le go\u00fbt musical chez les jeunes gens, de divertir par des concerts la population du pays et de participer aux c\u00e9r\u00e9monies et r\u00e9jouissances publiques\u00a0\u00bb.<\/p>\n<div class=\"morceau\">\n<h4 class=\"morceau_titre\">FANFARE<\/h4>\n<p class=\"morceau_compositeur\">Satoshi Yagisawa<\/p>\n<\/div>\n<hr>\n<div class=\"morceau\">\n<h4 class=\"morceau_titre\">ADIOS NONINO<\/h4>\n<p class=\"morceau_compositeur\">Astor Piazolla<\/p>\n<\/div>\n<hr>\n<div class=\"morceau\">\n<h4 class=\"morceau_titre\">3 MOMENTS OF HAPPINESS<\/h4>\n<p class=\"morceau_compositeur\">Bertrand Gay<\/p>\n<\/div>\n<hr>\n<div class=\"morceau\">\n<h4 class=\"morceau_titre\">CLAUDE FRAN\u00c7OIS MEDLEY<\/h4>\n<p class=\"morceau_compositeur\">Elph\u00e8ge Proisy<\/p>\n<\/div>\n<hr>\n<div class=\"morceau\">\n<h4 class=\"morceau_titre\">HIGHLIGHTS FROM STAR TREK<\/h4>\n<p class=\"morceau_compositeur\">Michael Brown<\/p>\n<\/div>\n<hr>\n","protected":false},"excerpt":{"rendered":"<p>Lieu : Halle aux Grains de Blois Date : 18 mars 2023 Horaire : 20h30 &nbsp; &nbsp; &nbsp; Premi\u00e8re partie (Harmonie de Blois) Wings to Fly Overture for Young People Thomas DOSS Thomas Doss est n\u00e9 en 1966. Parall\u00e8lement \u00e0 ses activit\u00e9s de chef d\u2019orchestre, il m\u00e8ne une brillante carri\u00e8re de compositeur. Il est l\u2019auteur [&hellip;]<\/p>\n","protected":false},"author":1,"featured_media":0,"parent":240,"menu_order":0,"comment_status":"closed","ping_status":"closed","template":"","meta":{"footnotes":""},"class_list":["post-1069","page","type-page","status-publish","hentry"],"_links":{"self":[{"href":"https:\/\/www.harmoniedeblois.fr\/index.php?rest_route=\/wp\/v2\/pages\/1069","targetHints":{"allow":["GET"]}}],"collection":[{"href":"https:\/\/www.harmoniedeblois.fr\/index.php?rest_route=\/wp\/v2\/pages"}],"about":[{"href":"https:\/\/www.harmoniedeblois.fr\/index.php?rest_route=\/wp\/v2\/types\/page"}],"author":[{"embeddable":true,"href":"https:\/\/www.harmoniedeblois.fr\/index.php?rest_route=\/wp\/v2\/users\/1"}],"replies":[{"embeddable":true,"href":"https:\/\/www.harmoniedeblois.fr\/index.php?rest_route=%2Fwp%2Fv2%2Fcomments&post=1069"}],"version-history":[{"count":6,"href":"https:\/\/www.harmoniedeblois.fr\/index.php?rest_route=\/wp\/v2\/pages\/1069\/revisions"}],"predecessor-version":[{"id":1085,"href":"https:\/\/www.harmoniedeblois.fr\/index.php?rest_route=\/wp\/v2\/pages\/1069\/revisions\/1085"}],"up":[{"embeddable":true,"href":"https:\/\/www.harmoniedeblois.fr\/index.php?rest_route=\/wp\/v2\/pages\/240"}],"wp:attachment":[{"href":"https:\/\/www.harmoniedeblois.fr\/index.php?rest_route=%2Fwp%2Fv2%2Fmedia&parent=1069"}],"curies":[{"name":"wp","href":"https:\/\/api.w.org\/{rel}","templated":true}]}}