{"id":1124,"date":"2024-11-23T19:15:36","date_gmt":"2024-11-23T17:15:36","guid":{"rendered":"https:\/\/www.harmoniedeblois.fr\/?page_id=1124"},"modified":"2025-03-08T12:27:05","modified_gmt":"2025-03-08T10:27:05","slug":"prochain-concert-noel-2024","status":"publish","type":"page","link":"https:\/\/www.harmoniedeblois.fr\/?page_id=1124","title":{"rendered":"Concert de No\u00ebl 2024"},"content":{"rendered":"<p><a href=\"officiel\/images\/affiches\/HdB-241222.pdf\" target=\"_blank\" rel=\"noopener noreferrer\"><img loading=\"lazy\" decoding=\"async\" src=\"officiel\/images\/affiches\/241222.jpg\" alt=\"Affiche du concert\" class=\"alignleft\" width=\"70\" height=\"100\"><\/a><\/p>\n<div class=\"descriptif_concert\">\n<p>Lieu : Halle aux Grains de Blois<\/p>\n<p>Date : 22 d\u00e9cembre 2024<br \/>\nHoraire : 16h<\/p>\n<p>&nbsp;<\/p>\n<\/div>\n<h3 class=\"entracte\">Premi\u00e8re partie (Ensemble Orchestral 41)<\/h3>\n<p>Depuis 2003 l&rsquo;Ensemble Orchestral 41 (EO41) porte la musique au plus grand nombre et sensibilise les publics les plus divers en leur permettant de d\u00e9couvrir le r\u00e9pertoire symphonique. Il est plac\u00e9 sous la baguette de Claude KESMAECKER, \u00e9galement chef de la Musique de l\u2019Air.<br \/>\nOrchestre regroupant jusqu\u2019\u00e0 50 musiciens, l\u2019EO41 adapte sa nomenclature pour coller au plus juste des r\u00e9pertoires propos\u00e9s. Des formations plus restreintes &#8211; voire de chambre &#8211; permettent qu\u2019il se produise en tout lieu.<br \/>\nL\u2019EO41 est, \u00e0 plus d\u2019un titre, une formation singuli\u00e8re : itin\u00e9rant, il partage ses lieux de r\u00e9p\u00e9tition entre Vend\u00f4me et Blois, et pose ses pupitres sur l\u2019ensemble de la r\u00e9gion pour les concerts ; dans le cadre de ses missions, des actions de sensibilisation en direction des jeunes, tant dans le cadre \u00e9ducatif que dans celui de concerts ouverts aux familles, sont propos\u00e9es sur l\u2019ensemble du territoire.<br \/>\nL\u2019EO41 est port\u00e9 par Accords &#8211; Centre Val de Loire et subventionn\u00e9 par le d\u00e9partement de Loir-et-Cher.<\/p>\n<div class=\"morceau\">\n<h4 class=\"morceau_titre\">La vie parisienne<\/h4>\n<p class=\"morceau_compositeur\">Jacques Offenbach<\/p>\n<div class=\"morceau_description\">\n<\/p><\/div>\n<\/div>\n<hr\/>\n<div class=\"morceau\">\n<h4 class=\"morceau_titre\">Aufforderung zum tanz<br \/><span class=\"morceau_titre2\">Opus 65<\/span><\/h4>\n<p class=\"morceau_compositeur\">Carl-Maria von Weber<br \/><span class=\"morceau_arrangeur\">Orch. : Hector<br \/>\nBerlioz<\/span><\/p>\n<div class=\"morceau_description\">\n<\/p><\/div>\n<\/div>\n<hr\/>\n<div class=\"morceau\">\n<h4 class=\"morceau_titre\">Le tribut de Zamora<br \/><span class=\"morceau_titre2\">Danse espagnole<\/span><\/h4>\n<p class=\"morceau_compositeur\">Charles Gounod<\/p>\n<div class=\"morceau_description\">\n<\/p><\/div>\n<\/div>\n<hr\/>\n<div class=\"morceau\">\n<h4 class=\"morceau_titre\">Walking the dog<br \/><span class=\"morceau_titre2\">Promenade, du film Shall We Dance<\/span><\/h4>\n<p class=\"morceau_compositeur\">Georges Gershwin<\/p>\n<div class=\"morceau_description\">\n<\/p><\/div>\n<\/div>\n<hr\/>\n<div class=\"morceau\">\n<h4 class=\"morceau_titre\">A Christmas festival<\/h4>\n<p class=\"morceau_compositeur\">Leroy Anderson<\/p>\n<div class=\"morceau_description\">\n<\/p><\/div>\n<\/div>\n<h3 class=\"entracte\">Deuxi\u00e8me partie (Harmonie de Blois)<\/h3>\n<div class=\"morceau\">\n<h4 class=\"morceau_titre\">Symphony n\u00b01<br \/><span class=\"morceau_titre2\">The Archangels<\/span><\/h4>\n<p class=\"morceau_compositeur\">Franco Cesarini<\/p>\n<div class=\"morceau_description\">\n<p>Franco CESARINI (n\u00e9 le 18 avril 1961) est un compositeur, chef d&rsquo;orchestre et musicien suisse. C&rsquo;est un compositeur particuli\u00e8rement polyvalent. Son catalogue comporte outre des pi\u00e8ces pour orchestre d&rsquo;harmonie, des compositions pour ensemble de musique de chambre, pour divers instruments solo, pour voix, piano, Quatuor \u00e0 Cordes et Orchestre Symphonique. Franco CESARINI a \u00e9t\u00e9 r\u00e9compens\u00e9 de plusieurs prix de composition. D\u2019autre part, il est tr\u00e8s sollicit\u00e9 en tant que membre de jurys nationaux et internationaux et chef invit\u00e9. La plupart de ses \u0153uvres ont d\u00e9j\u00e0 \u00e9t\u00e9 enregistr\u00e9es par des formations et interpr\u00e8tes prestigieux, et sont disponibles en CD.<\/p>\n<p>Symphony N\u00b01 &#8211; The archangels &#8211; (La symphonie des Archanges) est une vaste composition au langage dramatique et aux d\u00e9veloppements th\u00e9matiques intenses. Chaque mouvement est construit sur la base d&rsquo;un th\u00e8me gr\u00e9gorien. Malgr\u00e9 le titre, cette composition ne contient pas de r\u00e9f\u00e9rences litt\u00e9raires directes et ne doit pas \u00eatre consid\u00e9r\u00e9e comme une musique \u00e0 programme.<br \/>Le premier mouvement est d\u00e9di\u00e9 \u00e0 l&rsquo;Archange Gabriel, le messager de Dieu. Cet ange d\u00e9licat qui annonce la naissance de J\u00e9sus-Christ \u00e0 la Vierge devient parfois un guerrier redoutable, comme lors de l&rsquo;attaque des Anges rebelles.<br \/>Le deuxi\u00e8me mouvement s&rsquo;occupe de l&rsquo;Archange Rapha\u00ebl : l&rsquo;ange gu\u00e9risseur, d&rsquo;o\u00f9 une musique \u00e0 forte sensibilit\u00e9.<br \/>De nombreuses l\u00e9gendes captivantes et fanatiques existent au sujet de l&rsquo; Archange Michel, le prince de la milice c\u00e9leste. La musique d\u00e9peint son triomphe sur les hordes de Satan.<br \/>Le dernier mouvement est d\u00e9di\u00e9 \u00e0 l&rsquo;Archange Uriel, l&rsquo;Achange oubli\u00e9. En effet, son nom ne figure pas sur la liste des anges accept\u00e9s officiellement par l&rsquo;\u00c9glise catholique romaine aujourd&rsquo;hui, bien qu&rsquo;il ait \u00e9t\u00e9 honor\u00e9 avant le Concile de Trente au cours duquel fut \u00e9limin\u00e9 le seul texte sacr\u00e9 le mentionnant.<\/p>\n<ol>\n<li>Gabriel, the Messenger of Light<\/li>\n<li>Rapha\u00ebl, the Guide of Souls<\/li>\n<li>Michael, the Prince of the Heavenly Host<\/li>\n<li>Uriel, the Time Keeper<\/li>\n<\/ol><\/div>\n<\/div>\n","protected":false},"excerpt":{"rendered":"<p>Lieu : Halle aux Grains de Blois Date : 22 d\u00e9cembre 2024 Horaire : 16h &nbsp; Premi\u00e8re partie (Ensemble Orchestral 41) Depuis 2003 l&rsquo;Ensemble Orchestral 41 (EO41) porte la musique au plus grand nombre et sensibilise les publics les plus divers en leur permettant de d\u00e9couvrir le r\u00e9pertoire symphonique. Il est plac\u00e9 sous la baguette [&hellip;]<\/p>\n","protected":false},"author":1,"featured_media":0,"parent":240,"menu_order":0,"comment_status":"closed","ping_status":"closed","template":"","meta":{"footnotes":""},"class_list":["post-1124","page","type-page","status-publish","hentry"],"_links":{"self":[{"href":"https:\/\/www.harmoniedeblois.fr\/index.php?rest_route=\/wp\/v2\/pages\/1124","targetHints":{"allow":["GET"]}}],"collection":[{"href":"https:\/\/www.harmoniedeblois.fr\/index.php?rest_route=\/wp\/v2\/pages"}],"about":[{"href":"https:\/\/www.harmoniedeblois.fr\/index.php?rest_route=\/wp\/v2\/types\/page"}],"author":[{"embeddable":true,"href":"https:\/\/www.harmoniedeblois.fr\/index.php?rest_route=\/wp\/v2\/users\/1"}],"replies":[{"embeddable":true,"href":"https:\/\/www.harmoniedeblois.fr\/index.php?rest_route=%2Fwp%2Fv2%2Fcomments&post=1124"}],"version-history":[{"count":11,"href":"https:\/\/www.harmoniedeblois.fr\/index.php?rest_route=\/wp\/v2\/pages\/1124\/revisions"}],"predecessor-version":[{"id":1161,"href":"https:\/\/www.harmoniedeblois.fr\/index.php?rest_route=\/wp\/v2\/pages\/1124\/revisions\/1161"}],"up":[{"embeddable":true,"href":"https:\/\/www.harmoniedeblois.fr\/index.php?rest_route=\/wp\/v2\/pages\/240"}],"wp:attachment":[{"href":"https:\/\/www.harmoniedeblois.fr\/index.php?rest_route=%2Fwp%2Fv2%2Fmedia&parent=1124"}],"curies":[{"name":"wp","href":"https:\/\/api.w.org\/{rel}","templated":true}]}}