{"id":1168,"date":"2025-11-15T18:45:46","date_gmt":"2025-11-15T16:45:46","guid":{"rendered":"https:\/\/www.harmoniedeblois.fr\/?page_id=1168"},"modified":"2026-02-07T19:39:08","modified_gmt":"2026-02-07T17:39:08","slug":"prochain-concert-noel-2025","status":"publish","type":"page","link":"https:\/\/www.harmoniedeblois.fr\/?page_id=1168","title":{"rendered":"Concert de No\u00ebl 2025"},"content":{"rendered":"<p><a href=\"officiel\/images\/affiches\/HdB-251221.pdf\" target=\"_blank\" rel=\"noopener noreferrer\"><img loading=\"lazy\" decoding=\"async\" src=\"officiel\/images\/affiches\/251221.jpg\" alt=\"Affiche du concert\" class=\"alignleft\" width=\"70\" height=\"100\"><\/a><\/p>\n<div class=\"descriptif_concert\">\n<p>Lieu : Halle aux Grains de Blois<\/p>\n<p>Date : 21 d\u00e9cembre 2025<\/p>\n<p>Horaire : 16h<\/p>\n<\/p>\n<\/div>\n<h3 class=\"entracte\">Premi\u00e8re partie<\/h3>\n<div class=\"morceau\">\n<h4 class=\"morceau_titre\">The White Deer<\/h4>\n<p class=\"morceau_compositeur\">Thomas DOSS<\/p>\n<div class=\"morceau_description\">\n<\/div>\n<\/div>\n<hr>\n<div class=\"morceau\">\n<h4 class=\"morceau_titre\">Aquarium<\/h4>\n<p class=\"morceau_compositeur\">Johan De MEIJ<\/p>\n<div class=\"morceau_description\">\n<\/div>\n<\/div>\n<hr\/>\n<div class=\"morceau\">\n<h4 class=\"morceau_titre\">Suite from Mass<\/h4>\n<p class=\"morceau_compositeur\">Leonard BERNSTEIN<br \/><span class=\"morceau_arrangeur\">Arr. Michael SWEENEY<\/span><\/p>\n<div class=\"morceau_description\">\n<\/div>\n<\/div>\n<h3 class=\"entracte\">Deuxi\u00e8me partie<\/h3>\n<div class=\"morceau\">\n<h4 class=\"morceau_titre\">La l\u00e9gende d&rsquo;Ali Baba<\/h4>\n<p class=\"morceau_compositeur\">Bert APPERMONT &#038; Frank Van BAELEN<\/p>\n<div class=\"morceau_description\">\n<\/div>\n<\/div>\n<hr\/>\n<div class=\"morceau\">\n<h4 class=\"morceau_titre\">Into the Storm<\/h4>\n<p class=\"morceau_compositeur\">Robert W. SMITH<\/p>\n<div class=\"morceau_description\">\n<\/div>\n<\/div>\n<hr\/>\n<div class=\"morceau\">\n<h4 class=\"morceau_titre\">Le bosquet magique<br \/><span class=\"morceau_titre2\">Pour hautbois solo et orchestre d&rsquo;harmonie<\/span><\/h4>\n<p class=\"morceau_compositeur\">Ferrer FERRAN<\/p>\n<div class=\"morceau_description\">\n<\/div>\n<\/div>\n","protected":false},"excerpt":{"rendered":"<p>Lieu : Halle aux Grains de Blois Date : 21 d\u00e9cembre 2025 Horaire : 16h Premi\u00e8re partie The White Deer Thomas DOSS Aquarium Johan De MEIJ Suite from Mass Leonard BERNSTEINArr. Michael SWEENEY Deuxi\u00e8me partie La l\u00e9gende d&rsquo;Ali Baba Bert APPERMONT &#038; Frank Van BAELEN Into the Storm Robert W. SMITH Le bosquet magiquePour hautbois [&hellip;]<\/p>\n","protected":false},"author":1,"featured_media":0,"parent":240,"menu_order":0,"comment_status":"closed","ping_status":"closed","template":"","meta":{"footnotes":""},"class_list":["post-1168","page","type-page","status-publish","hentry"],"_links":{"self":[{"href":"https:\/\/www.harmoniedeblois.fr\/index.php?rest_route=\/wp\/v2\/pages\/1168","targetHints":{"allow":["GET"]}}],"collection":[{"href":"https:\/\/www.harmoniedeblois.fr\/index.php?rest_route=\/wp\/v2\/pages"}],"about":[{"href":"https:\/\/www.harmoniedeblois.fr\/index.php?rest_route=\/wp\/v2\/types\/page"}],"author":[{"embeddable":true,"href":"https:\/\/www.harmoniedeblois.fr\/index.php?rest_route=\/wp\/v2\/users\/1"}],"replies":[{"embeddable":true,"href":"https:\/\/www.harmoniedeblois.fr\/index.php?rest_route=%2Fwp%2Fv2%2Fcomments&post=1168"}],"version-history":[{"count":7,"href":"https:\/\/www.harmoniedeblois.fr\/index.php?rest_route=\/wp\/v2\/pages\/1168\/revisions"}],"predecessor-version":[{"id":1204,"href":"https:\/\/www.harmoniedeblois.fr\/index.php?rest_route=\/wp\/v2\/pages\/1168\/revisions\/1204"}],"up":[{"embeddable":true,"href":"https:\/\/www.harmoniedeblois.fr\/index.php?rest_route=\/wp\/v2\/pages\/240"}],"wp:attachment":[{"href":"https:\/\/www.harmoniedeblois.fr\/index.php?rest_route=%2Fwp%2Fv2%2Fmedia&parent=1168"}],"curies":[{"name":"wp","href":"https:\/\/api.w.org\/{rel}","templated":true}]}}