{"id":12,"date":"2008-05-17T17:01:46","date_gmt":"2008-05-17T15:01:46","guid":{"rendered":"http:\/\/jerome.tiphene.free.fr\/hdb\/?page_id=12"},"modified":"2026-01-11T13:36:39","modified_gmt":"2026-01-11T11:36:39","slug":"leffectif","status":"publish","type":"page","link":"https:\/\/www.harmoniedeblois.fr\/?page_id=12","title":{"rendered":"L&rsquo;effectif&#8230;"},"content":{"rendered":"<p>Actuellement, nous sommes 50 musiciennes et musiciens r\u00e9partis comme suit :<\/p>\n<p>Fl\u00fbte : 11<br \/>\nClarinette : 14<br \/>\nSaxophone : 8<br \/>\nCor : 4<br \/>\nTrompette : 5<br \/>\nTrombone : 2<br \/>\nTuba : 2<br \/>\nPercussion : 4<\/p>\n<p><strong>Envie de rejoindre l&rsquo;aventure ? N&rsquo;h\u00e9sitez pas \u00e0 venir nous rencontrer, que vous soyez d&rsquo;ici ou que vous arriviez dans la r\u00e9gion, vous \u00eates les bienvenus !<\/strong><\/p>\n","protected":false},"excerpt":{"rendered":"<p>Actuellement, nous sommes 50 musiciennes et musiciens r\u00e9partis comme suit : Fl\u00fbte : 11 Clarinette : 14 Saxophone : 8 Cor : 4 Trompette : 5 Trombone : 2 Tuba : 2 Percussion : 4 Envie de rejoindre l&rsquo;aventure ? N&rsquo;h\u00e9sitez pas \u00e0 venir nous rencontrer, que vous soyez d&rsquo;ici ou que vous arriviez dans [&hellip;]<\/p>\n","protected":false},"author":1,"featured_media":0,"parent":0,"menu_order":0,"comment_status":"open","ping_status":"open","template":"","meta":{"footnotes":""},"class_list":["post-12","page","type-page","status-publish","hentry"],"_links":{"self":[{"href":"https:\/\/www.harmoniedeblois.fr\/index.php?rest_route=\/wp\/v2\/pages\/12","targetHints":{"allow":["GET"]}}],"collection":[{"href":"https:\/\/www.harmoniedeblois.fr\/index.php?rest_route=\/wp\/v2\/pages"}],"about":[{"href":"https:\/\/www.harmoniedeblois.fr\/index.php?rest_route=\/wp\/v2\/types\/page"}],"author":[{"embeddable":true,"href":"https:\/\/www.harmoniedeblois.fr\/index.php?rest_route=\/wp\/v2\/users\/1"}],"replies":[{"embeddable":true,"href":"https:\/\/www.harmoniedeblois.fr\/index.php?rest_route=%2Fwp%2Fv2%2Fcomments&post=12"}],"version-history":[{"count":9,"href":"https:\/\/www.harmoniedeblois.fr\/index.php?rest_route=\/wp\/v2\/pages\/12\/revisions"}],"predecessor-version":[{"id":1193,"href":"https:\/\/www.harmoniedeblois.fr\/index.php?rest_route=\/wp\/v2\/pages\/12\/revisions\/1193"}],"wp:attachment":[{"href":"https:\/\/www.harmoniedeblois.fr\/index.php?rest_route=%2Fwp%2Fv2%2Fmedia&parent=12"}],"curies":[{"name":"wp","href":"https:\/\/api.w.org\/{rel}","templated":true}]}}