{"id":1205,"date":"2026-02-07T19:43:08","date_gmt":"2026-02-07T17:43:08","guid":{"rendered":"https:\/\/www.harmoniedeblois.fr\/?page_id=1205"},"modified":"2026-02-21T20:46:27","modified_gmt":"2026-02-21T18:46:27","slug":"prochain-concert-printemps-2026","status":"publish","type":"page","link":"https:\/\/www.harmoniedeblois.fr\/?page_id=1205","title":{"rendered":"Prochain concert : printemps 2026"},"content":{"rendered":"<p><a href=\"officiel\/images\/affiches\/HdB-260322.pdf\" target=\"_blank\" rel=\"noopener noreferrer\"><img loading=\"lazy\" decoding=\"async\" src=\"officiel\/images\/affiches\/260322.jpg\" alt=\"Affiche du concert\" class=\"alignleft\" width=\"70\" height=\"100\"><\/a><\/p>\n<div class=\"descriptif_concert\">\n<p>Lieu : Halle aux Grains de Blois<\/p>\n<p>Date : 22 mars 2026<br \/>Horaire : 16h<\/p>\n<p>Tarif : 8\u20ac <a href=\"https:\/\/harmonie-de-blois.assoconnect.com\/collect\/description\/661944-y-concert-de-printemps-2026\">\ud83c\udfab ACHETEZ VOS BILLETS \ud83c\udfab<\/a><\/p>\n<\/div>\n<h3 class=\"entracte\">Premi\u00e8re partie<\/h3>\n<p>Informations \u00e0 venir&#8230;<\/p>\n<div class=\"morceau\">\n<h4 class=\"morceau_titre\"><\/h4>\n<p class=\"morceau_compositeur\">\n<div class=\"morceau_description\">\n<\/div>\n<\/div>\n<hr>\n<h3 class=\"entracte\">Deuxi\u00e8me partie<\/h3>\n<p>Informations \u00e0 venir&#8230;<\/p>\n<div class=\"morceau\">\n<h4 class=\"morceau_titre\"><\/h4>\n<p class=\"morceau_compositeur\">\n<div class=\"morceau_description\">\n<\/div>\n<\/div>\n<hr>\n","protected":false},"excerpt":{"rendered":"<p>Lieu : Halle aux Grains de Blois Date : 22 mars 2026Horaire : 16h Tarif : 8\u20ac \ud83c\udfab ACHETEZ VOS BILLETS \ud83c\udfab Premi\u00e8re partie Informations \u00e0 venir&#8230; Deuxi\u00e8me partie Informations \u00e0 venir&#8230;<\/p>\n","protected":false},"author":1,"featured_media":0,"parent":0,"menu_order":0,"comment_status":"closed","ping_status":"closed","template":"","meta":{"footnotes":""},"class_list":["post-1205","page","type-page","status-publish","hentry"],"_links":{"self":[{"href":"https:\/\/www.harmoniedeblois.fr\/index.php?rest_route=\/wp\/v2\/pages\/1205","targetHints":{"allow":["GET"]}}],"collection":[{"href":"https:\/\/www.harmoniedeblois.fr\/index.php?rest_route=\/wp\/v2\/pages"}],"about":[{"href":"https:\/\/www.harmoniedeblois.fr\/index.php?rest_route=\/wp\/v2\/types\/page"}],"author":[{"embeddable":true,"href":"https:\/\/www.harmoniedeblois.fr\/index.php?rest_route=\/wp\/v2\/users\/1"}],"replies":[{"embeddable":true,"href":"https:\/\/www.harmoniedeblois.fr\/index.php?rest_route=%2Fwp%2Fv2%2Fcomments&post=1205"}],"version-history":[{"count":4,"href":"https:\/\/www.harmoniedeblois.fr\/index.php?rest_route=\/wp\/v2\/pages\/1205\/revisions"}],"predecessor-version":[{"id":1212,"href":"https:\/\/www.harmoniedeblois.fr\/index.php?rest_route=\/wp\/v2\/pages\/1205\/revisions\/1212"}],"wp:attachment":[{"href":"https:\/\/www.harmoniedeblois.fr\/index.php?rest_route=%2Fwp%2Fv2%2Fmedia&parent=1205"}],"curies":[{"name":"wp","href":"https:\/\/api.w.org\/{rel}","templated":true}]}}