{"id":13,"date":"2008-05-17T17:03:21","date_gmt":"2008-05-17T15:03:21","guid":{"rendered":"http:\/\/jerome.tiphene.free.fr\/hdb\/?page_id=13"},"modified":"2026-01-11T12:55:31","modified_gmt":"2026-01-11T10:55:31","slug":"les-repetitions-infos-pratiques","status":"publish","type":"page","link":"https:\/\/www.harmoniedeblois.fr\/?page_id=13","title":{"rendered":"Les r\u00e9p\u00e9titions, infos pratiques&#8230;"},"content":{"rendered":"<p>Il existe plusieurs types de r\u00e9p\u00e9titions : standard, de d\u00e9tail, ou s\u00e9minaire musical&#8230;<\/p>\n<p>Les r\u00e9p\u00e9titions standard se d\u00e9roulent le vendredi soir, de 20h30 \u00e0 22h30, dans la grande salle de l&rsquo;Harmonie de Blois. Suivant la difficult\u00e9 du r\u00e9pertoire, elles peuvent \u00eatre compl\u00e9t\u00e9es par des r\u00e9p\u00e9titions de d\u00e9tail, pupitre par pupitre, ponctuellement un soir en semaine.<br \/>\nDepuis quelque temps, nous avons \u00e9galement pris l&rsquo;habitude, pour pr\u00e9parer nos grands concerts, de nous r\u00e9unir pour des s\u00e9minaires musicaux, qui permettent, le temps d&rsquo;une journ\u00e9e, d&rsquo;approfondir notre r\u00e9pertoire.<\/p>\n<p>Ce sont donc les principales activit\u00e9s de travail en groupe que nous organisons. Il peut arriver que notre orchestre serve de &lsquo;cobaye&rsquo; pour de jeunes chefs d&rsquo;orchestre, qui viennent se perfectionner le temps d&rsquo;un stage.<\/p>\n","protected":false},"excerpt":{"rendered":"<p>Il existe plusieurs types de r\u00e9p\u00e9titions : standard, de d\u00e9tail, ou s\u00e9minaire musical&#8230; Les r\u00e9p\u00e9titions standard se d\u00e9roulent le vendredi soir, de 20h30 \u00e0 22h30, dans la grande salle de l&rsquo;Harmonie de Blois. Suivant la difficult\u00e9 du r\u00e9pertoire, elles peuvent \u00eatre compl\u00e9t\u00e9es par des r\u00e9p\u00e9titions de d\u00e9tail, pupitre par pupitre, ponctuellement un soir en semaine. [&hellip;]<\/p>\n","protected":false},"author":1,"featured_media":0,"parent":0,"menu_order":0,"comment_status":"open","ping_status":"open","template":"","meta":{"footnotes":""},"class_list":["post-13","page","type-page","status-publish","hentry"],"_links":{"self":[{"href":"https:\/\/www.harmoniedeblois.fr\/index.php?rest_route=\/wp\/v2\/pages\/13","targetHints":{"allow":["GET"]}}],"collection":[{"href":"https:\/\/www.harmoniedeblois.fr\/index.php?rest_route=\/wp\/v2\/pages"}],"about":[{"href":"https:\/\/www.harmoniedeblois.fr\/index.php?rest_route=\/wp\/v2\/types\/page"}],"author":[{"embeddable":true,"href":"https:\/\/www.harmoniedeblois.fr\/index.php?rest_route=\/wp\/v2\/users\/1"}],"replies":[{"embeddable":true,"href":"https:\/\/www.harmoniedeblois.fr\/index.php?rest_route=%2Fwp%2Fv2%2Fcomments&post=13"}],"version-history":[{"count":2,"href":"https:\/\/www.harmoniedeblois.fr\/index.php?rest_route=\/wp\/v2\/pages\/13\/revisions"}],"predecessor-version":[{"id":1181,"href":"https:\/\/www.harmoniedeblois.fr\/index.php?rest_route=\/wp\/v2\/pages\/13\/revisions\/1181"}],"wp:attachment":[{"href":"https:\/\/www.harmoniedeblois.fr\/index.php?rest_route=%2Fwp%2Fv2%2Fmedia&parent=13"}],"curies":[{"name":"wp","href":"https:\/\/api.w.org\/{rel}","templated":true}]}}