{"id":182,"date":"2008-10-18T23:44:03","date_gmt":"2008-10-18T21:44:03","guid":{"rendered":"http:\/\/jerome.tiphene.free.fr\/hdb\/?page_id=182"},"modified":"2009-03-05T20:02:58","modified_gmt":"2009-03-05T19:02:58","slug":"le-tuba","status":"publish","type":"page","link":"https:\/\/www.harmoniedeblois.fr\/?page_id=182","title":{"rendered":"Le Tuba"},"content":{"rendered":"<p><a href=\"officiel\/images\/2008\/10\/tuba.png\" rel=\"lightbox[tuba]\" title=\"Le tuba contrebasse si&#9837;\"><img loading=\"lazy\" decoding=\"async\" src=\"officiel\/images\/2008\/10\/tuba-165x300.png\" alt=\"Le tuba contrebasse si&#9837;\" title=\"Le tuba contrebasse si&#9837;\" width=\"165\" height=\"300\" class=\"alignleft\" \/><\/a><br \/>\nLe mot tuba provient du latin et d\u00e9signait \u00e0 l&rsquo;\u00e9poque romaine une grande trompette incurv\u00e9e (tuba curva) utilis\u00e9e dans le contexte militaire. <\/p>\n<p>L&rsquo;invention du tuba par la firme Moritz en Allemagne, vers 1837, d\u00e9coule de l&rsquo;invention du piston. De nombreux facteurs ont contribu\u00e9 \u00e0 son \u00e9volution, parmi lesquels, le c\u00e9l\u00e8bre Adolphe Sax, qui a d\u00e9velopp\u00e9 un mod\u00e8le appel\u00e9 saxhorn.<\/p>\n<p>Le tuba est l&rsquo;instrument le plus grave de la famille des cuivres, dont la tessiture varie en fonction de la longueur du tube. La sonorit\u00e9 varie en fonction de la g\u00e9om\u00e9trie globale, et notamment de la proportion de tube conique ou cylindrique par rapport \u00e0 la longueur totale.<\/p>\n<p>Cette famille compte entre autres : l&rsquo;alto (ou saxhorn alto), le baryton (saxhorn baryton), l&rsquo;euphonium, le sousaphone (ou soubassophone), l&rsquo;h\u00e9licon&#8230;<\/p>\n<div style=\"margin: 30px auto;text-align:center;width:220px;height:55px;\">\n<object width=\"220\" height=\"55\" type=\"application\/x-shockwave-flash\" data=\"http:\/\/www.deezer.com\/embedded\/small-widget-v2.swf?idSong=2291796&amp;colorBackground=0x525252&amp;textColor1=0xFFFFFF&amp;colorVolume=0x39D1FD&amp;autoplay=0\"><param name=\"movie\" value=\"http:\/\/www.deezer.com\/embedded\/small-widget-v2.swf?idSong=2291796&amp;colorBackground=0x525252&amp;textColor1=0xFFFFFF&amp;colorVolume=0x39D1FD&amp;autoplay=0\" \/><param name=\"wmode\" value=\"transparent\" \/><\/object>\n<\/div>\n<p><a href=\"index.php?page_id=382\">[Lien vers Benoit Poeuf, professeur de tuba&#8230;]<\/a><\/p>\n","protected":false},"excerpt":{"rendered":"<p>Le mot tuba provient du latin et d\u00e9signait \u00e0 l&rsquo;\u00e9poque romaine une grande trompette incurv\u00e9e (tuba curva) utilis\u00e9e dans le contexte militaire. L&rsquo;invention du tuba par la firme Moritz en Allemagne, vers 1837, d\u00e9coule de l&rsquo;invention du piston. De nombreux facteurs ont contribu\u00e9 \u00e0 son \u00e9volution, parmi lesquels, le c\u00e9l\u00e8bre Adolphe Sax, qui a d\u00e9velopp\u00e9 [&hellip;]<\/p>\n","protected":false},"author":1,"featured_media":0,"parent":173,"menu_order":0,"comment_status":"open","ping_status":"open","template":"cuivres.php","meta":{"footnotes":""},"class_list":["post-182","page","type-page","status-publish","hentry"],"_links":{"self":[{"href":"https:\/\/www.harmoniedeblois.fr\/index.php?rest_route=\/wp\/v2\/pages\/182","targetHints":{"allow":["GET"]}}],"collection":[{"href":"https:\/\/www.harmoniedeblois.fr\/index.php?rest_route=\/wp\/v2\/pages"}],"about":[{"href":"https:\/\/www.harmoniedeblois.fr\/index.php?rest_route=\/wp\/v2\/types\/page"}],"author":[{"embeddable":true,"href":"https:\/\/www.harmoniedeblois.fr\/index.php?rest_route=\/wp\/v2\/users\/1"}],"replies":[{"embeddable":true,"href":"https:\/\/www.harmoniedeblois.fr\/index.php?rest_route=%2Fwp%2Fv2%2Fcomments&post=182"}],"version-history":[{"count":3,"href":"https:\/\/www.harmoniedeblois.fr\/index.php?rest_route=\/wp\/v2\/pages\/182\/revisions"}],"predecessor-version":[{"id":387,"href":"https:\/\/www.harmoniedeblois.fr\/index.php?rest_route=\/wp\/v2\/pages\/182\/revisions\/387"}],"up":[{"embeddable":true,"href":"https:\/\/www.harmoniedeblois.fr\/index.php?rest_route=\/wp\/v2\/pages\/173"}],"wp:attachment":[{"href":"https:\/\/www.harmoniedeblois.fr\/index.php?rest_route=%2Fwp%2Fv2%2Fmedia&parent=182"}],"curies":[{"name":"wp","href":"https:\/\/api.w.org\/{rel}","templated":true}]}}