{"id":194,"date":"2008-10-19T00:25:43","date_gmt":"2008-10-18T22:25:43","guid":{"rendered":"http:\/\/jerome.tiphene.free.fr\/hdb\/?page_id=194"},"modified":"2009-03-04T21:34:26","modified_gmt":"2009-03-04T20:34:26","slug":"le-cor","status":"publish","type":"page","link":"https:\/\/www.harmoniedeblois.fr\/?page_id=194","title":{"rendered":"Le Cor"},"content":{"rendered":"<p>Le cor d&rsquo;harmonie ou cor fran\u00e7ais est un instrument de la famille des cuivres.<\/p>\n<p>M\u00eame s&rsquo;il a un air de parent\u00e9 avec le cor de chasse, le son de cet instrument est tr\u00e8s diff\u00e9rent. Il est tant\u00f4t majestueux et triomphant, tant\u00f4t doux et l\u00e9g\u00e8rement m\u00e9lancolique. <\/p>\n<p>Le corniste produit les notes de la gamme par vibration des l\u00e8vres sur l&#8217;embouchure. Sa main gauche active trois (quatre ou cinq) palettes (ou plus rarement pistons), pour changer la hauteur du son. La main droite est plac\u00e9e dans le pavillon pour soutenir l&rsquo;instrument. Elle permet aussi de corriger la justesse, ou d&rsquo;effectuer des sons bouch\u00e9s. <\/p>\n<p><a href=\"officiel\/images\/2008\/10\/cor.png\" rel=\"lightbox[cor]\" title=\"Le cor fran\u00e7ais\"><img loading=\"lazy\" decoding=\"async\" src=\"officiel\/images\/2008\/10\/cor-300x199.png\" alt=\"Le cor\" title=\"Le cor\" width=\"300\" height=\"199\" class=\"centered\"\/><\/a><\/p>\n<div style=\"margin: 30px auto;text-align:center;width:220px;height:55px;\">\n<object width=\"220\" height=\"55\" type=\"application\/x-shockwave-flash\" data=\"http:\/\/www.deezer.com\/embedded\/small-widget-v2.swf?idSong=1025085&amp;colorBackground=0x525252&amp;textColor1=0xFFFFFF&amp;colorVolume=0x39D1FD&amp;autoplay=0\"><param name=\"movie\" value=\"http:\/\/www.deezer.com\/embedded\/small-widget-v2.swf?idSong=1025085&amp;colorBackground=0x525252&amp;textColor1=0xFFFFFF&amp;colorVolume=0x39D1FD&amp;autoplay=0\" \/><param name=\"wmode\" value=\"transparent\" \/><\/object>\n<\/div>\n","protected":false},"excerpt":{"rendered":"<p>Le cor d&rsquo;harmonie ou cor fran\u00e7ais est un instrument de la famille des cuivres. M\u00eame s&rsquo;il a un air de parent\u00e9 avec le cor de chasse, le son de cet instrument est tr\u00e8s diff\u00e9rent. Il est tant\u00f4t majestueux et triomphant, tant\u00f4t doux et l\u00e9g\u00e8rement m\u00e9lancolique. Le corniste produit les notes de la gamme par vibration [&hellip;]<\/p>\n","protected":false},"author":1,"featured_media":0,"parent":173,"menu_order":0,"comment_status":"open","ping_status":"open","template":"cuivres.php","meta":{"footnotes":""},"class_list":["post-194","page","type-page","status-publish","hentry"],"_links":{"self":[{"href":"https:\/\/www.harmoniedeblois.fr\/index.php?rest_route=\/wp\/v2\/pages\/194","targetHints":{"allow":["GET"]}}],"collection":[{"href":"https:\/\/www.harmoniedeblois.fr\/index.php?rest_route=\/wp\/v2\/pages"}],"about":[{"href":"https:\/\/www.harmoniedeblois.fr\/index.php?rest_route=\/wp\/v2\/types\/page"}],"author":[{"embeddable":true,"href":"https:\/\/www.harmoniedeblois.fr\/index.php?rest_route=\/wp\/v2\/users\/1"}],"replies":[{"embeddable":true,"href":"https:\/\/www.harmoniedeblois.fr\/index.php?rest_route=%2Fwp%2Fv2%2Fcomments&post=194"}],"version-history":[{"count":1,"href":"https:\/\/www.harmoniedeblois.fr\/index.php?rest_route=\/wp\/v2\/pages\/194\/revisions"}],"predecessor-version":[{"id":365,"href":"https:\/\/www.harmoniedeblois.fr\/index.php?rest_route=\/wp\/v2\/pages\/194\/revisions\/365"}],"up":[{"embeddable":true,"href":"https:\/\/www.harmoniedeblois.fr\/index.php?rest_route=\/wp\/v2\/pages\/173"}],"wp:attachment":[{"href":"https:\/\/www.harmoniedeblois.fr\/index.php?rest_route=%2Fwp%2Fv2%2Fmedia&parent=194"}],"curies":[{"name":"wp","href":"https:\/\/api.w.org\/{rel}","templated":true}]}}