{"id":203,"date":"2008-10-19T00:32:52","date_gmt":"2008-10-18T22:32:52","guid":{"rendered":"http:\/\/jerome.tiphene.free.fr\/hdb\/?page_id=203"},"modified":"2009-03-05T20:30:28","modified_gmt":"2009-03-05T19:30:28","slug":"le-trombone","status":"publish","type":"page","link":"https:\/\/www.harmoniedeblois.fr\/?page_id=203","title":{"rendered":"Le Trombone"},"content":{"rendered":"<p>Le trombone est un instrument \u00e0 embouchure de la famille des cuivres. Le terme trombone d\u00e9signe implicitement le trombone \u00e0 coulisse caract\u00e9ris\u00e9 par l&rsquo;utilisation d&rsquo;une coulisse t\u00e9lescopique, mais il existe \u00e9galement des mod\u00e8les de trombone \u00e0 pistons.<\/p>\n<p>Son registre est plus grave que celui d&rsquo;une trompette et plus \u00e9lev\u00e9 que celui du tuba. Sa forme allong\u00e9e courb\u00e9e comme un \u00ab S \u00bb (qui a justifi\u00e9 l&rsquo;usage de ce terme en fran\u00e7ais pour d\u00e9signer l&rsquo;ustensile servant \u00e0 attacher des papiers) et surtout sa section de tube cylindrique qui lui donne un son plus brillant, le distinguent des euphoniums ou des saxhorns au registre comparable.<\/p>\n<p>Il est utilis\u00e9 dans de nombreux genres musicaux, de la musique classique au jazz, en passant par la salsa, le ska, le funk, la musique militaire, et jou\u00e9 dans les orchestres symphoniques, orchestres d&rsquo;harmonie, de fanfares et autres bigs bands&#8230;<\/p>\n<p><a href=\"officiel\/images\/2008\/10\/trombone.png\" rel=\"lightbox[trombone]\" title=\"Le trombone \u00e0 coulisse\"><img loading=\"lazy\" decoding=\"async\" src=\"officiel\/images\/2008\/10\/trombone-300x174.png\" alt=\"Le trombone \u00e0 coulisse\" title=\"Le trombone \u00e0 coulisse\" width=\"300\" height=\"174\" class=\"centered\" \/><\/a><\/p>\n<div style=\"margin: 30px auto;text-align:center;width:220px;height:55px;\">\n<object width=\"220\" height=\"55\" type=\"application\/x-shockwave-flash\" data=\"http:\/\/www.deezer.com\/embedded\/small-widget-v2.swf?idSong=2152381&amp;colorBackground=0x525252&amp;textColor1=0xFFFFFF&amp;colorVolume=0x39D1FD&amp;autoplay=0\"><param name=\"movie\" value=\"http:\/\/www.deezer.com\/embedded\/small-widget-v2.swf?idSong=2152381&amp;colorBackground=0x525252&amp;textColor1=0xFFFFFF&amp;colorVolume=0x39D1FD&amp;autoplay=0\" \/><param name=\"wmode\" value=\"transparent\" \/><\/object>\n<\/div>\n<p><a href=\"index.php?page_id=382\">[Lien vers Benoit Poeuf, professeur de trombone&#8230;]<\/a><\/p>\n","protected":false},"excerpt":{"rendered":"<p>Le trombone est un instrument \u00e0 embouchure de la famille des cuivres. Le terme trombone d\u00e9signe implicitement le trombone \u00e0 coulisse caract\u00e9ris\u00e9 par l&rsquo;utilisation d&rsquo;une coulisse t\u00e9lescopique, mais il existe \u00e9galement des mod\u00e8les de trombone \u00e0 pistons. Son registre est plus grave que celui d&rsquo;une trompette et plus \u00e9lev\u00e9 que celui du tuba. Sa forme [&hellip;]<\/p>\n","protected":false},"author":1,"featured_media":0,"parent":173,"menu_order":0,"comment_status":"open","ping_status":"open","template":"cuivres.php","meta":{"footnotes":""},"class_list":["post-203","page","type-page","status-publish","hentry"],"_links":{"self":[{"href":"https:\/\/www.harmoniedeblois.fr\/index.php?rest_route=\/wp\/v2\/pages\/203","targetHints":{"allow":["GET"]}}],"collection":[{"href":"https:\/\/www.harmoniedeblois.fr\/index.php?rest_route=\/wp\/v2\/pages"}],"about":[{"href":"https:\/\/www.harmoniedeblois.fr\/index.php?rest_route=\/wp\/v2\/types\/page"}],"author":[{"embeddable":true,"href":"https:\/\/www.harmoniedeblois.fr\/index.php?rest_route=\/wp\/v2\/users\/1"}],"replies":[{"embeddable":true,"href":"https:\/\/www.harmoniedeblois.fr\/index.php?rest_route=%2Fwp%2Fv2%2Fcomments&post=203"}],"version-history":[{"count":5,"href":"https:\/\/www.harmoniedeblois.fr\/index.php?rest_route=\/wp\/v2\/pages\/203\/revisions"}],"predecessor-version":[{"id":390,"href":"https:\/\/www.harmoniedeblois.fr\/index.php?rest_route=\/wp\/v2\/pages\/203\/revisions\/390"}],"up":[{"embeddable":true,"href":"https:\/\/www.harmoniedeblois.fr\/index.php?rest_route=\/wp\/v2\/pages\/173"}],"wp:attachment":[{"href":"https:\/\/www.harmoniedeblois.fr\/index.php?rest_route=%2Fwp%2Fv2%2Fmedia&parent=203"}],"curies":[{"name":"wp","href":"https:\/\/api.w.org\/{rel}","templated":true}]}}