{"id":21,"date":"2008-05-18T00:41:34","date_gmt":"2008-05-17T22:41:34","guid":{"rendered":"http:\/\/jerome.tiphene.free.fr\/hdb\/?page_id=21"},"modified":"2013-05-01T12:08:37","modified_gmt":"2013-05-01T10:08:37","slug":"les-ensembles","status":"publish","type":"page","link":"https:\/\/www.harmoniedeblois.fr\/?page_id=21","title":{"rendered":"Les ensembles&#8230;"},"content":{"rendered":"<p>L&rsquo;harmonie, c&rsquo;est d&rsquo;abord un orchestre de 70 musiciens environ qui se produit en concert et qui participe aux c\u00e9r\u00e9monies officielles de la ville (avec sa section tambours).<\/p>\n<p>Mais elle dispose en son sein de groupes autonomes :<\/p>\n<ul>\n<li>un atelier jazz<\/li>\n<li>une banda<\/li>\n<\/ul>\n<p><img loading=\"lazy\" decoding=\"async\" class=\"centered\" title=\"fetemus1\" src=\"officiel\/images\/2008\/05\/fetemus1.jpg\" alt=\"\" width=\"500\" height=\"288\" \/><\/p>\n<p><img loading=\"lazy\" decoding=\"async\" class=\"centered\" title=\"fetemus2\" src=\"officiel\/images\/2008\/05\/fetemus2.jpg\" alt=\"\" width=\"500\" height=\"333\" \/><\/p>\n<p><img loading=\"lazy\" decoding=\"async\" class=\"centered\" title=\"fetemus3\" src=\"officiel\/images\/2008\/05\/fetemus3.jpg\" alt=\"\" width=\"500\" height=\"330\" \/><\/p>\n<p><img loading=\"lazy\" decoding=\"async\" class=\"centered\" title=\"fetemus4\" src=\"officiel\/images\/2008\/05\/fetemus4.jpg\" alt=\"\" width=\"500\" height=\"330\" \/><\/p>\n<p>Nous essayons donc de proposer un r\u00e9pertoire aussi vaste que possible, tant au niveau des formations que des programmes pour r\u00e9pondre \u00e0 un maximum de demandes (de la ville de Blois, d&rsquo;autres municipalit\u00e9s ou d&rsquo;associations&#8230;).<\/p>\n","protected":false},"excerpt":{"rendered":"<p>L&rsquo;harmonie, c&rsquo;est d&rsquo;abord un orchestre de 70 musiciens environ qui se produit en concert et qui participe aux c\u00e9r\u00e9monies officielles de la ville (avec sa section tambours). Mais elle dispose en son sein de groupes autonomes : un atelier jazz une banda Nous essayons donc de proposer un r\u00e9pertoire aussi vaste que possible, tant au [&hellip;]<\/p>\n","protected":false},"author":1,"featured_media":0,"parent":0,"menu_order":0,"comment_status":"open","ping_status":"open","template":"","meta":{"footnotes":""},"class_list":["post-21","page","type-page","status-publish","hentry"],"_links":{"self":[{"href":"https:\/\/www.harmoniedeblois.fr\/index.php?rest_route=\/wp\/v2\/pages\/21","targetHints":{"allow":["GET"]}}],"collection":[{"href":"https:\/\/www.harmoniedeblois.fr\/index.php?rest_route=\/wp\/v2\/pages"}],"about":[{"href":"https:\/\/www.harmoniedeblois.fr\/index.php?rest_route=\/wp\/v2\/types\/page"}],"author":[{"embeddable":true,"href":"https:\/\/www.harmoniedeblois.fr\/index.php?rest_route=\/wp\/v2\/users\/1"}],"replies":[{"embeddable":true,"href":"https:\/\/www.harmoniedeblois.fr\/index.php?rest_route=%2Fwp%2Fv2%2Fcomments&post=21"}],"version-history":[{"count":5,"href":"https:\/\/www.harmoniedeblois.fr\/index.php?rest_route=\/wp\/v2\/pages\/21\/revisions"}],"predecessor-version":[{"id":249,"href":"https:\/\/www.harmoniedeblois.fr\/index.php?rest_route=\/wp\/v2\/pages\/21\/revisions\/249"}],"wp:attachment":[{"href":"https:\/\/www.harmoniedeblois.fr\/index.php?rest_route=%2Fwp%2Fv2%2Fmedia&parent=21"}],"curies":[{"name":"wp","href":"https:\/\/api.w.org\/{rel}","templated":true}]}}