{"id":215,"date":"2008-10-19T19:37:49","date_gmt":"2008-10-19T17:37:49","guid":{"rendered":"http:\/\/jerome.tiphene.free.fr\/hdb\/?page_id=215"},"modified":"2009-03-04T21:32:32","modified_gmt":"2009-03-04T20:32:32","slug":"le-hautbois","status":"publish","type":"page","link":"https:\/\/www.harmoniedeblois.fr\/?page_id=215","title":{"rendered":"Le Hautbois"},"content":{"rendered":"<p>Le hautbois est un instrument de la famille des bois, dont le son est cr\u00e9\u00e9 par la vibration d&rsquo;une anche double au passage du souffle. Son timbre peut \u00eatre puissant et sonore ou doux et charmeur, clair et nasillard ou plein de rondeur et de chaleur.<\/p>\n<p>Connu d\u00e8s l&rsquo;antiquit\u00e9, l&rsquo;instrument a \u00e9volu\u00e9 dans l&rsquo;espace et dans le temps avec une diversit\u00e9 qui n&rsquo;a d&rsquo;\u00e9gale que la cr\u00e9ativit\u00e9 des civilisations et cultures dans lesquelles cet instrument est encore utilis\u00e9 de nos jours.<\/p>\n<p><a href=\"officiel\/images\/2008\/10\/hautbois1.png\" rel=\"lightbox[hautbois]\" title=\"Le Hautbois\"><img loading=\"lazy\" decoding=\"async\" src=\"officiel\/images\/2008\/10\/hautbois1-300x36.png\" alt=\"Le Hautbois\" title=\"Le Hautbois\" width=\"300\" height=\"36\" class=\"centered\" \/><\/a><\/p>\n<div style=\"margin: 30px auto;text-align:center;width:220px;height:55px;\">\n<object width=\"220\" height=\"55\" type=\"application\/x-shockwave-flash\" data=\"http:\/\/www.deezer.com\/embedded\/small-widget-v2.swf?idSong=818444&amp;colorBackground=0x525252&amp;textColor1=0xFFFFFF&amp;colorVolume=0x39D1FD&amp;autoplay=0\"><param name=\"movie\" value=\"http:\/\/www.deezer.com\/embedded\/small-widget-v2.swf?idSong=818444&amp;colorBackground=0x525252&amp;textColor1=0xFFFFFF&amp;colorVolume=0x39D1FD&amp;autoplay=0\" \/><param name=\"wmode\" value=\"transparent\" \/><\/object>\n<\/div>\n","protected":false},"excerpt":{"rendered":"<p>Le hautbois est un instrument de la famille des bois, dont le son est cr\u00e9\u00e9 par la vibration d&rsquo;une anche double au passage du souffle. Son timbre peut \u00eatre puissant et sonore ou doux et charmeur, clair et nasillard ou plein de rondeur et de chaleur. Connu d\u00e8s l&rsquo;antiquit\u00e9, l&rsquo;instrument a \u00e9volu\u00e9 dans l&rsquo;espace et [&hellip;]<\/p>\n","protected":false},"author":1,"featured_media":0,"parent":159,"menu_order":0,"comment_status":"open","ping_status":"open","template":"bois.php","meta":{"footnotes":""},"class_list":["post-215","page","type-page","status-publish","hentry"],"_links":{"self":[{"href":"https:\/\/www.harmoniedeblois.fr\/index.php?rest_route=\/wp\/v2\/pages\/215","targetHints":{"allow":["GET"]}}],"collection":[{"href":"https:\/\/www.harmoniedeblois.fr\/index.php?rest_route=\/wp\/v2\/pages"}],"about":[{"href":"https:\/\/www.harmoniedeblois.fr\/index.php?rest_route=\/wp\/v2\/types\/page"}],"author":[{"embeddable":true,"href":"https:\/\/www.harmoniedeblois.fr\/index.php?rest_route=\/wp\/v2\/users\/1"}],"replies":[{"embeddable":true,"href":"https:\/\/www.harmoniedeblois.fr\/index.php?rest_route=%2Fwp%2Fv2%2Fcomments&post=215"}],"version-history":[{"count":2,"href":"https:\/\/www.harmoniedeblois.fr\/index.php?rest_route=\/wp\/v2\/pages\/215\/revisions"}],"predecessor-version":[{"id":217,"href":"https:\/\/www.harmoniedeblois.fr\/index.php?rest_route=\/wp\/v2\/pages\/215\/revisions\/217"}],"up":[{"embeddable":true,"href":"https:\/\/www.harmoniedeblois.fr\/index.php?rest_route=\/wp\/v2\/pages\/159"}],"wp:attachment":[{"href":"https:\/\/www.harmoniedeblois.fr\/index.php?rest_route=%2Fwp%2Fv2%2Fmedia&parent=215"}],"curies":[{"name":"wp","href":"https:\/\/api.w.org\/{rel}","templated":true}]}}