{"id":219,"date":"2008-10-19T19:46:29","date_gmt":"2008-10-19T17:46:29","guid":{"rendered":"http:\/\/jerome.tiphene.free.fr\/hdb\/?page_id=219"},"modified":"2009-03-04T21:31:05","modified_gmt":"2009-03-04T20:31:05","slug":"le-basson","status":"publish","type":"page","link":"https:\/\/www.harmoniedeblois.fr\/?page_id=219","title":{"rendered":"Le Basson"},"content":{"rendered":"<p><a href=\"officiel\/images\/2008\/10\/basson.png\" rel=\"lightbox[basson]\" title=\"Le basson\"><img loading=\"lazy\" decoding=\"async\" src=\"officiel\/images\/2008\/10\/basson-63x300.png\" alt=\"Le Basson\" title=\"Le Basson\" width=\"42\" height=\"200\" class=\"alignleft\" \/><\/a>Le basson est un instrument de la famille des bois, qui apparait \u00e0 la fin du XVI<sup>\u00e8me<\/sup> si\u00e8cle en Italie sous le nom Fagotto.<\/p>\n<p>Aujourd&rsquo;hui, il existe deux types de bassons : le basson syst\u00e8me fran\u00e7ais et le basson syst\u00e8me allemand (aussi appel\u00e9 fagott). Le premier est l&rsquo;h\u00e9ritier direct du basson baroque, le second a \u00e9t\u00e9 pens\u00e9 par Heckel qui a adapt\u00e9 un syst\u00e8me de cl\u00e9s pour les fl\u00fbtes (le syst\u00e8me Boehm) \u00e0 un tube de 2,50 m.<\/p>\n<p>La contribution la plus populaire du basson est sans doute son r\u00f4le du \u00ab\u00a0Grand p\u00e8re\u00a0\u00bb dans Pierre et le loup de Sergue\u00ef Prokofiev. Tout le monde connait \u00e9galement le d\u00e9but du \u00ab\u00a0Hall du roi de la montagne\u00a0\u00bb extrait de Peer Gynt (Grieg). Mais des pi\u00e8ces lui ont cependant \u00e9t\u00e9 sp\u00e9cialement consacr\u00e9es (concerto de Bach, Mozart, Vivaldi&#8230;).<\/p>\n<div style=\"margin: 30px auto;text-align:center;width:220px;height:55px;\">\n<object width=\"220\" height=\"55\" type=\"application\/x-shockwave-flash\" data=\"http:\/\/www.deezer.com\/embedded\/small-widget-v2.swf?idSong=1520817&amp;colorBackground=0x525252&amp;textColor1=0xFFFFFF&amp;colorVolume=0x39D1FD&amp;autoplay=0\"><param name=\"movie\" value=\"http:\/\/www.deezer.com\/embedded\/small-widget-v2.swf?idSong=1520817&amp;colorBackground=0x525252&amp;textColor1=0xFFFFFF&amp;colorVolume=0x39D1FD&amp;autoplay=0\" \/><param name=\"wmode\" value=\"transparent\" \/><\/object>\n<\/div>\n","protected":false},"excerpt":{"rendered":"<p>Le basson est un instrument de la famille des bois, qui apparait \u00e0 la fin du XVI\u00e8me si\u00e8cle en Italie sous le nom Fagotto. Aujourd&rsquo;hui, il existe deux types de bassons : le basson syst\u00e8me fran\u00e7ais et le basson syst\u00e8me allemand (aussi appel\u00e9 fagott). Le premier est l&rsquo;h\u00e9ritier direct du basson baroque, le second a [&hellip;]<\/p>\n","protected":false},"author":1,"featured_media":0,"parent":159,"menu_order":0,"comment_status":"open","ping_status":"open","template":"bois.php","meta":{"footnotes":""},"class_list":["post-219","page","type-page","status-publish","hentry"],"_links":{"self":[{"href":"https:\/\/www.harmoniedeblois.fr\/index.php?rest_route=\/wp\/v2\/pages\/219","targetHints":{"allow":["GET"]}}],"collection":[{"href":"https:\/\/www.harmoniedeblois.fr\/index.php?rest_route=\/wp\/v2\/pages"}],"about":[{"href":"https:\/\/www.harmoniedeblois.fr\/index.php?rest_route=\/wp\/v2\/types\/page"}],"author":[{"embeddable":true,"href":"https:\/\/www.harmoniedeblois.fr\/index.php?rest_route=\/wp\/v2\/users\/1"}],"replies":[{"embeddable":true,"href":"https:\/\/www.harmoniedeblois.fr\/index.php?rest_route=%2Fwp%2Fv2%2Fcomments&post=219"}],"version-history":[{"count":2,"href":"https:\/\/www.harmoniedeblois.fr\/index.php?rest_route=\/wp\/v2\/pages\/219\/revisions"}],"predecessor-version":[{"id":248,"href":"https:\/\/www.harmoniedeblois.fr\/index.php?rest_route=\/wp\/v2\/pages\/219\/revisions\/248"}],"up":[{"embeddable":true,"href":"https:\/\/www.harmoniedeblois.fr\/index.php?rest_route=\/wp\/v2\/pages\/159"}],"wp:attachment":[{"href":"https:\/\/www.harmoniedeblois.fr\/index.php?rest_route=%2Fwp%2Fv2%2Fmedia&parent=219"}],"curies":[{"name":"wp","href":"https:\/\/api.w.org\/{rel}","templated":true}]}}