{"id":221,"date":"2008-11-08T16:50:32","date_gmt":"2008-11-08T14:50:32","guid":{"rendered":"http:\/\/jerome.tiphene.free.fr\/hdb\/?page_id=221"},"modified":"2009-03-08T19:21:05","modified_gmt":"2009-03-08T18:21:05","slug":"concert-de-printemps-2006","status":"publish","type":"page","link":"https:\/\/www.harmoniedeblois.fr\/?page_id=221","title":{"rendered":"Concert de printemps 2006"},"content":{"rendered":"<p><a href=\"officiel\/images\/affiches\/HdB-060402.pdf\" target=\"_blank\"><img loading=\"lazy\" decoding=\"async\" src=\"officiel\/images\/affiches\/060402.jpg\" alt=\"Affiche du concert\" class=\"alignleft\" width=\"70\" height=\"100\"\/><\/a><\/p>\n<div class=\"descriptif_concert\">\n<p>Date : 02 avril 2006.<\/p>\n<p>Lieu : Halle aux Grains de Blois.<\/p>\n<p>La premi\u00e8re partie de ce concert sera assur\u00e9e par l&rsquo;Ensemble de Trompettes de Blois.<\/p>\n<\/div>\n<h3 class=\"entracte\">Pr\u00e9sentation de l&rsquo;ETB<\/h3>\n<p><strong>Ensemble de Trompettes de Blois<\/strong><\/p>\n<p>Cr\u00e9ation en septembre 1999<br \/>\n1999 : Concerts \u00e0 Blois (Ecole Nationale de Musique)<br \/>\n2000 : Concerts dans la r\u00e9gion (Mer, Blois)<br \/>\n2001 : Concerts \u00e0 Blois, Foss\u00e9 et en Allemagne<br \/>\n2001 : Participation (2 concerts) au festival \u00ab Le soleil a rendez-vous avec la lune \u00bb<br \/>\n2002 : Messes de mariage, cocktails dans la r\u00e9gion<br \/>\n2002 : 1er prix de musique de chambre \u00e0 l\u2019Ecole Nationale de Musique de Blois<br \/>\n2002 : Nombreux concerts dans la r\u00e9gion (St-Claude-de-Diray, Chouzy-sur-Cisse, Blois, Foss\u00e9, Contres, Oucques et St-Sulpice)<br \/>\n2002 : Participation (2 concerts) au festival \u00ab Le soleil a rendez-vous avec la lune \u00bb<br \/>\n2003 : Concerts \u00e0 la cath\u00e9drale de Blois, St-Pierre-de-Cabochon et Vineuil<br \/>\n2003 : Concert \u00e0 l\u2019abbaye de Fontevreau<br \/>\n2003 : Cocktails dans la r\u00e9gion<br \/>\n2003 : Concerts \u00e0 Villedieu-le-Ch\u00e2teau et Onzain, dans le cadre de \u00ab L\u2019\u00e9t\u00e9 culturel en Loir-et-Cher \u00bb<br \/>\n2003 : Concerts \u00e0 Foss\u00e9, Chouzy-sur-Cisse<br \/>\n2004 : Concerts dans le cadre de l\u2019\u00e9t\u00e9 culturel \u00e0 Autainville et Ch\u00e2tillon-sur-Cher<br \/>\n2004 : Concerts \u00e0 Buzan\u00e7ais et Blois<br \/>\n2005 : Concerts \u00e0 Blois, Ternay et Couddes.<\/p>\n<p>Ces prestations ont toutes eu lieu dans des contextes tr\u00e8s diff\u00e9rents, montrant les multiples facettes de cet ensemble.<br \/>\nDu concert traditionnel \u00e0 l\u2019animation commerciale, en passant par les cocktails, le talent de l\u2019Ensemble de Trompettes s\u2019exprime dans des pi\u00e8ces de musique classique, pop, ou jazzy.<\/p>\n<p>L\u2019ETB est compos\u00e9 \u00e0 la base de jeunes trompettistes, enseignant et jouant dans la r\u00e9gion. Ses membres sont tous titulaires d\u2019un premier prix d\u2019Ecole Nationale de Musique, de Conservatoire National de R\u00e9gion, ou de Conservatoire National Sup\u00e9rieur de Musique.<\/p>\n<p><strong>St\u00e9phane COURSAULT<\/strong><br \/>1er prix de trompette et de cornet de l\u2019ENM de Blois.<br \/>1er prix de trompette du CNSM de Lyon.<\/p>\n<p><strong>Laurent DESRUS<\/strong><br \/>1er prix de musique de chambre de l\u2019ENM de Blois.<br \/>2\u00e8me prix de trompette de l\u2019ENM de Blois.<\/p>\n<p><strong>David GERMOND<\/strong><br \/>1er prix de trompette de l\u2019ENM du Raincy.<\/p>\n<p><strong>Fr\u00e9d\u00e9ric MESSIS<\/strong><br \/>1er prix de trompette du CNR de Clermont-Ferrand.<br \/>Prix du CNSM de Paris.<br \/>Prix du concours International de Passau, Allemagne.<\/p>\n<h3 class=\"entracte\">Premi\u00e8re partie (Ensemble de Trompettes de Blois)<\/h3>\n<div class=\"morceau\">\n<h4 class=\"morceau_titre\">Fugue en Sol mineur<\/h4>\n<p class=\"morceau_compositeur\">Johann Sebastian BACH<\/p>\n<\/div>\n<hr\/>\n<div class=\"morceau\">\n<h4 class=\"morceau_titre\">Concerto<\/h4>\n<p class=\"morceau_compositeur\">Georg Philipp TELEMANN<\/p>\n<\/div>\n<hr\/>\n<div class=\"morceau\">\n<h4 class=\"morceau_titre\">Country Pictures<\/h4>\n<p class=\"morceau_compositeur\">BRANDT<\/p>\n<\/div>\n<hr\/>\n<div class=\"morceau\">\n<h4 class=\"morceau_titre\">Star Wars<\/h4>\n<p class=\"morceau_compositeur\">John WILLIAMS<\/p>\n<\/div>\n<hr\/>\n<div class=\"morceau\">\n<h4 class=\"morceau_titre\">Sonatina<\/h4>\n<p class=\"morceau_compositeur\">SIMPSON<\/p>\n<\/div>\n<hr\/>\n<div class=\"morceau\">\n<h4 class=\"morceau_titre\">Freddy\u2019s Medley<\/h4>\n<p class=\"morceau_compositeur\">dixielands traditionnels<\/p>\n<\/div>\n<hr\/>\n<div class=\"morceau\">\n<h4 class=\"morceau_titre\">Tango<\/h4>\n<p class=\"morceau_compositeur\">Astor PIAZZOLA<\/p>\n<\/div>\n<h3 class=\"entracte\">Deuxi\u00e8me partie (Harmonie de Blois)<\/h3>\n<div class=\"morceau\">\n<h4 class=\"morceau_titre\">Scherzo<br \/><span class=\"morceau_titre2\">2\u00e8me mouvement de la Symphonie N\u00b09<\/span><\/h4>\n<p class=\"morceau_compositeur\">Ludwig van BEETHOVEN<br \/><span class=\"morceau_arrangeur\">arr. Jay BOCOOK<\/span><\/p>\n<div class=\"morceau_description\">Ludwig van Beethoven est n\u00e9 en 1770 \u00e0 Bonn en Allemagne. Gr\u00e2ce aux enseignements de Christian Gottlob Neefe, Franz Joseph Haydn ou Antonio Salieri, Beethoven a rapidement d\u00e9velopp\u00e9 ses dons de pianiste et de compositeur. Il s\u2019installe \u00e0 Vienne pendant plusieurs ann\u00e9es. Lorsqu\u2019il souhaite en partir, plusieurs m\u00e9c\u00e8nes le retiennent par une rente importante qui fait de lui le premier compositeur ind\u00e9pendant. En 1802, son ou\u00efe commence s\u00e9rieusement \u00e0 se d\u00e9t\u00e9riorer et il \u00e9crit le Testament d\u2019Heiligenstadt, o\u00f9 il raconte son d\u00e9sespoir face \u00e0 cette fatalit\u00e9. En 1815, il est totalement sourd, ce qui ne l\u2019emp\u00eache pas de continuer \u00e0 composer puisqu\u2019il termine sa 9\u00e8me symphonie en 1824.<\/div>\n<\/div>\n<hr\/>\n<div class=\"morceau\">\n<h4 class=\"morceau_titre\">Profanation<br \/><span class=\"morceau_titre2\">2\u00e8me mouvement de la Symphonie N\u00b01 Jeremiah<\/span><\/h4>\n<p class=\"morceau_compositeur\">Leonard BERNSTEIN<br \/><span class=\"morceau_arrangeur\">arr. Frank BENCRISCUTTO<\/span><\/p>\n<div class=\"morceau_description\">En 1918, Leonard Bersntein na\u00eet \u00e0 Lawrence (Massachussets) dans une famille de juifs immigr\u00e9s. Dipl\u00f4m\u00e9 de Harvard en 1939, il \u00e9tudie \u00e0 Philadelphie le piano, l\u2019orchestration, et la direction d\u2019orchestre (avec Fritz Reiner). Tout d\u2019abord chef d\u2019orchestre assistant d\u2019Arthur Rodzinski, il est sollicit\u00e9 pour remplacer au pied lev\u00e9 Bruno Walter \u00e0 l\u2019Orchestre Philarmonique de New York : sa carri\u00e8re est lanc\u00e9e. Il quittera la direction de cet orchestre en 1968, et les musiciens lui donneront le titre honorifique de \u00ab chef laur\u00e9at \u00bb, jamais d\u00e9cern\u00e9 auparavant. D\u00e8s lors, il est invit\u00e9 dans le monde entier pour diriger de nombreux excellents orchestres, ce qui lui permet de consacrer davantage de temps \u00e0 la composition.<\/div>\n<\/div>\n<hr>\n<div class=\"morceau\">\n<h4 class=\"morceau_titre\">Rituel<br \/><span class=\"morceau_titre2\">pour orchestre d\u2019harmonie<\/span><\/h4>\n<p class=\"morceau_compositeur\">Thierry MULLER<\/p>\n<div class=\"morceau_description\">N\u00e9 en 1964 \u00e0 Lille, Thierry Muller \u00e9tudie la musique au Conservatoire de Rouen puis au Conservatoire National Sup\u00e9rieur de Musique de Paris, en fl\u00fbte, analyse et harmonie. Il remporte de nombreux prix de compositions \u00e0 travers la France, essentiellement pour orchestre d\u2019harmonie. Thierry Muller est par ailleurs int\u00e9ress\u00e9 par la direction d\u2019\u00e9cole de musique pour laquelle il obtient un Certificat d\u2019Aptitude : depuis 1998, il dirige l\u2019Ecole Nationale de Musique et de Danse de Port-J\u00e9r\u00f4me.<\/div>\n<\/div>\n<hr>\n<div class=\"morceau\">\n<h4 class=\"morceau_titre\">Pirates des Cara\u00efbes<br \/><span class=\"morceau_titre2\">Suite symphonique sur la musique du film<\/span><\/h4>\n<p class=\"morceau_compositeur\">Klaus BADELT<br \/><span class=\"morceau_arrangeur\">arr. John WASSON<\/span><\/p>\n<div class=\"morceau_description\">Compositeur d\u2019origine allemande, Klaus Badelt s\u2019illustre dans le cin\u00e9ma pour la musique mais aussi pour la production. Il s\u2019associe fr\u00e9quemment \u00e0 d\u2019autres compositeurs comme Hans Zimmer : il participe notamment \u00e0 la musique de \u00ab Gladiator \u00bb pour laquelle il est nomin\u00e9 aux Oscar et aux Grammy Awards. En 2003, il \u00e9crit la musique de \u00ab Pirates des Cara\u00efbes, la Mal\u00e9diction du Black Pearl \u00bb, r\u00e9alis\u00e9 par Gore Verbinski, avec dans les r\u00f4les principaux Johnny Depp, Geoffrey Rush et Orlando Bloom.<\/div>\n<\/div>\n<div class=\"media_concert\">\n<p><strong>Photos disponibles :<\/strong><\/p>\n<div class=\"media_concert_images\">\n<a title=\"Pr&eacute;sentation du concert par notre pr&eacute;sident\" href=\"officiel\/images\/concerts\/060402\/060402-01.jpg\" rel=\"lightbox[photo]\"><img loading=\"lazy\" decoding=\"async\" src=\"officiel\/images\/concerts\/060402\/tn_060402-01.jpg\" alt=\"\" width=\"60\" height=\"60\" \/><\/a><a title=\"Pr&eacute;sentation du concert par notre pr&eacute;sident\" href=\"officiel\/images\/concerts\/060402\/060402-02.jpg\" rel=\"lightbox[photo]\"><img loading=\"lazy\" decoding=\"async\" src=\"officiel\/images\/concerts\/060402\/tn_060402-02.jpg\" alt=\"\" width=\"60\" height=\"60\" \/><\/a><a title=\"L'Ensemble de Trompettes de Blois\" href=\"officiel\/images\/concerts\/060402\/060402-03.jpg\" rel=\"lightbox[photo]\"><img loading=\"lazy\" decoding=\"async\" src=\"officiel\/images\/concerts\/060402\/tn_060402-03.jpg\" alt=\"\" width=\"60\" height=\"60\" \/><\/a><a title=\"&nbsp;\" href=\"officiel\/images\/concerts\/060402\/060402-04.jpg\" rel=\"lightbox[photo]\"><img loading=\"lazy\" decoding=\"async\" src=\"officiel\/images\/concerts\/060402\/tn_060402-04.jpg\" alt=\"\" width=\"60\" height=\"60\" \/><\/a><a title=\"&nbsp;\" href=\"officiel\/images\/concerts\/060402\/060402-05.jpg\" rel=\"lightbox[photo]\"><img loading=\"lazy\" decoding=\"async\" src=\"officiel\/images\/concerts\/060402\/tn_060402-05.jpg\" alt=\"\" width=\"60\" height=\"60\" \/><\/a><a title=\"&nbsp;\" href=\"officiel\/images\/concerts\/060402\/060402-06.jpg\" rel=\"lightbox[photo]\"><img loading=\"lazy\" decoding=\"async\" src=\"officiel\/images\/concerts\/060402\/tn_060402-06.jpg\" alt=\"\" width=\"60\" height=\"60\" \/><\/a><a title=\"&nbsp;\" href=\"officiel\/images\/concerts\/060402\/060402-07.jpg\" rel=\"lightbox[photo]\"><img loading=\"lazy\" decoding=\"async\" src=\"officiel\/images\/concerts\/060402\/tn_060402-07.jpg\" alt=\"\" width=\"60\" height=\"60\" \/><\/a><a title=\"Notre Pirate des Cara&iuml;bes &agrave; nous\" href=\"officiel\/images\/concerts\/060402\/060402-08.jpg\" rel=\"lightbox[photo]\"><img loading=\"lazy\" decoding=\"async\" src=\"officiel\/images\/concerts\/060402\/tn_060402-08.jpg\" alt=\"\" width=\"60\" height=\"60\" \/><\/a><a title=\"Notre Pirate a... hum... l'&oelig;il\" href=\"officiel\/images\/concerts\/060402\/060402-09.jpg\" rel=\"lightbox[photo]\"><img loading=\"lazy\" decoding=\"async\" src=\"officiel\/images\/concerts\/060402\/tn_060402-09.jpg\" alt=\"\" width=\"60\" height=\"60\" \/><\/a><a title=\"Indiana Jones &agrave; la baguette\" href=\"officiel\/images\/concerts\/060402\/060402-10.jpg\" rel=\"lightbox[photo]\"><img loading=\"lazy\" decoding=\"async\" src=\"officiel\/images\/concerts\/060402\/tn_060402-10.jpg\" alt=\"\" width=\"60\" height=\"60\" \/><\/a><a title=\"&nbsp;\" href=\"officiel\/images\/concerts\/060402\/060402-11.jpg\" rel=\"lightbox[photo]\"><img loading=\"lazy\" decoding=\"async\" src=\"officiel\/images\/concerts\/060402\/tn_060402-11.jpg\" alt=\"\" width=\"60\" height=\"60\" \/><\/a>\n<\/div>\n<p><strong>Articles de presse (&copy; <a href=\"http:\/\/www.lanouvellerepublique.fr\/\" target=\"_blank\">La Nouvelle R\u00e9publique<\/a> &#8211; &copy; <a href=\"http:\/\/www.larenaissance-41.com\/\" target=\"_blank\">La Renaissance du Loir et Cher<\/a>) : <\/strong><\/p>\n<div class=\"media_concert_presse\">\n<a title=\"&nbsp;\" href=\"officiel\/images\/presse\/060402\/060402-1.jpg\" rel=\"lightbox[presse]\"><img loading=\"lazy\" decoding=\"async\" src=\"officiel\/images\/presse\/060402\/tn_060402-1.jpg\" alt=\"\" width=\"120\" height=\"120\" \/><\/a><a title=\"&nbsp;\" href=\"officiel\/images\/presse\/060402\/060402-2.jpg\" rel=\"lightbox[presse]\"><img loading=\"lazy\" decoding=\"async\" src=\"officiel\/images\/presse\/060402\/tn_060402-2.jpg\" alt=\"\" width=\"120\" height=\"120\" \/><\/a><a title=\"&nbsp;\" href=\"officiel\/images\/presse\/060402\/060402-3.jpg\" rel=\"lightbox[presse]\"><img loading=\"lazy\" decoding=\"async\" src=\"officiel\/images\/presse\/060402\/tn_060402-3.jpg\" alt=\"\" width=\"120\" height=\"120\" \/><\/a><a title=\"&nbsp;\" href=\"officiel\/images\/presse\/060402\/060402-4.jpg\" rel=\"lightbox[presse]\"><img loading=\"lazy\" decoding=\"async\" src=\"officiel\/images\/presse\/060402\/tn_060402-4.jpg\" alt=\"\" width=\"120\" height=\"120\" \/><\/a>\n<\/div>\n<\/div>\n","protected":false},"excerpt":{"rendered":"<p>Date : 02 avril 2006. Lieu : Halle aux Grains de Blois. La premi\u00e8re partie de ce concert sera assur\u00e9e par l&rsquo;Ensemble de Trompettes de Blois. Pr\u00e9sentation de l&rsquo;ETB Ensemble de Trompettes de Blois Cr\u00e9ation en septembre 1999 1999 : Concerts \u00e0 Blois (Ecole Nationale de Musique) 2000 : Concerts dans la r\u00e9gion (Mer, Blois) [&hellip;]<\/p>\n","protected":false},"author":1,"featured_media":0,"parent":240,"menu_order":0,"comment_status":"open","ping_status":"open","template":"","meta":{"footnotes":""},"class_list":["post-221","page","type-page","status-publish","hentry"],"_links":{"self":[{"href":"https:\/\/www.harmoniedeblois.fr\/index.php?rest_route=\/wp\/v2\/pages\/221","targetHints":{"allow":["GET"]}}],"collection":[{"href":"https:\/\/www.harmoniedeblois.fr\/index.php?rest_route=\/wp\/v2\/pages"}],"about":[{"href":"https:\/\/www.harmoniedeblois.fr\/index.php?rest_route=\/wp\/v2\/types\/page"}],"author":[{"embeddable":true,"href":"https:\/\/www.harmoniedeblois.fr\/index.php?rest_route=\/wp\/v2\/users\/1"}],"replies":[{"embeddable":true,"href":"https:\/\/www.harmoniedeblois.fr\/index.php?rest_route=%2Fwp%2Fv2%2Fcomments&post=221"}],"version-history":[{"count":8,"href":"https:\/\/www.harmoniedeblois.fr\/index.php?rest_route=\/wp\/v2\/pages\/221\/revisions"}],"predecessor-version":[{"id":445,"href":"https:\/\/www.harmoniedeblois.fr\/index.php?rest_route=\/wp\/v2\/pages\/221\/revisions\/445"}],"up":[{"embeddable":true,"href":"https:\/\/www.harmoniedeblois.fr\/index.php?rest_route=\/wp\/v2\/pages\/240"}],"wp:attachment":[{"href":"https:\/\/www.harmoniedeblois.fr\/index.php?rest_route=%2Fwp%2Fv2%2Fmedia&parent=221"}],"curies":[{"name":"wp","href":"https:\/\/api.w.org\/{rel}","templated":true}]}}