{"id":226,"date":"2008-11-09T12:05:56","date_gmt":"2008-11-09T10:05:56","guid":{"rendered":"http:\/\/jerome.tiphene.free.fr\/hdb\/?page_id=226"},"modified":"2009-03-08T11:14:39","modified_gmt":"2009-03-08T10:14:39","slug":"concert-de-printemps-2008","status":"publish","type":"page","link":"https:\/\/www.harmoniedeblois.fr\/?page_id=226","title":{"rendered":"Concert de printemps 2008"},"content":{"rendered":"<p><a href=\"officiel\/images\/affiches\/HdB-080309.pdf\" target=\"_blank\"><img loading=\"lazy\" decoding=\"async\" src=\"officiel\/images\/affiches\/080309.jpg\" alt=\"Affiche du concert\" class=\"alignleft\" width=\"70\" height=\"100\"\/><\/a><\/p>\n<div class=\"descriptif_concert\">\n<p>Date : 09 mars 2008<\/p>\n<p>Lieu : Halle aux Grains de Blois<\/p>\n<p>La premi\u00e8re partie de ce concert est assur\u00e9e par le Brass Band d&rsquo;Agglopolys.<\/p>\n<\/div>\n<h3 class=\"entracte\">Premi\u00e8re partie (Brass Band d&rsquo;Agglopolys)<\/h3>\n<div class=\"morceau\">\n<h4 class=\"morceau_titre\">Gaillarde<\/h4>\n<p class=\"morceau_compositeur\">Pierre d\u2019ATTAINGNANT<br \/><span class=\"morceau_arrangeur\">arr. Manu MALLAERTS<\/span><\/p>\n<div class=\"morceau_description\">N\u00e9 \u00e0 la fin du 15<sup>\u00e8me<\/sup> si\u00e8cle, Pierre d\u2019Attaingnant est un compositeur et luthiste fran\u00e7ais. C\u2019est surtout par ses innovations en tant qu\u2019imprimeur et \u00e9diteur qu\u2019il est reconnu aujourd\u2019hui. Il fut en effet le premier \u00e0 utiliser le syst\u00e8me de caract\u00e8res mobiles de Haultin pour l\u2019impression musicale : celui-ci permettait d\u2019imprimer une partition en une seule fois, \u00e0 la diff\u00e9rence du pr\u00e9c\u00e9dent syst\u00e8me d\u2019Ottaviano Petrucci qui n\u00e9cessitait 3 phases. Il compose quelques \u00abdanseries\u00bb, notamment des gaillardes, qui sont des transcriptions d\u2019airs de danse plut\u00f4t destin\u00e9es \u00e0 \u00eatre \u00e9cout\u00e9es que dans\u00e9es.<br \/>Trompettiste chevronn\u00e9 et directeur artistique de l\u2019ensemble de cuivres Belgian Brass, Manu Mallaerts s\u2019est naturellement tourn\u00e9 vers la transcription d\u2019\u0153uvres \u00e0 destination de brass bands.<\/div>\n<\/div>\n<hr\/>\n<div class=\"morceau\">\n<h4 class=\"morceau_titre\">Haexdonck<\/h4>\n<p class=\"morceau_compositeur\">Guido DE RANTER<\/p>\n<div class=\"morceau_description\">N\u00e9 en 1954 \u00e0 Hoboken (district de la commune d\u2019Anvers), Guido De Ranter effectue une partie de ses \u00e9tudes musicales au Conservatoire Royal de Musique d\u2019Anvers, o\u00f9 il obtient des prix de solf\u00e8ge, tuba, musique de chambre, harmonie et histoire de la musique. En 1978, il entre comme tubiste \u00e0 la Musique Royale de la Force A\u00e9rienne, o\u00f9 il remplit la fonction de Sous-chef adjoint \u00e0 partir de 1989. En 2006 puis 2007, il y est successivement nomm\u00e9 Sous-chef de musique et Adjudant-chef.<br \/>Haexdonck lui a \u00e9t\u00e9 command\u00e9 par l\u2019administration communale de Kapelle-op-den-bos, \u00e0 l\u2019occasion du 150<sup>\u00e8me<\/sup> anniversaire de la naissance du chanoine Jaak Muyldermans. Ce nom correspond \u00e0 une ancienne orthographe du quartier \u00abOxdonk\u00bb o\u00f9 Guido De Ranter a v\u00e9cu. Les 3 parties d\u00e9crivent les diff\u00e9rentes facette du chanoine : l\u2019\u00e9crivain et po\u00e8te (1<sup>er<\/sup> mouvement lent et songeur), l\u2019aum\u00f4nier d\u2019arm\u00e9e pendant la 1<sup>\u00e8re<\/sup> guerre mondiale (2<sup>\u00e8me<\/sup> mouvement dissonant), et enfin le pr\u00eatre (3<sup>\u00e8me<\/sup> mouvement).<\/div>\n<\/div>\n<hr\/>\n<div class=\"morceau\">\n<h4 class=\"morceau_titre\">The Round Table<\/h4>\n<p class=\"morceau_compositeur\">Bert APPERMONT<\/p>\n<div class=\"morceau_description\">Compositeur belge, Bert Appermont est n\u00e9 en 1973 \u00e0 Bilzen. Il \u00e9tudie le contrepoint, la fugue, l\u2019orchestration et la direction pour orchestres d\u2019harmonie, fanfares et brass bands, \u00e0 l\u2019Institut Lemmens de Louvain. Il a notamment travaill\u00e9 la composition avec Jan van der Roost, Edmond Saveniers et Daan Manneke. Outre 2 com\u00e9dies musicales, il \u00e9crit une quarantaine de pi\u00e8ces tr\u00e8s diverses, dont beaucoup s\u2019appuient sur des l\u00e9gendes, mythes ou \u00e9v\u00e9nements historiques. La \u00abTable Ronde\u00bb a \u00e9t\u00e9 command\u00e9e par le Concert Band \u00abOdyssey\u00bb en Belgique pour mettre en vedette divers groupes instrumentaux de l\u2019orchestre.<\/div>\n<\/div>\n<hr\/>\n<div class=\"morceau\">\n<h4 class=\"morceau_titre\">Oregon<\/h4>\n<p class=\"morceau_compositeur\">Jacob DE HAAN<\/p>\n<div class=\"morceau_description\">N\u00e9 en 1959 \u00e0 Heerenveen aux Pays-Bas, Jacob de Haan grandit dans une famille o\u00f9 l\u2019importance de la musique l\u2019am\u00e8ne \u00e0 travailler le piano et la trompette d\u00e8s son plus jeune \u00e2ge. Au Conservatoire de Leeuwarden, il obtient un 1er prix d\u2019orgue et un dipl\u00f4me de p\u00e9dagogie musicale, et sera nomm\u00e9 au poste de professeur de la classe d\u2019arrangement. Fr\u00e9quemment sollicit\u00e9 en tant que membre de jury de concours internationaux, il est par ailleurs souvent invit\u00e9 pour diriger des programmes de concert consacr\u00e9s \u00e0 ses \u0153uvres. Parmi ses compositions les plus c\u00e9l\u00e8bres, on trouve plusieurs pi\u00e8ces dans un style proche de la musique de films, comme \u00abOregon\u00bb, qui est sans conteste son plus grand succ\u00e8s international.<\/div>\n<\/div>\n<h3 class=\"entracte\">Deuxi\u00e8me partie (Harmonie de Blois)<\/h3>\n<div class=\"morceau\">\n<h4 class=\"morceau_titre\">A Musical Toast<\/h4>\n<p class=\"morceau_compositeur\">Leonard BERNSTEIN<\/p>\n<div class=\"morceau_description\">Leonard Bersntein na\u00eet \u00e0 Lawrence (Massachussets) en 1918 dans une famille de juifs immigr\u00e9s. Dipl\u00f4m\u00e9 de Harvard en 1939, il \u00e9tudie \u00e0 Philadelphie le piano, l\u2019orchestration, et la direction d\u2019orchestre (avec Fritz Reiner). Il \u00e9crit aussi des arrangements sous le pseudonyme de Lenny Amber. Tout d\u2019abord chef d\u2019orchestre assistant d\u2019Arthur Rodzinski, il est sollicit\u00e9 pour remplacer au pied lev\u00e9 Bruno Walter \u00e0 l\u2019Orchestre Philharmonique de New York. Leonard Bernstein a alors \u00e0 peine 25 ans, et sa carri\u00e8re d\u00e9colle gr\u00e2ce \u00e0 cette soir\u00e9e. Il quittera la direction de cet orchestre en 1968, et les musiciens lui donneront le titre honorifique de \u00abchef laur\u00e9at\u00bb, jamais d\u00e9cern\u00e9 auparavant. D\u00e8s lors, il est invit\u00e9 dans le monde entier pour diriger de nombreux excellents orchestres : Orchestre Philharmonique de Vienne, Orchestre National de France&#8230; Cela lui permet de consacrer davantage de temps \u00e0 la composition, notamment pour \u00abA Musical Toast\u00bb en 1980.<\/div>\n<\/div>\n<hr\/>\n<div class=\"morceau\">\n<h4 class=\"morceau_titre\">Symphonie n\u00b05<\/h4>\n<p class=\"morceau_compositeur\">Piotr Ilitch TCHAIKOVSKI<\/p>\n<div class=\"morceau_description\">N\u00e9 en 1840 \u00e0 Votkinsk (Oural), Piotr Ilitch Tchaikovski commence le piano \u00e0 l\u2019\u00e2ge de 5 ans. Bien que tr\u00e8s dou\u00e9 (en moins de 3 ans, il lit d\u00e9j\u00e0 parfaitement la musique), il se destine \u00e0 une carri\u00e8re juridique. En 1859, il est engag\u00e9 comme secr\u00e9taire au Minist\u00e8re de la Justice de Saint-P\u00e9tersbourg mais envisage s\u00e9rieusement de faire de la musique son m\u00e9tier. C\u2019est en 1863 qu\u2019il prend cette d\u00e9cision en s\u2019inscrivant au Conservatoire de Saint-P\u00e9tersbourg, o\u00f9 il \u00e9tudie l\u2019orchestration avec Anton Rubinstein, et la composition avec N.I. Zaremba. Il joue par ailleurs du piano, de l\u2019orgue et de la fl\u00fbte. Il ne rejoindra jamais le \u00abGroupe des 5\u00bb bien que sa musique ait un caract\u00e8re russe tr\u00e8s marqu\u00e9. Parmi ses oeuvres les plus connues, on peut citer \u00abRom\u00e9o et Juliette\u00bb (1869), \u00abLe Lac des Cygnes\u00bb (1875-76) ou \u00abCasse-Noisette\u00bb (1891-92).<br \/>Il meurt du chol\u00e9ra en 1893 apr\u00e8s avoir bu de l\u2019eau de la Neva non bouillie : certains pensent qu\u2019il s\u2019est suicid\u00e9 pour \u00e9viter un scandale li\u00e9 \u00e0 ses penchants homosexuels.<\/div>\n<\/div>\n<hr\/>\n<div class=\"morceau\">\n<h4 class=\"morceau_titre\">Quelle Histoire !<\/h4>\n<p class=\"morceau_compositeur\">Christian JOUS<\/p>\n<div class=\"morceau_description\">Natif du nord de la France, il fait ses \u00e9tudes au Conservatoire de Valenciennes dans la classe de Claude Bourez, professeur de saxhorn basse. Il rentre au Conservatoire National Sup\u00e9rieur de Musique de Paris dans la classe de Ma\u00eetre Bernard o\u00f9 il obtient un 1er prix \u00e0 l&rsquo;unanimit\u00e9. Au pupitre de saxhorn de la Musique de l&rsquo;Air de Paris \u00e0 partir de 1974, il fait ses premiers pas en tant que compositeur au sein du Steckar Tubapack, auquel il appartient depuis la cr\u00e9ation du groupe en 1981. Il \u00e9crit principalement pour le tuba et le saxhorn (euphonium), duos et quatuors mais aussi une samba pour tuba ou saxhorn solo et grand ensemble de cuivres \u00abSamba del mine\u00bb. Plusieurs pi\u00e8ces lui ont \u00e9t\u00e9 demand\u00e9es, et sont interpr\u00e9t\u00e9es dans divers concerts, concours, examens et autres auditions.<\/div>\n<\/div>\n<hr\/>\n<div class=\"morceau\">\n<h4 class=\"morceau_titre\">Star Wars Episode III<\/h4>\n<p class=\"morceau_compositeur\">John WILLIAMS<\/p>\n<div class=\"morceau_description\">N\u00e9 en 1932 \u00e0 New-York d\u2019un p\u00e8re percussionniste, John Williams \u00e9tudie tout d\u2019abord le piano, qu\u2019il joue notamment dans des clubs de jazz. Il se tourne ensuite vers l\u2019orchestration de musique de films, avec des compositeurs tels que Bernard Hermann ou Elmer Bernstein. En 1959, il se lance dans la composition de musiques de films. Il est approch\u00e9 par Steven Spielberg en 1974, pour lequel il \u00e9crit la musique de \u00abSugarland Express\u00bb. Il composera au total la musique de 21 de ses films, et collaborera aussi activement avec George Lucas. Sa brillante carri\u00e8re l\u2019a conduit \u00e0 \u00eatre nomm\u00e9 plus de 40 fois aux Oscars : il en obtient 5 pour \u00abUn Violon sur le Toit\u00bb (1971), \u00abLes Dents de la Mer\u00bb (1975), \u00abStar Wars Episode IV\u00bb (1977), \u00abE.T.\u00bb (1982) et \u00abLa Liste de Schindler\u00bb (1993).<\/div>\n<\/div>\n<div class=\"media_concert\">\n<p><strong>Photos disponibles :<\/strong><\/p>\n<div class=\"media_concert_images\">\n<a title=\"Le Brass Band d'Agglopolys\" href=\"officiel\/images\/concerts\/080309\/080309-03.jpg\" rel=\"lightbox[photo]\"><img loading=\"lazy\" decoding=\"async\" src=\"officiel\/images\/concerts\/080309\/tn_080309-03.jpg\" alt=\"\" width=\"60\" height=\"60\" \/><\/a><a title=\"Le Brass Band d'Agglopolys\" href=\"officiel\/images\/concerts\/080309\/080309-04.jpg\" rel=\"lightbox[photo]\"><img loading=\"lazy\" decoding=\"async\" src=\"officiel\/images\/concerts\/080309\/tn_080309-04.jpg\" alt=\"\" width=\"60\" height=\"60\" \/><\/a><a title=\"Le Brass Band d'Agglopolys\" href=\"officiel\/images\/concerts\/080309\/080309-05.jpg\" rel=\"lightbox[photo]\"><img loading=\"lazy\" decoding=\"async\" src=\"officiel\/images\/concerts\/080309\/tn_080309-05.jpg\" alt=\"\" width=\"60\" height=\"60\" \/><\/a><a title=\"Le Brass Band d'Agglopolys\" href=\"officiel\/images\/concerts\/080309\/080309-06.jpg\" rel=\"lightbox[photo]\"><img loading=\"lazy\" decoding=\"async\" src=\"officiel\/images\/concerts\/080309\/tn_080309-06.jpg\" alt=\"\" width=\"60\" height=\"60\" \/><\/a><a title=\"Le Brass Band d'Agglopolys\" href=\"officiel\/images\/concerts\/080309\/080309-08.jpg\" rel=\"lightbox[photo]\"><img loading=\"lazy\" decoding=\"async\" src=\"officiel\/images\/concerts\/080309\/tn_080309-08.jpg\" alt=\"\" width=\"60\" height=\"60\" \/><\/a><a title=\"Le Chef en Dark Vador...\" href=\"officiel\/images\/concerts\/080309\/080309-09.jpg\" rel=\"lightbox[photo]\"><img loading=\"lazy\" decoding=\"async\" src=\"officiel\/images\/concerts\/080309\/tn_080309-09.jpg\" alt=\"\" width=\"60\" height=\"60\" \/><\/a><a title=\"Le Chef en Dark Vador...\" href=\"officiel\/images\/concerts\/080309\/080309-10.jpg\" rel=\"lightbox[photo]\"><img loading=\"lazy\" decoding=\"async\" src=\"officiel\/images\/concerts\/080309\/tn_080309-10.jpg\" alt=\"\" width=\"60\" height=\"60\" \/><\/a><a title=\"&nbsp;\" href=\"officiel\/images\/concerts\/080309\/080309-11.jpg\" rel=\"lightbox[photo]\"><img loading=\"lazy\" decoding=\"async\" src=\"officiel\/images\/concerts\/080309\/tn_080309-11.jpg\" alt=\"\" width=\"60\" height=\"60\" \/><\/a>\n<\/div>\n<p><strong>Articles de presse (&copy; <a href=\"http:\/\/www.lanouvellerepublique.fr\/\" target=\"_blank\">La Nouvelle R\u00e9publique<\/a> &#8211; &copy; <a href=\"http:\/\/www.larenaissance-41.com\/\" target=\"_blank\">La Renaissance du Loir et Cher<\/a>) : <\/strong><\/p>\n<div class=\"media_concert_presse\">\n<a title=\"&nbsp;\" href=\"officiel\/images\/presse\/080309\/080309-1.jpg\" rel=\"lightbox[presse]\"><img loading=\"lazy\" decoding=\"async\" src=\"officiel\/images\/presse\/080309\/tn_080309-1.jpg\" alt=\"\" width=\"120\" height=\"120\" \/><\/a><a title=\"&nbsp;\" href=\"officiel\/images\/presse\/080309\/080309-2.jpg\" rel=\"lightbox[presse]\"><img loading=\"lazy\" decoding=\"async\" src=\"officiel\/images\/presse\/080309\/tn_080309-2.jpg\" alt=\"\" width=\"120\" height=\"120\" \/><\/a><a title=\"&nbsp;\" href=\"officiel\/images\/presse\/080309\/080309-3.jpg\" rel=\"lightbox[presse]\"><img loading=\"lazy\" decoding=\"async\" src=\"officiel\/images\/presse\/080309\/tn_080309-3.jpg\" alt=\"\" width=\"120\" height=\"120\" \/><\/a><a title=\"&nbsp;\" href=\"officiel\/images\/presse\/080309\/080309-4.jpg\" rel=\"lightbox[presse]\"><img loading=\"lazy\" decoding=\"async\" src=\"officiel\/images\/presse\/080309\/tn_080309-4.jpg\" alt=\"\" width=\"120\" height=\"120\" \/><\/a>\n<\/div>\n<\/div>\n","protected":false},"excerpt":{"rendered":"<p>Date : 09 mars 2008 Lieu : Halle aux Grains de Blois La premi\u00e8re partie de ce concert est assur\u00e9e par le Brass Band d&rsquo;Agglopolys. Premi\u00e8re partie (Brass Band d&rsquo;Agglopolys) Gaillarde Pierre d\u2019ATTAINGNANTarr. Manu MALLAERTS N\u00e9 \u00e0 la fin du 15\u00e8me si\u00e8cle, Pierre d\u2019Attaingnant est un compositeur et luthiste fran\u00e7ais. C\u2019est surtout par ses innovations [&hellip;]<\/p>\n","protected":false},"author":1,"featured_media":0,"parent":240,"menu_order":0,"comment_status":"open","ping_status":"open","template":"","meta":{"footnotes":""},"class_list":["post-226","page","type-page","status-publish","hentry"],"_links":{"self":[{"href":"https:\/\/www.harmoniedeblois.fr\/index.php?rest_route=\/wp\/v2\/pages\/226","targetHints":{"allow":["GET"]}}],"collection":[{"href":"https:\/\/www.harmoniedeblois.fr\/index.php?rest_route=\/wp\/v2\/pages"}],"about":[{"href":"https:\/\/www.harmoniedeblois.fr\/index.php?rest_route=\/wp\/v2\/types\/page"}],"author":[{"embeddable":true,"href":"https:\/\/www.harmoniedeblois.fr\/index.php?rest_route=\/wp\/v2\/users\/1"}],"replies":[{"embeddable":true,"href":"https:\/\/www.harmoniedeblois.fr\/index.php?rest_route=%2Fwp%2Fv2%2Fcomments&post=226"}],"version-history":[{"count":12,"href":"https:\/\/www.harmoniedeblois.fr\/index.php?rest_route=\/wp\/v2\/pages\/226\/revisions"}],"predecessor-version":[{"id":429,"href":"https:\/\/www.harmoniedeblois.fr\/index.php?rest_route=\/wp\/v2\/pages\/226\/revisions\/429"}],"up":[{"embeddable":true,"href":"https:\/\/www.harmoniedeblois.fr\/index.php?rest_route=\/wp\/v2\/pages\/240"}],"wp:attachment":[{"href":"https:\/\/www.harmoniedeblois.fr\/index.php?rest_route=%2Fwp%2Fv2%2Fmedia&parent=226"}],"curies":[{"name":"wp","href":"https:\/\/api.w.org\/{rel}","templated":true}]}}