{"id":231,"date":"2008-11-09T13:19:08","date_gmt":"2008-11-09T11:19:08","guid":{"rendered":"http:\/\/jerome.tiphene.free.fr\/hdb\/?page_id=231"},"modified":"2009-03-08T19:11:45","modified_gmt":"2009-03-08T18:11:45","slug":"concert-dhiver-2007","status":"publish","type":"page","link":"https:\/\/www.harmoniedeblois.fr\/?page_id=231","title":{"rendered":"Concert de No\u00ebl 2007"},"content":{"rendered":"<p><a href=\"officiel\/images\/affiches\/HdB-071216.pdf\" target=\"_blank\"><img loading=\"lazy\" decoding=\"async\" src=\"officiel\/images\/affiches\/071216.jpg\" alt=\"Affiche du concert\" class=\"alignleft\" width=\"70\" height=\"100\"\/><\/a><\/p>\n<div class=\"descriptif_concert\">\n<p>Date : 16 d\u00e9cembre 2007<\/p>\n<p>Lieu : Halle aux Grains de Blois<\/p>\n<p>En premi\u00e8re partie de ce concert, la symphonie \u00ab\u00a0Le seigneur des Anneaux\u00a0\u00bb de Johan de Meij.<br \/>La deuxi\u00e8me partie finira en apoth\u00e9ose avec la participation aupr\u00e8s de l&rsquo;Harmonie de Blois d&rsquo;Olivier ROUSSET, soliste \u00e0 l&rsquo;Op\u00e9ra de Paris.<\/p>\n<\/div>\n<h3 class=\"entracte\">Premi\u00e8re partie<\/h3>\n<div class=\"morceau\">\n<h4 class=\"morceau_titre\">Le seigneur des Anneaux<\/h4>\n<p class=\"morceau_compositeur\">Johan De Meij<\/p>\n<div class=\"morceau_description\">\n<p align=\"center\">\u00ab\u00a0Trois Anneaux pour les Rois Elfes sous le ciel,<br \/>Sept pour les Seigneurs Nains dans leurs demeures de pierres,<br \/>Neuf pour les Hommes Mortels destin\u00e9s au tr\u00e9pas,<br \/>Un pour le Seigneur des T\u00e9n\u00e8bres sur son sombre tr\u00f4ne<br \/>Dans le Pays de Mordor o\u00f9 s&rsquo;\u00e9tendent les Ombres.<br \/>Un Anneau pour les gouverner tous, Un Anneau pour les trouver,<br \/>Un Anneau pour les amener tous et dans les t\u00e9n\u00e8bres les lier<br \/>Au Pays de Mordor o\u00f9 s&rsquo;\u00e9tendent les Ombres.\u00a0\u00bb<br \/>(Po\u00e8me introductif du \u00abSeigneur des Anneaux\u00bb)<\/p>\n<p><strong>John Ronald Reuel TOLKIEN<\/strong><br \/>J.R.R. Tolkien, nomm\u00e9 couramment Ronald par sa famille, est n\u00e9 en 1892 \u00e0 Bloemfontein en Afrique du Sud. Ayant appris \u00e0 lire d\u00e8s 4 ans, il \u00e9crit sa premi\u00e8re histoire, au sujet de dragons, \u00e0 tout juste 7 ans. Il s\u2019int\u00e9resse ensuite beaucoup \u00e0 l\u2019\u00e9tude des langues, notamment le gothique et le finnois. Apr\u00e8s avoir quitt\u00e9 le p\u00e8re Francis Morgan qui l\u2019avait \u00e9lev\u00e9, Ronald peut enfin \u00e9pouser son amour Edith Bratt, mais doit rapidement la quitter pour s\u2019engager dans la Bataille de la Somme. Rapatri\u00e9 pour maladie, il profite de sa convalescence pour travailler des langages qu\u2019il a lui-m\u00eame cr\u00e9\u00e9s : le Quenya et le Sindarin.<br \/>Apr\u00e8s avoir obtenu une chaire de langue ancienne \u00e0 Oxford, il peut \u00e0 pr\u00e9sent se consacrer \u00e0 l\u2019\u00e9criture, notamment avec \u00abBilbo le Hobbit\u00bb et \u00abLe Seigneur des Anneaux\u00bb. Il d\u00e9c\u00e9dera en 1973 en faisant graver sur la tombe de sa femme \u00abL\u00fathien\u00bb et \u00abBeren\u00bb sur la sienne : ces 2 personnages sont le premier couple alliant elfe et humain dans l\u2019univers \u00abLa Terre du Milieu\u00bb qu\u2019il a cr\u00e9\u00e9&#8230;<\/p>\n<p><strong>Le Seigneur des Anneaux<\/strong><br \/>Commenc\u00e9 en 1938 et publi\u00e9 en 1954-55, cette \u0153uvre est compos\u00e9e de 6 livres sans titre, que J.R.R. voulait \u00e0 l\u2019origine publier en un seul volume. Cependant, \u00e0 l\u2019issue de la guerre, le prix du papier \u00e9tait trop cher pour pouvoir effectuer cette publication en une fois. Elle a donc \u00e9t\u00e9 subdivis\u00e9e en 3 volumes : \u00abLa Communaut\u00e9 de l\u2019Anneau\u00bb (1954), \u00abLes Deux Tours\u00bb (1954) et \u00abLe Retour du Roi\u00bb (1955). Le succ\u00e8s de cet ouvrage l\u2019am\u00e8nera \u00e0 \u00eatre traduit dans une cinquantaine de langues.<\/p>\n<p><strong>Johan DE MEIJ<\/strong><br \/>N\u00e9 en 1953 aux Pays-Bas, Johan De Meij a commenc\u00e9 sa carri\u00e8re en \u00e9tudiant le trombone au Conservatoire Royal de la Haye. Musicien accompli, il a jou\u00e9 pendant 14 ans dans l&rsquo;un des ensembles de cuivres les plus prestigieux d&rsquo;Europe : le Dutch Brass Sextet. Il est aujourd&rsquo;hui membre de plusieurs orchestres professionnels. Parall\u00e8lement \u00e0 sa pratique du trombone, Johan De Meij a travaill\u00e9 la direction d&rsquo;orchestre. Il est souvent invit\u00e9 \u00e0 diriger des orchestres d&rsquo;harmonie et animer des master-class dans le monde entier, notamment en Europe ou au Japon.<br \/>Johan De Meij s&rsquo;est aussi illustr\u00e9 comme un brillant compositeur et arrangeur, essentiellement pour orchestre d&rsquo;harmonie. Entre 1984 et 1987, il compose sa Symphonie n\u00b0 1 \u201cLe Seigneur des Anneaux\u201d, cr\u00e9\u00e9e en 1988 \u00e0 Bruxelles avec le chef d\u2019orchestre Norbert Nozy. Elle sera prim\u00e9e au prestigieux Concours International de Composition Sudler \u00e0 Chicago en 1989. En 2001, une version symphonique de l\u2019\u0153uvre est cr\u00e9\u00e9e par l\u2019Orchestre Philharmonique de Rotterdam.<\/p>\n<\/div>\n<\/div>\n<h3 class=\"entracte\">Deuxi\u00e8me partie<\/h3>\n<div class=\"morceau\">\n<h4 class=\"morceau_titre\">Symphonie n\u00b01 \u00ab\u00a0Titan\u00a0\u00bb<\/h4>\n<p class=\"morceau_compositeur\">Gustav MAHLER<\/p>\n<div class=\"morceau_description\">Gustav Mahler, n\u00e9 en 1860 \u00e0 Kaliste (Boh\u00eame), montre tr\u00e8s t\u00f4t ses dons pour la musique puisqu\u2019il compose \u00e0 6 ans une polka. En 1878, il obtient son dipl\u00f4me de piano, harmonie et composition au Conservatoire de Vienne. Son manque de revenus l\u2019oblige \u00e0 se consacrer ensuite \u00e0 la direction d\u2019orchestre , pour laquelle il acquiert une renomm\u00e9e internationale.<br \/>Au d\u00e9but de 1888, alors que Malher dirige l\u2019orchestre du Th\u00e9\u00e2tre de Leipzig, celui-ci ferme plusieurs jours \u00e0 la suite du d\u00e9c\u00e8s de l\u2019empereur Guillaume 1<sup>er<\/sup>. Ces quelques journ\u00e9es vont lui permettre d\u2019avancer consid\u00e9rablement l\u2019\u00e9criture de sa premi\u00e8re symphonie, qui sera achev\u00e9e en mars de la m\u00eame ann\u00e9e. Cr\u00e9\u00e9e en 1889 \u00e0 Budapest, il la remaniera cependant jusqu\u2019en 1906. Cette \u0153uvre, qu\u2019on ne peut d\u00e9cemment pas consid\u00e9rer comme une \u0153uvre de jeunesse tellement elle a \u00e9t\u00e9 m\u00fbrie et travaill\u00e9e, comprenait \u00e0 l\u2019origine 5 mouvements. Apr\u00e8s plusieurs \u00e9checs et critiques au sujet de ce \u00abPo\u00e8me Symphonique\u00bb, Malher d\u00e9cide en 1897 de supprimer le second mouvement (un andante appel\u00e9 \u00abBlumine\u00bb, soit \u00abFleurettes\u00bb), de le nommer \u00abPremi\u00e8re Symphonie\u00bb et d\u2019y ajouter le sous-titre \u00abTitan\u00bb.<\/div>\n<\/div>\n<hr\/>\n<div class=\"morceau\">\n<h4 class=\"morceau_titre\">El Bosque M\u00e1gico<\/h4>\n<p class=\"morceau_compositeur\">Ferrer FERRAN<\/p>\n<div class=\"morceau_description\">\n<p>N\u00e9 en 1966 \u00e0 Valence en Espagne, Ferrer Ferran d\u00e9bute ses \u00e9tudes musicales \u00e0 6 ans avec Teodoro Castellano. A 15 ans, il est d\u00e9j\u00e0 dipl\u00f4m\u00e9 de piano, de percussion, de musique de chambre et d\u2019accompagnement. Par la suite, il obtient m\u00eame un prix de composition et de direction d&rsquo;orchestre \u00e0 vent \u00e0 l&rsquo;Acad\u00e9mie Royale de Musique de Grande-Bretagne. Il s\u2019est vu d\u00e9cerner de nombreuses r\u00e9compenses comme par exemple celle attribu\u00e9e par l&rsquo;Association des Jeunes Musiciens d&rsquo;Espagne. Il donne par ailleurs de nombreux concerts dans toute l\u2019Espagne, en tant que soliste ou membre d\u2019ensembles de musique de chambre, ou en qualit\u00e9 d\u2019accompagnateur de solistes de renomm\u00e9e internationale. Il a dirig\u00e9 de nombreux orchestres espagnols (brass-band, harmonies, orchestres symphoniques),  et est chef titulaire de la \u00abBanda Primitiva de Paiporta\u00bb depuis 1996. La plupart des cr\u00e9ations de ses \u0153uvres a \u00e9t\u00e9 faite avec des ensembles de renom (la Concordia de Fribourg par exemple) et plusieurs de ses compositions ont \u00e9t\u00e9 choisies comme pi\u00e8ces impos\u00e9es de concours et de festivals prestigieux.<br \/>El Bosque M\u00e1gico a \u00e9t\u00e9 donn\u00e9 en cr\u00e9ation mondiale le 17 f\u00e9vrier 2002.<\/p>\n<p><strong>Olivier ROUSSET<\/strong><\/p>\n<p>Olivier Rousset commence sa formation au CNR de Rennes o\u00f9 il obtient plusieurs m\u00e9dailles d&rsquo;or (hautbois, accord\u00e9on, musique de chambre&#8230;). Il est admis en 2000 au CNSM de Paris, o\u00f9 il poursuivra sa formation en perfectionnement jusqu&rsquo;en 2006. Il effectue r\u00e9guli\u00e8rement des remplacements \u00e0 l&rsquo;Orchestre du Royal Concertgebouw d&rsquo;Amsterdam, l&rsquo;Orchestre de Chambre de Munich, \u00e0 l&rsquo;Orchestre de Paris, l&rsquo;Orchestre Philharmonique de Radio-France, ou l&rsquo;Ensemble InterContemporain.<br \/>En 2003, il gagne le premier prix Pierre Salvi au Festival musical d&rsquo;automne des jeunes interpr\u00e8tes. En 2006, Olivier Rousset remporte le concours des Jeunes Talents de l&rsquo;Ouest, qui lui offre la possibilit\u00e9 de jouer plusieurs fois en soliste avec l&rsquo;Orchestre de Bretagne. La m\u00eame ann\u00e9e, il entre comme hautbois co-soliste \u00e0 l&rsquo;Op\u00e9ra National de Paris. En 2007, il enregistre un CD autour des musiciens dits \u00abd\u00e9g\u00e9n\u00e9r\u00e9s\u00bb.<\/p>\n<\/div>\n<\/div>\n<div class=\"media_concert\">\n<p><strong>Photos disponibles :<\/strong><\/p>\n<div class=\"media_concert_images\">\n<a href=\"officiel\/images\/concerts\/071216\/071216-01.jpg\" rel=\"lightbox[photo]\"><img loading=\"lazy\" decoding=\"async\" src=\"officiel\/images\/concerts\/071216\/tn_071216-01.jpg\" alt=\"\" width=\"60\" height=\"60\"\/><\/a><a href=\"officiel\/images\/concerts\/071216\/071216-02.jpg\" rel=\"lightbox[photo]\"><img loading=\"lazy\" decoding=\"async\" src=\"officiel\/images\/concerts\/071216\/tn_071216-02.jpg\" alt=\"\" width=\"60\" height=\"60\"\/><\/a><a href=\"officiel\/images\/concerts\/071216\/071216-03.jpg\" rel=\"lightbox[photo]\"><img loading=\"lazy\" decoding=\"async\" src=\"officiel\/images\/concerts\/071216\/tn_071216-03.jpg\" alt=\"\" width=\"60\" height=\"60\"\/><\/a><a href=\"officiel\/images\/concerts\/071216\/071216-04.jpg\" rel=\"lightbox[photo]\"><img loading=\"lazy\" decoding=\"async\" src=\"officiel\/images\/concerts\/071216\/tn_071216-04.jpg\" alt=\"\" width=\"60\" height=\"60\"\/><\/a><a href=\"officiel\/images\/concerts\/071216\/071216-05.jpg\" rel=\"lightbox[photo]\"><img loading=\"lazy\" decoding=\"async\" src=\"officiel\/images\/concerts\/071216\/tn_071216-05.jpg\" alt=\"\" width=\"60\" height=\"60\"\/><\/a><a href=\"officiel\/images\/concerts\/071216\/071216-06.jpg\" rel=\"lightbox[photo]\"><img loading=\"lazy\" decoding=\"async\" src=\"officiel\/images\/concerts\/071216\/tn_071216-06.jpg\" alt=\"\" width=\"60\" height=\"60\"\/><\/a><a href=\"officiel\/images\/concerts\/071216\/071216-07.jpg\" rel=\"lightbox[photo]\"><img loading=\"lazy\" decoding=\"async\" src=\"officiel\/images\/concerts\/071216\/tn_071216-07.jpg\" alt=\"\" width=\"60\" height=\"60\"\/><\/a><a href=\"officiel\/images\/concerts\/071216\/071216-08.jpg\" rel=\"lightbox[photo]\"><img loading=\"lazy\" decoding=\"async\" src=\"officiel\/images\/concerts\/071216\/tn_071216-08.jpg\" alt=\"\" width=\"60\" height=\"60\"\/><\/a><a href=\"officiel\/images\/concerts\/071216\/071216-09.jpg\" rel=\"lightbox[photo]\"><img loading=\"lazy\" decoding=\"async\" src=\"officiel\/images\/concerts\/071216\/tn_071216-09.jpg\" alt=\"\" width=\"60\" height=\"60\"\/><\/a><a href=\"officiel\/images\/concerts\/071216\/071216-10.jpg\" rel=\"lightbox[photo]\"><img loading=\"lazy\" decoding=\"async\" src=\"officiel\/images\/concerts\/071216\/tn_071216-10.jpg\" alt=\"\" width=\"60\" height=\"60\"\/><\/a><a href=\"officiel\/images\/concerts\/071216\/071216-11.jpg\" rel=\"lightbox[photo]\"><img loading=\"lazy\" decoding=\"async\" src=\"officiel\/images\/concerts\/071216\/tn_071216-11.jpg\" alt=\"\" width=\"60\" height=\"60\"\/><\/a><a href=\"officiel\/images\/concerts\/071216\/071216-12.jpg\" rel=\"lightbox[photo]\"><img loading=\"lazy\" decoding=\"async\" src=\"officiel\/images\/concerts\/071216\/tn_071216-12.jpg\" alt=\"\" width=\"60\" height=\"60\"\/><\/a><a href=\"officiel\/images\/concerts\/071216\/071216-13.jpg\" rel=\"lightbox[photo]\"><img loading=\"lazy\" decoding=\"async\" src=\"officiel\/images\/concerts\/071216\/tn_071216-13.jpg\" alt=\"\" width=\"60\" height=\"60\"\/><\/a><a href=\"officiel\/images\/concerts\/071216\/071216-14.jpg\" rel=\"lightbox[photo]\"><img loading=\"lazy\" decoding=\"async\" src=\"officiel\/images\/concerts\/071216\/tn_071216-14.jpg\" alt=\"\" width=\"60\" height=\"60\"\/><\/a><a href=\"officiel\/images\/concerts\/071216\/071216-15.jpg\" rel=\"lightbox[photo]\"><img loading=\"lazy\" decoding=\"async\" src=\"officiel\/images\/concerts\/071216\/tn_071216-15.jpg\" alt=\"\" width=\"60\" height=\"60\"\/><\/a><a href=\"officiel\/images\/concerts\/071216\/071216-16.jpg\" rel=\"lightbox[photo]\"><img loading=\"lazy\" decoding=\"async\" src=\"officiel\/images\/concerts\/071216\/tn_071216-16.jpg\" alt=\"\" width=\"60\" height=\"60\"\/><\/a><a href=\"officiel\/images\/concerts\/071216\/071216-17.jpg\" rel=\"lightbox[photo]\"><img loading=\"lazy\" decoding=\"async\" src=\"officiel\/images\/concerts\/071216\/tn_071216-17.jpg\" alt=\"\" width=\"60\" height=\"60\"\/><\/a><a href=\"officiel\/images\/concerts\/071216\/071216-18.jpg\" rel=\"lightbox[photo]\"><img loading=\"lazy\" decoding=\"async\" src=\"officiel\/images\/concerts\/071216\/tn_071216-18.jpg\" alt=\"\" width=\"60\" height=\"60\"\/><\/a><a href=\"officiel\/images\/concerts\/071216\/071216-19.jpg\" rel=\"lightbox[photo]\"><img loading=\"lazy\" decoding=\"async\" src=\"officiel\/images\/concerts\/071216\/tn_071216-19.jpg\" alt=\"\" width=\"60\" height=\"60\"\/><\/a><a href=\"officiel\/images\/concerts\/071216\/071216-20.jpg\" rel=\"lightbox[photo]\"><img loading=\"lazy\" decoding=\"async\" src=\"officiel\/images\/concerts\/071216\/tn_071216-20.jpg\" alt=\"\" width=\"60\" height=\"60\"\/><\/a><a href=\"officiel\/images\/concerts\/071216\/071216-21.jpg\" rel=\"lightbox[photo]\"><img loading=\"lazy\" decoding=\"async\" src=\"officiel\/images\/concerts\/071216\/tn_071216-21.jpg\" alt=\"\" width=\"60\" height=\"60\"\/><\/a><a href=\"officiel\/images\/concerts\/071216\/071216-22.jpg\" rel=\"lightbox[photo]\"><img loading=\"lazy\" decoding=\"async\" src=\"officiel\/images\/concerts\/071216\/tn_071216-22.jpg\" alt=\"\" width=\"60\" height=\"60\"\/><\/a><a href=\"officiel\/images\/concerts\/071216\/071216-23.jpg\" rel=\"lightbox[photo]\"><img loading=\"lazy\" decoding=\"async\" src=\"officiel\/images\/concerts\/071216\/tn_071216-23.jpg\" alt=\"\" width=\"60\" height=\"60\"\/><\/a><a href=\"officiel\/images\/concerts\/071216\/071216-24.jpg\" rel=\"lightbox[photo]\"><img loading=\"lazy\" decoding=\"async\" src=\"officiel\/images\/concerts\/071216\/tn_071216-24.jpg\" alt=\"\" width=\"60\" height=\"60\"\/><\/a><a href=\"officiel\/images\/concerts\/071216\/071216-25.jpg\" rel=\"lightbox[photo]\"><img loading=\"lazy\" decoding=\"async\" src=\"officiel\/images\/concerts\/071216\/tn_071216-25.jpg\" alt=\"\" width=\"60\" height=\"60\"\/><\/a><a href=\"officiel\/images\/concerts\/071216\/071216-26.jpg\" rel=\"lightbox[photo]\"><img loading=\"lazy\" decoding=\"async\" src=\"officiel\/images\/concerts\/071216\/tn_071216-26.jpg\" alt=\"\" width=\"60\" height=\"60\"\/><\/a><a href=\"officiel\/images\/concerts\/071216\/071216-27.jpg\" rel=\"lightbox[photo]\"><img loading=\"lazy\" decoding=\"async\" src=\"officiel\/images\/concerts\/071216\/tn_071216-27.jpg\" alt=\"\" width=\"60\" height=\"60\"\/><\/a><a href=\"officiel\/images\/concerts\/071216\/071216-28.jpg\" rel=\"lightbox[photo]\"><img loading=\"lazy\" decoding=\"async\" src=\"officiel\/images\/concerts\/071216\/tn_071216-28.jpg\" alt=\"\" width=\"60\" height=\"60\"\/><\/a>\n<\/div>\n<p><strong>Articles de presse :<\/strong><\/p>\n<div class=\"media_concert_presse\">\n<a href=\"officiel\/images\/presse\/071216\/071216-01.jpg\" rel=\"lightbox[presse]\"><img loading=\"lazy\" decoding=\"async\" src=\"officiel\/images\/presse\/071216\/tn_071216-01.jpg\" alt=\"\" width=\"120\" height=\"120\"\/><\/a><a href=\"officiel\/images\/presse\/071216\/071216-02.jpg\" rel=\"lightbox[presse]\"><img loading=\"lazy\" decoding=\"async\" src=\"officiel\/images\/presse\/071216\/tn_071216-02.jpg\" alt=\"\" width=\"120\" height=\"120\"\/><\/a><a href=\"officiel\/images\/presse\/071216\/071216-03.jpg\" rel=\"lightbox[presse]\"><img loading=\"lazy\" decoding=\"async\" src=\"officiel\/images\/presse\/071216\/tn_071216-03.jpg\" alt=\"\" width=\"120\" height=\"120\"\/><\/a>\n<\/div>\n<\/div>\n","protected":false},"excerpt":{"rendered":"<p>Date : 16 d\u00e9cembre 2007 Lieu : Halle aux Grains de Blois En premi\u00e8re partie de ce concert, la symphonie \u00ab\u00a0Le seigneur des Anneaux\u00a0\u00bb de Johan de Meij.La deuxi\u00e8me partie finira en apoth\u00e9ose avec la participation aupr\u00e8s de l&rsquo;Harmonie de Blois d&rsquo;Olivier ROUSSET, soliste \u00e0 l&rsquo;Op\u00e9ra de Paris. Premi\u00e8re partie Le seigneur des Anneaux Johan [&hellip;]<\/p>\n","protected":false},"author":1,"featured_media":0,"parent":240,"menu_order":0,"comment_status":"open","ping_status":"open","template":"","meta":{"footnotes":""},"class_list":["post-231","page","type-page","status-publish","hentry"],"_links":{"self":[{"href":"https:\/\/www.harmoniedeblois.fr\/index.php?rest_route=\/wp\/v2\/pages\/231","targetHints":{"allow":["GET"]}}],"collection":[{"href":"https:\/\/www.harmoniedeblois.fr\/index.php?rest_route=\/wp\/v2\/pages"}],"about":[{"href":"https:\/\/www.harmoniedeblois.fr\/index.php?rest_route=\/wp\/v2\/types\/page"}],"author":[{"embeddable":true,"href":"https:\/\/www.harmoniedeblois.fr\/index.php?rest_route=\/wp\/v2\/users\/1"}],"replies":[{"embeddable":true,"href":"https:\/\/www.harmoniedeblois.fr\/index.php?rest_route=%2Fwp%2Fv2%2Fcomments&post=231"}],"version-history":[{"count":12,"href":"https:\/\/www.harmoniedeblois.fr\/index.php?rest_route=\/wp\/v2\/pages\/231\/revisions"}],"predecessor-version":[{"id":308,"href":"https:\/\/www.harmoniedeblois.fr\/index.php?rest_route=\/wp\/v2\/pages\/231\/revisions\/308"}],"up":[{"embeddable":true,"href":"https:\/\/www.harmoniedeblois.fr\/index.php?rest_route=\/wp\/v2\/pages\/240"}],"wp:attachment":[{"href":"https:\/\/www.harmoniedeblois.fr\/index.php?rest_route=%2Fwp%2Fv2%2Fmedia&parent=231"}],"curies":[{"name":"wp","href":"https:\/\/api.w.org\/{rel}","templated":true}]}}