{"id":232,"date":"2008-11-09T13:35:42","date_gmt":"2008-11-09T11:35:42","guid":{"rendered":"http:\/\/jerome.tiphene.free.fr\/hdb\/?page_id=232"},"modified":"2009-03-08T11:06:52","modified_gmt":"2009-03-08T10:06:52","slug":"concert-dhiver-2006","status":"publish","type":"page","link":"https:\/\/www.harmoniedeblois.fr\/?page_id=232","title":{"rendered":"Concert d&rsquo;hiver 2006"},"content":{"rendered":"<p><a href=\"officiel\/images\/affiches\/HdB-061217.pdf\" target=\"_blank\"><img loading=\"lazy\" decoding=\"async\" src=\"officiel\/images\/affiches\/061217.jpg\" alt=\"Affiche du concert\" class=\"alignleft\" width=\"70\" height=\"100\"\/><\/a><\/p>\n<div class=\"descriptif_concert\">\n<p>Date : 17 d\u00e9cembre 2006<\/p>\n<p>Lieu : Halle aux Grains de Blois<\/p>\n<p>&nbsp;<\/p>\n<\/div>\n<h3 class=\"entracte\">Premi\u00e8re partie<\/h3>\n<div class=\"morceau\">\n<h4 class=\"morceau_titre\">Slava!<\/h4>\n<p class=\"morceau_compositeur\">Leonard BERNSTEIN<\/p>\n<div class=\"morceau_description\">Leonard Bersntein na\u00eet \u00e0 Lawrence (Massachussets) en 1918 dans une famille de juifs immigr\u00e9s. Dipl\u00f4m\u00e9 de Harvard en 1939, il \u00e9tudie \u00e0 Philadelphie le piano, l\u2019orchestration, et la direction d\u2019orchestre (avec Fritz Reiner). Il \u00e9crit aussi des arrangements sous le pseudonyme de Lenny Amber. Tout d\u2019abord chef d\u2019orchestre assistant d\u2019Arthur Rodzinski, il est sollicit\u00e9 pour remplacer au pied lev\u00e9 Bruno Walter \u00e0 l\u2019Orchestre Philarmonique de New York. Leonard Bernstein a alors \u00e0 peine 25 ans, et sa carri\u00e8re d\u00e9colle gr\u00e2ce \u00e0 cette soir\u00e9e. Il quittera la direction de cet orchestre en 1968, et les musiciens lui donneront le titre honorifique de chef laur\u00e9at, jamais d\u00e9cern\u00e9 auparavant. D\u00e8s lors, il est invit\u00e9 dans le monde entier pour diriger de nombreux excellents orchestres : Orchestre Philharmonique de Vienne, Orchestre National de France&#8230; Cela lui permet de consacrer davantage de temps \u00e0 la composition, notamment pour Slava! en 1977.<\/div>\n<\/div>\n<hr\/>\n<div class=\"morceau\">\n<h4 class=\"morceau_titre\">Largo<br \/><span class=\"morceau_titre2\">Symphonie n\u00b09 dite \u00abdu Nouveau Monde\u00bb<\/span><\/h4>\n<p class=\"morceau_compositeur\">Anton\u00edn DVORAK<\/p>\n<div class=\"morceau_description\">Compositeur tch\u00e8que n\u00e9 en 1841, Anton\u00edn Dvor\u00e1k commence ses \u00e9tudes musicales par le violon puis int\u00e8gre l\u2019\u00e9cole d\u2019orgue de Prague. C\u2019est \u00e0 ce moment qu\u2019il commence \u00e0 aborder la composition. Influenc\u00e9es par Franz Schubert ou Ludwig van Beethoven, ses \u0153uvres lui donnent bient\u00f4t une grande renomm\u00e9e. Ainsi, en 1892, il est nomm\u00e9 directeur du Conservatoire National de Musique de New York par sa fondatrice Jeannette Thurber. Sa premi\u00e8re \u0153uvre compos\u00e9e aux Etats-Unis sera sa 9\u00e8me Symphonie, \u00e9crite en 1893, et cr\u00e9\u00e9e le 15 d\u00e9cembre de la m\u00eame ann\u00e9e avec l\u2019Orchestre Philharmonique de New York. Anton\u00edn Dvor\u00e1k s\u2019int\u00e9resse \u00e0 ce moment aux cultures locales, et notamment indiennes. C\u2019est le po\u00e8me d\u2019Henry Wadsworth Longfellow, \u00abLe Chant de Hiawatha\u00bb, qui lui inspire en partie cette symphonie.<\/div>\n<\/div>\n<hr\/>\n<div class=\"morceau\">\n<h4 class=\"morceau_titre\">Manhattan Symphony<\/h4>\n<p class=\"morceau_compositeur\">Serge LANCEN<\/p>\n<div class=\"morceau_description\">N\u00e9 en 1922 \u00e0 Paris, Serge Lancen a \u00e9t\u00e9 un enfant tr\u00e8s pr\u00e9coce puisqu\u2019il a compos\u00e9 sa premi\u00e8re \u0153uvre, une berceuse, \u00e0 l\u2019\u00e2ge de 4 ans. Apr\u00e8s plusieurs ann\u00e9es de piano, interrompues par la guerre, il obtient un 1er prix de composition en 1949 au Conservatoire de Musique et de D\u00e9clamation de Paris (actuel Conservatoire National Sup\u00e9rieur de Musique), et surtout, l\u2019ann\u00e9e suivante, un 2\u00e8me Grand Prix de Rome avec la cantate \u00abBettina\u00bb. En 1961, Serge Lancen rencontre le chef de la musique des Gardiens de la Paix, D\u00e9sir\u00e9 Dondeyne. Avec son appui pour l\u2019orchestration, il compose \u00abManhattan Symphony\u00bb, sa premi\u00e8re \u0153uvre pour orchestre d\u2019harmonie. D\u00e8s lors il s\u2019int\u00e9resse \u00e0 ce type de formation, ce qui lui vaut de si\u00e9ger au comit\u00e9 de direction de la World Association for Symphonic Bands and Ensembles en 1985. Apr\u00e8s une brillante carri\u00e8re musicale, Serge Lancen s\u2019est malheureusement \u00e9teint le 10 juillet 2005 \u00e0 Paris.<\/div>\n<\/div>\n<h3 class=\"entracte\">Deuxi\u00e8me partie<\/h3>\n<div class=\"morceau\">\n<h4 class=\"morceau_titre\">Concerto pour Clarinette et Orchestre<\/h4>\n<p class=\"morceau_compositeur\">Philippe DESMOULINS<\/p>\n<div class=\"morceau_description\">Titulaire des Dipl\u00f4mes d\u2019Etat de Trombone et de Jazz, Philippe Desmoulins enseigne actuellement ces 2 disciplines \u00e0 l\u2019Ecole de Musique de Ch\u00e2teaudun. Musicien \u00e9clectique, il joue dans l\u2019ensemble \u00abHarmonia\u00bb (musique classique), \u00abA suivre x\u2019tet\u00bb de Bruno R\u00e9gnier (jazz actuel), la compagnie \u00abBelle Image\u00bb (musique latino), l\u2019orchestre New-Orleans \u00abLes Zygos\u00bb (jazz traditionnel) et dans d\u2019autres formations diverses de la R\u00e9gion Centre. Il participe ainsi \u00e0 plusieurs disques. La richesse de ses exp\u00e9riences musicales l\u2019am\u00e8ne naturellement \u00e0 composer des pi\u00e8ces pour divers ensembles, notamment sur commande : un quintette de cuivres pour l\u2019association \u00abLes Cuivres Enjou\u00e9s\u00bb, ou un \u00abConcerto pour Clarinette et Orchestre d\u2019Harmonie\u00bb pour l\u2019Harmonie de Ch\u00e2teaudun. Depuis septembre 2005, il travaille en tant qu\u2019arrangeur et directeur artistique pour la chanteuse Marielle Sade, qui va prochainement sortir un CD produit par Wagram. Philippe Desmoulins s\u2019attache particuli\u00e8rement \u00e0 m\u00ealer sa carri\u00e8re \u00e0 l\u2019enseignement qui lui apparaissent indissociables : ses exp\u00e9riences sont pour lui une richesse \u00e0 transmettre \u00e0 ses \u00e9l\u00e8ves.<\/div>\n<\/div>\n<hr\/>\n<div class=\"morceau\">\n<h4 class=\"morceau_titre\">The Polar Express<\/h4>\n<p class=\"morceau_compositeur\">Alan SILVESTRI et Glen BALLARD<\/p>\n<div class=\"morceau_description\">Alan Silvestri est n\u00e9 en 1950 \u00e0 New York. Bien que sa famille ne soit pas du tout tourn\u00e9e vers la musique, il n\u2019a que 3 ans lorsqu\u2019il commence \u00e0 jouer du tambour. Il apprend seul le basson, la clarinette et le saxophone, puis la guitare \u00e0 14 ans. C\u2019est \u00e0 ce moment qu\u2019il envisage de faire carri\u00e8re dans la musique, mais en tant que jazzman. Par un heureux hasard et gr\u00e2ce \u00e0 un ami parolier, il compose \u00e0 20 ans la musique de son premier film : c\u2019est le d\u00e9but d\u2019une grande carri\u00e8re. Il effectue un passage par des s\u00e9ries t\u00e9l\u00e9vis\u00e9es comme \u00abStarsky et Hutch\u00bb  et \u00abChips\u00bb. Mais c\u2019est surtout pour des musiques de films qu\u2019il va s\u2019illustrer : \u00abRetour vers le futur 3\u00bb, \u00abForrest Gump\u00bb, ou \u00abThe Polar Express\u00bb en collaboration avec Glen Ballard.<\/div>\n<\/div>\n<hr\/>\n<div class=\"morceau\">\n<h4 class=\"morceau_titre\">Aurora<\/h4>\n<p class=\"morceau_compositeur\">Thomas DOSS<\/p>\n<div class=\"morceau_description\">N\u00e9 en 1966 \u00e0 Linz en Autriche, Thomas Doss commence \u00e0 \u00e9tudier la musique \u00e0 7 ans par le cor et le trombone. A 11 ans, il se tourne vers la composition. Pendant un stage aux studios Universal \u00e0 Los Angeles en Californie, il a m\u00eame l\u2019opportunit\u00e9 de travailler avec John Williams (\u00abStar Wars\u00bb, \u00abE.T.\u00bb, &#8230;) pour plusieurs musiques de films. Laur\u00e9at de nombreux prix de composition, il affectionne particuli\u00e8rement les orchestres d\u2019harmonie pour lesquels il intervient dans la formation de nombreux chefs en Haute-Autriche. En parall\u00e8le de ses \u00e9tudes d\u2019\u00e9criture, il travaille aussi la direction d\u2019orchestre, avec l\u2019Orchestre de Chambre de Vienne ou l\u2019Orchestre Philarmonique de Budweiss par exemple. A 24 ans il est m\u00eame nomm\u00e9 chef permanent de l\u2019Orchestre National de Quedlinburg en Allemagne.<\/div>\n<\/div>\n<div class=\"media_concert\">\n<p><strong>Photos disponibles :<\/strong><\/p>\n<div class=\"media_concert_images\">\n<a title=\"&nbsp;\" href=\"officiel\/images\/concerts\/061217\/061217-01.jpg\" rel=\"lightbox[photo]\"><img loading=\"lazy\" decoding=\"async\" src=\"officiel\/images\/concerts\/061217\/tn_061217-01.jpg\" alt=\"\" width=\"60\" height=\"60\" \/><\/a><a title=\"&nbsp;\" href=\"officiel\/images\/concerts\/061217\/061217-02.jpg\" rel=\"lightbox[photo]\"><img loading=\"lazy\" decoding=\"async\" src=\"officiel\/images\/concerts\/061217\/tn_061217-02.jpg\" alt=\"\" width=\"60\" height=\"60\" \/><\/a><a title=\"&nbsp;\" href=\"officiel\/images\/concerts\/061217\/061217-03.jpg\" rel=\"lightbox[photo]\"><img loading=\"lazy\" decoding=\"async\" src=\"officiel\/images\/concerts\/061217\/tn_061217-03.jpg\" alt=\"\" width=\"60\" height=\"60\" \/><\/a><a title=\"&nbsp;\" href=\"officiel\/images\/concerts\/061217\/061217-04.jpg\" rel=\"lightbox[photo]\"><img loading=\"lazy\" decoding=\"async\" src=\"officiel\/images\/concerts\/061217\/tn_061217-04.jpg\" alt=\"\" width=\"60\" height=\"60\" \/><\/a><a title=\"&nbsp;\" href=\"officiel\/images\/concerts\/061217\/061217-05.jpg\" rel=\"lightbox[photo]\"><img loading=\"lazy\" decoding=\"async\" src=\"officiel\/images\/concerts\/061217\/tn_061217-05.jpg\" alt=\"\" width=\"60\" height=\"60\" \/><\/a><a title=\"&nbsp;\" href=\"officiel\/images\/concerts\/061217\/061217-06.jpg\" rel=\"lightbox[photo]\"><img loading=\"lazy\" decoding=\"async\" src=\"officiel\/images\/concerts\/061217\/tn_061217-06.jpg\" alt=\"\" width=\"60\" height=\"60\" \/><\/a><a title=\"&nbsp;\" href=\"officiel\/images\/concerts\/061217\/061217-07.jpg\" rel=\"lightbox[photo]\"><img loading=\"lazy\" decoding=\"async\" src=\"officiel\/images\/concerts\/061217\/tn_061217-07.jpg\" alt=\"\" width=\"60\" height=\"60\" \/><\/a><a title=\"&nbsp;\" href=\"officiel\/images\/concerts\/061217\/061217-08.jpg\" rel=\"lightbox[photo]\"><img loading=\"lazy\" decoding=\"async\" src=\"officiel\/images\/concerts\/061217\/tn_061217-08.jpg\" alt=\"\" width=\"60\" height=\"60\" \/><\/a><a title=\"&nbsp;\" href=\"officiel\/images\/concerts\/061217\/061217-09.jpg\" rel=\"lightbox[photo]\"><img loading=\"lazy\" decoding=\"async\" src=\"officiel\/images\/concerts\/061217\/tn_061217-09.jpg\" alt=\"\" width=\"60\" height=\"60\" \/><\/a><a title=\"&nbsp;\" href=\"officiel\/images\/concerts\/061217\/061217-10.jpg\" rel=\"lightbox[photo]\"><img loading=\"lazy\" decoding=\"async\" src=\"officiel\/images\/concerts\/061217\/tn_061217-10.jpg\" alt=\"\" width=\"60\" height=\"60\" \/><\/a><a title=\"&nbsp;\" href=\"officiel\/images\/concerts\/061217\/061217-11.jpg\" rel=\"lightbox[photo]\"><img loading=\"lazy\" decoding=\"async\" src=\"officiel\/images\/concerts\/061217\/tn_061217-11.jpg\" alt=\"\" width=\"60\" height=\"60\" \/><\/a><a title=\"&nbsp;\" href=\"officiel\/images\/concerts\/061217\/061217-12.jpg\" rel=\"lightbox[photo]\"><img loading=\"lazy\" decoding=\"async\" src=\"officiel\/images\/concerts\/061217\/tn_061217-12.jpg\" alt=\"\" width=\"60\" height=\"60\" \/><\/a><a title=\"&nbsp;\" href=\"officiel\/images\/concerts\/061217\/061217-13.jpg\" rel=\"lightbox[photo]\"><img loading=\"lazy\" decoding=\"async\" src=\"officiel\/images\/concerts\/061217\/tn_061217-13.jpg\" alt=\"\" width=\"60\" height=\"60\" \/><\/a><a title=\"&nbsp;\" href=\"officiel\/images\/concerts\/061217\/061217-14.jpg\" rel=\"lightbox[photo]\"><img loading=\"lazy\" decoding=\"async\" src=\"officiel\/images\/concerts\/061217\/tn_061217-14.jpg\" alt=\"\" width=\"60\" height=\"60\" \/><\/a><a title=\"&nbsp;\" href=\"officiel\/images\/concerts\/061217\/061217-15.jpg\" rel=\"lightbox[photo]\"><img loading=\"lazy\" decoding=\"async\" src=\"officiel\/images\/concerts\/061217\/tn_061217-15.jpg\" alt=\"\" width=\"60\" height=\"60\" \/><\/a><a title=\"&nbsp;\" href=\"officiel\/images\/concerts\/061217\/061217-16.jpg\" rel=\"lightbox[photo]\"><img loading=\"lazy\" decoding=\"async\" src=\"officiel\/images\/concerts\/061217\/tn_061217-16.jpg\" alt=\"\" width=\"60\" height=\"60\" \/><\/a><a title=\"&nbsp;\" href=\"officiel\/images\/concerts\/061217\/061217-17.jpg\" rel=\"lightbox[photo]\"><img loading=\"lazy\" decoding=\"async\" src=\"officiel\/images\/concerts\/061217\/tn_061217-17.jpg\" alt=\"\" width=\"60\" height=\"60\" \/><\/a><a title=\"&nbsp;\" href=\"officiel\/images\/concerts\/061217\/061217-18.jpg\" rel=\"lightbox[photo]\"><img loading=\"lazy\" decoding=\"async\" src=\"officiel\/images\/concerts\/061217\/tn_061217-18.jpg\" alt=\"\" width=\"60\" height=\"60\" \/><\/a><a title=\"&nbsp;\" href=\"officiel\/images\/concerts\/061217\/061217-19.jpg\" rel=\"lightbox[photo]\"><img loading=\"lazy\" decoding=\"async\" src=\"officiel\/images\/concerts\/061217\/tn_061217-19.jpg\" alt=\"\" width=\"60\" height=\"60\" \/><\/a><a title=\"&nbsp;\" href=\"officiel\/images\/concerts\/061217\/061217-20.jpg\" rel=\"lightbox[photo]\"><img loading=\"lazy\" decoding=\"async\" src=\"officiel\/images\/concerts\/061217\/tn_061217-20.jpg\" alt=\"\" width=\"60\" height=\"60\" \/><\/a><a title=\"&nbsp;\" href=\"officiel\/images\/concerts\/061217\/061217-21.jpg\" rel=\"lightbox[photo]\"><img loading=\"lazy\" decoding=\"async\" src=\"officiel\/images\/concerts\/061217\/tn_061217-21.jpg\" alt=\"\" width=\"60\" height=\"60\" \/><\/a><a title=\"&nbsp;\" href=\"officiel\/images\/concerts\/061217\/061217-22.jpg\" rel=\"lightbox[photo]\"><img loading=\"lazy\" decoding=\"async\" src=\"officiel\/images\/concerts\/061217\/tn_061217-22.jpg\" alt=\"\" width=\"60\" height=\"60\" \/><\/a><a title=\"&nbsp;\" href=\"officiel\/images\/concerts\/061217\/061217-23.jpg\" rel=\"lightbox[photo]\"><img loading=\"lazy\" decoding=\"async\" src=\"officiel\/images\/concerts\/061217\/tn_061217-23.jpg\" alt=\"\" width=\"60\" height=\"60\" \/><\/a><a title=\"&nbsp;\" href=\"officiel\/images\/concerts\/061217\/061217-24.jpg\" rel=\"lightbox[photo]\"><img loading=\"lazy\" decoding=\"async\" src=\"officiel\/images\/concerts\/061217\/tn_061217-24.jpg\" alt=\"\" width=\"60\" height=\"60\" \/><\/a><a title=\"&nbsp;\" href=\"officiel\/images\/concerts\/061217\/061217-25.jpg\" rel=\"lightbox[photo]\"><img loading=\"lazy\" decoding=\"async\" src=\"officiel\/images\/concerts\/061217\/tn_061217-25.jpg\" alt=\"\" width=\"60\" height=\"60\" \/><\/a>\n<\/div>\n<p><strong>Articles de presse (&copy; <a href=\"http:\/\/www.lanouvellerepublique.fr\/\" target=\"_blank\">La Nouvelle R\u00e9publique<\/a> &#8211; &copy; <a href=\"http:\/\/www.larenaissance-41.com\/\" target=\"_blank\">La Renaissance du Loir et Cher<\/a>) : <\/strong><\/p>\n<div class=\"media_concert_presse\">\n<a title=\"&nbsp;\" href=\"officiel\/images\/presse\/061217\/061217-01.jpg\" rel=\"lightbox[presse]\"><img loading=\"lazy\" decoding=\"async\" src=\"officiel\/images\/presse\/061217\/tn_061217-01.jpg\" alt=\"\" width=\"120\" height=\"120\" \/><\/a><a title=\"&nbsp;\" href=\"officiel\/images\/presse\/061217\/061217-02.jpg\" rel=\"lightbox[presse]\"><img loading=\"lazy\" decoding=\"async\" src=\"officiel\/images\/presse\/061217\/tn_061217-02.jpg\" alt=\"\" width=\"120\" height=\"120\" \/><\/a><a title=\"&nbsp;\" href=\"officiel\/images\/presse\/061217\/061217-03.jpg\" rel=\"lightbox[presse]\"><img loading=\"lazy\" decoding=\"async\" src=\"officiel\/images\/presse\/061217\/tn_061217-03.jpg\" alt=\"\" width=\"120\" height=\"120\" \/><\/a>\n<\/div>\n<\/div>\n","protected":false},"excerpt":{"rendered":"<p>Date : 17 d\u00e9cembre 2006 Lieu : Halle aux Grains de Blois &nbsp; Premi\u00e8re partie Slava! Leonard BERNSTEIN Leonard Bersntein na\u00eet \u00e0 Lawrence (Massachussets) en 1918 dans une famille de juifs immigr\u00e9s. Dipl\u00f4m\u00e9 de Harvard en 1939, il \u00e9tudie \u00e0 Philadelphie le piano, l\u2019orchestration, et la direction d\u2019orchestre (avec Fritz Reiner). Il \u00e9crit aussi des [&hellip;]<\/p>\n","protected":false},"author":1,"featured_media":0,"parent":240,"menu_order":0,"comment_status":"open","ping_status":"open","template":"","meta":{"footnotes":""},"class_list":["post-232","page","type-page","status-publish","hentry"],"_links":{"self":[{"href":"https:\/\/www.harmoniedeblois.fr\/index.php?rest_route=\/wp\/v2\/pages\/232","targetHints":{"allow":["GET"]}}],"collection":[{"href":"https:\/\/www.harmoniedeblois.fr\/index.php?rest_route=\/wp\/v2\/pages"}],"about":[{"href":"https:\/\/www.harmoniedeblois.fr\/index.php?rest_route=\/wp\/v2\/types\/page"}],"author":[{"embeddable":true,"href":"https:\/\/www.harmoniedeblois.fr\/index.php?rest_route=\/wp\/v2\/users\/1"}],"replies":[{"embeddable":true,"href":"https:\/\/www.harmoniedeblois.fr\/index.php?rest_route=%2Fwp%2Fv2%2Fcomments&post=232"}],"version-history":[{"count":6,"href":"https:\/\/www.harmoniedeblois.fr\/index.php?rest_route=\/wp\/v2\/pages\/232\/revisions"}],"predecessor-version":[{"id":426,"href":"https:\/\/www.harmoniedeblois.fr\/index.php?rest_route=\/wp\/v2\/pages\/232\/revisions\/426"}],"up":[{"embeddable":true,"href":"https:\/\/www.harmoniedeblois.fr\/index.php?rest_route=\/wp\/v2\/pages\/240"}],"wp:attachment":[{"href":"https:\/\/www.harmoniedeblois.fr\/index.php?rest_route=%2Fwp%2Fv2%2Fmedia&parent=232"}],"curies":[{"name":"wp","href":"https:\/\/api.w.org\/{rel}","templated":true}]}}