{"id":233,"date":"2008-11-09T14:02:43","date_gmt":"2008-11-09T12:02:43","guid":{"rendered":"http:\/\/jerome.tiphene.free.fr\/hdb\/?page_id=233"},"modified":"2009-03-08T19:21:58","modified_gmt":"2009-03-08T18:21:58","slug":"concert-de-printemps-2004","status":"publish","type":"page","link":"https:\/\/www.harmoniedeblois.fr\/?page_id=233","title":{"rendered":"Concert de Printemps 2004"},"content":{"rendered":"<p><a href=\"officiel\/images\/affiches\/HdB-040404.pdf\" target=\"_blank\"><img loading=\"lazy\" decoding=\"async\" src=\"officiel\/images\/affiches\/040404.jpg\" alt=\"Affiche du concert\" class=\"alignleft\" width=\"70\" height=\"100\"\/><\/a><\/p>\n<div class=\"descriptif_concert\">\n<p>Date : 04 avril 2004<\/p>\n<p>Lieu : Halle aux Grains de Blois<\/p>\n<p>&nbsp;<\/p>\n<\/div>\n<h3 class=\"entracte\">Premi\u00e8re partie (Orchestre \u00e0 Vents A)<\/h3>\n<div class=\"morceau\">\n<p>L\u2019orchestre \u00e0 vents A, dirig\u00e9 par Fr\u00e9d\u00e9ric Messis, regroupe les jeunes \u00e9l\u00e8ves de l\u2019Ecole Nationale de Musique et de l\u2019Orchestre d\u2019Harmonie de la ville de Blois, ayant de 2 \u00e0 5 ans de pratique musicale. Les enfants d\u00e9couvrent alors le plaisir de jouer ensemble, et peuvent \u00e9couter et voir les divers instruments qui composent ce type de formation. De nombreux compositeurs et arrangeurs \u00e9crivent pour des orchestres de jeunes \u00e9l\u00e8ves, et ce dans tous les styles : marches, musique populaire ou de films.<\/p>\n<h4 class=\"morceau_titre\">Bandwagon March<\/h4>\n<p class=\"morceau_compositeur\">Eric Osterling<\/p>\n<h4 class=\"morceau_titre\">The Olympic Spirit<\/h4>\n<p class=\"morceau_compositeur\">John Williams<br \/><span class=\"arrangeur\">arr. Eric Osterling<\/span><\/p>\n<h4 class=\"morceau_titre\">The Rings of Saturn<\/h4>\n<p class=\"morceau_compositeur\">Michael Story<\/p>\n<h4 class=\"morceau_titre\">Caribbean Delight<\/h4>\n<p class=\"morceau_compositeur\">Victor Lopez<\/p>\n<h4 class=\"morceau_titre\">La Bamba<\/h4>\n<p class=\"morceau_compositeur\">Richie Valens<br \/><span class=\"arrangeur\">arr. Gerald Sebesky<\/span><\/p>\n<h4 class=\"morceau_titre\">The Beatles Forever<br \/><span class=\"morceau_titre2\">Eleanor Rigby, Yesterday, A Hard Day\u2019s Night<\/span><\/h4>\n<p class=\"morceau_compositeur\">Eric Osterling<\/p>\n<h4 class=\"morceau_titre\">John Williams Trilogy<br \/><span class=\"morceau_titre2\">Jurassic Park, La Liste de Schindler, Les Aventuriers de l\u2019Arche Perdue<\/span><\/h4>\n<p class=\"morceau_compositeur\">John Williams<br \/><span class=\"arrangeur\">arr. John Moss<\/span><\/p>\n<\/div>\n<h3 class=\"entracte\">Deuxi\u00e8me partie (Harmonie de Blois)<\/h3>\n<div class=\"morceau\">\n<h4 class=\"morceau_titre\">The Iliad<\/h4>\n<p class=\"morceau_compositeur\">Robert W. Smith<\/p>\n<div class=\"morceau_description\">N\u00e9 en 1958, Robert W. Smith est un compositeur et arrangeur tr\u00e8s populaire aupr\u00e8s des orchestres am\u00e9ricains. Il a \u00e0 son actif plus de 400 morceaux, et a \u00e9t\u00e9 dipl\u00f4m\u00e9 de plusieurs universit\u00e9s am\u00e9ricaines. La diversit\u00e9 de ses \u0153uvres lui permet d\u2019\u00eatre jou\u00e9 dans de nombreux contextes comme des \u00e9missions t\u00e9l\u00e9vis\u00e9es ou de grandes manifestations (parades, jeux olympiques,&#8230;). En outre, Robert W. Smith enseigne \u00e0 l\u2019Universit\u00e9 de Harrisonburg dont il dirige l\u2019orchestre symphonique.<br \/>The Odyssey est sa seconde symphonie, inspir\u00e9e de l\u2019\u0153uvre d\u2019Hom\u00e8re. Au tout d\u00e9but de son p\u00e9riple, l\u2019Odyss\u00e9e est appel\u00e9e \u00e0 combattre la ville de Troyes. Le premier mouvement, pr\u00e9sent\u00e9 ici, illustre cette bataille.<\/div>\n<\/div>\n<hr\/>\n<div class=\"morceau\">\n<p><strong>Jos\u00e9 LUXIANO, T\u00e9nor<\/strong><\/p>\n<p>Jos\u00e9 Luxiano est n\u00e9 \u00e0 Troo et r\u00eave de chanter depuis sa prime jeunesse.<br \/>Autodidacte, il obtient de nombreux prix lors de concours de chant lyrique comme t\u00e9nor, car d\u00e9j\u00e0 sa voix puissante transmet une profonde \u00e9motion. Il d\u00e9cide donc de se perfectionner aupr\u00e8s de professeurs \u00e0 Paris.<br \/>En 1984, il entre dans les ch\u0153urs de l\u2019Op\u00e9ra de paris, ce qui lui permet, pendant plus de 6 ans, de travailler avec de nombreuses personnalit\u00e9s de la musique lyrique : Luciano Pavarotti dans \u00abA\u00efda\u00bb \u00e0 Bercy, Placido Domingo dans \u00abLa Traviata\u00bb \u00e0 Bercy, dans \u00abLa Fanciulla del West\u00bb \u00e0 Charleroi, &#8230;<br \/>Parall\u00e8lement, il continue \u00e0 \u00e9tudier avec le grand Ma\u00eetre Miguel Arocena et Giuseppe Di Stephano dans sa Master Class sous la direction de Lorin Maazel.<br \/>Il entame aussi une carri\u00e8re internationale en Isra\u00ebl, Italie, Espagne, Luxembourg, dans les r\u00f4les de t\u00e9nor pour des oeuvres telles que : \u00abViva Napoli\u00bb, \u00abAndalousie\u00bb, \u00abLes Contes d\u2019Offmann\u00bb, \u00abLa Tosca\u00bb, \u00abLa Belle de Cadix\u00bb, \u00abLe Pays du Sourire\u00bb, \u00abLa Veuve Joyeuse\u00bb, &#8230;<br \/>Sans n\u00e9gliger une musique plus populaire, il est l\u2019interpr\u00e8te, sous les conseils de Rudi Hirigoyen, de nombreuses op\u00e9rettes avec Georges Guetary, Maria Candido, Jos\u00e9 Todaro, Henri Gen\u00e8s, Arta Verlen, &#8230;<br \/>Aujourd\u2019hui, il souhaite faire red\u00e9couvrir \u00e0 son public le r\u00e9pertoire napolitain des grands t\u00e9nors du d\u00e9but du 20<sup>\u00e8me<\/sup> si\u00e8cle. Pour ce faire, Andr\u00e9 Massarotti a arrang\u00e9 pour lui et l\u2019Orchestre d\u2019Harmonie de la ville de Blois un r\u00e9pertoire sp\u00e9cifique.<\/p>\n<h4 class=\"morceau_titre\">Granada<\/h4>\n<p class=\"morceau_compositeur\">Agustin Lara<\/p>\n<div class=\"morceau_description\">Agustin Lara a commenc\u00e9 sa carri\u00e8re musicale comme pianiste et chanteur. D\u2019origine espagnole, il est l\u2019un des compositeurs mexicains les plus prolifiques puisqu\u2019il a \u00e9crit plus de 600 morceaux . Sa musique couvre divers styles comme le tango, le paso-doble et le bol\u00e9ro. En 1932, il compose \u00abGranada\u00bb avec la participation de Jacques Larue qui en \u00e9crira les paroles.<\/div>\n<h4 class=\"morceau_titre\">Toujours Sourire<\/h4>\n<p class=\"morceau_compositeur\">Franz Leh\u00e1r<\/p>\n<h4 class=\"morceau_titre\">Je t\u2019ai Donn\u00e9 mon C\u0153ur<\/h4>\n<p class=\"morceau_compositeur\">Franz Leh\u00e1r<\/p>\n<div class=\"morceau_description\">Apr\u00e8s avoir compos\u00e9 \u00abLa Veuve Joyeuse\u00bb, Franz Leh\u00e1r pr\u00e9sente au public en 1923 son \u0153uvre \u00abLa Tunique Jaune\u00bb, mais celle-ci n\u2019aura pas le succ\u00e8s escompt\u00e9. Au fur et \u00e0 mesure de ses compositions, le t\u00e9nor Richard Tauber va devenir son interpr\u00e8te f\u00e9tiche, mais le malheureux commence \u00e0 \u00eatre paralys\u00e9 par des rhumatismes. Franz Leh\u00e1r a alors l\u2019id\u00e9e de remanier \u00abLa Tunique Jaune\u00bb pour Richard Tauber, puisque l\u2019\u0153uvre met en sc\u00e8ne des dignitaires chinois \u00e0 la d\u00e9marche lente, et la rebaptise \u00abLe Pays du Sourire\u00bb.<br \/>Dans cette op\u00e9rette romantique en 3 actes, le prince Sou-Chong chante pour sa bien-aim\u00e9e les c\u00e9l\u00e8bres \u00abToujours Sourire\u00bb et \u00abJe t\u2019ai Donn\u00e9 mon C\u0153ur\u00bb.<\/div>\n<h4 class=\"morceau_titre\">Nessum Dorma<\/h4>\n<p class=\"morceau_compositeur\">Giacomo Puccini<\/p>\n<div class=\"morceau_description\">N\u00e9 en 1858 en Italie, Giacomo Puccini a compos\u00e9 de grands op\u00e9ras comme \u00abLa Boh\u00e8me\u00bb ou \u00abMadame Butterfly\u00bb. Au d\u00e9but des ann\u00e9es 20, il souhaite \u00e9crire un drame et commence Turandot. Il d\u00e9c\u00e8de malheureusement en 1924 avant d\u2019avoir pu achever les 3 actes, et c\u2019est Franco Alfano qui s\u2019en charge en utilisant les esquisses qu\u2019avait laiss\u00e9es Puccini. \u00abNessum Dorma\u00bb (que personne ne dorme) est l\u2019un des airs de t\u00e9nor les plus c\u00e9l\u00e8bres.<\/div>\n<\/div>\n<hr\/>\n<div class=\"morceau\">\n<h4 class=\"morceau_titre\">Safari<\/h4>\n<p class=\"morceau_compositeur\">Michael Brecker<\/p>\n<div class=\"morceau_description\">N\u00e9 \u00e0 Philadelphie en 1949, Michael Brecker est un jazzman \u00e9m\u00e9rite. En plus d\u2019\u00eatre saxophoniste t\u00e9nor, il compose des \u0153uvres telles \u00abSafari\u00bb en 1981, arrang\u00e9e ici pour orchestre d\u2019harmonie par Andr\u00e9 Massarotti. Comme bon nombre de saxophonistes, il joue aussi du saxophone soprano et de la fl\u00fbte. Son talent a \u00e9t\u00e9 r\u00e9compens\u00e9 9 fois par un Grammy Award.<\/div>\n<\/div>\n<hr\/>\n<div class=\"morceau\">\n<h4 class=\"morceau_titre\">Superman<\/h4>\n<p class=\"morceau_compositeur\">John Williams<\/p>\n<div class=\"morceau_description\">Compositeur-phare de la musique de film, John Williams est n\u00e9 \u00e0 New York en 1932, et \u00e9crit ses premi\u00e8res partitions \u00e0 l\u2019\u00e2ge de 18 ans. Consacr\u00e9 par le triomphe des \u00abDents de la mer\u00bb, il sera amen\u00e9 \u00e0 composer les musiques de nombreux films de Steven Spielberg : \u00abIndiana Jones\u00bb, \u00abLa Liste de Schindler\u00bb&#8230; Son talent lui a valu 41 nominations \u00e0 l\u2019Oscar. Apr\u00e8s \u00abStar Wars\u00bb, John Williams compose en 1978 la musique du film de Richard Donner : \u00abSuperman\u00bb.<\/div>\n<\/div>\n<div class=\"media_concert\">\n<p><strong>Articles de presse (&copy; <a href=\"http:\/\/www.larenaissance-41.com\/\" target=\"_blank\">La Renaissance du Loir et Cher<\/a>) : <\/strong><\/p>\n<div class=\"media_concert_presse\">\n<a title=\"&nbsp;\" href=\"officiel\/images\/presse\/040404\/040404-01.jpg\" rel=\"lightbox[presse]\"><img loading=\"lazy\" decoding=\"async\" src=\"officiel\/images\/presse\/040404\/tn_040404-01.jpg\" alt=\"\" width=\"120\" height=\"120\" \/><\/a>\n<\/div>\n<\/div>\n","protected":false},"excerpt":{"rendered":"<p>Date : 04 avril 2004 Lieu : Halle aux Grains de Blois &nbsp; Premi\u00e8re partie (Orchestre \u00e0 Vents A) L\u2019orchestre \u00e0 vents A, dirig\u00e9 par Fr\u00e9d\u00e9ric Messis, regroupe les jeunes \u00e9l\u00e8ves de l\u2019Ecole Nationale de Musique et de l\u2019Orchestre d\u2019Harmonie de la ville de Blois, ayant de 2 \u00e0 5 ans de pratique musicale. Les [&hellip;]<\/p>\n","protected":false},"author":1,"featured_media":0,"parent":240,"menu_order":0,"comment_status":"open","ping_status":"open","template":"","meta":{"footnotes":""},"class_list":["post-233","page","type-page","status-publish","hentry"],"_links":{"self":[{"href":"https:\/\/www.harmoniedeblois.fr\/index.php?rest_route=\/wp\/v2\/pages\/233","targetHints":{"allow":["GET"]}}],"collection":[{"href":"https:\/\/www.harmoniedeblois.fr\/index.php?rest_route=\/wp\/v2\/pages"}],"about":[{"href":"https:\/\/www.harmoniedeblois.fr\/index.php?rest_route=\/wp\/v2\/types\/page"}],"author":[{"embeddable":true,"href":"https:\/\/www.harmoniedeblois.fr\/index.php?rest_route=\/wp\/v2\/users\/1"}],"replies":[{"embeddable":true,"href":"https:\/\/www.harmoniedeblois.fr\/index.php?rest_route=%2Fwp%2Fv2%2Fcomments&post=233"}],"version-history":[{"count":5,"href":"https:\/\/www.harmoniedeblois.fr\/index.php?rest_route=\/wp\/v2\/pages\/233\/revisions"}],"predecessor-version":[{"id":446,"href":"https:\/\/www.harmoniedeblois.fr\/index.php?rest_route=\/wp\/v2\/pages\/233\/revisions\/446"}],"up":[{"embeddable":true,"href":"https:\/\/www.harmoniedeblois.fr\/index.php?rest_route=\/wp\/v2\/pages\/240"}],"wp:attachment":[{"href":"https:\/\/www.harmoniedeblois.fr\/index.php?rest_route=%2Fwp%2Fv2%2Fmedia&parent=233"}],"curies":[{"name":"wp","href":"https:\/\/api.w.org\/{rel}","templated":true}]}}