{"id":238,"date":"2008-11-09T19:33:45","date_gmt":"2008-11-09T17:33:45","guid":{"rendered":"http:\/\/jerome.tiphene.free.fr\/hdb\/?page_id=238"},"modified":"2009-03-08T19:23:07","modified_gmt":"2009-03-08T18:23:07","slug":"concert-dhiver-2003","status":"publish","type":"page","link":"https:\/\/www.harmoniedeblois.fr\/?page_id=238","title":{"rendered":"Concert d&rsquo;hiver 2003"},"content":{"rendered":"<p><a href=\"officiel\/images\/affiches\/HdB-031221.pdf\" target=\"_blank\"><img loading=\"lazy\" decoding=\"async\" src=\"officiel\/images\/affiches\/031221.jpg\" alt=\"Affiche du concert\" class=\"alignleft\" width=\"70\" height=\"100\"\/><\/a><\/p>\n<div class=\"descriptif_concert\">\n<p>Date : 21 d\u00e9cembre 2003<\/p>\n<p>Lieu : Halle aux Grains de Blois<\/p>\n<p>&nbsp;<\/p>\n<\/div>\n<h3 class=\"entracte\">Premi\u00e8re partie<\/h3>\n<div class=\"morceau\">\n<h4 class=\"morceau_titre\">Casanova<br \/><span class=\"morceau_titre2\">(pour violoncelle et orchestre \u00e0 vents)<\/span><\/h4>\n<p class=\"morceau_compositeur\">Johan de Meij<\/p>\n<p><strong>Johan de Meij<\/strong><br \/>N\u00e9 en 1953 aux Pays-bas, Johan de Meij \u00e9tudie la direction d\u2019orchestre et le trombone au Conservatoire Royal de La Haye. Il se forge une solide r\u00e9putation dans le monde entier en tant que compositeur et arrangeur. Membre de plusieurs orchestres n\u00e9erlandais, (\u00abThe Amsterdam Wind Orchestra\u00bb, \u00abL\u2019Orchestre de Chambre de la Radio N\u00e9erlandaise\u00bb, &#8230;), il est souvent invit\u00e9 \u00e0 diriger des orchestres et donner des s\u00e9minaires dans de nombreux pays europ\u00e9ens, au Japon, au Br\u00e9sil et aux Etats-Unis.<br \/>En 1999, il r\u00e9alise 2 r\u00eaves de jeunesse en composant \u00abCasanova\u00bb. Il souhaitait en effet \u00e9crire une \u0153uvre en hommage \u00e0 Giacomo Puccini, un de ses compositeurs favoris, et, de plus, pour violoncelle et orchestre \u00e0 vents. A travers \u00abCasanova\u00bb, il illustre par 8 tableaux musicaux la vie mouvement\u00e9e de ce c\u00e9l\u00e8bre coureur de jupons, qui v\u00e9cut en Italie de 1725 \u00e0 1798 : son arrestation (pour pratiques magiques, libertinage et ath\u00e9isme), sa captivit\u00e9 et son \u00e9vasion de la prison de Piombi \u00e0 Venise (au Palais des Doges).<br \/>Sur commande de la Fondation musicale n\u00e9erlandaise \u00abFond voor de Scheppende Toonkunst\u00bb et \u00e0 la demande de l\u2019Orchestre d\u2019harmonie \u00abSaint Michel\u00bb de Thorn, il d\u00e9die cette \u0153uvre \u00e0 Heinz Friesen, son chef d\u2019orchestre. En Ao\u00fbt 1999, \u00abCasanova\u00bb obtient m\u00eame le Premier Prix en Premi\u00e8re Cat\u00e9gorie du Concours International de Composition \u00e0 Corciano en Italie.<br \/>Giacomo Casanova sera repr\u00e9sent\u00e9 ici par le violoncelliste Vincent Daguet, professeur de l\u2019Ecole Nationale de Musique de Blois.<\/p>\n<p><strong>Vincent DAGUET<\/strong><br \/>N\u00e9 en 1974 \u00e0 Blois, Vincent Daguet commence la musique \u00e0 l\u2019\u00e2ge de 5 ans \u00e0 l\u2019Ecole Nationale de Musique de Blois. A 7 ans, il d\u00e9bute la trompette, puis se tourne vers le violoncelle \u00e0 9 ans.<br \/>Apr\u00e8s ses premiers prix de solf\u00e8ge et violoncelle \u00e0 l\u2019unanimit\u00e9 dans la classe de Simone Kohlrusch, Vincent d\u00e9cide, suite \u00e0 l\u2019obtention de son Baccalaur\u00e9at, de se consacrer pleinement au violoncelle.<br \/>L\u2019ann\u00e9e suivante, en 1994, il r\u00e9ussit le Concours R\u00e9gional avec un premier prix \u00e0 l\u2019unanimit\u00e9. Il entre ensuite au Conservatoire National de R\u00e9gion et \u00e0 l\u2019IFEDEM (Institut de Formation des Enseignants DE la Musique) de Rueil-Malmaison. Il obtient 2 premiers prix de violoncelle et musique de chambre, ainsi qu\u2019un prix d\u2019Excellence dans la classe de Jean-Marie Gamard. En p\u00e9dagogie, il se voit d\u00e9livrer le Dipl\u00f4me d\u2019Etat de professeur en 1996.<br \/>Successivement violoncelle solo de l\u2019Orchestre Philharmonique International de Paris, de l\u2019Orchestre Principal des troupes de marine de Versailles et de l\u2019Orchestre Symphonique Tempo Primo de Ch\u00e2teauroux, il int\u00e8gre l\u2019ensemble instrumental Musiques d\u2019Avance de Blois en 1997, ainsi que l\u2019Ensemble orchestral du Loir-et-Cher en 2002.<br \/>Il est \u00e9galement membre du Trio Rhapsodie (clarinette, piano, violoncelle) et du groupe LOIRCORD\u2019 (musiques traditionnelles).<br \/>Depuis 5 ans, il est amen\u00e9 \u00e0 se produire \u00e0 plusieurs reprises en soliste dans la r\u00e9gion Centre avec les concertos de Boccherini, le Triple Concerto de Beethoven, les concertos pour violoncelle et instruments \u00e0 vent de Ibert et Gulda.<br \/>Apr\u00e8s avoir enseign\u00e9 7 ans dans les \u00e9coles de musique de Romorantin, Blois, Ch\u00e2teaudun, Vend\u00f4me et La-Chauss\u00e9e-St-Victor, il est nomm\u00e9 professeur titulaire \u00e0 temps complet \u00e0 l\u2019Ecole Nationale de Musique de Blois en 2003. Il assure parall\u00e8lement des stages d\u2019orchestre et musique de chambre \u00e0 Vend\u00f4me en tant que Directeur Musical depuis 2001 pendant les vacances d\u2019hiver et d\u2019\u00e9t\u00e9.<\/p>\n<div class=\"morceau_description\">\n<p><strong>I. Prologo \u2013 Il Tema di Messer Grande (Prologue \u2013 le th\u00e8me de Messer Grande)<\/strong><br \/>Le chef de police Messer Grande (identifi\u00e9 par les cuivres), ressemble beaucoup \u00e0 Scarpia, le cruel chef de police dans l\u2019op\u00e9ra \u00abla Tosca\u00bb de Puccini. Il \u00e9tait au service de l\u2019Inquisition v\u00e9nitienne et fut charg\u00e9 de l\u2019arrestation de Casanova.<\/p>\n<p><strong>II. Cadenza \u2013 Atto di Presentazione (Cadence \u2013 Acte de pr\u00e9sence)<\/strong><br \/>Casanova entre en sc\u00e8ne, de plus en plus enflamm\u00e9 et s\u00e9duisant.<\/p>\n<p><strong>III. La Vita a Corte (La Vie \u00e0 la Cour)<\/strong><br \/>Sc\u00e8ne \u00e0 la cour : le d\u00e9cor frivole est compos\u00e9 d\u2019une magnifique salle de bal avec de grands lustres, de splendides costumes, une abondance de nourritures et de boissons et bien s\u00fbr, une multitude de jolies femmes. Le violoncelle introduit le th\u00e8me de Casanova.<\/p>\n<p><strong>IV. L\u2019Arresto di Cassanova (L\u2019Arrestation de Casanova)<\/strong><br \/>Casanova est arr\u00eat\u00e9 et transf\u00e9r\u00e9 \u00e0 la prison Il Piombi. Casanova est indign\u00e9 (le violoncelle descend progressivement dans son registre le plus bas), mais la lourde porte de la cellule se ferme derri\u00e8re lui d\u2019un bruit sec.<\/p>\n<p><strong>V. Reminiscenze (R\u00eaveries)<\/strong><br \/>Casanova m\u00e9dite sur sa vie mouvement\u00e9e. Il entend les cris plaintifs du moine Balbi, h\u00f4te de la cellule voisine (solo de basson) : les 2 hommes entrent en communication et \u00e9laborent un ing\u00e9nieux plan d\u2019\u00e9vasion.<\/p>\n<p><strong>VI. L\u2019Evasione dai Piombi (L\u2019Evasion de la prison de Piombi)<\/strong><br \/>De multiples effets de percussions accompagnent les travaux de d\u00e9molition de Casanova et Balbi, afin de s\u2019\u00e9vader de la prison en passant par le toit couvert de plaques de plomb. Ils fuient (le violoncelle se lance dans une course effr\u00e9n\u00e9e).<\/p>\n<p><strong>VII. M.M. e C.C. (M.M. et C.C.)<\/strong><br \/>Casanova se retrouve au couvent de l\u2019\u00eele de Murano (tout pr\u00e8s de Venise) o\u00f9 il entretient des relations amoureuses avec 2 religieuses (par souci de discr\u00e9tion, les m\u00e9moires de Casanova ne mentionnent que leurs initiales).<\/p>\n<p><strong>VIII. Finale e Stretto : Il Trionfo dell\u2019Amore (Le Triomphe de l\u2019Amour)<\/strong><br \/>La passion, entrecoup\u00e9e d\u2019une pens\u00e9e m\u00e9lancolique pour M.M. et C.C., nous emm\u00e8ne vers une apoth\u00e9ose vibrante.<\/p>\n<\/div>\n<\/div>\n<h3 class=\"entracte\">Deuxi\u00e8me partie<\/h3>\n<p><strong>Big Band de l\u2019Harmonie de Blois<\/strong><\/p>\n<p>Pour compl\u00e9ter son r\u00e9pertoire, l\u2019Harmonie de Blois a souhait\u00e9 cette ann\u00e9e se doter d\u2019un Big Band, form\u00e9 par d\u2019actuels ou d\u2019anciens musiciens de l\u2019Harmonie.<br \/>N\u00e9 aux Etats-Unis gr\u00e2ce \u00e0 Duke Ellington et autres jazzmen tels Count Basie, le Big Band est un orchestre de jazz compos\u00e9 \u00e0 l\u2019origine de : 5 saxophones (2 alti, 2 t\u00e9nors, 1 baryton), 4 trompettes, 4 trombones et 4 \u00e0 5 rythmiques (piano\/guitare, basse\/contrebasse, batterie, percussions). Le Big Band de l\u2019Harmonie s\u2019appuie sur ce standard, auquel se rajoutent des fl\u00fbtes traversi\u00e8res pour \u00e9toffer l\u2019ensemble.<br \/>Gr\u00e2ce au compositeur et arrangeur Andr\u00e9 Massarotti, membre de l\u2019Harmonie, le Big Band a un r\u00e9pertoire tout trouv\u00e9. En effet, Andr\u00e9 Massarotti est lui-m\u00eame un jazzman averti et a arrang\u00e9 de nombreux standards de jazz, mambos, madisons, &#8230;<\/p>\n<div class=\"morceau\">\n<h4 class=\"morceau_titre\">Jams &#038; Jellies<\/h4>\n<p class=\"morceau_compositeur\">Oliver Nelson<br \/><span class=\"morceau_arrangeur\">arr. Andr\u00e9 Massarotti<\/span><\/p>\n<\/div>\n<div class=\"morceau\">\n<h4 class=\"morceau_titre\">Walking home with brother Bill<\/h4>\n<p class=\"morceau_compositeur\">J. Nawak<br \/><span class=\"morceau_arrangeur\">arr. Andr\u00e9 Massarotti<\/span><\/p>\n<\/div>\n<div class=\"morceau\">\n<h4 class=\"morceau_titre\">Pennsylvania 6-5000<\/h4>\n<p class=\"morceau_compositeur\">Jerry Gray et Carl Sigman<br \/><span class=\"morceau_arrangeur\">arr. Andr\u00e9 Massarotti<\/span><\/p>\n<\/div>\n<div class=\"morceau\">\n<h4 class=\"morceau_titre\">Lazy Boots<\/h4>\n<p class=\"morceau_compositeur\">Sammy Nestico<br \/><span class=\"morceau_arrangeur\">arr. Andr\u00e9 Massarotti<\/span><\/p>\n<\/div>\n<div class=\"morceau\">\n<h4 class=\"morceau_titre\">Madison Spiritual<\/h4>\n<p class=\"morceau_compositeur\">Claude Bolling<br \/><span class=\"morceau_arrangeur\">arr. Andr\u00e9 Massarotti<\/span><\/p>\n<\/div>\n<hr\/>\n<div class=\"morceau\">\n<h4 class=\"morceau_titre\">Harry Potter and the Sorcerer\u2019s Stone<br \/><span class=\"morceau_titre2\">Symphonic Suite<\/span><\/h4>\n<p class=\"morceau_compositeur\">John Williams<br \/><span class=\"morceau_arrangeur\">arr. Robert W. Smith<\/span><\/p>\n<div class=\"morceau_description\">C\u2019est en 1997 que le petit sorcier du nom de Harry Potter fait son apparition aux Etats-Unis. N\u00e9 de l\u2019imagination de Joanne Kingley Rolling, il a rapidement conquis le c\u0153ur des jeunes comme des moins jeunes. Durant son enfance, les parents de Harry Potter ont \u00e9t\u00e9 tu\u00e9s par \u00abVous-savez-qui\u00bb. Devenu orphelin, il est plac\u00e9 chez une tante en Angleterre, qui ne poss\u00e8de aucun don de sorcellerie : J.K. Rolling qualifie ces personnes de \u00abMoldus\u00bb. Ce n\u2019est qu\u2019\u00e0 11 ans que Harry Potter prend conscience de ses pr\u00e9dispositions de sorcier, lorsqu\u2019il re\u00e7oit une lettre d\u2019inscription \u00e0 Poudlard, l\u2019\u00e9cole de Sorcellerie. Il y suivra de nombreux cours, de la m\u00e9tamorphose aux enchantements, en passant par la r\u00e9alisation de potions, et sera amen\u00e9 \u00e0 lutter contre les forces du mal.<br \/>Chaque tome entra\u00eene le lecteur dans les aventures de Harry Potter : \u00abH.P. et la Pierre Philosophale\u00bb, \u00abH.P. et la Chambre des Secrets \u00bb, \u00abH.P. et le Prisonnier d\u2019Azkaban \u00bb, \u00abH.P. et la Coupe de feu\u00bb. Le dernier tome vient de sortir aux Etats-Unis.<br \/>En d\u00e9cembre 2001, Chris Colombus am\u00e8ne Harry Potter dans les salles de cin\u00e9ma. C\u2019est l\u2019illustre John Williams qui en a \u00e9crit la musique. Compositeur f\u00e9tiche de Steven Spielberg (ET, Indiana Jones, Jurassic Park, &#8230;), John Williams a \u00e0 son actif plus de 75 musiques de films et est une r\u00e9f\u00e9rence dans ce domaine. Robert W. Smith propose ici un arrangement de \u00abHarry Potter et la Pierre Philosophale\u00bb pour orchestre d\u2019harmonie.<\/div>\n<\/div>\n<hr\/>\n<div class=\"morceau\">\n<h4 class=\"morceau_titre\">Christmas in the Round<\/h4>\n<p class=\"morceau_compositeur\"><span class=\"morceau_arrangeur\">arr. Robert W. Smith<\/span><\/p>\n<div class=\"morceau_description\">N\u00e9 en 1958 aux Etats-Unis, Robert W. Smith est un compositeur et arrangeur tr\u00e8s prolifique (d\u00e9j\u00e0 plus de 500 \u0153uvres) qui \u00e9crit essentiellement pour les \u00e9ditions Warner Bros. Publications. Sa musique est tr\u00e8s diversifi\u00e9e, ce qui lui permet d\u2019\u00eatre jou\u00e9 dans de multiples contextes, partout dans le monde : c\u00e9r\u00e9monies d\u2019ouverture, orchestres militaires, orchestres universitaires&#8230; Tr\u00e8s actif en milieu scolaire, il est co-auteur de l\u2019ouvrage \u00abExpressions Music Curriculum\u00bb, destin\u00e9 \u00e0 sensibiliser les \u00e9tudiants \u00e0 toutes les disciplines musicales, et \u00e0 d\u00e9velopper l\u2019importance des cours de musique dans l\u2019enseignement.<br \/>Avec \u00abChristmas in the Round\u00bb, Robert W. Smith donne un \u00e9chantillon des plus c\u00e9l\u00e8bres chants de No\u00ebl. L\u2019originalit\u00e9 de son arrangement tient dans le fait que, apr\u00e8s une introduction orchestrale, chaque th\u00e8me est expos\u00e9 par un seul pupitre : percussions, puis fl\u00fbtes&#8230; au gr\u00e9 de \u00abDouce nuit\u00bb et autre \u00abVive le vent\u00bb.<\/div>\n<\/div>\n<div class=\"media_concert\">\n<p><strong>Articles de presse (&copy; <a href=\"http:\/\/www.lanouvellerepublique.fr\/\" target=\"_blank\">La Nouvelle R\u00e9publique<\/a> &#8211; &copy; <a href=\"http:\/\/www.larenaissance-41.com\/\" target=\"_blank\">La Renaissance du Loir et Cher<\/a>) : <\/strong><\/p>\n<div class=\"media_concert_presse\">\n<a title=\"&nbsp;\" href=\"officiel\/images\/presse\/031221\/031221-01.jpg\" rel=\"lightbox[presse]\"><img loading=\"lazy\" decoding=\"async\" src=\"officiel\/images\/presse\/031221\/tn_031221-01.jpg\" alt=\"\" width=\"120\" height=\"120\" \/><\/a><a title=\"&nbsp;\" href=\"officiel\/images\/presse\/031221\/031221-02.jpg\" rel=\"lightbox[presse]\"><img loading=\"lazy\" decoding=\"async\" src=\"officiel\/images\/presse\/031221\/tn_031221-02.jpg\" alt=\"\" width=\"120\" height=\"120\" \/><\/a><a title=\"&nbsp;\" href=\"officiel\/images\/presse\/031221\/031221-03.jpg\" rel=\"lightbox[presse]\"><img loading=\"lazy\" decoding=\"async\" src=\"officiel\/images\/presse\/031221\/tn_031221-03.jpg\" alt=\"\" width=\"120\" height=\"120\" \/><\/a><a title=\"&nbsp;\" href=\"officiel\/images\/presse\/031221\/031221-04.jpg\" rel=\"lightbox[presse]\"><img loading=\"lazy\" decoding=\"async\" src=\"officiel\/images\/presse\/031221\/tn_031221-04.jpg\" alt=\"\" width=\"120\" height=\"120\" \/><\/a>\n<\/div>\n<\/div>\n","protected":false},"excerpt":{"rendered":"<p>Date : 21 d\u00e9cembre 2003 Lieu : Halle aux Grains de Blois &nbsp; Premi\u00e8re partie Casanova(pour violoncelle et orchestre \u00e0 vents) Johan de Meij Johan de MeijN\u00e9 en 1953 aux Pays-bas, Johan de Meij \u00e9tudie la direction d\u2019orchestre et le trombone au Conservatoire Royal de La Haye. Il se forge une solide r\u00e9putation dans le [&hellip;]<\/p>\n","protected":false},"author":1,"featured_media":0,"parent":240,"menu_order":0,"comment_status":"open","ping_status":"open","template":"","meta":{"footnotes":""},"class_list":["post-238","page","type-page","status-publish","hentry"],"_links":{"self":[{"href":"https:\/\/www.harmoniedeblois.fr\/index.php?rest_route=\/wp\/v2\/pages\/238","targetHints":{"allow":["GET"]}}],"collection":[{"href":"https:\/\/www.harmoniedeblois.fr\/index.php?rest_route=\/wp\/v2\/pages"}],"about":[{"href":"https:\/\/www.harmoniedeblois.fr\/index.php?rest_route=\/wp\/v2\/types\/page"}],"author":[{"embeddable":true,"href":"https:\/\/www.harmoniedeblois.fr\/index.php?rest_route=\/wp\/v2\/users\/1"}],"replies":[{"embeddable":true,"href":"https:\/\/www.harmoniedeblois.fr\/index.php?rest_route=%2Fwp%2Fv2%2Fcomments&post=238"}],"version-history":[{"count":4,"href":"https:\/\/www.harmoniedeblois.fr\/index.php?rest_route=\/wp\/v2\/pages\/238\/revisions"}],"predecessor-version":[{"id":447,"href":"https:\/\/www.harmoniedeblois.fr\/index.php?rest_route=\/wp\/v2\/pages\/238\/revisions\/447"}],"up":[{"embeddable":true,"href":"https:\/\/www.harmoniedeblois.fr\/index.php?rest_route=\/wp\/v2\/pages\/240"}],"wp:attachment":[{"href":"https:\/\/www.harmoniedeblois.fr\/index.php?rest_route=%2Fwp%2Fv2%2Fmedia&parent=238"}],"curies":[{"name":"wp","href":"https:\/\/api.w.org\/{rel}","templated":true}]}}