{"id":240,"date":"2008-11-09T20:51:26","date_gmt":"2008-11-09T18:51:26","guid":{"rendered":"http:\/\/jerome.tiphene.free.fr\/hdb\/?page_id=240"},"modified":"2026-02-07T19:35:40","modified_gmt":"2026-02-07T17:35:40","slug":"nos-precedents-concerts","status":"publish","type":"page","link":"https:\/\/www.harmoniedeblois.fr\/?page_id=240","title":{"rendered":"Nos pr\u00e9c\u00e9dents concerts&#8230;"},"content":{"rendered":"<p>D\u00e9couvrez notre r\u00e9pertoire en parcourant nos pr\u00e9c\u00e9dents concerts.<\/p>\n<div class=\"mur_d_affiche\">\n<h3>2025<\/h3>\n<p><a href=\"?page_id=1145\"><img decoding=\"async\" src=\"officiel\/images\/affiches\/T2-250316.jpg\" alt=\"Concert de printemps 2025\"><\/a><a href=\"?page_id=1168\"><img decoding=\"async\" src=\"officiel\/images\/affiches\/T2-251221.jpg\" alt=\"Concert de No\u00ebl 2025\"><\/a><\/p>\n<h3>2024<\/h3>\n<p><a href=\"?page_id=1103\"><img decoding=\"async\" src=\"officiel\/images\/affiches\/T2-240413.jpg\" alt=\"Concert de printemps 2024\"><\/a><img decoding=\"async\" src=\"officiel\/images\/affiches\/T2-241111.jpg\" alt=\"Concert de printemps 2024\"><a href=\"?page_id=1124\"><img decoding=\"async\" src=\"officiel\/images\/affiches\/T2-241222.jpg\" alt=\"Concert de No\u00ebl 2024\"><\/a><\/p>\n<h3>2023<\/h3>\n<p><a href=\"?page_id=1069\"><img decoding=\"async\" src=\"officiel\/images\/affiches\/T2-230318.jpg\" alt=\"Concert de printemps 2023\"><\/a><a href=\"?page_id=1091\"><img decoding=\"async\" src=\"officiel\/images\/affiches\/T2-231217.jpg\" alt=\"Concert de No\u00ebl 2023\"><\/a><\/p>\n<h3>2022<\/h3>\n<p><a href=\"?page_id=1020\"><img decoding=\"async\" src=\"officiel\/images\/affiches\/T2-220402.jpg\" alt=\"Concert de printemps 2022\"><\/a><a href=\"?page_id=1045\"><img decoding=\"async\" src=\"officiel\/images\/affiches\/T2-221218.jpg\" alt=\"Concert de No\u00ebl 2022\"><\/a><\/p>\n<h3>2021<\/h3>\n<p><a href=\"?page_id=996\"><img decoding=\"async\" src=\"officiel\/images\/affiches\/T2-211219.jpg\" alt=\"Concert de No\u00ebl 2021\"><\/a><\/p>\n<h3>2019<\/h3>\n<p><a href=\"?page_id=935\"><img decoding=\"async\" src=\"officiel\/images\/affiches\/T2-190406.jpg\" alt=\"Concert de printemps 2019\"><\/a><a href=\"?page_id=950\"><img decoding=\"async\" src=\"officiel\/images\/affiches\/T2-191222.jpg\" alt=\"Concert de No\u00ebl 2019\"><\/a><\/p>\n<h3>2018<\/h3>\n<p><a href=\"?page_id=879\"><img decoding=\"async\" src=\"officiel\/images\/affiches\/T2-180414.jpg\" alt=\"Concert de printemps 2018\"><\/a><a href=\"?page_id=896\"><img decoding=\"async\" src=\"officiel\/images\/affiches\/T2-180427.jpg\" alt=\"Concert Unisson\"><\/a><a href=\"?page_id=917\"><img decoding=\"async\" src=\"officiel\/images\/affiches\/T2-181216.jpg\" alt=\"Concert de No\u00ebl 2019\"><\/a><\/p>\n<h3>2017<\/h3>\n<p><a href=\"?page_id=827\"><img decoding=\"async\" src=\"officiel\/images\/affiches\/T2-170409.jpg\" alt=\"Concert de printemps 2017\"><\/a><a href=\"?page_id=852\"><img decoding=\"async\" src=\"officiel\/images\/affiches\/T2-171217.jpg\" alt=\"Concert de No\u00ebl 2017\"><\/a><\/p>\n<h3>2016<\/h3>\n<p><img decoding=\"async\" src=\"officiel\/images\/affiches\/T2-160312.jpg\" alt=\"Concert \u00e0 Saint-Laurent Nouan\"><a href=\"?page_id=777\"><img decoding=\"async\" src=\"officiel\/images\/affiches\/T2-160403.jpg\" alt=\"Concert de printemps 2016\"><\/a><a href=\"?page_id=794\"><img decoding=\"async\" src=\"officiel\/images\/affiches\/T2-161218.jpg\" alt=\"Concert de No\u00ebl 2016\"><\/a><\/p>\n<h3>2015<\/h3>\n<p><a href=\"?page_id=754\"><img decoding=\"async\" src=\"officiel\/images\/affiches\/T2-150412.jpg\" alt=\"Concert de printemps 2015\"><\/a><a href=\"?page_id=764\"><img decoding=\"async\" src=\"officiel\/images\/affiches\/T2-151220.jpg\" alt=\"Concert de No\u00ebl 2015\"><\/a><\/p>\n<h3>2014<\/h3>\n<p><a href=\"?page_id=715\"><img decoding=\"async\" src=\"officiel\/images\/affiches\/T2-140419.jpg\" alt=\"Concert de printemps 2014\"><\/a><img decoding=\"async\" src=\"officiel\/images\/affiches\/T2-141129.jpg\" alt=\"Concert \u00e0 Chinon\"><a href=\"?page_id=737\"><img decoding=\"async\" src=\"officiel\/images\/affiches\/T2-141221.jpg\" alt=\"Concert de No\u00ebl 2014\"><\/a><\/p>\n<h3>2013<\/h3>\n<p><a href=\"?page_id=654\"><img decoding=\"async\" src=\"officiel\/images\/affiches\/T2-130414.jpg\" alt=\"Concert de printemps 2013\"><\/a><a href=\"?page_id=688\"><img decoding=\"async\" src=\"officiel\/images\/affiches\/T2-131222.jpg\" alt=\"Concert de No\u00ebl 2013\"><\/a><\/p>\n<h3>2012<\/h3>\n<p><a href=\"?page_id=586\"><img decoding=\"async\" src=\"officiel\/images\/affiches\/T2-120318.jpg\" alt=\"Concert de printemps 2012\"><\/a><a href=\"?page_id=618\"><img decoding=\"async\" src=\"officiel\/images\/affiches\/T2-121223.jpg\" alt=\"Concert de No\u00ebl 2012\"><\/a><\/p>\n<h3>2011<\/h3>\n<p><a href=\"?page_id=534\"><img decoding=\"async\" src=\"officiel\/images\/affiches\/T2-110115.jpg\" alt=\"Concert Agglopolys\"><\/a><a href=\"?page_id=556\"><img decoding=\"async\" src=\"officiel\/images\/affiches\/T2-110410.jpg\" alt=\"Concert de printemps 2011\"><\/a><a href=\"?page_id=569\"><img decoding=\"async\" src=\"officiel\/images\/affiches\/T2-111218.jpg\" alt=\"Concert de No\u00ebl 2011\"><\/a><\/p>\n<h3>2010<\/h3>\n<p><a href=\"?page_id=505\"><img decoding=\"async\" src=\"officiel\/images\/affiches\/T2-100321.jpg\" alt=\"Concert de printemps 2010\"><\/a><a href=\"?page_id=522\"><img decoding=\"async\" src=\"officiel\/images\/affiches\/T2-101219.jpg\" alt=\"Concert de No\u00ebl 2010\"><\/a><\/p>\n<h3>2009<\/h3>\n<p><a href=\"?page_id=297\"><img decoding=\"async\" src=\"officiel\/images\/affiches\/T2-090322.jpg\" alt=\"Concert de printemps 2009\"><\/a><a href=\"?page_id=474\"><img decoding=\"async\" src=\"officiel\/images\/affiches\/T2-091220.jpg\" alt=\"Concert de No\u00ebl 2009\"><\/a><\/p>\n<h3>2008<\/h3>\n<p><a href=\"?page_id=226\"><img decoding=\"async\" src=\"officiel\/images\/affiches\/T2-080309.jpg\" alt=\"Concert de printemps 2008\"><\/a><a href=\"?page_id=243\"><img decoding=\"async\" src=\"officiel\/images\/affiches\/T2-081221.jpg\" alt=\"Concert de No\u00ebl 2008\"><\/a><\/p>\n<h3>2007<\/h3>\n<p><a href=\"?page_id=230\"><img decoding=\"async\" src=\"officiel\/images\/affiches\/T2-070325.jpg\" alt=\"Concert de printemps 2007\"><\/a><a href=\"?page_id=228\"><img decoding=\"async\" src=\"officiel\/images\/affiches\/T2-070704.jpg\" alt=\"Concert avec Orgue, le 04 juillet 2007\"><\/a><a href=\"?page_id=231\"><img decoding=\"async\" src=\"officiel\/images\/affiches\/T2-071216.jpg\" alt=\"Concert d'hiver 2007\"><\/a><\/p>\n<h3>2006<\/h3>\n<p><a href=\"?page_id=221\"><img decoding=\"async\" src=\"officiel\/images\/affiches\/T2-060402.jpg\" alt=\"Concert de printemps 2006\"><\/a><a href=\"?page_id=232\"><img decoding=\"async\" src=\"officiel\/images\/affiches\/T2-061217.jpg\" alt=\"Concert d'hiver 2006\"><\/a><\/p>\n<h3>2005<\/h3>\n<p><a href=\"?page_id=224\"><img decoding=\"async\" src=\"officiel\/images\/affiches\/T2-050320.jpg\" alt=\"Concert de printemps 2005\"><\/a><img decoding=\"async\" src=\"officiel\/images\/affiches\/T2-050507.jpg\" alt=\"Concert Franco-Allemand, le 07 mai 2005\"><\/p>\n<h3>2004<\/h3>\n<p><a href=\"?page_id=233\"><img decoding=\"async\" src=\"officiel\/images\/affiches\/T2-040404.jpg\" alt=\"Concert de printemps 2004\"><\/a><\/p>\n<h3>2003<\/h3>\n<p><a href=\"?page_id=238\"><img decoding=\"async\" src=\"officiel\/images\/affiches\/T2-031221.jpg\" alt=\"Concert d'hiver 2003\"><\/a><\/p>\n<\/div>\n","protected":false},"excerpt":{"rendered":"<p>D\u00e9couvrez notre r\u00e9pertoire en parcourant nos pr\u00e9c\u00e9dents concerts. 2025 2024 2023 2022 2021 2019 2018 2017 2016 2015 2014 2013 2012 2011 2010 2009 2008 2007 2006 2005 2004 2003<\/p>\n","protected":false},"author":1,"featured_media":0,"parent":0,"menu_order":0,"comment_status":"open","ping_status":"open","template":"","meta":{"footnotes":""},"class_list":["post-240","page","type-page","status-publish","hentry"],"_links":{"self":[{"href":"https:\/\/www.harmoniedeblois.fr\/index.php?rest_route=\/wp\/v2\/pages\/240","targetHints":{"allow":["GET"]}}],"collection":[{"href":"https:\/\/www.harmoniedeblois.fr\/index.php?rest_route=\/wp\/v2\/pages"}],"about":[{"href":"https:\/\/www.harmoniedeblois.fr\/index.php?rest_route=\/wp\/v2\/types\/page"}],"author":[{"embeddable":true,"href":"https:\/\/www.harmoniedeblois.fr\/index.php?rest_route=\/wp\/v2\/users\/1"}],"replies":[{"embeddable":true,"href":"https:\/\/www.harmoniedeblois.fr\/index.php?rest_route=%2Fwp%2Fv2%2Fcomments&post=240"}],"version-history":[{"count":44,"href":"https:\/\/www.harmoniedeblois.fr\/index.php?rest_route=\/wp\/v2\/pages\/240\/revisions"}],"predecessor-version":[{"id":1200,"href":"https:\/\/www.harmoniedeblois.fr\/index.php?rest_route=\/wp\/v2\/pages\/240\/revisions\/1200"}],"wp:attachment":[{"href":"https:\/\/www.harmoniedeblois.fr\/index.php?rest_route=%2Fwp%2Fv2%2Fmedia&parent=240"}],"curies":[{"name":"wp","href":"https:\/\/api.w.org\/{rel}","templated":true}]}}