{"id":243,"date":"2008-11-11T13:23:23","date_gmt":"2008-11-11T11:23:23","guid":{"rendered":"http:\/\/jerome.tiphene.free.fr\/hdb\/?page_id=243"},"modified":"2009-04-20T17:19:33","modified_gmt":"2009-04-20T16:19:33","slug":"prochain-concert-hiver-2008","status":"publish","type":"page","link":"https:\/\/www.harmoniedeblois.fr\/?page_id=243","title":{"rendered":"Concert de No\u00ebl 2008"},"content":{"rendered":"<p><a href=\"officiel\/images\/affiches\/HdB-081221.pdf\" target=\"_blank\"><img loading=\"lazy\" decoding=\"async\" src=\"officiel\/images\/affiches\/081221.jpg\" alt=\"Affiche du concert\" class=\"alignleft\" width=\"70\" height=\"100\"\/><\/a><\/p>\n<div class=\"descriptif_concert\">\n<p>Lieu : Halle aux Grains de Blois<\/p>\n<p>Date : 21 d\u00e9cembre 2008<\/p>\n<p>&nbsp;<\/p>\n<\/div>\n<h3 class=\"entracte\">Premi\u00e8re partie<\/h3>\n<div class=\"morceau\">\n<h4 class=\"morceau_titre\">Symphonie n\u00b08<br \/><span class=\"morceau_titre2\">3<sup>\u00e8me<\/sup> mouvement : Allegretto Grazioso<\/span><\/h4>\n<p class=\"morceau_compositeur\">Anton&iacute;n Dvor&aacute;k<\/p>\n<div class=\"morceau_description\">Anton&iacute;n Dvor&aacute;k (1841-1904) est un compositeur tch\u00e8que c\u00e9l\u00e8bre pour son \u00e9criture romantique inspir\u00e9e des m\u00e9lodies de la musique folklorique de Moravie et de sa Boh\u00e8me natale. Apr\u00e8s des \u00e9tudes musicales \u00e0 Pragues, Anton&iacute;n Dvor&aacute;k parcourt l\u2019Europe puis les Etats-Unis. C\u2019est d\u2018ailleurs lors de son s\u00e9jour \u00e0 New York  de 1892 \u00e0 1895 qu\u2019il compose la c\u00e9l\u00e8bre Symphonie (n\u00b09) dite du Nouveau Monde.<br \/>\nEcrite entre septembre et novembre 1889 en \u00e0 peine 2 mois, la Symphonie n\u00b08 est cr\u00e9\u00e9e le 2 f\u00e9vrier 1890 \u00e0 Prague. Son climat \u00e9th\u00e9r\u00e9 contraste avec les &oelig;uvres ambitieuses et complexes ant\u00e9rieures. Dvor&aacute;k, qui r\u00e9side alors dans le village de Vysoka, est s\u00e9duit par le miracle d&rsquo;une Nature toujours changeante et r\u00e9confortante<\/p>\n<p>Le 3<sup>\u00e8me<\/sup> mouvement (Allegretto Grazioso) n\u2019est pas sans nous rappeler les Danses Hongroises de Brahms.<\/div>\n<\/div>\n<hr\/>\n<div class=\"morceau\">\n<h4 class=\"morceau_titre\">Little English Suite<br \/><span class=\"morceau_titre2\">Four Old English Songs<\/span><\/h4>\n<p class=\"morceau_compositeur\">Clare Grundman<\/p>\n<div class=\"morceau_description\">\n<p>Clare Grundman, compositeur am\u00e9ricain (1913-1996) s\u2019est illustr\u00e9 essentiellement dans l\u2019arrangement et la composition pour Harmonie.  Outre ses partitions \u00e9crites pour la t\u00e9l\u00e9vision, le cin\u00e9ma, la danse ou la com\u00e9die musicale, Clare Grundman a compos\u00e9 plus de 70 &oelig;uvres sp\u00e9cifiques \u00e0 la musique d\u2019harmonie ainsi que quantit\u00e9 d\u2019arrangements de grands compositeurs comme Edward Elgar, Aaron Copland ou Leonard Bernstein (la Suite de Candide, Slava !).<\/p>\n<p>\nEn 1968, il \u00e9crit cette suite en quatre mouvements pour orchestre d\u2019harmonie en s\u2019inspirant des airs du folklore anglais.<\/p>\n<ul>\n<li>The Leather Bottle<\/li>\n<li>Roving<\/li>\n<li>We Met<\/li>\n<li>The Vicar of Bray<\/li>\n<\/ul>\n<\/div>\n<\/div>\n<hr\/>\n<div class=\"morceau\">\n<h4 class=\"morceau_titre\">Candide Suite<\/h4>\n<p class=\"morceau_compositeur\">Leonard Bernstein<br \/><span class=\"morceau_arrangeur\">arr. Clare Grundman<\/span><\/p>\n<div class=\"morceau_description\">\n<p>Leonard Bersntein na&icirc;t \u00e0 Lawrence (Massachussets) en 1918 dans une famille de juifs immigr\u00e9s. Dipl\u00f4m\u00e9 de Harvard en 1939, il \u00e9tudie \u00e0 Philadelphie le piano, l\u2019orchestration, et la direction d\u2019orchestre (avec Fritz Reiner). Il \u00e9crit aussi des arrangements sous le pseudonyme de Lenny Amber. Tout d\u2019abord chef d\u2019orchestre assistant d\u2019Arthur Rodzinski, il est sollicit\u00e9 pour remplacer au pied lev\u00e9 Bruno Walter \u00e0 l\u2019Orchestre Philarmonique de New York. Leonard Bernstein a alors \u00e0 peine 25 ans, et sa carri\u00e8re d\u00e9colle gr\u00e2ce \u00e0 cette soir\u00e9e. Il quittera la direction de cet orchestre en 1968, et les musiciens lui donneront le titre honorifique de <em>chef laur\u00e9at<\/em>, jamais d\u00e9cern\u00e9 auparavant. D\u00e8s lors, il est invit\u00e9 dans le monde entier pour diriger de nombreux excellents orchestres : Orchestre Philharmonique de Vienne, Orchestre National de France&#8230;<br \/>\nL\u2019ann\u00e9e pr\u00e9c\u00e9dant West Side Story (produit pour la 1<sup>\u00e8re<\/sup> fois \u00e0 Washington en<br \/>\nAo\u00fbt 1957), Bernstein cr\u00e9e Candide \u00e0 Boston, op\u00e9ra dans lequel il retrace les  p\u00e9r\u00e9grinations des h\u00e9ros de Voltaire : Candide, Cun\u00e9gonde, Pangloss&#8230;<\/p>\n<ul>\n<li>The Best of all possible Worlds<\/li>\n<li>Westphalia Chorale and Battle Scene<\/li>\n<li>Auto-da-fe (what a day)<\/li>\n<li>Glitter and be Gay<\/li>\n<li>Make our garden grow<\/li>\n<\/ul>\n<\/div>\n<\/div>\n<h3 class=\"entracte\">Deuxi\u00e8me partie<\/h3>\n<div class=\"morceau\">\n<h4 class=\"morceau_titre\">Vintage<br \/><span class=\"morceau_titre2\">pour Euphonium Solo et Orchestre d&rsquo;Harmonie<\/span><\/h4>\n<p class=\"morceau_compositeur\">David R. Gillingham<\/p>\n<div class=\"morceau_description\">\n<p>David Gillingham est un compositeur contemporain am\u00e9ricain. Actuellement professeur de musique \u00e0 l\u2019universit\u00e9 centrale du Michigan, David Gillingham a re\u00e7u de nombreux prix pour ces compositions pour harmonies et ses &oelig;uvres sont jou\u00e9es par les plus grands ensembles.<\/p>\n<p>Vintage est un concerto pour Euphonium et harmonie command\u00e9e par l\u2019Harmonie de Big Radids au Michigan. Il f&ucirc;t jou\u00e9 pour la premi\u00e8re fois en 1991 \u00e0 Ann Ardor, Michigan.<\/p>\n<p><strong>Arnaud SEVAULT<\/strong><\/p>\n<p>Apr\u00e8s avoir obtenu au Conservatoire National de R\u00e9gion de Tours un 1<sup>er<\/sup> Prix de Musique de Chambre, de D\u00e9chiffrage et de Tuba, Arnaud Sevault d\u00e9croche un 1<sup>er<\/sup> Prix R\u00e9gional en 1994.<br \/>D\u00e9cid\u00e9 pour poursuivre ses \u00e9tudes, il int\u00e8gre la classe de Philippe Legris au Conservatoire sup\u00e9rieur CNR de Paris, et est r\u00e9compens\u00e9 par un 1<sup>er<\/sup> Prix et un Prix de Perfectionnement, et par un 1<sup>er<\/sup> Prix de la ville de Paris. <br \/>En 1996, Arnaud Sevault entre au Conservatoire National Sup\u00e9rieur de Musique de Lyon dans la classe de Melvin Culbertson et sort en juin 2000 avec le dipl&ocirc;me d&rsquo;Etudes Sup\u00e9rieures Musicales.<br \/>Par ailleurs Arnaud Sevault est titulaire du Dipl\u00f4me d&rsquo;Etat en Tuba et enseigne \u00e0 ce titre au Conservatoire \u00e0 Rayonnement R\u00e9gional de Poitiers, et au Conservatoire \u00e0 Rayonnement Communal de Jou\u00e9 L\u00e8s Tours. Il est \u00e9galement Tubiste \u00e0 l&rsquo;Orchestre de la Musique de l&rsquo;Air de Paris.<\/p>\n<\/div>\n<\/div>\n<hr\/>\n<div class=\"morceau\">\n<h4 class=\"morceau_titre\">Klezmer Classics<br \/><span class=\"morceau_titre2\">for wind orchestra<\/span><\/h4>\n<p class=\"morceau_compositeur\">Johan de Meij<\/p>\n<div class=\"morceau_description\">Remontant au XVI<sup>\u00e8me<\/sup> si\u00e8cle, directement inspir\u00e9e des traditions musicales des communaut\u00e9s Ashkenaze (juifs d\u2019Europe de l\u2019Est de langue Yiddish), la musique Klezmer (interpr\u00e9t\u00e9e par les Klezmorin) \u00e9tait jou\u00e9e \u00e0 l\u2019occasion de la c\u00e9l\u00e9bration des F\u00eates de la vie quotidienne (mariage, Bar Mitzvah&#8230;). <br \/>Partie des Etats-Unis, nous assistons depuis les ann\u00e9es 1970 \u00e0 une v\u00e9ritable renaissance de ce genre musical, source d\u2019inspiration de compositeurs contemporains comme Johann de Meij. <br \/>N\u00e9 en 1953 aux Pays-Bas, il doit notamment sa c\u00e9l\u00e9brit\u00e9 \u00e0 son &oelig;uvre symphonique Le Seigneur des Anneaux (d\u2019apr\u00e8s le roman de J.R.R. Tolkien).<br \/>Dans Klezmer Classics, Johann de Meij rassemble 5 m\u00e9lodies typiques de la musique Klezmer en suivant un arrangement riche et color\u00e9.<\/div>\n<\/div>\n<hr\/>\n<div class=\"morceau\">\n<h4 class=\"morceau_titre\">Mission Impossible Theme<\/h4>\n<p class=\"morceau_compositeur\">Lalo Schifrin<br \/><span class=\"morceau_arrangeur\">arr. Toshio Mashima<\/span><\/p>\n<div class=\"morceau_description\">\n<p>Inutile de vous pr\u00e9senter le th\u00e8me de Mission Impossible, tout aussi c\u00e9l\u00e8bre que la s\u00e9rie TV elle-m\u00eame !<\/p>\n<p>Lalo Schifrin est n\u00e9 en Argentine en 1937 o\u00f9 il commence des \u00e9tudes de piano (notamment avec Enrique Barenboim, le p\u00e8re du pianiste Daniel Barenboim). Il poursuit ses \u00e9tudes au conservatoire de Paris dans les ann\u00e9es 50 o\u00f9 il d\u00e9bute sa carri\u00e8re professionnelle en tant que pianiste de jazz et arrangeur. Mais c\u2019est au milieu des ann\u00e9es 60 que sa carri\u00e8re prend un tournant d\u00e9cisif lorsqu\u2019il part pour Hollywood et commence \u00e0 travailler pour la Metro Goldwyn Mayer. Il compose alors un nombre impressionnant de musiques de film comme le Renard (68), un Sherif \u00e0 New York (68) ou plus r\u00e9cemment Rush Hour (98), Shreck 2 (2004). Parall\u00e8lement, il \u00e9crit la musique de s\u00e9ries toutes aussi connues comme Mannix (67), La Plan\u00e8te des Singes (74), Starsky et Hutch (75).<\/p>\n<p>En 1966, Lalo Schifrin \u00e9crit le th\u00e8me de Mission Impossible, toujours repris dans les adaptations au cin\u00e9ma de la c\u00e9l\u00e8bre s\u00e9rie.<\/p>\n<\/div>\n<\/div>\n<div class=\"media_concert\">\n<p><strong>Photos disponibles :<\/strong><\/p>\n<div class=\"media_concert_images\">\n<a title=\"&nbsp;\" href=\"officiel\/images\/concerts\/081221\/081221-01.jpg\" rel=\"lightbox[photo]\"><img loading=\"lazy\" decoding=\"async\" src=\"officiel\/images\/concerts\/081221\/tn_081221-01.jpg\" alt=\"\" width=\"60\" height=\"60\" \/><\/a><a title=\"&nbsp;\" href=\"officiel\/images\/concerts\/081221\/081221-02.jpg\" rel=\"lightbox[photo]\"><img loading=\"lazy\" decoding=\"async\" src=\"officiel\/images\/concerts\/081221\/tn_081221-02.jpg\" alt=\"\" width=\"60\" height=\"60\" \/><\/a><a title=\"&nbsp;\" href=\"officiel\/images\/concerts\/081221\/081221-03.jpg\" rel=\"lightbox[photo]\"><img loading=\"lazy\" decoding=\"async\" src=\"officiel\/images\/concerts\/081221\/tn_081221-03.jpg\" alt=\"\" width=\"60\" height=\"60\" \/><\/a><a title=\"&nbsp;\" href=\"officiel\/images\/concerts\/081221\/081221-04.jpg\" rel=\"lightbox[photo]\"><img loading=\"lazy\" decoding=\"async\" src=\"officiel\/images\/concerts\/081221\/tn_081221-04.jpg\" alt=\"\" width=\"60\" height=\"60\" \/><\/a><a title=\"&nbsp;\" href=\"officiel\/images\/concerts\/081221\/081221-05.jpg\" rel=\"lightbox[photo]\"><img loading=\"lazy\" decoding=\"async\" src=\"officiel\/images\/concerts\/081221\/tn_081221-05.jpg\" alt=\"\" width=\"60\" height=\"60\" \/><\/a><a title=\"&nbsp;\" href=\"officiel\/images\/concerts\/081221\/081221-06.jpg\" rel=\"lightbox[photo]\"><img loading=\"lazy\" decoding=\"async\" src=\"officiel\/images\/concerts\/081221\/tn_081221-06.jpg\" alt=\"\" width=\"60\" height=\"60\" \/><\/a><a title=\"&nbsp;\" href=\"officiel\/images\/concerts\/081221\/081221-07.jpg\" rel=\"lightbox[photo]\"><img loading=\"lazy\" decoding=\"async\" src=\"officiel\/images\/concerts\/081221\/tn_081221-07.jpg\" alt=\"\" width=\"60\" height=\"60\" \/><\/a><a title=\"&nbsp;\" href=\"officiel\/images\/concerts\/081221\/081221-08.jpg\" rel=\"lightbox[photo]\"><img loading=\"lazy\" decoding=\"async\" src=\"officiel\/images\/concerts\/081221\/tn_081221-08.jpg\" alt=\"\" width=\"60\" height=\"60\" \/><\/a><a title=\"&nbsp;\" href=\"officiel\/images\/concerts\/081221\/081221-09.jpg\" rel=\"lightbox[photo]\"><img loading=\"lazy\" decoding=\"async\" src=\"officiel\/images\/concerts\/081221\/tn_081221-09.jpg\" alt=\"\" width=\"60\" height=\"60\" \/><\/a><a title=\"&nbsp;\" href=\"officiel\/images\/concerts\/081221\/081221-10.jpg\" rel=\"lightbox[photo]\"><img loading=\"lazy\" decoding=\"async\" src=\"officiel\/images\/concerts\/081221\/tn_081221-10.jpg\" alt=\"\" width=\"60\" height=\"60\" \/><\/a><a title=\"&nbsp;\" href=\"officiel\/images\/concerts\/081221\/081221-11.jpg\" rel=\"lightbox[photo]\"><img loading=\"lazy\" decoding=\"async\" src=\"officiel\/images\/concerts\/081221\/tn_081221-11.jpg\" alt=\"\" width=\"60\" height=\"60\" \/><\/a><a title=\"&nbsp;\" href=\"officiel\/images\/concerts\/081221\/081221-12.jpg\" rel=\"lightbox[photo]\"><img loading=\"lazy\" decoding=\"async\" src=\"officiel\/images\/concerts\/081221\/tn_081221-12.jpg\" alt=\"\" width=\"60\" height=\"60\" \/><\/a><a title=\"&nbsp;\" href=\"officiel\/images\/concerts\/081221\/081221-13.jpg\" rel=\"lightbox[photo]\"><img loading=\"lazy\" decoding=\"async\" src=\"officiel\/images\/concerts\/081221\/tn_081221-13.jpg\" alt=\"\" width=\"60\" height=\"60\" \/><\/a><a title=\"&nbsp;\" href=\"officiel\/images\/concerts\/081221\/081221-14.jpg\" rel=\"lightbox[photo]\"><img loading=\"lazy\" decoding=\"async\" src=\"officiel\/images\/concerts\/081221\/tn_081221-14.jpg\" alt=\"\" width=\"60\" height=\"60\" \/><\/a><a title=\"&nbsp;\" href=\"officiel\/images\/concerts\/081221\/081221-15.jpg\" rel=\"lightbox[photo]\"><img loading=\"lazy\" decoding=\"async\" src=\"officiel\/images\/concerts\/081221\/tn_081221-15.jpg\" alt=\"\" width=\"60\" height=\"60\" \/><\/a><a title=\"&nbsp;\" href=\"officiel\/images\/concerts\/081221\/081221-16.jpg\" rel=\"lightbox[photo]\"><img loading=\"lazy\" decoding=\"async\" src=\"officiel\/images\/concerts\/081221\/tn_081221-16.jpg\" alt=\"\" width=\"60\" height=\"60\" \/><\/a><a title=\"&nbsp;\" href=\"officiel\/images\/concerts\/081221\/081221-17.jpg\" rel=\"lightbox[photo]\"><img loading=\"lazy\" decoding=\"async\" src=\"officiel\/images\/concerts\/081221\/tn_081221-17.jpg\" alt=\"\" width=\"60\" height=\"60\" \/><\/a><a title=\"&nbsp;\" href=\"officiel\/images\/concerts\/081221\/081221-18.jpg\" rel=\"lightbox[photo]\"><img loading=\"lazy\" decoding=\"async\" src=\"officiel\/images\/concerts\/081221\/tn_081221-18.jpg\" alt=\"\" width=\"60\" height=\"60\" \/><\/a><a title=\"&nbsp;\" href=\"officiel\/images\/concerts\/081221\/081221-19.jpg\" rel=\"lightbox[photo]\"><img loading=\"lazy\" decoding=\"async\" src=\"officiel\/images\/concerts\/081221\/tn_081221-19.jpg\" alt=\"\" width=\"60\" height=\"60\" \/><\/a><a title=\"Le sapin de No&euml;l et son assistant\" href=\"officiel\/images\/concerts\/081221\/081221-20.jpg\" rel=\"lightbox[photo]\"><img loading=\"lazy\" decoding=\"async\" src=\"officiel\/images\/concerts\/081221\/tn_081221-20.jpg\" alt=\"\" width=\"60\" height=\"60\"\/><\/a><a title=\"Le chef en sapin de No&euml;l\" href=\"officiel\/images\/concerts\/081221\/081221-21.jpg\" rel=\"lightbox[photo]\"><img loading=\"lazy\" decoding=\"async\" src=\"officiel\/images\/concerts\/081221\/tn_081221-21.jpg\" alt=\"\" width=\"60\" height=\"60\"\/><\/a><a title=\"Le chef en sapin de No&euml;l\" href=\"officiel\/images\/concerts\/081221\/081221-22.jpg\" rel=\"lightbox[photo]\"><img loading=\"lazy\" decoding=\"async\" src=\"officiel\/images\/concerts\/081221\/tn_081221-22.jpg\" alt=\"\" width=\"60\" height=\"60\"\/><\/a><a title=\"Ovation pour la derni\u00e8re du r\u00e9gisseur de la salle, qui nous a tant aid\u00e9 et support\u00e9... Bonne retraite.\" href=\"officiel\/images\/concerts\/081221\/081221-23.jpg\" rel=\"lightbox[photo]\"><img loading=\"lazy\" decoding=\"async\" src=\"officiel\/images\/concerts\/081221\/tn_081221-23.jpg\" alt=\"\" width=\"60\" height=\"60\" \/><\/a>\n<\/div>\n<p><strong>Articles de presse (\u00a9 <a href=\"http:\/\/www.lanouvellerepublique.fr\/\" target=\"_blank\">La Nouvelle R\u00e9publique<\/a> &#8211; <a href=\"http:\/\/www.larenaissance-41.com\/\" target=\"_blank\">La Renaissance du Loir et Cher<\/a>) : <\/strong><\/p>\n<div class=\"media_concert_presse\"><a title=\" \" rel=\"lightbox[presse]\" href=\"officiel\/images\/presse\/081221\/081221-01.jpg\"><img loading=\"lazy\" decoding=\"async\" src=\"officiel\/images\/presse\/081221\/tn_081221-01.jpg\" alt=\"\" width=\"120\" height=\"120\" \/><\/a><a title=\" \" rel=\"lightbox[presse]\" href=\"officiel\/images\/presse\/081221\/081221-02.jpg\"><img loading=\"lazy\" decoding=\"async\" src=\"officiel\/images\/presse\/081221\/tn_081221-02.jpg\" alt=\"\" width=\"120\" height=\"120\" \/><\/a><a title=\" \" rel=\"lightbox[presse]\" href=\"officiel\/images\/presse\/081221\/081221-03.jpg\"><img loading=\"lazy\" decoding=\"async\" src=\"officiel\/images\/presse\/081221\/tn_081221-03.jpg\" alt=\"\" width=\"120\" height=\"120\" \/><\/a><\/div>\n<\/div>\n","protected":false},"excerpt":{"rendered":"<p>Lieu : Halle aux Grains de Blois Date : 21 d\u00e9cembre 2008 &nbsp; Premi\u00e8re partie Symphonie n\u00b083\u00e8me mouvement : Allegretto Grazioso Anton&iacute;n Dvor&aacute;k Anton&iacute;n Dvor&aacute;k (1841-1904) est un compositeur tch\u00e8que c\u00e9l\u00e8bre pour son \u00e9criture romantique inspir\u00e9e des m\u00e9lodies de la musique folklorique de Moravie et de sa Boh\u00e8me natale. Apr\u00e8s des \u00e9tudes musicales \u00e0 Pragues, [&hellip;]<\/p>\n","protected":false},"author":1,"featured_media":0,"parent":240,"menu_order":0,"comment_status":"open","ping_status":"open","template":"","meta":{"footnotes":""},"class_list":["post-243","page","type-page","status-publish","hentry"],"_links":{"self":[{"href":"https:\/\/www.harmoniedeblois.fr\/index.php?rest_route=\/wp\/v2\/pages\/243","targetHints":{"allow":["GET"]}}],"collection":[{"href":"https:\/\/www.harmoniedeblois.fr\/index.php?rest_route=\/wp\/v2\/pages"}],"about":[{"href":"https:\/\/www.harmoniedeblois.fr\/index.php?rest_route=\/wp\/v2\/types\/page"}],"author":[{"embeddable":true,"href":"https:\/\/www.harmoniedeblois.fr\/index.php?rest_route=\/wp\/v2\/users\/1"}],"replies":[{"embeddable":true,"href":"https:\/\/www.harmoniedeblois.fr\/index.php?rest_route=%2Fwp%2Fv2%2Fcomments&post=243"}],"version-history":[{"count":22,"href":"https:\/\/www.harmoniedeblois.fr\/index.php?rest_route=\/wp\/v2\/pages\/243\/revisions"}],"predecessor-version":[{"id":293,"href":"https:\/\/www.harmoniedeblois.fr\/index.php?rest_route=\/wp\/v2\/pages\/243\/revisions\/293"}],"up":[{"embeddable":true,"href":"https:\/\/www.harmoniedeblois.fr\/index.php?rest_route=\/wp\/v2\/pages\/240"}],"wp:attachment":[{"href":"https:\/\/www.harmoniedeblois.fr\/index.php?rest_route=%2Fwp%2Fv2%2Fmedia&parent=243"}],"curies":[{"name":"wp","href":"https:\/\/api.w.org\/{rel}","templated":true}]}}