{"id":26,"date":"2008-05-18T00:43:09","date_gmt":"2008-05-17T22:43:09","guid":{"rendered":"http:\/\/jerome.tiphene.free.fr\/hdb\/?page_id=26"},"modified":"2026-01-11T13:06:28","modified_gmt":"2026-01-11T11:06:28","slug":"le-calendrier-2008","status":"publish","type":"page","link":"https:\/\/www.harmoniedeblois.fr\/?page_id=26","title":{"rendered":"Le calendrier 2026&#8230;"},"content":{"rendered":"<ul type=\"disc\">\n<li>22 mars : Concert de printemps<\/li>\n<li>07 juin : Festival de Vouvrillon (Vernou sur Brenne)<\/li>\n<li>21 juin : F\u00eate de la musique (Ch\u00e2teau de Blois)<\/li>\n<li>20 d\u00e9cembre : Concert de No\u00ebl<\/li>\n<\/ul>\n<p>Sans oublier les habituelles comm\u00e9morations (armistice, journ\u00e9e de la d\u00e9portation, f\u00eate nationale, lib\u00e9ration de Blois, Sainte Barbe, journ\u00e9e de la protection civile&#8230;).<\/p>\n","protected":false},"excerpt":{"rendered":"<p>22 mars : Concert de printemps 07 juin : Festival de Vouvrillon (Vernou sur Brenne) 21 juin : F\u00eate de la musique (Ch\u00e2teau de Blois) 20 d\u00e9cembre : Concert de No\u00ebl Sans oublier les habituelles comm\u00e9morations (armistice, journ\u00e9e de la d\u00e9portation, f\u00eate nationale, lib\u00e9ration de Blois, Sainte Barbe, journ\u00e9e de la protection civile&#8230;).<\/p>\n","protected":false},"author":1,"featured_media":0,"parent":0,"menu_order":0,"comment_status":"open","ping_status":"open","template":"","meta":{"footnotes":""},"class_list":["post-26","page","type-page","status-publish","hentry"],"_links":{"self":[{"href":"https:\/\/www.harmoniedeblois.fr\/index.php?rest_route=\/wp\/v2\/pages\/26","targetHints":{"allow":["GET"]}}],"collection":[{"href":"https:\/\/www.harmoniedeblois.fr\/index.php?rest_route=\/wp\/v2\/pages"}],"about":[{"href":"https:\/\/www.harmoniedeblois.fr\/index.php?rest_route=\/wp\/v2\/types\/page"}],"author":[{"embeddable":true,"href":"https:\/\/www.harmoniedeblois.fr\/index.php?rest_route=\/wp\/v2\/users\/1"}],"replies":[{"embeddable":true,"href":"https:\/\/www.harmoniedeblois.fr\/index.php?rest_route=%2Fwp%2Fv2%2Fcomments&post=26"}],"version-history":[{"count":51,"href":"https:\/\/www.harmoniedeblois.fr\/index.php?rest_route=\/wp\/v2\/pages\/26\/revisions"}],"predecessor-version":[{"id":1183,"href":"https:\/\/www.harmoniedeblois.fr\/index.php?rest_route=\/wp\/v2\/pages\/26\/revisions\/1183"}],"wp:attachment":[{"href":"https:\/\/www.harmoniedeblois.fr\/index.php?rest_route=%2Fwp%2Fv2%2Fmedia&parent=26"}],"curies":[{"name":"wp","href":"https:\/\/api.w.org\/{rel}","templated":true}]}}