{"id":3,"date":"2008-05-17T16:54:39","date_gmt":"2008-05-17T14:54:39","guid":{"rendered":"http:\/\/jerome.tiphene.free.fr\/hdb\/?page_id=3"},"modified":"2026-01-11T20:14:14","modified_gmt":"2026-01-11T18:14:14","slug":"sur-les-origines-de-lharmonie-de-blois","status":"publish","type":"page","link":"https:\/\/www.harmoniedeblois.fr\/?page_id=3","title":{"rendered":"Sur les origines de l&rsquo;Harmonie de Blois&#8230;"},"content":{"rendered":"<p>A Blois, comme dans toute la France en cette seconde moiti\u00e9 du 19<sup>\u00e8me<\/sup> si\u00e8cle, se cr\u00e9ent diff\u00e9rentes soci\u00e9t\u00e9s musicales. Celles-ci contribuent alors tr\u00e8s largement au d\u00e9veloppement de la vie culturelle et notamment \u00e0 la diffusion et connaissance de la musique aupr\u00e8s des diff\u00e9rentes couches sociales de la population.<\/p>\n<p>C&rsquo;est ainsi qu&rsquo;en remontant le temps on retrouve \u00e0 Blois : la Soci\u00e9t\u00e9 Ste C\u00e9cile, dont la cr\u00e9ation se situe en 1850 &#8211; la Soci\u00e9t\u00e9 Philharmonique cr\u00e9\u00e9e en 1860 &#8211; L&rsquo;Orph\u00e9on de Blois cr\u00e9\u00e9 vers 1860, qui prend plus tard le nom d&rsquo;Harmonie de Blois. C&rsquo;est donc ici que se situe l&rsquo;origine de l&rsquo;harmonie actuelle. Vient ensuite la cr\u00e9ation de la Fanfare Viennoise vers 1870.<\/p>\n<p>C&rsquo;est en juillet 1921 que l&rsquo;Harmonie de Blois devient municipale, apr\u00e8s la fusion avec la Fanfare Viennoise. Fusion devenue n\u00e9cessaire apr\u00e8s l&rsquo;h\u00e9catombe dans les rangs des musiciens suite \u00e0 la guerre 14-18.<br \/>\nPlac\u00e9e sous la direction de Marcel MOREAU, professeur de violon, qui resta \u00e0 la t\u00eate de l&rsquo;Harmonie Municipale durant 20 ans, celle-ci obtint un prix d&rsquo;honneur au concours de Bordeaux en 1928. La soci\u00e9t\u00e9 comptait alors 75 ex\u00e9cutants. Marcel MOREAU dirigeait \u00e9galement la philharmonie.<\/p>\n<p>En 1931 l&rsquo;harmonie cr\u00e9e sa propre \u00e9cole de musique. Cette \u00e9cole qui assura la p\u00e9rennit\u00e9 de la soci\u00e9t\u00e9 fonctionna jusqu&rsquo;en 1963, date \u00e0 laquelle f\u00fbt cr\u00e9\u00e9 le conservatoire municipal de musique que dirigea Andr\u00e9 PIPELIER. Pour diverses raisons cette \u00e9cole a \u00e9t\u00e9 rouverte au sein de l&rsquo;Harmonie et forme toujours d&rsquo;excellents musiciens.<\/p>\n<p><strong>1860 &#8211; 2017. C&rsquo;est donc plus d&rsquo;un si\u00e8cle et demi d&rsquo;activit\u00e9 musicale continue sous plusieurs d\u00e9nominations, qui fait de l&rsquo;Harmonie la plus ancienne soci\u00e9t\u00e9 musicale de Blois toujours existante. <\/strong><\/p>\n<p>Les directeurs qui se sont succ\u00e9d\u00e9 :<\/p>\n<ul>\n<li>1920 \u00e0 1941 : Marcel MOREAU<\/li>\n<li>1941 \u00e0 1962 : Ren\u00e9 BATARD<\/li>\n<li>1963 \u00e0 1980 : Andr\u00e9 PIPELIER<\/li>\n<li>1980 \u00e0 1983 : Jean DARDENNE<\/li>\n<li>1983 \u00e0 1994 : Yvon BACHY<\/li>\n<\/ul>\n<p><strong>L&rsquo;Orchestre d&rsquo;Harmonie de Blois est dirig\u00e9 depuis le 1<sup>er<\/sup> ao\u00fbt 1994 par Vincent RIES, clarinettiste \u00e0 la musique de l&rsquo;Air de Paris. <\/strong><br \/>\nCette formation n&rsquo;a cess\u00e9 de se d\u00e9velopper, d&rsquo;am\u00e9liorer sa qualit\u00e9 musicale, de s&rsquo;enrichir d&rsquo;un r\u00e9pertoire nouveau. Elle figure aujourd&rsquo;hui parmi les meilleurs orchestres d&rsquo;harmonie de la r\u00e9gion et concourt avec succ\u00e8s \u00e0 l&rsquo;activit\u00e9 musicale de la ville de Blois.<br \/>\nElle est pr\u00e9sid\u00e9e par <strong>Rapha\u00ebl VAIVRE<\/strong> depuis novembre 2025, succ\u00e9dant \u00e0 <strong>Karine CAUQUIL<\/strong>, <strong>Dominique BUQUET<\/strong> et <strong>Pierre GATAULT<\/strong>, qui en assur\u00e8rent la pr\u00e9sidence pendant 8, 5 et 10 ans respectivement.<\/p>\n<p>Vous pouvez consulter les statuts de l&rsquo;association ici : <a title=\"Statuts de l'association\" href=\"http:\/\/harmoniedeblois.fr\/StatutsHdB2015.doc\">statuts<\/a>.<\/p>\n<p><a title=\"Images d'archive\" href=\"index.php?page_id=11\">Voir la suite&#8230; [Mot du pr\u00e9sident] &gt;<\/a><\/p>\n","protected":false},"excerpt":{"rendered":"<p>A Blois, comme dans toute la France en cette seconde moiti\u00e9 du 19\u00e8me si\u00e8cle, se cr\u00e9ent diff\u00e9rentes soci\u00e9t\u00e9s musicales. Celles-ci contribuent alors tr\u00e8s largement au d\u00e9veloppement de la vie culturelle et notamment \u00e0 la diffusion et connaissance de la musique aupr\u00e8s des diff\u00e9rentes couches sociales de la population. C&rsquo;est ainsi qu&rsquo;en remontant le temps on [&hellip;]<\/p>\n","protected":false},"author":1,"featured_media":0,"parent":0,"menu_order":0,"comment_status":"open","ping_status":"open","template":"","meta":{"footnotes":""},"class_list":["post-3","page","type-page","status-publish","hentry"],"_links":{"self":[{"href":"https:\/\/www.harmoniedeblois.fr\/index.php?rest_route=\/wp\/v2\/pages\/3","targetHints":{"allow":["GET"]}}],"collection":[{"href":"https:\/\/www.harmoniedeblois.fr\/index.php?rest_route=\/wp\/v2\/pages"}],"about":[{"href":"https:\/\/www.harmoniedeblois.fr\/index.php?rest_route=\/wp\/v2\/types\/page"}],"author":[{"embeddable":true,"href":"https:\/\/www.harmoniedeblois.fr\/index.php?rest_route=\/wp\/v2\/users\/1"}],"replies":[{"embeddable":true,"href":"https:\/\/www.harmoniedeblois.fr\/index.php?rest_route=%2Fwp%2Fv2%2Fcomments&post=3"}],"version-history":[{"count":9,"href":"https:\/\/www.harmoniedeblois.fr\/index.php?rest_route=\/wp\/v2\/pages\/3\/revisions"}],"predecessor-version":[{"id":1197,"href":"https:\/\/www.harmoniedeblois.fr\/index.php?rest_route=\/wp\/v2\/pages\/3\/revisions\/1197"}],"wp:attachment":[{"href":"https:\/\/www.harmoniedeblois.fr\/index.php?rest_route=%2Fwp%2Fv2%2Fmedia&parent=3"}],"curies":[{"name":"wp","href":"https:\/\/api.w.org\/{rel}","templated":true}]}}