{"id":38,"date":"2008-05-18T22:25:51","date_gmt":"2008-05-18T20:25:51","guid":{"rendered":"http:\/\/jerome.tiphene.free.fr\/hdb\/?page_id=38"},"modified":"2009-03-04T12:36:49","modified_gmt":"2009-03-04T11:36:49","slug":"vincent-ries","status":"publish","type":"page","link":"https:\/\/www.harmoniedeblois.fr\/?page_id=38","title":{"rendered":"Vincent RIES"},"content":{"rendered":"<div style=\"text-align: justify;\"><\/div>\n<div style=\"text-align: justify;\">Formation :<\/div>\n<div style=\"text-align: justify;\">\n<ul>\n<li>1984 : Premier Prix  de Clarinette \u00e0 l&rsquo;ENM d&rsquo;Aulnay sous Bois, dans la classe de M. Claude Desurmont.<br \/>\nPremier Prix \u00e0 l&rsquo;unanimit\u00e9 de la Ville de Paris au conservatoire du X\u00e8me arrondissement.<\/li>\n<li>1983 : Premier Prix \u00e0 l&rsquo;unanimit\u00e9 au Conservatoire Municipal de Blois.<\/li>\n<\/ul>\n<\/div>\n<hr \/>\n<div style=\"text-align: justify;\"><\/div>\n<div style=\"text-align: justify;\">Exp\u00e9rience :<\/div>\n<div style=\"text-align: justify;\">\n<ul>\n<li><strong>2002 : Orchestre National des Jeunes de la CMF<\/strong>, chef assistant, responsable clarinettes.<\/li>\n<li> <strong>1994 : <\/strong><strong>Directeur Musical de l&rsquo;Harmonie Municipale de Blois<\/strong> (encore \u00e0 ce jour),<\/li>\n<li><strong>1994 : Clarinette Basse \u00e0 la Musique de l&rsquo;Air de Paris<\/strong> (encore \u00e0 ce jour).<\/li>\n<li><strong>1981-2002 : <\/strong><strong>Professeur de clarinette dans diverses \u00e9coles de musique du Loir et Cher<\/strong> (Herbault, Mer, Onzain, Blois, La Chauss\u00e9e St Victor).<\/li>\n<\/ul>\n<\/div>\n<hr \/>\n<div style=\"text-align: justify;\"><\/div>\n<div style=\"text-align: justify;\">Informations compl\u00e9mentaires :<\/div>\n<div style=\"text-align: justify;\">\n<p>Animateur dans divers stages musicaux (Harmonie Estudiantine de l&rsquo;Acad\u00e9mie d&rsquo;Orl\u00e9ans-Tours, Orchestre D\u00e9partemental Junior de l&rsquo;UDESMA 41, Responsable Bois de l&rsquo;Orchestre symphonique d\u00e9partemental de l&rsquo;UDEM 41),<\/p>\n<p>Clarinettiste \u00e0 l&rsquo;Harmonie de l&rsquo;Association Jeunesse et Musique R\u00e9gion Centre pendant 12 ans,<\/p>\n<p>Clarinettiste dans diverses formations (Concerts Lamoureux, Quatuor \u00e0 cordes Tbilissi, Quatuor de  clarinettes Ebony, orchestre dixieland : <em>Dixie B\u00e9mol<\/em>, humour musical : <em>Les Quacophones<\/em>, Duo Sonate clarinette et piano avec Clotilde Madinier),<\/p>\n<p>J&rsquo;ai jou\u00e9 en soliste plusieurs pi\u00e8ces pour clarinette avec diverses formations (Harmonie Municipale de Blois, Harmonie Municipale de Vend\u00f4me, Orchestre de Chambre de Haute Normandie, Musique des Equipages de la Flotte de Brest).<\/p>\n<p><a href=\"?page_id=39\">[Lien vers la clarinette&#8230;]<\/a><\/p>\n<p style=\"text-align: right;\"><a title=\"Aller \u00e0 la fiche de l'instrument.\" href=\"?page_id=39\"><img loading=\"lazy\" decoding=\"async\" class=\"\" title=\"Vers l'instrument\" src=\"officiel\/images\/2008\/05\/instru.gif\" alt=\"Vers l'instrument\" width=\"19\" height=\"19\" \/><\/a> <a title=\"La clarinette\" href=\"?page_id=38\"><img loading=\"lazy\" decoding=\"async\" class=\"\" title=\"Clarinette\" src=\"officiel\/images\/2008\/05\/clarc.gif\" alt=\"Clarinette\" width=\"19\" height=\"19\" \/><\/a> <a title=\"La fl\u00fbte\" href=\"?page_id=40\"><img loading=\"lazy\" decoding=\"async\" class=\"\" title=\"Fl\u00fbte\" src=\"officiel\/images\/2008\/05\/flutc.gif\" alt=\"Fl\u00fbte\" width=\"19\" height=\"19\" \/><\/a> <a title=\"Les percussions\" href=\"?page_id=54\"><img loading=\"lazy\" decoding=\"async\" class=\"\" title=\"Percussions\" src=\"officiel\/images\/2008\/05\/percc.gif\" alt=\"Percussions\" width=\"19\" height=\"19\" \/><\/a> <a title=\"Le saxophone\" href=\"?page_id=50\"><img loading=\"lazy\" decoding=\"async\" class=\"\" title=\"Saxophone\" src=\"officiel\/images\/2008\/05\/saxoc.gif\" alt=\"Saxophone\" width=\"19\" height=\"19\" \/><\/a> <img loading=\"lazy\" decoding=\"async\" class=\"\" title=\"Trombone\" src=\"officiel\/images\/2008\/05\/tromc.gif\" alt=\"Trombone\" width=\"19\" height=\"19\" \/> <a title=\"La trompette\" href=\"?page_id=52\"><img loading=\"lazy\" decoding=\"async\" class=\"\" title=\"Trompette\" src=\"officiel\/images\/2008\/05\/trptc.gif\" alt=\"Trompette\" width=\"19\" height=\"19\" \/><\/a><\/p>\n<\/div>\n","protected":false},"excerpt":{"rendered":"<p>Formation : 1984 : Premier Prix de Clarinette \u00e0 l&rsquo;ENM d&rsquo;Aulnay sous Bois, dans la classe de M. Claude Desurmont. Premier Prix \u00e0 l&rsquo;unanimit\u00e9 de la Ville de Paris au conservatoire du X\u00e8me arrondissement. 1983 : Premier Prix \u00e0 l&rsquo;unanimit\u00e9 au Conservatoire Municipal de Blois. Exp\u00e9rience : 2002 : Orchestre National des Jeunes de la [&hellip;]<\/p>\n","protected":false},"author":1,"featured_media":0,"parent":65,"menu_order":0,"comment_status":"closed","ping_status":"closed","template":"","meta":{"footnotes":""},"class_list":["post-38","page","type-page","status-publish","hentry"],"_links":{"self":[{"href":"https:\/\/www.harmoniedeblois.fr\/index.php?rest_route=\/wp\/v2\/pages\/38","targetHints":{"allow":["GET"]}}],"collection":[{"href":"https:\/\/www.harmoniedeblois.fr\/index.php?rest_route=\/wp\/v2\/pages"}],"about":[{"href":"https:\/\/www.harmoniedeblois.fr\/index.php?rest_route=\/wp\/v2\/types\/page"}],"author":[{"embeddable":true,"href":"https:\/\/www.harmoniedeblois.fr\/index.php?rest_route=\/wp\/v2\/users\/1"}],"replies":[{"embeddable":true,"href":"https:\/\/www.harmoniedeblois.fr\/index.php?rest_route=%2Fwp%2Fv2%2Fcomments&post=38"}],"version-history":[{"count":2,"href":"https:\/\/www.harmoniedeblois.fr\/index.php?rest_route=\/wp\/v2\/pages\/38\/revisions"}],"predecessor-version":[{"id":341,"href":"https:\/\/www.harmoniedeblois.fr\/index.php?rest_route=\/wp\/v2\/pages\/38\/revisions\/341"}],"up":[{"embeddable":true,"href":"https:\/\/www.harmoniedeblois.fr\/index.php?rest_route=\/wp\/v2\/pages\/65"}],"wp:attachment":[{"href":"https:\/\/www.harmoniedeblois.fr\/index.php?rest_route=%2Fwp%2Fv2%2Fmedia&parent=38"}],"curies":[{"name":"wp","href":"https:\/\/api.w.org\/{rel}","templated":true}]}}