{"id":39,"date":"2008-05-18T22:35:05","date_gmt":"2008-05-18T20:35:05","guid":{"rendered":"http:\/\/jerome.tiphene.free.fr\/hdb\/?page_id=39"},"modified":"2009-03-04T21:20:00","modified_gmt":"2009-03-04T20:20:00","slug":"clarinette","status":"publish","type":"page","link":"https:\/\/www.harmoniedeblois.fr\/?page_id=39","title":{"rendered":"La Clarinette"},"content":{"rendered":"<p><a title=\"La clarinette Si\u266d\" rel=\"lightbox[clarinette]\" href=\"officiel\/images\/2008\/10\/clarinette.png\"><img loading=\"lazy\" decoding=\"async\" class=\"alignleft\" title=\"La clarinette\" src=\"officiel\/images\/2008\/10\/clarinette-36x300.png\" alt=\"La Clarinette\" width=\"22\" height=\"180\" \/><\/a><\/p>\n<p>La clarinette est un instrument de la famille des bois \u00e0 anche simple. Elle a \u00e9t\u00e9 cr\u00e9\u00e9e vers 1700 par Johann Christophe Denner (1655-1707) \u00e0 Nuremberg sur la base d&rsquo;un instrument \u00e0 anche simple plus ancien : le \u00ab chalumeau \u00bb. La clarinette en Si b\u00e9mol en est le mod\u00e8le le plus commun.<\/p>\n<p>La clarinette Si\u266d est \u00e0 l&rsquo;harmonie ce qu&rsquo;est le violon \u00e0 l&rsquo;orchestre symphonique. Ce pupitre est souvent situ\u00e9 \u00e0 gauche du chef d&rsquo;orchestre, c&rsquo;est-\u00e0-dire \u00e0 la m\u00eame place que les violons de l&rsquo;orchestre symphonique, face aux saxophones.<\/p>\n<p>La clarinette Basse est une clarinette sonnant exactement \u00e0 l&rsquo;octave inf\u00e9rieure de la clarinette en Si\u266d dont l\u2019origine remonte \u00e0 la deuxi\u00e8me moiti\u00e9 du XIX<sup>\u00e8me<\/sup> si\u00e8cle.<\/p>\n<div style=\"margin: 30px auto;text-align:center;width:220px;height:55px;\">\n<object width=\"220\" height=\"55\" type=\"application\/x-shockwave-flash\" data=\"http:\/\/www.deezer.com\/embedded\/small-widget-v2.swf?idSong=2411825&amp;colorBackground=0x525252&amp;textColor1=0xFFFFFF&amp;colorVolume=0x39D1FD&amp;autoplay=0\"><param name=\"movie\" value=\"http:\/\/www.deezer.com\/embedded\/small-widget-v2.swf?idSong=2411825&amp;colorBackground=0x525252&amp;textColor1=0xFFFFFF&amp;colorVolume=0x39D1FD&amp;autoplay=0\" \/><param name=\"wmode\" value=\"transparent\" \/><\/object>\n<\/div>\n<p><a href=\"index.php?page_id=38\"> <\/a><\/p>\n<p class=\"retourligne\"><a href=\"index.php?page_id=38\">[Lien vers Vincent Ri\u00e8s, professeur de clarinette&#8230;]<\/a><\/p>\n","protected":false},"excerpt":{"rendered":"<p>La clarinette est un instrument de la famille des bois \u00e0 anche simple. Elle a \u00e9t\u00e9 cr\u00e9\u00e9e vers 1700 par Johann Christophe Denner (1655-1707) \u00e0 Nuremberg sur la base d&rsquo;un instrument \u00e0 anche simple plus ancien : le \u00ab chalumeau \u00bb. La clarinette en Si b\u00e9mol en est le mod\u00e8le le plus commun. La clarinette [&hellip;]<\/p>\n","protected":false},"author":1,"featured_media":0,"parent":159,"menu_order":0,"comment_status":"closed","ping_status":"closed","template":"bois.php","meta":{"footnotes":""},"class_list":["post-39","page","type-page","status-publish","hentry"],"_links":{"self":[{"href":"https:\/\/www.harmoniedeblois.fr\/index.php?rest_route=\/wp\/v2\/pages\/39","targetHints":{"allow":["GET"]}}],"collection":[{"href":"https:\/\/www.harmoniedeblois.fr\/index.php?rest_route=\/wp\/v2\/pages"}],"about":[{"href":"https:\/\/www.harmoniedeblois.fr\/index.php?rest_route=\/wp\/v2\/types\/page"}],"author":[{"embeddable":true,"href":"https:\/\/www.harmoniedeblois.fr\/index.php?rest_route=\/wp\/v2\/users\/1"}],"replies":[{"embeddable":true,"href":"https:\/\/www.harmoniedeblois.fr\/index.php?rest_route=%2Fwp%2Fv2%2Fcomments&post=39"}],"version-history":[{"count":9,"href":"https:\/\/www.harmoniedeblois.fr\/index.php?rest_route=\/wp\/v2\/pages\/39\/revisions"}],"predecessor-version":[{"id":356,"href":"https:\/\/www.harmoniedeblois.fr\/index.php?rest_route=\/wp\/v2\/pages\/39\/revisions\/356"}],"up":[{"embeddable":true,"href":"https:\/\/www.harmoniedeblois.fr\/index.php?rest_route=\/wp\/v2\/pages\/159"}],"wp:attachment":[{"href":"https:\/\/www.harmoniedeblois.fr\/index.php?rest_route=%2Fwp%2Fv2%2Fmedia&parent=39"}],"curies":[{"name":"wp","href":"https:\/\/api.w.org\/{rel}","templated":true}]}}