{"id":41,"date":"2008-05-18T22:57:50","date_gmt":"2008-05-18T20:57:50","guid":{"rendered":"http:\/\/jerome.tiphene.free.fr\/hdb\/?page_id=41"},"modified":"2009-03-04T21:28:39","modified_gmt":"2009-03-04T20:28:39","slug":"lorraine-robertson","status":"publish","type":"page","link":"https:\/\/www.harmoniedeblois.fr\/?page_id=41","title":{"rendered":"La Fl\u00fbte Traversi\u00e8re"},"content":{"rendered":"<p><a rel=\"lightbox[flute]\" title=\"La fl\u00fbte traversi\u00e8re\" href=\"officiel\/images\/2008\/10\/flute.png\"><img loading=\"lazy\" decoding=\"async\" class=\"alignleft\" title=\"La fl\u00fbte traversi\u00e8re\" src=\"officiel\/images\/2008\/10\/flute-37x300.png\" alt=\"La Fl\u00fbte Traversi\u00e8re\" width=\"37\" height=\"300\" \/><\/a><\/p>\n<p>La fl\u00fbte traversi\u00e8re est un instrument de la famille des bois. Le terme de traversi\u00e8re est li\u00e9 \u00e0 la position de jeu de l&rsquo;instrument (par opposition \u00e0 de nombreuses autres fl\u00fbtes, la fl\u00fbte \u00e0 bec en particulier) : l&rsquo;instrument est jou\u00e9 de mani\u00e8re lat\u00e9rale \u00e0 l&rsquo;axe du fl\u00fbtiste.<\/p>\n<p><a rel=\"lightbox[flute]\" title=\"Le piccolo\" href=\"officiel\/images\/2008\/10\/piccolo.png\"><img loading=\"lazy\" decoding=\"async\" class=\"alignright\" title=\"Le piccolo\" src=\"officiel\/images\/2008\/10\/piccolo-47x300.png\" alt=\"Le Piccolo\" width=\"23\" height=\"150\" \/><\/a><br \/>\nElle serait apparue en Chine, puis en Occident au Moyen \u00c2ge (XII<sup>\u00e8me<\/sup> si\u00e8cle). Les premi\u00e8res descriptions ne datent cependant que du XVI<sup>\u00e8me<\/sup> si\u00e8cle, p\u00e9riode \u00e0 laquelle on l&rsquo;appelait \u00abfl\u00fbte d&rsquo;allemand\u00bb. Dans la seconde moiti\u00e9 du XVII<sup>\u00e8me<\/sup> si\u00e8cle, Lully introduit la fl\u00fbte traversi\u00e8re dans l&rsquo;orchestre d&rsquo;op\u00e9ra et \u00e0 partir du XVIII<sup>\u00e8me<\/sup> si\u00e8cle, l&rsquo;instrument se voit assigner une fonction importante de soliste, en raison de sa sonorit\u00e9 et de son agilit\u00e9.<\/p>\n<p>Le piccolo, appartenant \u00e0 la famille de la fl\u00fbte traversi\u00e8re, est \u00e9galement appel\u00e9 petite fl\u00fbte. Beaucoup plus petit que la grande fl\u00fbte (il fait \u00e0 peu pr\u00e8s la moiti\u00e9 de sa taille), il sonne \u00e0 l&rsquo;octave sup\u00e9rieure. Cela en fait l&rsquo;instrument le plus aigu de l&rsquo;orchestre, et son timbre, particuli\u00e8rement p\u00e9n\u00e9trant, le rend bien audible au-dessus de celui-ci.<\/p>\n<div style=\"margin: 30px auto;text-align:center;width:220px;height:55px;\">\n<object width=\"220\" height=\"55\" type=\"application\/x-shockwave-flash\" data=\"http:\/\/www.deezer.com\/embedded\/small-widget-v2.swf?idSong=1081840&amp;colorBackground=0x525252&amp;textColor1=0xFFFFFF&amp;colorVolume=0x39D1FD&amp;autoplay=0\"><param name=\"movie\" value=\"http:\/\/www.deezer.com\/embedded\/small-widget-v2.swf?idSong=1081840&amp;colorBackground=0x525252&amp;textColor1=0xFFFFFF&amp;colorVolume=0x39D1FD&amp;autoplay=0\" \/><param name=\"wmode\" value=\"transparent\" \/><\/object>\n<\/div>\n<p class=\"retourligne\"><a href=\"?page_id=40\">[Lien vers Lorraine Robertson, professeur de fl\u00fbte&#8230;]<\/a><\/p>\n","protected":false},"excerpt":{"rendered":"<p>La fl\u00fbte traversi\u00e8re est un instrument de la famille des bois. Le terme de traversi\u00e8re est li\u00e9 \u00e0 la position de jeu de l&rsquo;instrument (par opposition \u00e0 de nombreuses autres fl\u00fbtes, la fl\u00fbte \u00e0 bec en particulier) : l&rsquo;instrument est jou\u00e9 de mani\u00e8re lat\u00e9rale \u00e0 l&rsquo;axe du fl\u00fbtiste. Elle serait apparue en Chine, puis en [&hellip;]<\/p>\n","protected":false},"author":1,"featured_media":0,"parent":159,"menu_order":0,"comment_status":"closed","ping_status":"closed","template":"bois.php","meta":{"footnotes":""},"class_list":["post-41","page","type-page","status-publish","hentry"],"_links":{"self":[{"href":"https:\/\/www.harmoniedeblois.fr\/index.php?rest_route=\/wp\/v2\/pages\/41","targetHints":{"allow":["GET"]}}],"collection":[{"href":"https:\/\/www.harmoniedeblois.fr\/index.php?rest_route=\/wp\/v2\/pages"}],"about":[{"href":"https:\/\/www.harmoniedeblois.fr\/index.php?rest_route=\/wp\/v2\/types\/page"}],"author":[{"embeddable":true,"href":"https:\/\/www.harmoniedeblois.fr\/index.php?rest_route=\/wp\/v2\/users\/1"}],"replies":[{"embeddable":true,"href":"https:\/\/www.harmoniedeblois.fr\/index.php?rest_route=%2Fwp%2Fv2%2Fcomments&post=41"}],"version-history":[{"count":3,"href":"https:\/\/www.harmoniedeblois.fr\/index.php?rest_route=\/wp\/v2\/pages\/41\/revisions"}],"predecessor-version":[{"id":362,"href":"https:\/\/www.harmoniedeblois.fr\/index.php?rest_route=\/wp\/v2\/pages\/41\/revisions\/362"}],"up":[{"embeddable":true,"href":"https:\/\/www.harmoniedeblois.fr\/index.php?rest_route=\/wp\/v2\/pages\/159"}],"wp:attachment":[{"href":"https:\/\/www.harmoniedeblois.fr\/index.php?rest_route=%2Fwp%2Fv2%2Fmedia&parent=41"}],"curies":[{"name":"wp","href":"https:\/\/api.w.org\/{rel}","templated":true}]}}