{"id":439,"date":"2009-03-08T18:57:09","date_gmt":"2009-03-08T17:57:09","guid":{"rendered":"http:\/\/www.harmoniedeblois.fr\/?page_id=439"},"modified":"2014-04-11T19:24:08","modified_gmt":"2014-04-11T17:24:08","slug":"concours-de-photo","status":"publish","type":"page","link":"https:\/\/www.harmoniedeblois.fr\/?page_id=439","title":{"rendered":"Concours de photos"},"content":{"rendered":"<p>Depuis le concert de No&euml;l 2008, nous lan\u00e7ons un concours de photos.<br \/>Tout le monde peut nous envoyer une s\u00e9rie de photos d&rsquo;un concert donn\u00e9, et gagner ainsi des places gratuites pour le prochain.<\/p>\n<p>Vous trouverez ici les trois photos qui ont \u00e9t\u00e9 s\u00e9lectionn\u00e9es gagnantes, pour chaque session.<br \/>Pour l&rsquo;instant, cette rubrique est maigre, mais il ne tient qu&rsquo;\u00e0 vous qu&rsquo;elle se remplisse.<br \/>Alors, envoyez nous vos photos apr\u00e8s chaque concert sur <a href=\"mailto:concours@harmoniedeblois.fr\">concours@harmoniedeblois.fr<\/a>.<\/p>\n<h3>2008<\/h3>\n<div class=\"media\">\n<p><strong>Concert de No&euml;l (chaque photographe a gagn\u00e9 4 places pour le concert de printemps 2009) :<\/strong><\/p>\n<div class=\"media_images\">\n<a title=\"Photographe : Alain PEPIN (Chambray les Tours)\" href=\"officiel\/images\/concours\/concours_0812-3.jpg\" rel=\"lightbox[concours0812]\"><img loading=\"lazy\" decoding=\"async\" src=\"officiel\/images\/concours\/tn_concours_0812-3.jpg\" alt=\"\" width=\"60\" height=\"60\" \/><\/a><a title=\"Photographe : Astrid LEMAIRE (La Chapelle St Martin)\" href=\"officiel\/images\/concours\/concours_0812-1.jpg\" rel=\"lightbox[concours0812]\"><img loading=\"lazy\" decoding=\"async\" src=\"officiel\/images\/concours\/tn_concours_0812-1.jpg\" alt=\"\" width=\"60\" height=\"60\" \/><\/a><a title=\"Photographe : Elvina L. (Les Ulis)\" href=\"officiel\/images\/concours\/concours_0812-2.jpg\" rel=\"lightbox[concours0812]\"><img loading=\"lazy\" decoding=\"async\" src=\"officiel\/images\/concours\/tn_concours_0812-2.jpg\" alt=\"\" width=\"60\" height=\"60\" \/><\/a>\n<\/div>\n<\/div>\n<h3>2009<\/h3>\n<div class=\"media\">\n<p><strong>Concert de printemps (chaque photographe a gagn\u00e9 2 places pour le concert de No\u00ebl) :<\/strong><\/p>\n<div class=\"media_images\">\n<a title=\"Photographe : Alain PEPIN (Chambray les Tours)\" href=\"officiel\/images\/concours\/concours_0903-1.jpg\" rel=\"lightbox[concours0903]\"><img loading=\"lazy\" decoding=\"async\" src=\"officiel\/images\/concours\/tn_concours_0903-1.jpg\" alt=\"\" width=\"60\" height=\"60\" \/><\/a><a title=\"Photographe : Christophe S. (Landes-le-Gaulois)\" href=\"officiel\/images\/concours\/concours_0903-2.jpg\" rel=\"lightbox[concours0903]\"><img loading=\"lazy\" decoding=\"async\" src=\"officiel\/images\/concours\/tn_concours_0903-2.jpg\" alt=\"\" width=\"60\" height=\"60\" \/><\/a><a title=\"Photographe : Elvina L. (Les Ulis)\" href=\"officiel\/images\/concours\/concours_0903-3.jpg\" rel=\"lightbox[concours0903]\"><img loading=\"lazy\" decoding=\"async\" src=\"officiel\/images\/concours\/tn_concours_0903-3.jpg\" alt=\"\" width=\"60\" height=\"60\" \/><\/a>\n<\/div>\n<p><strong>Concert de No\u00ebl (chaque photographe a gagn\u00e9 2 places pour le concert de printemps 2010) :<\/strong><\/p>\n<div class=\"media_images\">\n<a title=\"Photographe : Jo&euml;lle Y. (La Chauss\u00e9e St Victor)\" href=\"officiel\/images\/concours\/concours_0912-1.jpg\" rel=\"lightbox[concours0912]\"><img loading=\"lazy\" decoding=\"async\" src=\"officiel\/images\/concours\/tn_concours_0912-1.jpg\" alt=\"\" width=\"60\" height=\"60\" \/><\/a><a title=\"Photographe : Astrid L.\" href=\"officiel\/images\/concours\/concours_0912-2.jpg\" rel=\"lightbox[concours0912]\"><img loading=\"lazy\" decoding=\"async\" src=\"officiel\/images\/concours\/tn_concours_0912-2.jpg\" alt=\"\" width=\"60\" height=\"60\" \/><\/a><a title=\"Photographe : Jo&euml;lle Y. (La Chauss\u00e9e St Victor)\" href=\"officiel\/images\/concours\/concours_0912-3.jpg\" rel=\"lightbox[concours0912]\"><img loading=\"lazy\" decoding=\"async\" src=\"officiel\/images\/concours\/tn_concours_0912-3.jpg\" alt=\"\" width=\"60\" height=\"60\" \/><\/a>\n<\/div>\n<\/div>\n<h3>2010<\/h3>\n<div class=\"media\">\n<p><strong>Concert de No\u00ebl (chaque photographe a gagn\u00e9 2 places pour le concert de printemps 2011) :<\/strong><\/p>\n<div class=\"media_images\">\n<a title=\"Photographe : JP-Adine (41330)\" href=\"officiel\/images\/concours\/concours_1012-1.jpg\" rel=\"lightbox[concours1012]\"><img loading=\"lazy\" decoding=\"async\" src=\"officiel\/images\/concours\/tn_concours_1012-1.jpg\" alt=\"\" width=\"60\" height=\"60\" \/><\/a><a title=\"Photographe : Jean-Claude B. (La Chauss\u00e9e St Victor)\" href=\"officiel\/images\/concours\/concours_1012-2.jpg\" rel=\"lightbox[concours1012]\"><img loading=\"lazy\" decoding=\"async\" src=\"officiel\/images\/concours\/tn_concours_1012-2.jpg\" alt=\"\" width=\"60\" height=\"60\" \/><\/a><a title=\"Photographe : Estelle D. (St Sulpice de Pommeray)\" href=\"officiel\/images\/concours\/concours_1012-3.jpg\" rel=\"lightbox[concours1012]\"><img loading=\"lazy\" decoding=\"async\" src=\"officiel\/images\/concours\/tn_concours_1012-3.jpg\" alt=\"\" width=\"60\" height=\"60\" \/><\/a>\n<\/div>\n<\/div>\n<h3>2011<\/h3>\n<div class=\"media\">\n<p><strong>Concert de printemps (chaque photographe a gagn\u00e9 2 places pour le concert de No\u00ebl) :<\/strong><\/p>\n<div class=\"media_images\">\n<a title=\"Photographe :  JP-Adine (41330)\" href=\"officiel\/images\/concours\/concours_1104-1.jpg\" rel=\"lightbox[concours1104]\"><img loading=\"lazy\" decoding=\"async\" src=\"officiel\/images\/concours\/tn_concours_1104-1.jpg\" alt=\"\" width=\"60\" height=\"60\" \/><\/a><a title=\"Photographe :  JP-Adine (41330)\" href=\"officiel\/images\/concours\/concours_1104-2.jpg\" rel=\"lightbox[concours1104]\"><img loading=\"lazy\" decoding=\"async\" src=\"officiel\/images\/concours\/tn_concours_1104-2.jpg\" alt=\"\" width=\"60\" height=\"60\" \/><\/a><a title=\"Photographe :  JP-Adine (41330)\" href=\"officiel\/images\/concours\/concours_1104-3.jpg\" rel=\"lightbox[concours1104]\"><img loading=\"lazy\" decoding=\"async\" src=\"officiel\/images\/concours\/tn_concours_1104-3.jpg\" alt=\"\" width=\"60\" height=\"60\" \/><\/a>\n<\/div>\n<p><strong>Concert de No\u00ebl (chaque photographe a gagn\u00e9 2 places pour le concert de printemps 2012) :<\/strong><\/p>\n<div class=\"media_images\">\n<a title=\"Photographe :  Fanny G.\" href=\"officiel\/images\/concours\/concours_1112-1.jpg\" rel=\"lightbox[concours1112]\"><img loading=\"lazy\" decoding=\"async\" src=\"officiel\/images\/concours\/tn_concours_1112-1.jpg\" alt=\"\" width=\"60\" height=\"60\" \/><\/a><a title=\"Photographe :  Fanny G.\" href=\"officiel\/images\/concours\/concours_1112-2.jpg\" rel=\"lightbox[concours1112]\"><img loading=\"lazy\" decoding=\"async\" src=\"officiel\/images\/concours\/tn_concours_1112-2.jpg\" alt=\"\" width=\"60\" height=\"60\" \/><\/a><a title=\"Photographe :  Fanny G.\" href=\"officiel\/images\/concours\/concours_1112-3.jpg\" rel=\"lightbox[concours1112]\"><img loading=\"lazy\" decoding=\"async\" src=\"officiel\/images\/concours\/tn_concours_1112-3.jpg\" alt=\"\" width=\"60\" height=\"60\" \/><\/a>\n<\/div>\n<\/div>\n<h3>2012<\/h3>\n<div class=\"media\">\n<p><strong>Concert de printemps (chaque photographe a gagn\u00e9 2 places pour le concert de No\u00ebl) :<\/strong><\/p>\n<div class=\"media_images\">\n<a title=\"Photographe :  Jennifer S. (41120)\" href=\"officiel\/images\/concours\/concours_1203-1.jpg\" rel=\"lightbox[concours1203]\"><img loading=\"lazy\" decoding=\"async\" src=\"officiel\/images\/concours\/tn_concours_1203-1.jpg\" alt=\"\" width=\"60\" height=\"60\" \/><\/a><a title=\"Photographe :  JP-Adine (41330)\" href=\"officiel\/images\/concours\/concours_1203-2.jpg\" rel=\"lightbox[concours1203]\"><img loading=\"lazy\" decoding=\"async\" src=\"officiel\/images\/concours\/tn_concours_1203-2.jpg\" alt=\"\" width=\"60\" height=\"60\" \/><\/a><a title=\"Photographe :  Jennifer S. (41120)\" href=\"officiel\/images\/concours\/concours_1203-3.jpg\" rel=\"lightbox[concours1203]\"><img loading=\"lazy\" decoding=\"async\" src=\"officiel\/images\/concours\/tn_concours_1203-3.jpg\" alt=\"\" width=\"60\" height=\"60\" \/><\/a>\n<\/div>\n<\/div>\n<h3>2013<\/h3>\n<div class=\"media\">\n<p><strong>Concert de printemps (chaque photographe a gagn\u00e9 2 places pour le concert de No\u00ebl) :<\/strong><\/p>\n<div class=\"media_images\">\n<a title=\"Photographe :  Patrice D. (75009)\" href=\"officiel\/images\/concours\/concours_1304-1.jpg\" rel=\"lightbox[concours1304]\"><img loading=\"lazy\" decoding=\"async\" src=\"officiel\/images\/concours\/tn_concours_1304-1.jpg\" alt=\"\" width=\"60\" height=\"60\" \/><\/a><a title=\"Photographe :  Martine M.\" href=\"officiel\/images\/concours\/concours_1304-2.jpg\" rel=\"lightbox[concours1304]\"><img loading=\"lazy\" decoding=\"async\" src=\"officiel\/images\/concours\/tn_concours_1304-2.jpg\" alt=\"\" width=\"60\" height=\"60\" \/><\/a><a title=\"Photographe :  Martine M.\" href=\"officiel\/images\/concours\/concours_1304-3.jpg\" rel=\"lightbox[concours1304]\"><img loading=\"lazy\" decoding=\"async\" src=\"officiel\/images\/concours\/tn_concours_1304-3.jpg\" alt=\"\" width=\"60\" height=\"60\" \/><\/a><\/p>\n<p><strong>Concert de No\u00ebl (chaque photographe a gagn\u00e9 2 places pour le concert de printemps 2014) :<\/strong><\/p>\n<div class=\"media_images\">\n<a title=\"Photographe : \" href=\"officiel\/images\/concours\/concours_1312-1.jpg\" rel=\"lightbox[concours1312]\"><img loading=\"lazy\" decoding=\"async\" src=\"officiel\/images\/concours\/tn_concours_1312-1.jpg\" alt=\"\" width=\"60\" height=\"60\" \/><\/a><a title=\"Photographe : Patrice D. (75009)\" href=\"officiel\/images\/concours\/concours_1312-2.jpg\" rel=\"lightbox[concours1312]\"><img loading=\"lazy\" decoding=\"async\" src=\"officiel\/images\/concours\/tn_concours_1312-2.jpg\" alt=\"\" width=\"60\" height=\"60\" \/><\/a><a title=\"Photographe : Emilie L.\" href=\"officiel\/images\/concours\/concours_1312-3.jpg\" rel=\"lightbox[concours1312]\"><img loading=\"lazy\" decoding=\"async\" src=\"officiel\/images\/concours\/tn_concours_1312-3.jpg\" alt=\"\" width=\"60\" height=\"60\" \/><\/a><\/div>\n<\/div>\n<\/div>\n","protected":false},"excerpt":{"rendered":"<p>Depuis le concert de No&euml;l 2008, nous lan\u00e7ons un concours de photos.Tout le monde peut nous envoyer une s\u00e9rie de photos d&rsquo;un concert donn\u00e9, et gagner ainsi des places gratuites pour le prochain. Vous trouverez ici les trois photos qui ont \u00e9t\u00e9 s\u00e9lectionn\u00e9es gagnantes, pour chaque session.Pour l&rsquo;instant, cette rubrique est maigre, mais il ne [&hellip;]<\/p>\n","protected":false},"author":1,"featured_media":0,"parent":0,"menu_order":0,"comment_status":"open","ping_status":"open","template":"","meta":{"footnotes":""},"class_list":["post-439","page","type-page","status-publish","hentry"],"_links":{"self":[{"href":"https:\/\/www.harmoniedeblois.fr\/index.php?rest_route=\/wp\/v2\/pages\/439","targetHints":{"allow":["GET"]}}],"collection":[{"href":"https:\/\/www.harmoniedeblois.fr\/index.php?rest_route=\/wp\/v2\/pages"}],"about":[{"href":"https:\/\/www.harmoniedeblois.fr\/index.php?rest_route=\/wp\/v2\/types\/page"}],"author":[{"embeddable":true,"href":"https:\/\/www.harmoniedeblois.fr\/index.php?rest_route=\/wp\/v2\/users\/1"}],"replies":[{"embeddable":true,"href":"https:\/\/www.harmoniedeblois.fr\/index.php?rest_route=%2Fwp%2Fv2%2Fcomments&post=439"}],"version-history":[{"count":27,"href":"https:\/\/www.harmoniedeblois.fr\/index.php?rest_route=\/wp\/v2\/pages\/439\/revisions"}],"predecessor-version":[{"id":728,"href":"https:\/\/www.harmoniedeblois.fr\/index.php?rest_route=\/wp\/v2\/pages\/439\/revisions\/728"}],"wp:attachment":[{"href":"https:\/\/www.harmoniedeblois.fr\/index.php?rest_route=%2Fwp%2Fv2%2Fmedia&parent=439"}],"curies":[{"name":"wp","href":"https:\/\/api.w.org\/{rel}","templated":true}]}}