{"id":49,"date":"2008-05-19T11:00:53","date_gmt":"2008-05-19T09:00:53","guid":{"rendered":"http:\/\/jerome.tiphene.free.fr\/hdb\/?page_id=49"},"modified":"2009-03-04T21:23:49","modified_gmt":"2009-03-04T20:23:49","slug":"didier-chateigne","status":"publish","type":"page","link":"https:\/\/www.harmoniedeblois.fr\/?page_id=49","title":{"rendered":"Le Saxophone"},"content":{"rendered":"<p><a title=\"Saxophone alto Mi&#9837;\" href=\"officiel\/images\/2008\/10\/saxo-alto.png\" rel=\"lightbox\"><img loading=\"lazy\" decoding=\"async\" class=\"alignleft\" title=\"Le saxophone alto\" src=\"officiel\/images\/2008\/10\/saxo-alto-134x300.png\" alt=\"Saxophone Alto\" width=\"109\" height=\"242\" \/><\/a><\/p>\n<p>Le saxophone est un instrument de musique \u00e0 vent appartenant \u00e0 la cat\u00e9gorie des bois. Il a \u00e9t\u00e9 brevet\u00e9 en 1846 par Adolphe Sax, en Belgique.<\/p>\n<p>Les plus utilis\u00e9s sont l&rsquo;alto (Mi&#9837;), le t\u00e9nor (Si&#9837;) et le baryton (Mi&#9837;). <br \/>Le saxophone soprano (Si&#9837;) se fait plus rare dans les formations d&rsquo;harmonie, mais il est utilis\u00e9 \u00e0 plusieurs reprises dans le r\u00e9pertoire de l&rsquo;Harmonie de Blois.<\/p>\n<p class=\"MsoNormal\">De par son invention tardive, et m\u00eame si des compositeurs comme Bizet ou Ravel ont reconnu ses m\u00e9rites et l\u2019ont parfois utilis\u00e9, le saxophone occupe une place assez marginale dans la musique classique et se trouve rarement repr\u00e9sent\u00e9 dans les orchestres symphoniques.<\/p>\n<p>Cependant, il reste incontestablement un instrument majeur du jazz, et la musique contemporaine en a fait l&rsquo;un de ses instruments f\u00e9tiches depuis les ann\u00e9es 1980, en soliste comme en petits ensembles.<\/p>\n<div style=\"margin: 30px auto;text-align:center;width:220px;height:55px;\">\n<object width=\"220\" height=\"55\" type=\"application\/x-shockwave-flash\" data=\"http:\/\/www.deezer.com\/embedded\/small-widget-v2.swf?idSong=1164217&amp;colorBackground=0x525252&amp;textColor1=0xFFFFFF&amp;colorVolume=0x39D1FD&amp;autoplay=0\"><param name=\"movie\" value=\"http:\/\/www.deezer.com\/embedded\/small-widget-v2.swf?idSong=1164217&amp;colorBackground=0x525252&amp;textColor1=0xFFFFFF&amp;colorVolume=0x39D1FD&amp;autoplay=0\" \/><param name=\"wmode\" value=\"transparent\" \/><\/object>\n<\/div>\n<p class=\"retourligne\"><a href=\"?page_id=50\">[Lien vers Didier Chateign\u00e9, professeur de saxophone&#8230;]<\/a><\/p>\n","protected":false},"excerpt":{"rendered":"<p>Le saxophone est un instrument de musique \u00e0 vent appartenant \u00e0 la cat\u00e9gorie des bois. Il a \u00e9t\u00e9 brevet\u00e9 en 1846 par Adolphe Sax, en Belgique. Les plus utilis\u00e9s sont l&rsquo;alto (Mi&#9837;), le t\u00e9nor (Si&#9837;) et le baryton (Mi&#9837;). Le saxophone soprano (Si&#9837;) se fait plus rare dans les formations d&rsquo;harmonie, mais il est utilis\u00e9 [&hellip;]<\/p>\n","protected":false},"author":1,"featured_media":0,"parent":159,"menu_order":0,"comment_status":"closed","ping_status":"closed","template":"bois.php","meta":{"footnotes":""},"class_list":["post-49","page","type-page","status-publish","hentry"],"_links":{"self":[{"href":"https:\/\/www.harmoniedeblois.fr\/index.php?rest_route=\/wp\/v2\/pages\/49","targetHints":{"allow":["GET"]}}],"collection":[{"href":"https:\/\/www.harmoniedeblois.fr\/index.php?rest_route=\/wp\/v2\/pages"}],"about":[{"href":"https:\/\/www.harmoniedeblois.fr\/index.php?rest_route=\/wp\/v2\/types\/page"}],"author":[{"embeddable":true,"href":"https:\/\/www.harmoniedeblois.fr\/index.php?rest_route=\/wp\/v2\/users\/1"}],"replies":[{"embeddable":true,"href":"https:\/\/www.harmoniedeblois.fr\/index.php?rest_route=%2Fwp%2Fv2%2Fcomments&post=49"}],"version-history":[{"count":6,"href":"https:\/\/www.harmoniedeblois.fr\/index.php?rest_route=\/wp\/v2\/pages\/49\/revisions"}],"predecessor-version":[{"id":245,"href":"https:\/\/www.harmoniedeblois.fr\/index.php?rest_route=\/wp\/v2\/pages\/49\/revisions\/245"}],"up":[{"embeddable":true,"href":"https:\/\/www.harmoniedeblois.fr\/index.php?rest_route=\/wp\/v2\/pages\/159"}],"wp:attachment":[{"href":"https:\/\/www.harmoniedeblois.fr\/index.php?rest_route=%2Fwp%2Fv2%2Fmedia&parent=49"}],"curies":[{"name":"wp","href":"https:\/\/api.w.org\/{rel}","templated":true}]}}