{"id":50,"date":"2008-05-19T11:03:52","date_gmt":"2008-05-19T09:03:52","guid":{"rendered":"http:\/\/jerome.tiphene.free.fr\/hdb\/?page_id=50"},"modified":"2018-12-18T15:14:15","modified_gmt":"2018-12-18T13:14:15","slug":"saxophone","status":"publish","type":"page","link":"https:\/\/www.harmoniedeblois.fr\/?page_id=50","title":{"rendered":"Didier CHATEIGNE"},"content":{"rendered":"<p style=\"text-align: justify;\">Professeur de saxophone depuis septembre 1985 \u00e0 l\u2019Harmonie de Blois.<\/p>\n<hr \/>\n<p style=\"text-align: justify;\">Titulaire de :<\/p>\n<ul>\n<li>Premier Prix d\u2019Excellence de saxophone des Hauts de Seine (1985)<\/li>\n<li>M\u00e9daille d\u2019Or de saxophone \u00e0 l\u2019unanimit\u00e9 au Conservatoire National de R\u00e9gion de Tours (1987)<\/li>\n<li>Premier Prix R\u00e9gional de saxophone \u00e0 Chartres (1988)<\/li>\n<li>Dipl\u00f4me d\u2019Etat de professeur de saxophone \u00e0 Reims (1998)<\/li>\n<\/ul>\n<hr \/>\n<p style=\"text-align: justify;\">De formation classique, ma participation \u00e0 plusieurs ensembles de jazz m\u2019a permis d\u2019aborder ce style de musique et de travailler l\u2019improvisation sur grilles et \u00e0 l\u2019oreille&#8230; Je dirige actuellement l&rsquo;Happy D&rsquo;jazz Band de l&rsquo;Harmonie de Blois, et tous les musiciens amateurs aimant le jazz sont les bienvenus au sein de notre formation. Nous r\u00e9p\u00e9tons tous les lundis soir de 20h45 \u00e0 22h00 en p\u00e9riode scolaire.<\/p>\n<p><a href=\"?page_id=49\">[Lien vers le saxophone&#8230;]<\/a><\/p>\n<p style=\"text-align: right;\"><a title=\"Aller \u00e0 la fiche de l'instrument.\" href=\"?page_id=49\"><img loading=\"lazy\" decoding=\"async\" class=\"\" title=\"Vers l'instrument\" src=\"officiel\/images\/2008\/05\/instru.gif\" alt=\"Vers l'instrument\" width=\"19\" height=\"19\" \/><\/a> <a title=\"La clarinette\" href=\"?page_id=38\"><img loading=\"lazy\" decoding=\"async\" class=\"\" title=\"Clarinette\" src=\"officiel\/images\/2008\/05\/clarc.gif\" alt=\"Clarinette\" width=\"19\" height=\"19\" \/><\/a> <a title=\"La fl\u00fbte\" href=\"?page_id=40\"><img loading=\"lazy\" decoding=\"async\" class=\"\" title=\"Fl\u00fbte\" src=\"officiel\/images\/2008\/05\/flutc.gif\" alt=\"Fl\u00fbte\" width=\"19\" height=\"19\" \/><\/a> <a title=\"Les percussions\" href=\"?page_id=54\"><img loading=\"lazy\" decoding=\"async\" class=\"\" title=\"Percussions\" src=\"officiel\/images\/2008\/05\/percc.gif\" alt=\"Percussions\" width=\"19\" height=\"19\" \/><\/a> <a title=\"Le saxophone\" href=\"?page_id=50\"><img loading=\"lazy\" decoding=\"async\" class=\"\" title=\"Saxophone\" src=\"officiel\/images\/2008\/05\/saxoc.gif\" alt=\"Saxophone\" width=\"19\" height=\"19\" \/><\/a> <img loading=\"lazy\" decoding=\"async\" class=\"\" title=\"Trombone\" src=\"officiel\/images\/2008\/05\/tromc.gif\" alt=\"Trombone\" width=\"19\" height=\"19\" \/> <a title=\"La trompette\" href=\"?page_id=52\"><img loading=\"lazy\" decoding=\"async\" class=\"\" title=\"Trompette\" src=\"officiel\/images\/2008\/05\/trptc.gif\" alt=\"Trompette\" width=\"19\" height=\"19\" \/><\/a><\/p>\n","protected":false},"excerpt":{"rendered":"<p>Professeur de saxophone depuis septembre 1985 \u00e0 l\u2019Harmonie de Blois. Titulaire de : Premier Prix d\u2019Excellence de saxophone des Hauts de Seine (1985) M\u00e9daille d\u2019Or de saxophone \u00e0 l\u2019unanimit\u00e9 au Conservatoire National de R\u00e9gion de Tours (1987) Premier Prix R\u00e9gional de saxophone \u00e0 Chartres (1988) Dipl\u00f4me d\u2019Etat de professeur de saxophone \u00e0 Reims (1998) De [&hellip;]<\/p>\n","protected":false},"author":1,"featured_media":0,"parent":65,"menu_order":0,"comment_status":"closed","ping_status":"closed","template":"","meta":{"footnotes":""},"class_list":["post-50","page","type-page","status-publish","hentry"],"_links":{"self":[{"href":"https:\/\/www.harmoniedeblois.fr\/index.php?rest_route=\/wp\/v2\/pages\/50","targetHints":{"allow":["GET"]}}],"collection":[{"href":"https:\/\/www.harmoniedeblois.fr\/index.php?rest_route=\/wp\/v2\/pages"}],"about":[{"href":"https:\/\/www.harmoniedeblois.fr\/index.php?rest_route=\/wp\/v2\/types\/page"}],"author":[{"embeddable":true,"href":"https:\/\/www.harmoniedeblois.fr\/index.php?rest_route=\/wp\/v2\/users\/1"}],"replies":[{"embeddable":true,"href":"https:\/\/www.harmoniedeblois.fr\/index.php?rest_route=%2Fwp%2Fv2%2Fcomments&post=50"}],"version-history":[{"count":6,"href":"https:\/\/www.harmoniedeblois.fr\/index.php?rest_route=\/wp\/v2\/pages\/50\/revisions"}],"predecessor-version":[{"id":930,"href":"https:\/\/www.harmoniedeblois.fr\/index.php?rest_route=\/wp\/v2\/pages\/50\/revisions\/930"}],"up":[{"embeddable":true,"href":"https:\/\/www.harmoniedeblois.fr\/index.php?rest_route=\/wp\/v2\/pages\/65"}],"wp:attachment":[{"href":"https:\/\/www.harmoniedeblois.fr\/index.php?rest_route=%2Fwp%2Fv2%2Fmedia&parent=50"}],"curies":[{"name":"wp","href":"https:\/\/api.w.org\/{rel}","templated":true}]}}