{"id":51,"date":"2008-05-19T11:04:41","date_gmt":"2008-05-19T09:04:41","guid":{"rendered":"http:\/\/jerome.tiphene.free.fr\/hdb\/?page_id=51"},"modified":"2009-03-04T21:27:22","modified_gmt":"2009-03-04T20:27:22","slug":"trompette","status":"publish","type":"page","link":"https:\/\/www.harmoniedeblois.fr\/?page_id=51","title":{"rendered":"La Trompette"},"content":{"rendered":"<p>La trompette est un instrument de la famille des cuivres.<\/p>\n<p>La grande invention du XIX<sup>\u00e8me<\/sup> si\u00e8cle pour la trompette est le piston, invent\u00e9 vers 1815.<\/p>\n<p><a href=\"officiel\/images\/2008\/10\/trompette-piston.png\" rel=\"lightbox[trompette]\" title=\"Le principe du piston\"><img loading=\"lazy\" decoding=\"async\" src=\"officiel\/images\/2008\/10\/trompette-piston-115x48.png\" alt=\"Le principe du piston\" title=\"Le principe du piston\" width=\"115\" height=\"48\" class=\"centered\" \/><\/a><\/p>\n<p>La trompette \u00e0 pistons en si b\u00e9mol est celle qui est la plus utilis\u00e9e aujourd\u2019hui dans la plupart des pays.<\/p>\n<p><a href=\"officiel\/images\/2008\/10\/trompette.png\" rel=\"lightbox[trompette]\" title=\"La trompette Si&#9837;\"><img loading=\"lazy\" decoding=\"async\" src=\"officiel\/images\/2008\/10\/trompette-300x95.png\" alt=\"La trompette\" title=\"La trompette\" width=\"300\" height=\"95\" class=\"centered\" \/><\/a><\/p>\n<p>Il existe aussi des trompettes en Ut (encore tr\u00e8s utilis\u00e9es par les musiciens \u00ab\u00a0classiques\u00a0\u00bb fran\u00e7ais et pour l&rsquo;enseignement dans les conservatoires), en R\u00e9 et en Mi&#9837; et la trompette piccolo en Si&#9837; (souvent \u00e0 4 pistons) pour un registre plus \u00e9lev\u00e9, largement utilis\u00e9e dans la musique Baroque.<\/p>\n<div style=\"margin: 30px auto;text-align:center;width:220px;height:55px;\">\n<object width=\"220\" height=\"55\" type=\"application\/x-shockwave-flash\" data=\"http:\/\/www.deezer.com\/embedded\/small-widget-v2.swf?idSong=2152231&amp;colorBackground=0x525252&amp;textColor1=0xFFFFFF&amp;colorVolume=0x39D1FD&amp;autoplay=0\"><param name=\"movie\" value=\"http:\/\/www.deezer.com\/embedded\/small-widget-v2.swf?idSong=2152231&amp;colorBackground=0x525252&amp;textColor1=0xFFFFFF&amp;colorVolume=0x39D1FD&amp;autoplay=0\" \/><param name=\"wmode\" value=\"transparent\" \/><\/object>\n<\/div>\n<p class=\"retourligne\"><a href=\"index.php?page_id=52\">[Lien vers Christelle Houssard, professeur de trompette&#8230;]<\/a><\/p>\n","protected":false},"excerpt":{"rendered":"<p>La trompette est un instrument de la famille des cuivres. La grande invention du XIX\u00e8me si\u00e8cle pour la trompette est le piston, invent\u00e9 vers 1815. La trompette \u00e0 pistons en si b\u00e9mol est celle qui est la plus utilis\u00e9e aujourd\u2019hui dans la plupart des pays. Il existe aussi des trompettes en Ut (encore tr\u00e8s utilis\u00e9es [&hellip;]<\/p>\n","protected":false},"author":1,"featured_media":0,"parent":173,"menu_order":0,"comment_status":"closed","ping_status":"closed","template":"cuivres.php","meta":{"footnotes":""},"class_list":["post-51","page","type-page","status-publish","hentry"],"_links":{"self":[{"href":"https:\/\/www.harmoniedeblois.fr\/index.php?rest_route=\/wp\/v2\/pages\/51","targetHints":{"allow":["GET"]}}],"collection":[{"href":"https:\/\/www.harmoniedeblois.fr\/index.php?rest_route=\/wp\/v2\/pages"}],"about":[{"href":"https:\/\/www.harmoniedeblois.fr\/index.php?rest_route=\/wp\/v2\/types\/page"}],"author":[{"embeddable":true,"href":"https:\/\/www.harmoniedeblois.fr\/index.php?rest_route=\/wp\/v2\/users\/1"}],"replies":[{"embeddable":true,"href":"https:\/\/www.harmoniedeblois.fr\/index.php?rest_route=%2Fwp%2Fv2%2Fcomments&post=51"}],"version-history":[{"count":4,"href":"https:\/\/www.harmoniedeblois.fr\/index.php?rest_route=\/wp\/v2\/pages\/51\/revisions"}],"predecessor-version":[{"id":361,"href":"https:\/\/www.harmoniedeblois.fr\/index.php?rest_route=\/wp\/v2\/pages\/51\/revisions\/361"}],"up":[{"embeddable":true,"href":"https:\/\/www.harmoniedeblois.fr\/index.php?rest_route=\/wp\/v2\/pages\/173"}],"wp:attachment":[{"href":"https:\/\/www.harmoniedeblois.fr\/index.php?rest_route=%2Fwp%2Fv2%2Fmedia&parent=51"}],"curies":[{"name":"wp","href":"https:\/\/api.w.org\/{rel}","templated":true}]}}