{"id":52,"date":"2008-05-19T11:05:42","date_gmt":"2008-05-19T09:05:42","guid":{"rendered":"http:\/\/jerome.tiphene.free.fr\/hdb\/?page_id=52"},"modified":"2009-03-04T12:43:21","modified_gmt":"2009-03-04T11:43:21","slug":"christelle-houssard","status":"publish","type":"page","link":"https:\/\/www.harmoniedeblois.fr\/?page_id=52","title":{"rendered":"Christelle HOUSSARD"},"content":{"rendered":"<div style=\"text-align: justify;\">Qualifications :<\/p>\n<p>Comp\u00e9tences musicales, sens du contact humain, souci permanent de favoriser une relation professeur \/ \u00e9l\u00e8ve riche et harmonieuse, envie d\u2019int\u00e9grer une \u00e9quipe p\u00e9dagogique dans le but de cr\u00e9er une synergie cherchant l\u2019\u00e9panouissement culturel des \u00e9l\u00e8ves.<\/p>\n<\/div>\n<div style=\"text-align: justify;\"><\/div>\n<hr \/>\n<div style=\"text-align: justify;\"><\/div>\n<div style=\"text-align: justify;\">Formation :<\/p>\n<\/div>\n<div style=\"text-align: justify;\">\n<table border=\"0\">\n<tbody>\n<tr>\n<td>2003<\/td>\n<td>1er prix de trompette.<\/td>\n<\/tr>\n<tr>\n<td>2002<\/td>\n<td>Prix de musique de chambre,<br \/>\nPrix de formation musicale,<br \/>\n2\u00e8me prix de trompette.<\/td>\n<\/tr>\n<tr>\n<td>2000<\/td>\n<td>Baccalaur\u00e9at section STT CG lyc\u00e9e DESSAIGNES \u00e0 BLOIS,<br \/>\nDipl\u00f4me d\u2019Etudes Musicales,  classe de formation musicale \u00e0 dominante instrument,<br \/>\nEntr\u00e9e en D E M de trompette cornet.<\/td>\n<\/tr>\n<tr>\n<td>1999<\/td>\n<td>Certificat de Fin d\u2019Etudes Musicales, classe de trompette, cornet.<\/td>\n<\/tr>\n<tr>\n<td>1997-2001<\/td>\n<td>Stages de trompette, cornet aux acad\u00e9mies de cuivres de BEAUMONT(Puy de D\u00f4me).<br \/>\nMaster classes de Pierre THIBAUD, Pierre GILLET, Marcel LAGORCE et Andr\u00e9 PRESLES.<br \/>\nStages de brass band \u00e0 SAINT-LAURENT DES EAUX sous la direction de James WATSON, Jan VAN DER ROOST et Christophe JEANBOURQUIN.<\/td>\n<\/tr>\n<\/tbody>\n<\/table>\n<\/div>\n<hr \/>\n<p>Exp\u00e9rience :<\/p>\n<table border=\"0\">\n<tbody>\n<tr>\n<td>1999<\/td>\n<td>Encadrement musical de l\u2019orchestre \u00e0 vents 1er cycle.<\/td>\n<\/tr>\n<tr>\n<td>1999-2001<\/td>\n<td>Membre de l\u2019ensemble de trompettes de BLOIS, se produisant de ce fait dans le d\u00e9partement (BLOIS, MER), en FRANCE (AUVERGNE) et \u00e0 l\u2019\u00e9tranger (ALLEMAGNE).<br \/>\nMembre de l\u2019ensemble Musiques d\u2019Avances, se produisant en orchestre symphonique et lors d\u2019op\u00e9ras pour enfants.<br \/>\n1\u00e8re trompette\/cornet \u00e0 l\u2019Harmonie Municipale de BLOIS.<\/td>\n<\/tr>\n<tr>\n<td>2000-2001<\/td>\n<td>Encadrement musical de l\u2019ensemble instrumental de FOSSE (direction et arrangements musicaux).<\/td>\n<\/tr>\n<tr>\n<td>2000<\/td>\n<td>Divers remplacements de cours de trompette dans des \u00e9coles de musiques de la r\u00e9gion.<\/td>\n<\/tr>\n<tr>\n<td>2001<\/td>\n<td>Professeur de trompette, cornet et de formation musicale \u00e0 l\u2019Ecole de Musique de l\u2019Harmonie Municipale de BLOIS.<br \/>\nProfesseur de formation musicale  \u00e0 l\u2019Ecole de musique de SAINT-DYE SUR LOIRE, MONTLIVAULT, MUIDES.<br \/>\nProfesseur de trompette \u00e0 l\u2019Ecole Municipale de musique de FOSSE.<br \/>\nProfesseur de trompette \u00e0 l\u2019Ecole Municipale de musique de VINEUIL.<\/td>\n<\/tr>\n<\/tbody>\n<\/table>\n<p><a href=\"?page_id=51\">[Lien vers la trompette&#8230;]<\/a><\/p>\n<p style=\"text-align: right;\"><a title=\"Aller \u00e0 la fiche de l'instrument.\" href=\"?page_id=51\"><img loading=\"lazy\" decoding=\"async\" class=\"\" title=\"Vers l'instrument\" src=\"officiel\/images\/2008\/05\/instru.gif\" alt=\"Vers l'instrument\" width=\"19\" height=\"19\" \/><\/a> <a title=\"La clarinette\" href=\"?page_id=38\"><img loading=\"lazy\" decoding=\"async\" class=\"\" title=\"Clarinette\" src=\"officiel\/images\/2008\/05\/clarc.gif\" alt=\"Clarinette\" width=\"19\" height=\"19\" \/><\/a> <a title=\"La fl\u00fbte\" href=\"?page_id=40\"><img loading=\"lazy\" decoding=\"async\" class=\"\" title=\"Fl\u00fbte\" src=\"officiel\/images\/2008\/05\/flutc.gif\" alt=\"Fl\u00fbte\" width=\"19\" height=\"19\" \/><\/a> <a title=\"Les percussions\" href=\"?page_id=54\"><img loading=\"lazy\" decoding=\"async\" class=\"\" title=\"Percussions\" src=\"officiel\/images\/2008\/05\/percc.gif\" alt=\"Percussions\" width=\"19\" height=\"19\" \/><\/a> <a title=\"Le saxophone\" href=\"?page_id=50\"><img loading=\"lazy\" decoding=\"async\" class=\"\" title=\"Saxophone\" src=\"officiel\/images\/2008\/05\/saxoc.gif\" alt=\"Saxophone\" width=\"19\" height=\"19\" \/><\/a> <img loading=\"lazy\" decoding=\"async\" class=\"\" title=\"Trombone\" src=\"officiel\/images\/2008\/05\/tromc.gif\" alt=\"Trombone\" width=\"19\" height=\"19\" \/> <a title=\"La trompette\" href=\"?page_id=52\"><img loading=\"lazy\" decoding=\"async\" class=\"\" title=\"Trompette\" src=\"officiel\/images\/2008\/05\/trptc.gif\" alt=\"Trompette\" width=\"19\" height=\"19\" \/><\/a><\/p>\n","protected":false},"excerpt":{"rendered":"<p>Qualifications : Comp\u00e9tences musicales, sens du contact humain, souci permanent de favoriser une relation professeur \/ \u00e9l\u00e8ve riche et harmonieuse, envie d\u2019int\u00e9grer une \u00e9quipe p\u00e9dagogique dans le but de cr\u00e9er une synergie cherchant l\u2019\u00e9panouissement culturel des \u00e9l\u00e8ves. Formation : 2003 1er prix de trompette. 2002 Prix de musique de chambre, Prix de formation musicale, 2\u00e8me [&hellip;]<\/p>\n","protected":false},"author":1,"featured_media":0,"parent":65,"menu_order":0,"comment_status":"closed","ping_status":"closed","template":"","meta":{"footnotes":""},"class_list":["post-52","page","type-page","status-publish","hentry"],"_links":{"self":[{"href":"https:\/\/www.harmoniedeblois.fr\/index.php?rest_route=\/wp\/v2\/pages\/52","targetHints":{"allow":["GET"]}}],"collection":[{"href":"https:\/\/www.harmoniedeblois.fr\/index.php?rest_route=\/wp\/v2\/pages"}],"about":[{"href":"https:\/\/www.harmoniedeblois.fr\/index.php?rest_route=\/wp\/v2\/types\/page"}],"author":[{"embeddable":true,"href":"https:\/\/www.harmoniedeblois.fr\/index.php?rest_route=\/wp\/v2\/users\/1"}],"replies":[{"embeddable":true,"href":"https:\/\/www.harmoniedeblois.fr\/index.php?rest_route=%2Fwp%2Fv2%2Fcomments&post=52"}],"version-history":[{"count":2,"href":"https:\/\/www.harmoniedeblois.fr\/index.php?rest_route=\/wp\/v2\/pages\/52\/revisions"}],"predecessor-version":[{"id":345,"href":"https:\/\/www.harmoniedeblois.fr\/index.php?rest_route=\/wp\/v2\/pages\/52\/revisions\/345"}],"up":[{"embeddable":true,"href":"https:\/\/www.harmoniedeblois.fr\/index.php?rest_route=\/wp\/v2\/pages\/65"}],"wp:attachment":[{"href":"https:\/\/www.harmoniedeblois.fr\/index.php?rest_route=%2Fwp%2Fv2%2Fmedia&parent=52"}],"curies":[{"name":"wp","href":"https:\/\/api.w.org\/{rel}","templated":true}]}}