{"id":522,"date":"2010-11-27T22:11:20","date_gmt":"2010-11-27T20:11:20","guid":{"rendered":"http:\/\/www.harmoniedeblois.fr\/?page_id=522"},"modified":"2012-05-02T21:57:38","modified_gmt":"2012-05-02T19:57:38","slug":"prochain-concert-noel-2010","status":"publish","type":"page","link":"https:\/\/www.harmoniedeblois.fr\/?page_id=522","title":{"rendered":"Concert de No\u00ebl 2010"},"content":{"rendered":"<p><a href=\"officiel\/images\/affiches\/HdB-101219.pdf\" target=\"_blank\"><img loading=\"lazy\" decoding=\"async\" src=\"officiel\/images\/affiches\/101219.jpg\" alt=\"Affiche du concert\" class=\"alignleft\" width=\"70\" height=\"100\"\/><\/a><\/p>\n<div class=\"descriptif_concert\">\n<p>Lieu : Halle aux Grains de Blois<\/p>\n<p>Date : 19 d\u00e9cembre 2010<\/p>\n<p>&nbsp;<\/p>\n<\/div>\n<h3 class=\"entracte\">Premi\u00e8re partie<\/h3>\n<div class=\"morceau\">\n<h4 class=\"morceau_titre\">Symphonie n\u00b09<br \/><span class=\"morceau_titre2\">dite \u201cSymphonie du Nouveau Monde\u201d<\/span><\/h4>\n<p class=\"morceau_compositeur\">Anton\u03afn Dvo\u0159\u00e1k<br \/><span class=\"morceau_arrangeur\">arr. Mark H. Hindsley<\/span><\/p>\n<div class=\"morceau_description\">\n<ol style=\"list-style-type:decimal;\" >\n<li>Adagio \u2013 Allegro molto<\/li>\n<li>Largo<\/li>\n<li>Molto vivace<\/li>\n<li>Allegro con fuoco<\/li>\n<\/ol>\n<p>Invit\u00e9 par Jeannette Thurber, riche citoyenne new-yorkaise, Anton\u03afn Dvo\u0159\u00e1k se rend en 1892 aux Etats-Unis pour y diriger le Conservatoire de New York. Ne s\u2019\u00e9panouissant gu\u00e8re dans la culture am\u00e9ricaine \u00ab\u00a0blanche\u00a0\u00bb, il c\u00f4toie plut\u00f4t des \u00e9migr\u00e9s des communaut\u00e9s Indienne et Noire. En 1893, il commence \u00e0 composer sa 9<sup>\u00e8me<\/sup> symphonie dans ce contexte, qu\u2019il terminera la m\u00eame ann\u00e9e.<\/p>\n<p>Dvo\u0159\u00e1k d\u00e9bute sa derni\u00e8re symphonie par un adagio \u00e9voquant plus l\u2019Am\u00e9rique rurale qu\u2019industrielle. L\u2019Allegro qui suit expose un th\u00e8me qui sera ensuite repris avec soin dans les mouvements suivants. <\/p>\n<p>Le second mouvement nous plonge dans une ambiance mystique avec ce c\u00e9l\u00e8bre solo de cor anglais :<br \/><img loading=\"lazy\" decoding=\"async\" src=\"officiel\/images\/concerts\/101219\/nouveau_monde.jpg\" alt=\"Extrait de la Symphonie du Nouveau Monde\" class=\"centered\" width=\"600\" height=\"156\"\/><br \/>Quelques mesures plus tard, Dvo\u0159\u00e1k nous rappelle sa Boh\u00e8me natale \u00e0 travers une intervention gaie du hautbois puis de la fl\u00fbte. <\/p>\n<p>La forme du 3<sup>\u00e8me<\/sup> mouvement est assez discut\u00e9e : il semble qu\u2019on ait affaire \u00e0 un Scherzo, mais Dvo\u0159\u00e1k indique seulement &laquo;Molto Vivace&raquo;. Il introduit par ailleurs une partie centrale diff\u00e9rente qui \u00e9voque une danse tch\u00e8que.<\/p>\n<p>La symphonie se termine par un 4<sup>\u00e8me<\/sup> mouvement brillant, r\u00e9capitulant des \u00e9l\u00e9ments d\u00e9j\u00e0 pr\u00e9sent\u00e9s pr\u00e9c\u00e9demment. L\u2019\u00e9nergie de ce dernier mouvement conduit \u00e9tonnamment \u00e0 un dernier accord plut\u00f4t interrogatif.<\/p>\n<p>Bien que cette symphonie soit une des plus jou\u00e9es, les musicologues ne s\u2019accordent pas sur la r\u00e9elle inspiration de Dvo\u0159\u00e1k. Il aurait en effet \u00e9t\u00e9 influenc\u00e9 par sa lecture d\u2019un po\u00e8me d&rsquo;Henry Wadsworth Longfellow, &laquo;Le Chant de Hiawatha&raquo;, qui raconte la vie d\u2019un Indien. Cependant, de nombreux \u00e9l\u00e9ments de la symphonie \u00e9voquent plut\u00f4t une ambiance rappelant plut\u00f4t le N\u00e9gro-Spiritual.<br \/>\nD\u00e9di\u00e9e \u00e0 Henry Burleigh, la Symphonie du Nouveau Monde sera cr\u00e9\u00e9e au Carnegie Hall le 16 d\u00e9cembre 1893 sous la direction d\u2019Anton Seidl.<\/p>\n<\/div>\n<\/div>\n<h3 class=\"entracte\">Deuxi&egrave;me partie<\/h3>\n<div class=\"morceau\">\n<h4 class=\"morceau_titre\">Clarinett \u201cJazzy\u201d Concertino<br \/><span class=\"morceau_titre2\">Cr\u00e9ation mondiale<\/span><\/h4>\n<p class=\"morceau_compositeur\">Andr\u00e9 Massarotti<\/p>\n<div class=\"morceau_description\">\n<p>Compositeur et arrangeur bl\u00e9sois, grand sp\u00e9cialiste du jazz, Andr\u00e9 Massarotti n\u2019en est plus \u00e0 son premier morceau jou\u00e9 par l\u2019Orchestre d\u2019Harmonie de Blois. Auparavant corniste sur les bancs de l\u2019orchestre, il reste un ami cher dont nous interpr\u00e9tons toujours les &oelig;uvres avec grand plaisir. <\/p>\n<p>Compos\u00e9 il y a d\u00e9j\u00e0 quelques ann\u00e9es, ce &laquo;Clarinett Jazzy Concertino&raquo; est jou\u00e9 pour la premi\u00e8re fois aujourd\u2019hui.<\/p>\n<\/div>\n<\/div>\n<hr\/>\n<div class=\"morceau\">\n<h4 class=\"morceau_titre\">The Isle of Calypso<br \/><span class=\"morceau_titre2\">3<sup>\u00e8me<\/sup> mouvement de la symphonie n\u00b02 &laquo;The Odyssey&raquo;<\/span><\/h4>\n<p class=\"morceau_compositeur\">Robert W. Smith<\/p>\n<div class=\"morceau_description\">\n<p>N\u00e9 en 1958, Robert W. Smith est un compositeur et arrangeur tr\u00e8s populaire aupr\u00e8s des orchestres am\u00e9ricains. Il a \u00e0 son actif plus de 400 morceaux, et a \u00e9t\u00e9 dipl\u00f4m\u00e9 de plusieurs universit\u00e9s am\u00e9ricaines. La diversit\u00e9 de ses &oelig;uvres lui permet d\u2019\u00eatre jou\u00e9 dans de nombreux contextes comme des \u00e9missions t\u00e9l\u00e9vis\u00e9es ou de grandes manifestations (parades, jeux olympiques, etc). En outre, Robert W. Smith enseigne \u00e0 l\u2019Universit\u00e9 de Harrisonburg dont il dirige l\u2019orchestre symphonique.<\/p>\n<p>&laquo;L\u2019Odyss\u00e9e&raquo; est sa seconde symphonie, inspir\u00e9e de l\u2019&oelig;uvre d\u2019Hom\u00e8re. Ce 3<sup>\u00e8me<\/sup> mouvement illustre la rencontre d\u2019Ulysse avec la nymphe Calypso, qui le recueille apr\u00e8s son naufrage et tombe \u00e9perdument amoureuse de lui. Elle le retiendra 7 ans sur son \u00eele. Le passage du temps est \u00e9voqu\u00e9 par le woodblock pendant toute la dur\u00e9e du morceau.<\/p>\n<\/div>\n<\/div>\n<hr\/>\n<div class=\"morceau\">\n<h4 class=\"morceau_titre\">Benny Goodman Memories<\/h4>\n<p class=\"morceau_compositeur\">Benny Goodman<br \/><span class=\"morceau_arrangeur\">arr. Naohiro Iwai<\/span><\/p>\n<div class=\"morceau_description\">\n<p>Benjamin David \u00ab\u00a0Benny\u00a0\u00bb Goodman est n\u00e9 en 1909 \u00e0 Chicago. Issu d\u2019une famille de juifs immigrants tr\u00e8s modestes, il commence \u00e0 \u00e9tudier la clarinette \u00e0 10 ans \u00e0 la Kehelah Jacob Synagogue. Son enthousiasme pour la musique et particuli\u00e8rement le jazz le conduira \u00e0 se professionnaliser \u00e0 14 ans.<\/p>\n<p>Apr\u00e8s avoir dirig\u00e9 et jou\u00e9 dans de nombreux orchestres, il cr\u00e9e le sien en 1934, avec plusieurs musiciens et arrangeurs c\u00e9l\u00e8bres de l\u2019\u00e9poque, qui l\u2019emm\u00e8nera au Carnegie Hall et le sacrera \u00ab\u00a0King of Swing\u00a0\u00bb. Il y embauche plus tard des musiciens noirs malgr\u00e9 une s\u00e9gr\u00e9gation raciale s\u00e9v\u00e8re.<\/p>\n<p>En parall\u00e8le du jazz, Benny Goodman a toujours pratiqu\u00e9 la musique classique, et a notamment command\u00e9 des &oelig;uvres pour clarinette \u00e0 B\u00e9la Bart\u00f3k, Aaron Copland ou Leonard Bernstein.<\/p>\n<\/div>\n<\/div>\n<div class=\"media_concert\">\n<p><strong>Photos disponibles :<\/strong><\/p>\n<div class=\"media_concert_images\"><a title=\" \" rel=\"lightbox[photo]\" href=\"officiel\/images\/concerts\/101219\/101219-01.jpg\"><img loading=\"lazy\" decoding=\"async\" src=\"officiel\/images\/concerts\/101219\/tn_101219-01.jpg\" alt=\"\" width=\"60\" height=\"60\" \/><\/a><a title=\" \" rel=\"lightbox[photo]\" href=\"officiel\/images\/concerts\/101219\/101219-02.jpg\"><img loading=\"lazy\" decoding=\"async\" src=\"officiel\/images\/concerts\/101219\/tn_101219-02.jpg\" alt=\"\" width=\"60\" height=\"60\" \/><\/a><a title=\" \" rel=\"lightbox[photo]\" href=\"officiel\/images\/concerts\/101219\/101219-03.jpg\"><img loading=\"lazy\" decoding=\"async\" src=\"officiel\/images\/concerts\/101219\/tn_101219-03.jpg\" alt=\"\" width=\"60\" height=\"60\" \/><\/a><a title=\" \" rel=\"lightbox[photo]\" href=\"officiel\/images\/concerts\/101219\/101219-04.jpg\"><img loading=\"lazy\" decoding=\"async\" src=\"officiel\/images\/concerts\/101219\/tn_101219-04.jpg\" alt=\"\" width=\"60\" height=\"60\" \/><\/a><a title=\" \" rel=\"lightbox[photo]\" href=\"officiel\/images\/concerts\/101219\/101219-05.jpg\"><img loading=\"lazy\" decoding=\"async\" src=\"officiel\/images\/concerts\/101219\/tn_101219-05.jpg\" alt=\"\" width=\"60\" height=\"60\" \/><\/a><a title=\" \" rel=\"lightbox[photo]\" href=\"officiel\/images\/concerts\/101219\/101219-06.jpg\"><img loading=\"lazy\" decoding=\"async\" src=\"officiel\/images\/concerts\/101219\/tn_101219-06.jpg\" alt=\"\" width=\"60\" height=\"60\" \/><\/a><a title=\" \" rel=\"lightbox[photo]\" href=\"officiel\/images\/concerts\/101219\/101219-07.jpg\"><img loading=\"lazy\" decoding=\"async\" src=\"officiel\/images\/concerts\/101219\/tn_101219-07.jpg\" alt=\"\" width=\"60\" height=\"60\" \/><\/a><a title=\" \" rel=\"lightbox[photo]\" href=\"officiel\/images\/concerts\/101219\/101219-08.jpg\"><img loading=\"lazy\" decoding=\"async\" src=\"officiel\/images\/concerts\/101219\/tn_101219-08.jpg\" alt=\"\" height=\"60\" width=\"60\" \/><\/a><a title=\" \" rel=\"lightbox[photo]\" href=\"officiel\/images\/concerts\/101219\/101219-09.jpg\"><img loading=\"lazy\" decoding=\"async\" src=\"officiel\/images\/concerts\/101219\/tn_101219-09.jpg\" alt=\"\" height=\"60\" width=\"60\" \/><\/a><a title=\" \" rel=\"lightbox[photo]\" href=\"officiel\/images\/concerts\/101219\/101219-10.jpg\"><img loading=\"lazy\" decoding=\"async\" src=\"officiel\/images\/concerts\/101219\/tn_101219-10.jpg\" alt=\"\" height=\"60\" width=\"60\" \/><\/a><a title=\" \" rel=\"lightbox[photo]\" href=\"officiel\/images\/concerts\/101219\/101219-11.jpg\"><img loading=\"lazy\" decoding=\"async\" src=\"officiel\/images\/concerts\/101219\/tn_101219-11.jpg\" alt=\"\" height=\"60\" width=\"60\" \/><\/a><a title=\" \" rel=\"lightbox[photo]\" href=\"officiel\/images\/concerts\/101219\/101219-12.jpg\"><img loading=\"lazy\" decoding=\"async\" src=\"officiel\/images\/concerts\/101219\/tn_101219-12.jpg\" alt=\"\" height=\"60\" width=\"60\" \/><\/a><a title=\" \" rel=\"lightbox[photo]\" href=\"officiel\/images\/concerts\/101219\/101219-13.jpg\"><img loading=\"lazy\" decoding=\"async\" src=\"officiel\/images\/concerts\/101219\/tn_101219-13.jpg\" alt=\"\" height=\"60\" width=\"60\" \/><\/a><a title=\" \" rel=\"lightbox[photo]\" href=\"officiel\/images\/concerts\/101219\/101219-14.jpg\"><img loading=\"lazy\" decoding=\"async\" src=\"officiel\/images\/concerts\/101219\/tn_101219-14.jpg\" alt=\"\" height=\"60\" width=\"60\" \/><\/a>\n<\/div>\n<p><strong>Articles de presse (\u00a9 <a href=\"http:\/\/www.lanouvellerepublique.fr\/\" target=\"_blank\">La Nouvelle R\u00e9publique<\/a> &#8211; <a href=\"http:\/\/www.larenaissance-41.com\/\" target=\"_blank\">La Renaissance du Loir et Cher<\/a>) : <\/strong><\/p>\n<div class=\"media_concert_presse\"><a title=\" \" rel=\"lightbox[presse]\" href=\"officiel\/images\/presse\/101219\/101219-01.jpg\"><img loading=\"lazy\" decoding=\"async\" src=\"officiel\/images\/presse\/101219\/tn_101219-01.jpg\" alt=\"\" width=\"120\" height=\"120\" \/><\/a><a title=\" \" rel=\"lightbox[presse]\" href=\"officiel\/images\/presse\/101219\/101219-02.jpg\"><img loading=\"lazy\" decoding=\"async\" src=\"officiel\/images\/presse\/101219\/tn_101219-02.jpg\" alt=\"\" width=\"120\" height=\"120\" \/><\/a><a title=\" \" rel=\"lightbox[presse]\" href=\"officiel\/images\/presse\/101219\/101219-03.jpg\"><img loading=\"lazy\" decoding=\"async\" src=\"officiel\/images\/presse\/101219\/tn_101219-03.jpg\" alt=\"\" width=\"120\" height=\"120\" \/><\/a><a title=\" \" rel=\"lightbox[presse]\" href=\"officiel\/images\/presse\/101219\/101219-04.jpg\"><img loading=\"lazy\" decoding=\"async\" src=\"officiel\/images\/presse\/101219\/tn_101219-04.jpg\" alt=\"\" width=\"120\" height=\"120\" \/><\/a><\/div>\n<\/div>\n","protected":false},"excerpt":{"rendered":"<p>Lieu : Halle aux Grains de Blois Date : 19 d\u00e9cembre 2010 &nbsp; Premi\u00e8re partie Symphonie n\u00b09dite \u201cSymphonie du Nouveau Monde\u201d Anton\u03afn Dvo\u0159\u00e1karr. Mark H. Hindsley Adagio \u2013 Allegro molto Largo Molto vivace Allegro con fuoco Invit\u00e9 par Jeannette Thurber, riche citoyenne new-yorkaise, Anton\u03afn Dvo\u0159\u00e1k se rend en 1892 aux Etats-Unis pour y diriger le [&hellip;]<\/p>\n","protected":false},"author":1,"featured_media":0,"parent":240,"menu_order":0,"comment_status":"open","ping_status":"open","template":"","meta":{"footnotes":""},"class_list":["post-522","page","type-page","status-publish","hentry"],"_links":{"self":[{"href":"https:\/\/www.harmoniedeblois.fr\/index.php?rest_route=\/wp\/v2\/pages\/522","targetHints":{"allow":["GET"]}}],"collection":[{"href":"https:\/\/www.harmoniedeblois.fr\/index.php?rest_route=\/wp\/v2\/pages"}],"about":[{"href":"https:\/\/www.harmoniedeblois.fr\/index.php?rest_route=\/wp\/v2\/types\/page"}],"author":[{"embeddable":true,"href":"https:\/\/www.harmoniedeblois.fr\/index.php?rest_route=\/wp\/v2\/users\/1"}],"replies":[{"embeddable":true,"href":"https:\/\/www.harmoniedeblois.fr\/index.php?rest_route=%2Fwp%2Fv2%2Fcomments&post=522"}],"version-history":[{"count":9,"href":"https:\/\/www.harmoniedeblois.fr\/index.php?rest_route=\/wp\/v2\/pages\/522\/revisions"}],"predecessor-version":[{"id":529,"href":"https:\/\/www.harmoniedeblois.fr\/index.php?rest_route=\/wp\/v2\/pages\/522\/revisions\/529"}],"up":[{"embeddable":true,"href":"https:\/\/www.harmoniedeblois.fr\/index.php?rest_route=\/wp\/v2\/pages\/240"}],"wp:attachment":[{"href":"https:\/\/www.harmoniedeblois.fr\/index.php?rest_route=%2Fwp%2Fv2%2Fmedia&parent=522"}],"curies":[{"name":"wp","href":"https:\/\/api.w.org\/{rel}","templated":true}]}}