{"id":53,"date":"2008-05-19T11:07:05","date_gmt":"2008-05-19T09:07:05","guid":{"rendered":"http:\/\/jerome.tiphene.free.fr\/hdb\/?page_id=53"},"modified":"2009-03-04T21:42:48","modified_gmt":"2009-03-04T20:42:48","slug":"percussion","status":"publish","type":"page","link":"https:\/\/www.harmoniedeblois.fr\/?page_id=53","title":{"rendered":"Les Percussions"},"content":{"rendered":"<p>Un instrument de percussion d\u00e9signe un instrument dont l&rsquo;\u00e9mission sonore r\u00e9sulte de la frappe ou du grattage d&rsquo;une membrane ou d&rsquo;un mat\u00e9riau r\u00e9sonant.<\/p>\n<p>Ils constitu\u00e8rent probablement les premiers instruments de musique et font partie int\u00e9grante de la plupart des genres musicaux.<\/p>\n<p>On distingue trois types de percussions :<\/p>\n<ul>\n<li>Les membranophones,<\/li>\n<li>Les idiophones,<\/li>\n<li>Les cordophones.<\/li>\n<\/ul>\n<p>Un <strong>membranophone<\/strong> est un instrument de percussion dont les sons sont produits par la vibration d&rsquo;une membrane tendue sur un cadre. La membrane peut \u00eatre frapp\u00e9e par une main ou par un instrument (baguettes, balais, etc.)<br \/>\n\t<em>ex : caisse claire, djemb\u00e9, grosse caisse, tam-tam, tambour, timbale\u2026<\/em><\/p>\n<p>Un <strong>idiophone<\/strong> est un instrument dont le mat\u00e9riau lui-m\u00eame produit le son lors d&rsquo;un impact, soit par un instrument ext\u00e9rieur (comme une baguette), soit par une autre partie de l&rsquo;instrument lui-m\u00eame.<br \/>\n\t<em>ex : cloche, cymbale, gong, marimba, triangle, xylophone\u2026<\/em><\/p>\n<p>Un <strong>cordophone<\/strong> est un instrument dans lequel le son est produit par la vibration d&rsquo;une ou plusieurs cordes.<br \/>\n\t<em>ex : piano<\/em><\/p>\n<div style=\"margin: 30px auto;text-align:center;width:220px;height:55px;\">\n<object width=\"220\" height=\"55\" type=\"application\/x-shockwave-flash\" data=\"http:\/\/www.deezer.com\/embedded\/small-widget-v2.swf?idSong=304355&amp;colorBackground=0x525252&amp;textColor1=0xFFFFFF&amp;colorVolume=0x39D1FD&amp;autoplay=0\"><param name=\"movie\" value=\"http:\/\/www.deezer.com\/embedded\/small-widget-v2.swf?idSong=304355&amp;colorBackground=0x525252&amp;textColor1=0xFFFFFF&amp;colorVolume=0x39D1FD&amp;autoplay=0\" \/><param name=\"wmode\" value=\"transparent\" \/><\/object>\n<\/div>\n<p><a href=\"index.php?page_id=54\">[Lien vers Johann Fiot, professeur de percussions&#8230;]<\/a><\/p>\n","protected":false},"excerpt":{"rendered":"<p>Un instrument de percussion d\u00e9signe un instrument dont l&rsquo;\u00e9mission sonore r\u00e9sulte de la frappe ou du grattage d&rsquo;une membrane ou d&rsquo;un mat\u00e9riau r\u00e9sonant. Ils constitu\u00e8rent probablement les premiers instruments de musique et font partie int\u00e9grante de la plupart des genres musicaux. On distingue trois types de percussions : Les membranophones, Les idiophones, Les cordophones. Un [&hellip;]<\/p>\n","protected":false},"author":1,"featured_media":0,"parent":0,"menu_order":0,"comment_status":"closed","ping_status":"closed","template":"","meta":{"footnotes":""},"class_list":["post-53","page","type-page","status-publish","hentry"],"_links":{"self":[{"href":"https:\/\/www.harmoniedeblois.fr\/index.php?rest_route=\/wp\/v2\/pages\/53","targetHints":{"allow":["GET"]}}],"collection":[{"href":"https:\/\/www.harmoniedeblois.fr\/index.php?rest_route=\/wp\/v2\/pages"}],"about":[{"href":"https:\/\/www.harmoniedeblois.fr\/index.php?rest_route=\/wp\/v2\/types\/page"}],"author":[{"embeddable":true,"href":"https:\/\/www.harmoniedeblois.fr\/index.php?rest_route=\/wp\/v2\/users\/1"}],"replies":[{"embeddable":true,"href":"https:\/\/www.harmoniedeblois.fr\/index.php?rest_route=%2Fwp%2Fv2%2Fcomments&post=53"}],"version-history":[{"count":6,"href":"https:\/\/www.harmoniedeblois.fr\/index.php?rest_route=\/wp\/v2\/pages\/53\/revisions"}],"predecessor-version":[{"id":370,"href":"https:\/\/www.harmoniedeblois.fr\/index.php?rest_route=\/wp\/v2\/pages\/53\/revisions\/370"}],"wp:attachment":[{"href":"https:\/\/www.harmoniedeblois.fr\/index.php?rest_route=%2Fwp%2Fv2%2Fmedia&parent=53"}],"curies":[{"name":"wp","href":"https:\/\/api.w.org\/{rel}","templated":true}]}}