{"id":569,"date":"2011-11-22T20:27:13","date_gmt":"2011-11-22T18:27:13","guid":{"rendered":"http:\/\/www.harmoniedeblois.fr\/?page_id=569"},"modified":"2012-03-28T09:48:10","modified_gmt":"2012-03-28T07:48:10","slug":"prochain-concert-noel-2011","status":"publish","type":"page","link":"https:\/\/www.harmoniedeblois.fr\/?page_id=569","title":{"rendered":"Concert de No\u00ebl 2011"},"content":{"rendered":"<p><a href=\"officiel\/images\/affiches\/HdB-111218.pdf\" target=\"_blank\"><img loading=\"lazy\" decoding=\"async\" src=\"officiel\/images\/affiches\/111218.jpg\" alt=\"Affiche du concert\" class=\"alignleft\" width=\"70\" height=\"100\"\/><\/a><\/p>\n<div class=\"descriptif_concert\">\n<p>Lieu : Halle aux Grains de Blois<\/p>\n<p>Date : 18 d\u00e9cembre 2011<\/p>\n<p>&nbsp;<\/p>\n<\/div>\n<h3 class=\"entracte\">Premi&egrave;re partie<\/h3>\n<div class=\"morceau\">\n<h4 class=\"morceau_titre\">Saturday Night Waltz<br \/><span class=\"morceau_titre2\">3<sup>\u00e8me<\/sup> mouvement de la suite Rodeo<\/span><\/h4>\n<p class=\"morceau_compositeur\">Aaron Copland<\/p>\n<div class=\"morceau_description\">\n<p>N\u00e9 \u00e0 Brooklyn (New York) en 1900 de parents \u00e9migr\u00e9s russes, Aaron Copland \u00e9tudie d&rsquo;abord le piano puis d\u00e9cide \u00e0 15 ans de devenir compositeur. En 1921, il se rend en France pour prendre des cours au Conservatoire Am\u00e9ricain de Fontainebleau avec Nadia Boulanger.<br \/>De retour aux Etats-Unis en 1924, il entame une triple carri\u00e8re de pianiste, compositeur et chef d&rsquo;orchestre. Il affectionne particuli\u00e8rement les sonorit\u00e9s typiques de son pays, comme le jazz, ce qui lui vaudra m\u00eame un scandale avec son \u00ab Concerto pour piano et orchestre \u00bb en 1927.<br \/>Couronn\u00e9 de multiples prix (le prix Pulitzer et m\u00eame un Oscar pour la musique du film \u00ab L&rsquo;H\u00e9riti\u00e8re \u00bb), ses &oelig;uvres illustrent parfaitement la musique am\u00e9ricaine, comme celle de son ami Leonard Bernstein. Il compose la suite Rodeo (extraite d&rsquo;un ballet en 5 mouvements) en 1942.<\/p>\n<\/div>\n<\/div>\n<hr\/>\n<div class=\"morceau\">\n<h4 class=\"morceau_titre\">Suite de Casse-Noisette<br \/><span class=\"morceau_titre2\">Op. 71a<\/span><\/h4>\n<p class=\"morceau_compositeur\">Piotr Ilitch Tcha\u00efvovski<br \/><span class=\"morceau_arrangeur\">arr. Mark H. Hindsley<\/span><\/p>\n<div class=\"morceau_description\">\n<ol style=\"list-style-type: upper-roman;\">\n<li>Ouverture miniature<\/li>\n<li>Danses caract\u00e9ristiques\n<ol style=\"list-style-type: lower-alpha;\">\n<li>Marche<\/li>\n<li>Danse de la F\u00e9e Drag\u00e9e<\/li>\n<li>Danse russe \u2013 Trepak<\/li>\n<li>Danse arabe<\/li>\n<li>Danse chinoise<\/li>\n<li>Danse des mirlitons<\/li>\n<\/ol>\n<\/li>\n<li>Valse des fleurs<\/li>\n<\/ol>\n<p>N\u00e9 en 1840 \u00e0 Votkinsk (Oural), Piotr Ilitch Tchaikovski commence le piano \u00e0 l&rsquo;\u00e2ge de 5 ans. Bien que tr\u00e8s dou\u00e9, il se destine \u00e0 une carri\u00e8re juridique. En 1859, il est engag\u00e9 comme secr\u00e9taire au Minist\u00e8re de la Justice de Saint-P\u00e9tersbourg mais envisage s\u00e9rieusement de faire de la musique son m\u00e9tier. C&rsquo;est en 1863 qu&rsquo;il prend cette d\u00e9cision en s&rsquo;inscrivant au Conservatoire de Saint-P\u00e9tersbourg, o\u00f9 il \u00e9tudie l&rsquo;orchestration avec Anton Rubinstein, et la composition avec N.I. Zaremba. Il joue par ailleurs du piano, de l&rsquo;orgue et de la fl\u00fbte. Il ne rejoindra jamais le \u00ab Groupe des 5 \u00bb bien que sa musique ait un caract\u00e8re russe tr\u00e8s marqu\u00e9.<br \/>Parmi ses oeuvres les plus connues, on peut citer \u00ab Rom\u00e9o et Juliette \u00bb (1869), \u00ab Le Lac des Cygnes \u00bb (1875-76) ou \u00ab Casse-Noisette \u00bb (1891-92).<\/p>\n<p>Casse-Noisette est un ballet de 2 actes dont le livret s&rsquo;inspire d&rsquo;une adaptation d&rsquo;Alexandre Dumas (en 1844) d&rsquo;un conte d&rsquo;Ernst Theodor Amadeus Hoffmann : \u00ab Casse-Noisette et le Roi des Souris \u00bb. Il fut cr\u00e9\u00e9 le 18 d\u00e9cembre 1892 \u00e0 Saint-P\u00e9tersbourg.<br \/>Tcha\u00efkovski arrangea lui-m\u00eame cette suite d&rsquo;extraits de la partition compl\u00e8te du ballet, qui a notamment \u00e9t\u00e9 utilis\u00e9e dans le film Fantasia de Walt Disney.<\/p>\n<\/div>\n<\/div>\n<h3 class=\"entracte\">Deuxi&egrave;me partie<\/h3>\n<div class=\"morceau\">\n<h4 class=\"morceau_titre\">Polish Christmas Music<br \/><span class=\"morceau_titre2\">Part I<\/span><\/h4>\n<p class=\"morceau_compositeur\">Johan de Meij<\/p>\n<div class=\"morceau_description\">\n<p>N\u00e9 en 1953 aux Pays-Bas, Johan De Meij a commenc\u00e9 sa carri\u00e8re en \u00e9tudiant le trombone au Conservatoire Royal de la Haye. Musicien accompli, il a jou\u00e9 pendant 14 ans dans l&rsquo;un des ensembles de cuivres les plus prestigieux d&rsquo;Europe : le Dutch Brass Sextet. Il est par ailleurs membre de plusieurs orchestres n\u00e9erlandais : \u00ab The Amsterdam Wind Orchestra \u00bb, \u00ab L&rsquo;Orchestre de Chambre de la Radio N\u00e9erlandaise \u00bb&#8230;<br \/>Parall\u00e8lement \u00e0 sa pratique du trombone, Johan De Meij a travaill\u00e9 la direction d&rsquo;orchestre. Il est souvent invit\u00e9 \u00e0 diriger des orchestres d&rsquo;harmonie et animer des master-class dans le monde entier, notamment en Europe ou au Japon. En outre, il se forge une solide r\u00e9putation dans le monde entier en tant que compositeur et arrangeur.<\/p>\n<\/div>\n<\/div>\n<hr\/>\n<div class=\"morceau\">\n<h4 class=\"morceau_titre\">Incantation et Dance<\/h4>\n<p class=\"morceau_compositeur\">John Barnes Chance<\/p>\n<div class=\"morceau_description\">\n<p>Compositeur am\u00e9ricain n\u00e9 en 1932 au Texas, John Barnes Chance commence tr\u00e8s t\u00f4t la composition, alors qu&rsquo;il est percussionniste dans l&rsquo;orchestre de son \u00e9cole. Apr\u00e8s des \u00e9tudes \u00e0 l&rsquo;Universit\u00e9 du Texas, il devient timbalier de l&rsquo;Austin Symphony Orchestra, puis int\u00e8gre des orchestres militaires.<br \/>Sa carri\u00e8re sera malheureusement courte (il s&rsquo;\u00e9lectrocutera \u00e0 l&rsquo;\u00e2ge de 40 ans) mais riche de multiples morceaux de musique de chambre ou pour orchestre, comme \u00ab Incantation et Danse&nbsp;\u00bb. <\/p>\n<\/div>\n<\/div>\n<hr\/>\n<div class=\"morceau\">\n<h4 class=\"morceau_titre\">Escapades<br \/><span class=\"morceau_titre2\">pour Saxophone alto et Orchestre<br \/>tir\u00e9 du film <i>Arr\u00eate-moi si tu peux<\/i><\/span><\/h4>\n<p class=\"morceau_compositeur\">John Williams<\/p>\n<div class=\"morceau_description\">\n<ol style=\"list-style-type: upper-roman;\">\n<li>Closing in<\/li>\n<li>Reflections<\/li>\n<li>Joy Ride<\/li>\n<\/ol>\n<p>N\u00e9 en 1932 \u00e0 New-York d&rsquo;un p\u00e8re percussionniste, John Williams \u00e9tudie tout d&rsquo;abord le piano, qu&rsquo;il joue notamment dans des clubs de jazz. Il se tourne ensuite vers l&rsquo;orchestration de musique de films, avec des compositeurs tels que Bernard Hermann ou Elmer Bernstein.<br \/>En 1959, il se lance dans la composition de musiques de films. Il est approch\u00e9 par Steven Spielberg en 1974, pour lequel il \u00e9crit la musique de \u00ab Sugarland Express \u00bb.<\/p>\n<p>La partition de \u00ab Arr\u00eate-moi si tu peux \u00bb est la 19<sup>\u00e8me<\/sup> \u00e9crite pour un film de Steven Spielberg. John Williams revient ici \u00e0 un style qu&rsquo;il avait abord\u00e9 plus jeune : le jazz.<\/p>\n<p>Le film, sorti en f\u00e9vrier 2003, rassemble plusieurs acteurs de renomm\u00e9e internationale comme Leonardo Di Caprio, Tom Hanks et Nathalie Baye.<\/p>\n<\/div>\n<\/div>\n<div class=\"media_concert\">\n<p><strong>Photos disponibles :<\/strong><\/p>\n<div class=\"media_concert_images\"><a title=\" \" rel=\"lightbox[photo]\" href=\"officiel\/images\/concerts\/111218\/111218-01.jpg\"><img loading=\"lazy\" decoding=\"async\" src=\"officiel\/images\/concerts\/111218\/tn_111218-01.jpg\" alt=\"\" width=\"60\" height=\"60\" \/><\/a><a title=\" \" rel=\"lightbox[photo]\" href=\"officiel\/images\/concerts\/111218\/111218-02.jpg\"><img loading=\"lazy\" decoding=\"async\" src=\"officiel\/images\/concerts\/111218\/tn_111218-02.jpg\" alt=\"\" width=\"60\" height=\"60\" \/><\/a><a title=\" \" rel=\"lightbox[photo]\" href=\"officiel\/images\/concerts\/111218\/111218-03.jpg\"><img loading=\"lazy\" decoding=\"async\" src=\"officiel\/images\/concerts\/111218\/tn_111218-03.jpg\" alt=\"\" width=\"60\" height=\"60\" \/><\/a><a title=\" \" rel=\"lightbox[photo]\" href=\"officiel\/images\/concerts\/111218\/111218-04.jpg\"><img loading=\"lazy\" decoding=\"async\" src=\"officiel\/images\/concerts\/111218\/tn_111218-04.jpg\" alt=\"\" width=\"60\" height=\"60\" \/><\/a><a title=\" \" rel=\"lightbox[photo]\" href=\"officiel\/images\/concerts\/111218\/111218-05.jpg\"><img loading=\"lazy\" decoding=\"async\" src=\"officiel\/images\/concerts\/111218\/tn_111218-05.jpg\" alt=\"\" width=\"60\" height=\"60\" \/><\/a><a title=\" \" rel=\"lightbox[photo]\" href=\"officiel\/images\/concerts\/111218\/111218-06.jpg\"><img loading=\"lazy\" decoding=\"async\" src=\"officiel\/images\/concerts\/111218\/tn_111218-06.jpg\" alt=\"\" width=\"60\" height=\"60\" \/><\/a><\/div>\n<p><strong>Articles de presse (\u00a9 <a href=\"http:\/\/www.lanouvellerepublique.fr\/\" target=\"_blank\">La Nouvelle R\u00e9publique<\/a> &#8211; <a href=\"http:\/\/www.larenaissance-41.com\/\" target=\"_blank\">La Renaissance du Loir et Cher<\/a>) : <\/strong><\/p>\n<div class=\"media_concert_presse\"><a title=\" \" rel=\"lightbox[presse]\" href=\"officiel\/images\/presse\/111218\/111218-01.jpg\"><img loading=\"lazy\" decoding=\"async\" src=\"officiel\/images\/presse\/111218\/tn_111218-01.jpg\" alt=\"\" width=\"120\" height=\"120\" \/><\/a><a title=\" \" rel=\"lightbox[presse]\" href=\"officiel\/images\/presse\/111218\/111218-02.jpg\"><img loading=\"lazy\" decoding=\"async\" src=\"officiel\/images\/presse\/111218\/tn_111218-02.jpg\" alt=\"\" width=\"120\" height=\"120\" \/><\/a><a title=\" \" rel=\"lightbox[presse]\" href=\"officiel\/images\/presse\/111218\/111218-03.jpg\"><img loading=\"lazy\" decoding=\"async\" src=\"officiel\/images\/presse\/111218\/tn_111218-03.jpg\" alt=\"\" width=\"120\" height=\"120\" \/><\/a><a title=\" \" rel=\"lightbox[presse]\" href=\"officiel\/images\/presse\/111218\/111218-04.jpg\"><img loading=\"lazy\" decoding=\"async\" src=\"officiel\/images\/presse\/111218\/tn_111218-04.jpg\" alt=\"\" width=\"120\" height=\"120\" \/><\/a><a title=\" \" rel=\"lightbox[presse]\" href=\"officiel\/images\/presse\/111218\/111218-05.jpg\"><img loading=\"lazy\" decoding=\"async\" src=\"officiel\/images\/presse\/111218\/tn_111218-05.jpg\" alt=\"\" width=\"120\" height=\"120\" \/><\/a><\/div>\n<\/div>\n","protected":false},"excerpt":{"rendered":"<p>Lieu : Halle aux Grains de Blois Date : 18 d\u00e9cembre 2011 &nbsp; Premi&egrave;re partie Saturday Night Waltz3\u00e8me mouvement de la suite Rodeo Aaron Copland N\u00e9 \u00e0 Brooklyn (New York) en 1900 de parents \u00e9migr\u00e9s russes, Aaron Copland \u00e9tudie d&rsquo;abord le piano puis d\u00e9cide \u00e0 15 ans de devenir compositeur. En 1921, il se rend [&hellip;]<\/p>\n","protected":false},"author":1,"featured_media":0,"parent":240,"menu_order":0,"comment_status":"open","ping_status":"open","template":"","meta":{"footnotes":""},"class_list":["post-569","page","type-page","status-publish","hentry"],"_links":{"self":[{"href":"https:\/\/www.harmoniedeblois.fr\/index.php?rest_route=\/wp\/v2\/pages\/569","targetHints":{"allow":["GET"]}}],"collection":[{"href":"https:\/\/www.harmoniedeblois.fr\/index.php?rest_route=\/wp\/v2\/pages"}],"about":[{"href":"https:\/\/www.harmoniedeblois.fr\/index.php?rest_route=\/wp\/v2\/types\/page"}],"author":[{"embeddable":true,"href":"https:\/\/www.harmoniedeblois.fr\/index.php?rest_route=\/wp\/v2\/users\/1"}],"replies":[{"embeddable":true,"href":"https:\/\/www.harmoniedeblois.fr\/index.php?rest_route=%2Fwp%2Fv2%2Fcomments&post=569"}],"version-history":[{"count":8,"href":"https:\/\/www.harmoniedeblois.fr\/index.php?rest_route=\/wp\/v2\/pages\/569\/revisions"}],"predecessor-version":[{"id":593,"href":"https:\/\/www.harmoniedeblois.fr\/index.php?rest_route=\/wp\/v2\/pages\/569\/revisions\/593"}],"up":[{"embeddable":true,"href":"https:\/\/www.harmoniedeblois.fr\/index.php?rest_route=\/wp\/v2\/pages\/240"}],"wp:attachment":[{"href":"https:\/\/www.harmoniedeblois.fr\/index.php?rest_route=%2Fwp%2Fv2%2Fmedia&parent=569"}],"curies":[{"name":"wp","href":"https:\/\/api.w.org\/{rel}","templated":true}]}}