{"id":654,"date":"2013-03-20T23:35:30","date_gmt":"2013-03-20T21:35:30","guid":{"rendered":"http:\/\/www.harmoniedeblois.fr\/?page_id=654"},"modified":"2013-04-18T20:28:24","modified_gmt":"2013-04-18T18:28:24","slug":"prochain-concert-printemps-2013","status":"publish","type":"page","link":"https:\/\/www.harmoniedeblois.fr\/?page_id=654","title":{"rendered":"Concert de printemps 2013"},"content":{"rendered":"<p><a href=\"officiel\/images\/affiches\/HdB-130414.pdf\" target=\"_blank\"><img loading=\"lazy\" decoding=\"async\" src=\"officiel\/images\/affiches\/130414.jpg\" alt=\"Affiche du concert\" class=\"alignleft\" width=\"70\" height=\"100\"\/><\/a><\/p>\n<div class=\"descriptif_concert\">\n<p>Lieu : Halle aux Grains de Blois<\/p>\n<p>Date : 14 avril 2013<\/p>\n<p>La deuxi\u00e8me partie est assur\u00e9e par l&rsquo;Orchestre de la Vall\u00e9e de Chinon.<\/p>\n<\/div>\n<h3 class=\"entracte\">Premi\u00e8re partie (Harmonie de Blois)<\/h3>\n<div class=\"morceau\">\n<h4 class=\"morceau_titre\">Danzon Cubano<\/h4>\n<p class=\"morceau_compositeur\">Aaron Copland<br \/><span class=\"morceau_arrangeur\">arr. R. Mark Rogers<\/span><\/p>\n<div class=\"morceau_description\">\n<p>N\u00e9 \u00e0 Brooklyn (New York) en 1900 de parents \u00e9migr\u00e9s russes, Aaron Copland \u00e9tudie d&rsquo;abord le piano, puis d\u00e9cide \u00e0 15 ans de devenir compositeur. En 1921, il se rend en France pour prendre des cours au Conservatoire Am\u00e9ricain de Fontainebleau avec Nadia Boulanger. De retour aux \u00c9tats-Unis en 1924, il entame une triple carri\u00e8re de pianiste, compositeur et chef d&rsquo;orchestre. Il affectionne particuli\u00e8rement les sonorit\u00e9s typiques de son pays, comme le jazz, ce qui lui vaudra m\u00eame un scandale avec son \u00ab\u00a0Concerto pour piano et orchestre\u00a0\u00bb en 1927. Couronn\u00e9 de multiples prix (dont le prix Pulitzer et un Oscar pour la musique du film \u00ab\u00a0L&rsquo;h\u00e9riti\u00e8re\u00a0\u00bb), ses &oelig;uvres illustrent parfaitement la musique am\u00e9ricaine, comme celle de son ami L\u00e9onard Bernstein.<br \/>Son &oelig;uvre compte plusieurs symphonies, concertos, ballets et musiques de films.<br \/>D&rsquo;abord \u00e9crite pour deux pianos, c&rsquo;est \u00e0 partir d&rsquo;airs populaires latino-am\u00e9ricains qu&rsquo;il a compos\u00e9 la pi\u00e8ce Danzon Cubano en 1942.<\/p>\n<\/div>\n<\/div>\n<hr\/>\n<div class=\"morceau\">\n<h4 class=\"morceau_titre\">Concerto pour cor n\u00b01<br \/><span class=\"morceau_titre2\">Soliste\u00a0: Maxime Lekeux<\/span><\/h4>\n<p class=\"morceau_compositeur\">Richard Strauss<br \/><span class=\"morceau_arrangeur\">arr. John Boyd<\/span><\/p>\n<div class=\"morceau_description\">\n<p>Compositeur et chef d&rsquo;orchestre allemand, Richard Strauss (1864 \u2013 1949) a grandi dans une atmosph\u00e8re musicale. Fils d&rsquo;un corniste renomm\u00e9, il a appris le piano d\u00e8s l&rsquo;\u00e2ge de 4 ans, le violon d\u00e8s 6 ans et a \u00e9tudi\u00e9 la composition et l&rsquo;instrumentation d\u00e8s 11 ans.<br \/>Il n&rsquo;avait que 17 ans lorsqu&rsquo;il a cr\u00e9\u00e9 sa symphonie en r\u00e9 mineur \u00e0 l&rsquo;Op\u00e9ra de Munich.<br \/>Directeur de la musique de la cour du Grand-Duch\u00e9 de Meiningen \u00e0 seulement 21 ans, il a compos\u00e9 en 1888 son premier chef d&rsquo;&oelig;uvre, \u00ab\u00a0Don Juan\u00a0\u00bb. Tout en assumant les charges de chef d&rsquo;orchestre \u00e0 Weimar, Munich, Berlin et de Directeur de l&rsquo;Op\u00e9ra de Vienne, il n&rsquo;a cess\u00e9 d&rsquo;enrichir son &oelig;uvre en abordant tous les genres\u00a0: op\u00e9ra, po\u00e8me symphonique, concerto, symphonie, ballet&#8230; Sa pr\u00e9cocit\u00e9 et son exceptionnelle long\u00e9vit\u00e9 lui ont permis de produire une &oelig;uvre riche et diverse, o\u00f9 l&rsquo;instrumentation exigeante se met au service de l&rsquo;expression.<\/p>\n<p>Il a \u00e9crit deux concertos pour cor et orchestre, compos\u00e9s aux deux extr\u00eames de sa vie, \u00e0 60 ans d&rsquo;intervalle. C&rsquo;est \u00e0 l&rsquo;\u00e2ge de 19 ans qu&rsquo;il compose le Concerto n\u00b01 pour cor, pi\u00e8ce qu&rsquo;il d\u00e9die \u00e0 son p\u00e8re, cor solo de l&rsquo;op\u00e9ra de Munich et de l&rsquo;orchestre de Bayreuth reconnu comme un des meilleurs cornistes de son \u00e9poque. Ce concerto romantique \u00e0 l&rsquo;ex\u00e9cution complexe comprend de grandes lignes m\u00e9lodiques permettant au soliste d&rsquo;exprimer toute la virtuosit\u00e9 de son instrument.<\/p>\n<p><strong>Maxime LEKEUX<\/strong><br \/>N\u00e9 en 1985 dans une famille de musiciens, Maxime LEKEUX a d\u00e9but\u00e9 le cor et la percussion \u00e0 l&rsquo;\u00e2ge de 6 ans \u00e0 l&rsquo;\u00e9cole de musique de Vend\u00f4me. Il a travaill\u00e9 les deux instruments en parall\u00e8le pendant une dizaine d&rsquo;ann\u00e9es, mais c&rsquo;est au cor qu&rsquo;il s&rsquo;est distingu\u00e9 le plus rapidement en obtenant plusieurs prix.<br \/>Titulaire d&rsquo;un Baccalaur\u00e9at TMD (Technique de la Musique et de la Danse), il a obtenu son prix r\u00e9gional \u00e0 l&rsquo;unanimit\u00e9 au Conservatoire National de R\u00e9gion de Tours ainsi qu&rsquo;un prix d&rsquo;excellence au Conservatoire National de R\u00e9gion de Rueil-Malmaison dans la classe de Jean-Michel VINIT.<br \/>Entr\u00e9 au CNSM de Paris dans la classe d&rsquo;Andr\u00e9 CAZALET, il s&rsquo;est perfectionne au sein de plusieurs orchestres prestigieux tel que l&rsquo;Op\u00e9ra National de Paris, l&rsquo;Orchestre National du Capitole de Toulouse, l&rsquo;Orchestre National des Pays de Loire, l&rsquo;Orchestre National de Lille, l&rsquo;Orchestre Philharmonique de l&rsquo;Op\u00e9ra de Marseille, l&rsquo;Orchestre de Chambre de Cannes, ou encore l&rsquo;Ensemble Orchestral du Loir-et-Cher.<br \/>Fort de toutes ses exp\u00e9riences, Maxime a travaill\u00e9 \u00e0 plusieurs reprises avec Jean-Jacques JUSTAFFRE, cor solo de l&rsquo;Orchestre Philharmonique de Radio France. Cette rencontre lui a ouvert d&rsquo;autres portes dans le monde de la musique, celui de la musique de vari\u00e9t\u00e9 notamment, et lui a permis d&rsquo;int\u00e9grer l&rsquo;orchestre de Jean-Jacques JUSTAFFRE (le GOJJJ) et de parcourir le monde.<br \/>Maxime Lekeux est actuellement 3<sup>\u00e8me<\/sup> Cor Solo \u00e0 l&rsquo;Orchestre Symphonique de l&rsquo;Aube.<\/p>\n<\/div>\n<\/div>\n<hr\/>\n<div class=\"morceau\">\n<h4 class=\"morceau_titre\">Sinatra !<br \/><span class=\"morceau_titre2\">Come fly with me \u2013 Witchcraft \u2013 That&rsquo;s life \u2013 Fly me to the moon<\/span><\/h4>\n<p class=\"morceau_compositeur\"><span class=\"morceau_arrangeur\">arr. Stephen Bulla<\/span><\/p>\n<div class=\"morceau_description\">\n<p>L&rsquo;am\u00e9ricain Stephen Bulla est n\u00e9 en 1953 et a d\u00e9couvert la musique d\u00e8s son plus jeune \u00e2ge. Apr\u00e8s avoir \u00e9tudi\u00e9 le piano et les cuivres il a fait ses \u00e9tudes au Berklee College of Music de Boston o\u00f9 il a obtenu ses dipl\u00f4mes d&rsquo;arrangement et de composition en 1976.<\/p>\n<p>Int\u00e9gr\u00e9 en 1980, il est toujours l&rsquo;arrangeur attitr\u00e9 du U.S. Marine Band. \u00c0 ce titre, il est charg\u00e9 de composer des musiques de concert et de c\u00e9r\u00e9monie dans des styles vari\u00e9s et pour diverses formations. Ses compositions sont interpr\u00e9t\u00e9es lors d&rsquo;\u00e9v\u00e9nements auxquels participe le Pr\u00e9sident des \u00c9tats-Unis ainsi que lors de visites de dignitaires \u00e9trangers. Ayant gard\u00e9 un int\u00e9r\u00eat particulier pour la musique militaire depuis l&rsquo;enfance, il compose aussi pour des orchestres militaires et des brass bands.<\/p>\n<p>Il a \u00e9galement cr\u00e9\u00e9 plusieurs musiques de campagnes publicitaires et en 1990 il s&rsquo;est vu d\u00e9cerner le prestigieux prix ADDY Awards pour le meilleur spot TV musical. R\u00e9cemment, il a compos\u00e9 la musique de la s\u00e9rie Century of Flight, diffus\u00e9e sur Discovery Channel.<\/p>\n<p>Parmi ses pi\u00e8ces pour ensembles \u00e0 vents figure \u00ab\u00a0Sinatra\u00a0!\u00a0\u00bb. Cette pi\u00e8ce reprend quatre des plus grands standards du crooner am\u00e9ricain, Francis Albert Sinatra, plus connu sous le nom de Franck Sinatra\u00a0: \u00ab\u00a0Come fly with me\u00a0\u00bb, \u00ab\u00a0Witchcraft\u00a0\u00bb, \u00ab\u00a0That&rsquo;s life\u00a0\u00bb et\u00a0 \u00ab\u00a0Fly me to the moon\u00a0\u00bb.<\/p>\n<\/div>\n<\/div>\n<h3 class=\"entracte\">Deuxi&egrave;me partie (Orchestre de la Vall\u00e9e de Chinon)<\/h3>\n<p><img loading=\"lazy\" decoding=\"async\" width=\"500\" height=\"325\" class=\"centered\" alt=\"Orchestre de la Vall\u00e9e de Chinon\" src=\"http:\/\/www.harmoniedeblois.fr\/officiel\/images\/concerts\/130414\/chinon.jpg\" \/><\/p>\n<p>L&rsquo;Orchestre de la Vall\u00e9e de Chinon est compos\u00e9 d&rsquo;une soixantaine de musiciens. Il est le r\u00e9sultat de la fusion de deux orchestres, l&rsquo;Orchestre d&rsquo;harmonie de la Rive Gauche de la Vienne et l&rsquo;Orchestre d&rsquo;harmonie municipale de Chinon. <br \/>Il s&rsquo;agit d&rsquo;une jeune formation r\u00e9gie par une association qui porte le m\u00eame nom et qui a vu le jour le 07 ao\u00fbt 2010.<br \/>Cet ensemble instrumental a d\u00e9j\u00e0 de nombreux concerts \u00e0 son actif et de nombreux projets l&rsquo;attendent en Allemagne, en Italie, dans le Nord de la France, \u00e0 Pornic ou encore dans les grandes salles de la r\u00e9gion.<\/p>\n<p>Apr\u00e8s une longue p\u00e9riode de co-direction, la direction musicale est maintenant assur\u00e9e par <strong>David CHRETIEN<\/strong>, professeur de tuba et directeur de l&rsquo;Ecole de Musique Intercommunale de Sainte Maure de Touraine. Ce dipl\u00f4m\u00e9 du conservatoire de Rennes se produit r\u00e9guli\u00e8rement en tant que Tuba solo au sein du Brass Band EXOBRASS. Particuli\u00e8rement actif dans le monde des cuivres et plus sp\u00e9cialement du tuba, il s&rsquo;investit dans le d\u00e9veloppement de cet instrument en encadrant de nombreux stages et en &oelig;uvrant pour le bon d\u00e9roulement du concours national de tuba de Tours. Enfin, il multiplie les projets de rencontres et de cr\u00e9ations ainsi que les exp\u00e9riences musicales insolites en m\u00ealant diff\u00e9rentes esth\u00e9tiques artistiques.<\/p>\n<hr\/>\n<div class=\"morceau\">\n<h4 class=\"morceau_titre\">Proud and brave<\/h4>\n<p class=\"morceau_compositeur\">Anne-Laure Guenoux<\/p>\n<div class=\"morceau_description\">\n<p>Anne-Laure Guenoux est une musicienne intervenante en milieu scolaire form\u00e9e \u00e0 l&rsquo;\u00e9criture et \u00e0 l&rsquo;arrangement dans les conservatoires de Tours et du Mans. Actuellement au conservatoire \u00e0 rayonnement d\u00e9partemental de Laval, elle \u00e9crit et arrange r\u00e9guli\u00e8rement des pi\u00e8ces sur demande.<\/p>\n<\/div>\n<\/div>\n<hr\/>\n<div class=\"morceau\">\n<h4 class=\"morceau_titre\">The white tower<\/h4>\n<p class=\"morceau_compositeur\">Otto Schwarz<\/p>\n<div class=\"morceau_description\">\n<p>Otto Schwarz est un trompettiste et compositeur autrichien. Actuellement, il compose pour le cin\u00e9ma, la radio et la t\u00e9l\u00e9vision autrichienne. C&rsquo;est \u00e0 la demande de ses amis qu&rsquo;il cr\u00e9e en 1996 ses premi\u00e8res &oelig;uvres pour orchestre \u00e0 vent. La pi\u00e8ce \u00ab\u00a0The white Tower\u00a0\u00bb a \u00e9t\u00e9 command\u00e9e pour comm\u00e9morer le 45<sup>\u00e8me<\/sup> anniversaire de la \u00ab\u00a0daadetaler knappenkappelle\u00a0\u00bb \u00e0 Westerland, en Allemagne. La premi\u00e8re a eu lieu le 14 novembre 2010.<\/p>\n<\/div>\n<\/div>\n<hr\/>\n<div class=\"morceau\">\n<h4 class=\"morceau_titre\">Circus scenes<\/h4>\n<p class=\"morceau_compositeur\">Andrew Pearce<\/p>\n<div class=\"morceau_description\">\n<p>Violoncelliste responsable du programme de musique de chambre et professeur de violoncelle au conservatoire de Vancouver depuis 1989,  Andrew Pearce est \u00e9galement membre de l&rsquo;orchestre symphonique de Boston depuis 1997.<\/p>\n<\/div>\n<\/div>\n<hr\/>\n<div class=\"morceau\">\n<h4 class=\"morceau_titre\">Cossack folk dances<\/h4>\n<p class=\"morceau_compositeur\">Franco Cesarini<\/p>\n<div class=\"morceau_description\">\n<p>Franco Cesarini est un compositeur et arrangeur suisse. Il enseigne actuellement la direction d&rsquo;orchestre au conservatoire de Zurich et dirige l&rsquo;orchestre philharmonique de Lugano ainsi que l&rsquo;orchestre philharmonique de Balerna. Tr\u00e8s sollicit\u00e9 en tant que membre de jury, il est polyvalent et son &oelig;uvre compte \u00e0 la fois des pi\u00e8ces pour orchestre d&rsquo;harmonie et brass band, des compositions pour ensembles de musique de chambre, pour divers instruments solo, pour ch&oelig;urs ou orchestres symphoniques.<\/p>\n<\/div>\n<\/div>\n<h3 class=\"entracte\">Final (HdB + OVC)<\/h3>\n<div class=\"morceau\">\n<h4 class=\"morceau_titre\">Jazzimut<\/h4>\n<p class=\"morceau_compositeur\">Marc Jeanbourquin<\/p>\n<div class=\"morceau_description\">\n<p>N\u00e9 en 1977, Marc Jeanbourquin prend des cours de solf\u00e8ge d\u00e8s l&rsquo;\u00e2ge de 5 ans, puis de piano au conservatoire de Del\u00e9mont. Parall\u00e8lement, il apprend la trompette, l&rsquo;euphonium, puis le trombone. Il a enseign\u00e9 le fran\u00e7ais, la musique et l&rsquo;allemand pendant 8 ans au Coll\u00e8ge de Del\u00e9mont et est directeur de l&rsquo;\u00e9cole secondaire Ste-Ursule de Fribourg depuis ao\u00fbt 2010.<br \/>Apr\u00e8s avoir suivi des cours de direction et dirig\u00e9 divers ensembles, il s&rsquo;est perfectionn\u00e9 dans ce domaine et a obtenu son certificat de direction d&rsquo;orchestre \u00e0 vent au conservatoire de Fribourg en 2010.<br \/>Actuellement, il dirige la Musique Militaire de Rougemont et participe \u00e0 divers Master-Class de direction.<br \/>En 2009, un an \u00e0 peine apr\u00e8s avoir pris la direction de l&rsquo;ensemble de cuivres suisse \u00ab\u00a0Azimuts Brass\u00a0\u00bb, il compose pour cet ensemble \u00ab\u00a0Jazzimut\u00a0\u00bb.<\/p>\n<p>Pour achever ce concert nous vous proposons cette pi\u00e8ce caract\u00e9ris\u00e9e par une introduction festive contrast\u00e9e par un th\u00e8me plus lyrique, par quelques mesures de style rock amenant peu \u00e0 peu un motif solidement disco ainsi que par une reprise en fanfare de l&rsquo;introduction pour un final p\u00e9tillant\u00a0!<\/p>\n<\/div>\n<\/div>\n<div class=\"media_concert\">\n<p><strong>Photos disponibles :<\/strong><\/p>\n<div class=\"media_concert_images\"><a title=\" \" rel=\"lightbox[photo]\" href=\"officiel\/images\/concerts\/130414\/130414-01.jpg\"><img loading=\"lazy\" decoding=\"async\" src=\"officiel\/images\/concerts\/130414\/tn_130414-01.jpg\" alt=\"Harmonie de Blois\" width=\"60\" height=\"60\" \/><\/a><a title=\" \" rel=\"lightbox[photo]\" href=\"officiel\/images\/concerts\/130414\/130414-02.jpg\"><img loading=\"lazy\" decoding=\"async\" src=\"officiel\/images\/concerts\/130414\/tn_130414-02.jpg\" alt=\"Harmonie de Blois\" width=\"60\" height=\"60\" \/><\/a><a title=\" \" rel=\"lightbox[photo]\" href=\"officiel\/images\/concerts\/130414\/130414-03.jpg\"><img loading=\"lazy\" decoding=\"async\" src=\"officiel\/images\/concerts\/130414\/tn_130414-03.jpg\" alt=\"Harmonie de Blois\" width=\"60\" height=\"60\" \/><\/a><a title=\" \" rel=\"lightbox[photo]\" href=\"officiel\/images\/concerts\/130414\/130414-04.jpg\"><img loading=\"lazy\" decoding=\"async\" src=\"officiel\/images\/concerts\/130414\/tn_130414-04.jpg\" alt=\"Harmonie de Blois\" width=\"60\" height=\"60\" \/><\/a><a title=\" \" rel=\"lightbox[photo]\" href=\"officiel\/images\/concerts\/130414\/130414-05.jpg\"><img loading=\"lazy\" decoding=\"async\" src=\"officiel\/images\/concerts\/130414\/tn_130414-05.jpg\" alt=\"Harmonie de Blois\" width=\"60\" height=\"60\" \/><\/a><a title=\" \" rel=\"lightbox[photo]\" href=\"officiel\/images\/concerts\/130414\/130414-06.jpg\"><img loading=\"lazy\" decoding=\"async\" src=\"officiel\/images\/concerts\/130414\/tn_130414-06.jpg\" alt=\"Harmonie de Blois\" width=\"60\" height=\"60\" \/><\/a><a title=\" \" rel=\"lightbox[photo]\" href=\"officiel\/images\/concerts\/130414\/130414-07.jpg\"><img loading=\"lazy\" decoding=\"async\" src=\"officiel\/images\/concerts\/130414\/tn_130414-07.jpg\" alt=\"Harmonie de Blois\" width=\"60\" height=\"60\" \/><\/a><a title=\" \" rel=\"lightbox[photo]\" href=\"officiel\/images\/concerts\/130414\/130414-08.jpg\"><img loading=\"lazy\" decoding=\"async\" src=\"officiel\/images\/concerts\/130414\/tn_130414-08.jpg\" alt=\"Final d'ensemble avec les deux Harmonies\" width=\"60\" height=\"60\" \/><\/a><a title=\" \" rel=\"lightbox[photo]\" href=\"officiel\/images\/concerts\/130414\/130414-09.jpg\"><img loading=\"lazy\" decoding=\"async\" src=\"officiel\/images\/concerts\/130414\/tn_130414-09.jpg\" alt=\"Final d'ensemble avec les deux Harmonies\" width=\"60\" height=\"60\" \/><\/a><a title=\" \" rel=\"lightbox[photo]\" href=\"officiel\/images\/concerts\/130414\/130414-10.jpg\"><img loading=\"lazy\" decoding=\"async\" src=\"officiel\/images\/concerts\/130414\/tn_130414-10.jpg\" alt=\"Harmonie de Blois\" width=\"60\" height=\"60\" \/><\/a><a title=\" \" rel=\"lightbox[photo]\" href=\"officiel\/images\/concerts\/130414\/130414-11.jpg\"><img loading=\"lazy\" decoding=\"async\" src=\"officiel\/images\/concerts\/130414\/tn_130414-11.jpg\" alt=\"Final d'ensemble avec les deux Harmonies\" width=\"60\" height=\"60\" \/><\/a><a title=\" \" rel=\"lightbox[photo]\" href=\"officiel\/images\/concerts\/130414\/130414-12.jpg\"><img loading=\"lazy\" decoding=\"async\" src=\"officiel\/images\/concerts\/130414\/tn_130414-12.jpg\" alt=\"Final d'ensemble avec les deux Harmonies\" width=\"60\" height=\"60\" \/><\/a><\/div>\n<p><strong>Articles de presse (\u00a9 <a href=\"http:\/\/www.lanouvellerepublique.fr\/\" target=\"_blank\">La Nouvelle R\u00e9publique<\/a> &nbsp;&#8211;&nbsp; <a href=\"http:\/\/www.larenaissance-41.com\/\" target=\"_blank\">La Renaissance du Loir et Cher<\/a> &nbsp;&#8211;&nbsp; <a href=\"http:\/\/www.30jours.fr\/\" target=\"_blank\">30 jours<\/a>) : <\/strong><\/p>\n<div class=\"media_concert_presse\"><a title=\"30 jours - n\u00b07, avril 2013\" rel=\"lightbox[presse]\" href=\"officiel\/images\/presse\/130414\/130414-01.jpg\"><img loading=\"lazy\" decoding=\"async\" src=\"officiel\/images\/presse\/130414\/tn_130414-01.jpg\" alt=\"\" height=\"120\" width=\"120\" \/><\/a><a title=\"Blois Mag - n\u00b093, avril 2013\" rel=\"lightbox[presse]\" href=\"officiel\/images\/presse\/130414\/130414-02.jpg\"><img loading=\"lazy\" decoding=\"async\" src=\"officiel\/images\/presse\/130414\/tn_130414-02.jpg\" alt=\"\" height=\"120\" width=\"120\" \/><\/a><a title=\"\u00e9piQuoi - n\u00b059, avril 2013\" rel=\"lightbox[presse]\" href=\"officiel\/images\/presse\/130414\/130414-03.jpg\"><img loading=\"lazy\" decoding=\"async\" src=\"officiel\/images\/presse\/130414\/tn_130414-03.jpg\" alt=\"\" height=\"120\" width=\"120\" \/><\/a><a title=\"La Nouvelle R\u00e9publique - 10 avril 2013\" rel=\"lightbox[presse]\" href=\"officiel\/images\/presse\/130414\/130414-04.jpg\"><img loading=\"lazy\" decoding=\"async\" src=\"officiel\/images\/presse\/130414\/tn_130414-04.jpg\" alt=\"\" height=\"120\" width=\"120\" \/><\/a><a title=\"La Renaissance du Loir et Cher - 12 avril 2013\" rel=\"lightbox[presse]\" href=\"officiel\/images\/presse\/130414\/130414-05.jpg\"><img loading=\"lazy\" decoding=\"async\" src=\"officiel\/images\/presse\/130414\/tn_130414-05.jpg\" alt=\"\" height=\"120\" width=\"120\" \/><\/a><a title=\"La Nouvelle R\u00e9publique - 17 avril 2013\" rel=\"lightbox[presse]\" href=\"officiel\/images\/presse\/130414\/130414-06.jpg\"><img loading=\"lazy\" decoding=\"async\" src=\"officiel\/images\/presse\/130414\/tn_130414-06.jpg\" alt=\"\" height=\"120\" width=\"120\" \/><\/a><\/div>\n<\/div>\n","protected":false},"excerpt":{"rendered":"<p>Lieu : Halle aux Grains de Blois Date : 14 avril 2013 La deuxi\u00e8me partie est assur\u00e9e par l&rsquo;Orchestre de la Vall\u00e9e de Chinon. Premi\u00e8re partie (Harmonie de Blois) Danzon Cubano Aaron Coplandarr. R. Mark Rogers N\u00e9 \u00e0 Brooklyn (New York) en 1900 de parents \u00e9migr\u00e9s russes, Aaron Copland \u00e9tudie d&rsquo;abord le piano, puis d\u00e9cide [&hellip;]<\/p>\n","protected":false},"author":1,"featured_media":0,"parent":240,"menu_order":0,"comment_status":"open","ping_status":"open","template":"","meta":{"footnotes":""},"class_list":["post-654","page","type-page","status-publish","hentry"],"_links":{"self":[{"href":"https:\/\/www.harmoniedeblois.fr\/index.php?rest_route=\/wp\/v2\/pages\/654","targetHints":{"allow":["GET"]}}],"collection":[{"href":"https:\/\/www.harmoniedeblois.fr\/index.php?rest_route=\/wp\/v2\/pages"}],"about":[{"href":"https:\/\/www.harmoniedeblois.fr\/index.php?rest_route=\/wp\/v2\/types\/page"}],"author":[{"embeddable":true,"href":"https:\/\/www.harmoniedeblois.fr\/index.php?rest_route=\/wp\/v2\/users\/1"}],"replies":[{"embeddable":true,"href":"https:\/\/www.harmoniedeblois.fr\/index.php?rest_route=%2Fwp%2Fv2%2Fcomments&post=654"}],"version-history":[{"count":12,"href":"https:\/\/www.harmoniedeblois.fr\/index.php?rest_route=\/wp\/v2\/pages\/654\/revisions"}],"predecessor-version":[{"id":678,"href":"https:\/\/www.harmoniedeblois.fr\/index.php?rest_route=\/wp\/v2\/pages\/654\/revisions\/678"}],"up":[{"embeddable":true,"href":"https:\/\/www.harmoniedeblois.fr\/index.php?rest_route=\/wp\/v2\/pages\/240"}],"wp:attachment":[{"href":"https:\/\/www.harmoniedeblois.fr\/index.php?rest_route=%2Fwp%2Fv2%2Fmedia&parent=654"}],"curies":[{"name":"wp","href":"https:\/\/api.w.org\/{rel}","templated":true}]}}