{"id":715,"date":"2014-03-22T22:39:14","date_gmt":"2014-03-22T20:39:14","guid":{"rendered":"http:\/\/www.harmoniedeblois.fr\/?page_id=715"},"modified":"2014-11-15T23:42:34","modified_gmt":"2014-11-15T21:42:34","slug":"prochain-concert-printemps-2014","status":"publish","type":"page","link":"https:\/\/www.harmoniedeblois.fr\/?page_id=715","title":{"rendered":"Concert de printemps 2014"},"content":{"rendered":"<p><a href=\"officiel\/images\/affiches\/HdB-140419.pdf\" target=\"_blank\"><img loading=\"lazy\" decoding=\"async\" src=\"officiel\/images\/affiches\/140419.jpg\" alt=\"Affiche du concert\" class=\"alignleft\" width=\"70\" height=\"100\"\/><\/a><\/p>\n<div class=\"descriptif_concert\">\n<p>Lieu : Halle aux Grains de Blois<\/p>\n<p>Date : 19 avril 2014<\/p>\n<p>La premi\u00e8re partie est assur\u00e9e par le trio Fuvola.<\/p>\n<\/div>\n<h3 class=\"entracte\">Premi\u00e8re partie (Fuvola)<\/h3>\n<p><img loading=\"lazy\" decoding=\"async\" width=\"500\" height=\"325\" class=\"centered\" alt=\"Trio Fuvola\" src=\"http:\/\/www.harmoniedeblois.fr\/officiel\/images\/concerts\/140419\/fuvola.jpg\" \/><\/p>\n<p>C&rsquo;est lors de diverses sessions en orchestres symphoniques parisiens qu&rsquo;Anastasie, Maximilian et Aur\u00e9lie se rencontrent. Ils d\u00e9cident en 2008 de former le trio de fl\u00fbtes Fuvola pour le plaisir de jouer ensemble et de faire d\u00e9couvrir un r\u00e9pertoire m\u00e9connu, allant de la musique baroque \u00e0 la musique contemporaine.<\/p>\n<p>En parcourant les librairies musicales et les biblioth\u00e8ques de conservatoires, le trio Fuvola est en permanence \u00e0 l&rsquo;aff\u00fbt pour d\u00e9nicher des pi\u00e8ces rares ou des arrangements de qualit\u00e9 pour trois fl\u00fbtes. Le trio recherche en effet des pi\u00e8ces valorisant \u00e0 parts \u00e9gales ses membres et chaque instrument. Pour cela le trio r\u00e9alise m\u00eame ses propres arrangements.<\/p>\n<p>Anastasie, Maximilian et Aur\u00e9lie ont \u00e9t\u00e9 fl\u00fbtistes \u00e0 la Philharmonie du COGE (Ch\u0153urs et Orchestres des Grandes \u00c9coles), ce qui a renforc\u00e9 leur coh\u00e9sion artistique et humaine. Ils ont \u00e9t\u00e9 distingu\u00e9s au Concours Sforzando (mention sp\u00e9ciale) en 2011 et au Concours Musique au Centre (2\u00e8me place) en 2013. Ils se produisent avec leur trio Fuvola dans divers concerts en \u00cele-de-France ou en r\u00e9gions.<\/p>\n<hr\/>\n<div class=\"morceau\">\n<h4 class=\"morceau_titre\">Trio for flutes<\/h4>\n<p class=\"morceau_compositeur\">L\u00e1szl\u00f3 Zempl\u00e9ni<\/p>\n<div class=\"morceau_description\">\n<p>L\u00e1szl\u00f3 Zempl\u00e9ni est n\u00e9 en 1947. Il finit ses \u00e9tudes \u00e0 l&rsquo;acad\u00e9mie de musique de Ferenc Liszt de Budapest et devient, de 1969 \u00e0 2008,  timbalier de l&rsquo;orchestre national de l&rsquo;Op\u00e9ra de Hongrie. En parall\u00e8le, il enseigne les percussions et la musique de chambre dans une \u00e9cole de musique mais \u00e9galement pendant plusieurs ann\u00e9es \u00e0 l&rsquo;acad\u00e9mie de musique de Ferenc Liszt. Ses quarante ann\u00e9es d&rsquo;enseignement sont marqu\u00e9es par la musique de chambre et par de nombreuses pi\u00e8ces pour orchestres \u00e0 cordes et ensembles \u00e0 vent qu&rsquo;il a lui-m\u00eame compos\u00e9es pour les jeunes \u00e9tudiants en musique.<\/p>\n<\/div>\n<\/div>\n<hr\/>\n<div class=\"morceau\">\n<h4 class=\"morceau_titre\">Introduction and Fugue<\/h4>\n<p class=\"morceau_compositeur\">Gordon Jacob<\/p>\n<div class=\"morceau_description\">\n<p>Compositeur et musicologue anglais (1895 \u2013 1984), Gordon Jacob \u00e9tudie la composition au Royal College of Music avant d&rsquo;y \u00eatre professeur de 1926 \u00e0 1966. Il a compos\u00e9 une \u0153uvre abondante\u00a0: deux symphonies, quatre sinfoniettas, quatre suites pour orchestre, des concertos pour divers instruments, de la musique de chambre, des \u0153uvres vocales, des ballets ainsi que la suite de ballet \u00ab\u00a0Mam&rsquo;zelle Angot\u00a0\u00bb.<\/p>\n<\/div>\n<\/div>\n<hr\/>\n<div class=\"morceau\">\n<h4 class=\"morceau_titre\">Pech Merle<\/h4>\n<p class=\"morceau_compositeur\">Romain Dumas<\/p>\n<div class=\"morceau_description\">\n<p>N\u00e9 en 1985 \u00e0 Noum\u00e9a, Romain Dumas termine en 2012 son cursus d&rsquo;\u00e9criture et de direction d&rsquo;orchestre au Conservatoire National Sup\u00e9rieur de Musique et de Danse de Paris. Depuis 2009, il est chef associ\u00e9 des Orchestres de Jeunes Alfred Loewenguth et depuis 2011, il est directeur musical de l&rsquo;orchestre Op\u00e9racademy. En novembre 2013, il re\u00e7oit le premier prix de composition de l&rsquo;orchestre Symphonique du Loiret ainsi que le deuxi\u00e8me prix de composition au concours Bellan \u00e0 Paris. \u00ab\u00a0Pech Merle\u00a0\u00bb a \u00e9t\u00e9 compos\u00e9 en 2014 pour ce concert, \u00e0 la demande du trio FUVOLA.<\/p>\n<\/div>\n<\/div>\n<hr\/>\n<div class=\"morceau\">\n<h4 class=\"morceau_titre\">Deseo de sol<\/h4>\n<p class=\"morceau_compositeur\">Fran\u00e7ois Daudin Clavaud<\/p>\n<div class=\"morceau_description\">\n<p>N\u00e9 en 1959, Fran\u00e7ois Daudin Clavaud commence le violon \u00e0 l&rsquo;\u00e2ge de cinq ans au conservatoire de Lille, mais choisit finalement la fl\u00fbte. D\u00e8s l&rsquo;\u00e2ge de 14 ans, il se produit en concert avec des formations de genres tr\u00e8s diff\u00e9rents. Autodidacte pour la composition, c&rsquo;est \u00e0 trente ans qu&rsquo;il commence \u00e0 \u00e9crire et \u00e9diter ses premi\u00e8res pi\u00e8ces. Soucieux de mener en parall\u00e8le sa carri\u00e8re de soliste et de compositeur afin de garder le lien enrichissant entre l&rsquo;\u00e9criture et l&rsquo;interpr\u00e9tation, il compose plusieurs pi\u00e8ces d\u00e9di\u00e9es au Trio d&rsquo;Argent dont il est membre. \u00ab\u00a0Deseo del Sol\u00a0\u00bb est une de ces pi\u00e8ces.<\/p>\n<\/div>\n<\/div>\n<hr\/>\n<div class=\"morceau\">\n<h4 class=\"morceau_titre\">Fuvola &#038; friends<\/h4>\n<div class=\"morceau_description\">\n<p>Arrangement r\u00e9alis\u00e9 sp\u00e9cialement pour ce concert\u00a0!<\/p>\n<\/div>\n<\/div>\n<h3 class=\"entracte\">Deuxi&egrave;me partie (Harmonie de Blois)<\/h3>\n<div class=\"morceau\">\n<h4 class=\"morceau_titre\">Concerto pour violon et orchestre<\/h4>\n<p class=\"morceau_compositeur\">Aram Khachaturian<\/p>\n<div class=\"morceau_description\">\n<p>Mouvement 2 &#8211; Mouvement 3<\/p>\n<p>Compositeur sovi\u00e9tique arm\u00e9nien (1903 \u2013 1978), Aram Ilitch Khachaturian s&rsquo;est impos\u00e9 peu \u00e0 peu comme l&rsquo;une des figures marquantes de l&rsquo;Union sovi\u00e9tique. <br \/>Apr\u00e8s avoir appris le piano, il \u00e9tudie le violoncelle \u00e0 l&rsquo;\u00e9cole de musique de Gnessine de 1922 \u00e0 1925 puis int\u00e8gre, en 1929, le Conservatoire de Moscou o\u00f9 il devient l&rsquo;\u00e9l\u00e8ve, jusqu&rsquo;en 1934, de Nikola\u00ef Miaskovski et de Reinhold Gli\u00e8re, deux compositeurs populaires de l&rsquo;\u00e9poque.<br \/>De cette p\u00e9riode datent la c\u00e9l\u00e8bre \u00ab\u00a0Toccata\u00a0\u00bb (1932), le \u00ab\u00a0Trio pour piano, violon et clarinette\u00a0\u00bb (1932) et une \u00ab\u00a0Suite de danses\u00a0\u00bb (1933). Gr\u00e2ce \u00e0 ses \u0153uvres s&rsquo;inscrivant parfaitement dans l&rsquo;esth\u00e9tique officielle de la Russie sovi\u00e9tique, il rencontre partout un excellent accueil.<\/p>\n<p>Le \u00ab\u00a0Concerto pour violon et orchestre\u00a0\u00bb, compos\u00e9 en 1940, d\u00e9di\u00e9 \u00e0 David O\u00efstrakh et r\u00e9compens\u00e9 par le prix Staline en 1941, lui a valu la notori\u00e9t\u00e9 internationale et a marqu\u00e9 sa carri\u00e8re. N\u00e9anmoins, en 1948, il est violemment critiqu\u00e9, tout comme Prokofiev, Chostakovitch et Miaskovsky, par le comit\u00e9 central du Parti pour ses \u00ab\u00a0tendances modernistes\u00a0\u00bb\u00a0. D\u00e8s lors, sa production d&rsquo;\u0153uvres va peu \u00e0 peu diminuer.<br \/>\u00c0 partir de 1950 il \u00e9tend ses activit\u00e9s \u00e0 l&rsquo;enseignement et \u00e0 la direction d&rsquo;orchestre. Il dirige ses propres \u0153uvres dans le monde entier et re\u00e7oit un accueil triomphal \u00e0 New-York en 1968.<br \/>Ses \u0153uvres les plus connues sont ses deux ballets, \u00ab\u00a0Spartacus\u00a0\u00bb et \u00ab\u00a0Gayaneh\u00a0\u00bb \u2014 dans lequel se trouve la c\u00e9l\u00e8bre \u00ab\u00a0Danse du sabre\u00a0\u00bb \u2014 ses trois Symphonies, \u00ab\u00a0l&rsquo;\u00a0Ode fun\u00e8bre \u00e0 la m\u00e9moire de L\u00e9nine\u00a0\u00bb ainsi que le concerto pour violon transcrit pour ce concert pour orchestre d&rsquo;harmonie et fl\u00fbte traversi\u00e8re.<\/p>\n<\/div>\n<\/div>\n<hr\/>\n<div class=\"morceau\">\n<h4 class=\"morceau_titre\">A Bernstein tribute<\/h4>\n<p class=\"morceau_compositeur\">Leonard Bernstein<br \/><span class=\"morceau_arrangeur\">arr. Clare Grundman<\/span><\/p>\n<div class=\"morceau_description\">\n<p>Leonard Bernstein est un compositeur, chef d&rsquo;orchestre, pianiste et p\u00e9dagogue am\u00e9ricain, n\u00e9 dans le Massachussets en 1918. Issu d&rsquo;une famille de juifs immigr\u00e9s, il sera jusqu&rsquo;\u00e0 sa mort l&rsquo;un des personnages les plus en vue de la musique am\u00e9ricaine.<br \/>Dipl\u00f4m\u00e9 d&rsquo;Harvard en 1939, il \u00e9tudie \u00e0 Philadelphie le piano, l&rsquo;orchestration et la direction d&rsquo;orchestre avec Fritz Reiner. Il \u00e9crit alors des arrangements musicaux qu&rsquo;il signe sous le pseudonyme de Lenny Amber.<br \/>Devenu chef assistant d&rsquo;Arthur Rodzinski \u00e0 l&rsquo;Orchestre Philharmonique de New-York, il est sollicit\u00e9 pour remplacer au pied lev\u00e9 Bruno Walter \u00e0 l&rsquo;Orchestre Philharmonique de New York. Leonard Bernstein a alors \u00e0 peine 25 ans, et sa carri\u00e8re d\u00e9colle gr\u00e2ce \u00e0 cette soir\u00e9e. Premier am\u00e9ricain nomm\u00e9 directeur musical de l&rsquo;Orchestre Philharmonique de New-York (1958), il re\u00e7oit \u00e0 son d\u00e9part, en 1968, de la part des musiciens, le titre honorifique de \u00ab\u00a0chef laur\u00e9at\u00a0\u00bb, jamais d\u00e9cern\u00e9 auparavant.<br \/>\u00c0 partir de 1969, Bernstein m\u00e8ne une carri\u00e8re de chef invit\u00e9 dans le monde entier (Orchestre Philharmonique de Vienne, Philharmonie d&rsquo;Isra\u00ebl, Orchestre Symphonique de Londres, Orchestre National de France\u2026) et il consacre davantage de temps \u00e0 la composition.<br \/>En plus de la composition, les activit\u00e9s de Bernstein ont toujours \u00e9t\u00e9 multiples\u00a0: concerts, enseignement, conf\u00e9rences. Il joue \u00e9galement en soliste des concertos de Mozart, Ravel et Gershwin, et publie aussi quelques po\u00e8mes.<br \/>La gloire est venue en 1957 lorsque Leonard Bernstein a compos\u00e9 la com\u00e9die musicale \u00ab\u00a0West Side Story\u00a0\u00bb pour Broadway, dont il a \u00e9t\u00e9 tir\u00e9 un film. Mais il a \u00e9crit aussi des oeuvres pour orchestre (notamment trois Symphonies), de la musique de chambre, un op\u00e9ra, une op\u00e9rette, de la musique sacr\u00e9e, des musiques de sc\u00e8ne et de nombreuses musiques de film&#8230;<\/p>\n<p>\u00ab\u00a0A Bernstein tribute\u00a0\u00bb reprend quelques-uns des grands succ\u00e8s de ce compositeur tr\u00e8s appr\u00e9ci\u00e9 de l&rsquo;orchestre.<\/p>\n<\/div>\n<\/div>\n<hr\/>\n<div class=\"morceau\">\n<h4 class=\"morceau_titre\">Passacaille<\/h4>\n<p class=\"morceau_compositeur\">Olivier Rabet<\/p>\n<div class=\"morceau_description\">\n<p>Olivier Rabet d\u00e9bute tr\u00e8s jeune ses \u00e9tudes musicales par l&rsquo;apprentissage du violon, puis du piano. Quelques ann\u00e9es plus tard, il d\u00e9couvre l&rsquo;enseignement de l&rsquo;\u00c9criture musicale par l&rsquo;harmonie, voie qu&rsquo;il suit en parall\u00e8le de l&rsquo;instrument durant de nombreuses ann\u00e9es. Apr\u00e8s avoir obtenu un premier prix de violon au CRR de Rueil-Malmaison, il cl\u00f4ture sa formation par l&rsquo;obtention en 2012 du Master d&rsquo;\u00e9criture au CNSM de Paris.<br \/>Il partage actuellement ses activit\u00e9s professionnelles entre la pratique du violon d&rsquo;une part, et la composition et l&rsquo;arrangement musical, d&rsquo;autre part. Il a ainsi r\u00e9alis\u00e9 une r\u00e9duction pour petit ensemble de La Traviata de Verdi, jou\u00e9e \u00e0 l&rsquo;espace Cardin de Paris en mai 2013\u00a0; il compose \u00e0 la demande de formations orchestrales parisiennes amateur (le Ch\u0153ur et Orchestre des Grandes \u00c9coles, l&rsquo;Orchestre Symphonique Alfred Loewenguth, l&rsquo;orchestre Ut V\u00e8me) ou dans un cadre p\u00e9dagogique en partenariat avec des conservatoires (Paris XV, S\u00e8vres, Roissy-en-Brie) sans n\u00e9gliger la musique de chambre ou les instruments originaux (avec notamment un cycle de pi\u00e8ces pour carillon compos\u00e9 pour le festival des cloches du Val d&rsquo;Arly en juillet 2013). Plus r\u00e9cemment, il est laur\u00e9at du concours de composition d&rsquo;\u0153uvres p\u00e9dagogiques de Boulogne-Billancourt avec sa pi\u00e8ce pour deux fl\u00fbtes, Duette.<br \/>En constante \u00e9volution dans son style, il int\u00e8gre dans ses \u0153uvres tout le b\u00e9n\u00e9fice qu&rsquo;il a pu tirer de ses \u00e9tudes th\u00e9oriques, et cherche toujours \u00e0 donner par-dessus le concept la plus grande part \u00e0 l&rsquo;expression musicale.<\/p>\n<p>Cette \u0153uvre a \u00e9t\u00e9 cr\u00e9\u00e9e sp\u00e9cialement pour le trio Fuvola et orchestre d&rsquo;Harmonie \u00e0 la demande de  l&rsquo;Harmonie de Blois.<\/p>\n<\/div>\n<\/div>\n<div class=\"media_concert\">\n<p><strong>Photos disponibles :<\/strong><\/p>\n<div class=\"media_concert_images\"><a title=\" \" rel=\"lightbox[photo]\" href=\"officiel\/images\/concerts\/140419\/140419-01.jpg\"><img loading=\"lazy\" decoding=\"async\" src=\"officiel\/images\/concerts\/140419\/tn_140419-01.jpg\" alt=\"Harmonie de Blois\" height=\"60\" width=\"60\"><\/a><a title=\" \" rel=\"lightbox[photo]\" href=\"officiel\/images\/concerts\/140419\/140419-02.jpg\"><img loading=\"lazy\" decoding=\"async\" src=\"officiel\/images\/concerts\/140419\/tn_140419-02.jpg\" alt=\"Harmonie de Blois\" height=\"60\" width=\"60\"><\/a><a title=\" \" rel=\"lightbox[photo]\" href=\"officiel\/images\/concerts\/140419\/140419-03.jpg\"><img loading=\"lazy\" decoding=\"async\" src=\"officiel\/images\/concerts\/140419\/tn_140419-03.jpg\" alt=\"Harmonie de Blois\" height=\"60\" width=\"60\"><\/a><\/div>\n<p><strong>Articles de presse (&copy; <a href=\"http:\/\/www.lanouvellerepublique.fr\/\" target=\"_blank\">La Nouvelle R\u00e9publique<\/a> &nbsp;&#8211;&nbsp; <a href=\"http:\/\/www.larenaissance-41.com\/\" target=\"_blank\">La Renaissance du Loir et Cher<\/a> &nbsp;&#8211;&nbsp; <a href=\"http:\/\/www.30jours.fr\/\" target=\"_blank\">30 jours<\/a>) : <\/strong><\/p>\n<div class=\"media_concert_presse\">\n\t<a title=\"30 jours - n\u00b018, avril 2014\" rel=\"lightbox[presse]\" href=\"officiel\/images\/presse\/140419\/140419-01.jpg\"><img loading=\"lazy\" decoding=\"async\" src=\"officiel\/images\/presse\/140419\/tn_140419-01.jpg\" alt=\"\" height=\"120\" width=\"120\" \/><\/a><a title=\"La Nouvelle R\u00e9publique - 16 avril 2014\" rel=\"lightbox[presse]\" href=\"officiel\/images\/presse\/140419\/140419-02.jpg\"><img loading=\"lazy\" decoding=\"async\" src=\"officiel\/images\/presse\/140419\/tn_140419-02.jpg\" alt=\"\" height=\"120\" width=\"120\" \/><\/a><a title=\"La Nouvelle R\u00e9publique - 23 avril 2014\" rel=\"lightbox[presse]\" href=\"officiel\/images\/presse\/140419\/140419-03.jpg\"><img loading=\"lazy\" decoding=\"async\" src=\"officiel\/images\/presse\/140419\/tn_140419-03.jpg\" alt=\"\" height=\"120\" width=\"120\" \/><\/a><\/div>\n<\/div>\n","protected":false},"excerpt":{"rendered":"<p>Lieu : Halle aux Grains de Blois Date : 19 avril 2014 La premi\u00e8re partie est assur\u00e9e par le trio Fuvola. Premi\u00e8re partie (Fuvola) C&rsquo;est lors de diverses sessions en orchestres symphoniques parisiens qu&rsquo;Anastasie, Maximilian et Aur\u00e9lie se rencontrent. Ils d\u00e9cident en 2008 de former le trio de fl\u00fbtes Fuvola pour le plaisir de jouer [&hellip;]<\/p>\n","protected":false},"author":1,"featured_media":0,"parent":240,"menu_order":0,"comment_status":"open","ping_status":"open","template":"","meta":{"footnotes":""},"class_list":["post-715","page","type-page","status-publish","hentry"],"_links":{"self":[{"href":"https:\/\/www.harmoniedeblois.fr\/index.php?rest_route=\/wp\/v2\/pages\/715","targetHints":{"allow":["GET"]}}],"collection":[{"href":"https:\/\/www.harmoniedeblois.fr\/index.php?rest_route=\/wp\/v2\/pages"}],"about":[{"href":"https:\/\/www.harmoniedeblois.fr\/index.php?rest_route=\/wp\/v2\/types\/page"}],"author":[{"embeddable":true,"href":"https:\/\/www.harmoniedeblois.fr\/index.php?rest_route=\/wp\/v2\/users\/1"}],"replies":[{"embeddable":true,"href":"https:\/\/www.harmoniedeblois.fr\/index.php?rest_route=%2Fwp%2Fv2%2Fcomments&post=715"}],"version-history":[{"count":10,"href":"https:\/\/www.harmoniedeblois.fr\/index.php?rest_route=\/wp\/v2\/pages\/715\/revisions"}],"predecessor-version":[{"id":721,"href":"https:\/\/www.harmoniedeblois.fr\/index.php?rest_route=\/wp\/v2\/pages\/715\/revisions\/721"}],"up":[{"embeddable":true,"href":"https:\/\/www.harmoniedeblois.fr\/index.php?rest_route=\/wp\/v2\/pages\/240"}],"wp:attachment":[{"href":"https:\/\/www.harmoniedeblois.fr\/index.php?rest_route=%2Fwp%2Fv2%2Fmedia&parent=715"}],"curies":[{"name":"wp","href":"https:\/\/api.w.org\/{rel}","templated":true}]}}