{"id":754,"date":"2015-03-21T15:09:03","date_gmt":"2015-03-21T13:09:03","guid":{"rendered":"http:\/\/www.harmoniedeblois.fr\/?page_id=754"},"modified":"2015-10-17T21:39:10","modified_gmt":"2015-10-17T19:39:10","slug":"prochain-concert-printemps-2015","status":"publish","type":"page","link":"https:\/\/www.harmoniedeblois.fr\/?page_id=754","title":{"rendered":"Concert de printemps 2015"},"content":{"rendered":"<p><a href=\"officiel\/images\/affiches\/HdB-150412.pdf\" target=\"_blank\"><img loading=\"lazy\" decoding=\"async\" src=\"officiel\/images\/affiches\/150412.jpg\" alt=\"Affiche du concert\" class=\"alignleft\" width=\"70\" height=\"100\"\/><\/a><\/p>\n<div class=\"descriptif_concert\">\n<p>Lieu : Halle aux Grains de Blois<\/p>\n<p>Date : 12 avril 2015<\/p>\n<p>Avec la participation de ch&oelig;urs d&rsquo;enfants en seconde partie<\/p>\n<\/div>\n<h3 class=\"entracte\">Premi\u00e8re partie (Harmonie de Blois)<\/h3>\n<div class=\"morceau\">\n<h4 class=\"morceau_titre\">Symphony n\u00b02, The Odyssey<\/h4>\n<p class=\"morceau_compositeur\">Robert W. Smith<\/p>\n<div class=\"morceau_description\">\n<p>N\u00e9 en 1958, Robert W. Smith est un compositeur et arrangeur tr\u00e8s populaire aupr\u00e8s des orchestres am\u00e9ricains. Il a \u00e0 son actif plus de 400 morceaux et a \u00e9t\u00e9 dipl\u00f4m\u00e9 de plusieurs universit\u00e9s am\u00e9ricaines. La diversit\u00e9 de ses \u0153uvres lui permet d\u2019\u00eatre jou\u00e9 dans de nombreux contextes comme des \u00e9missions t\u00e9l\u00e9vis\u00e9es ou des grandes manifestations (parades, jeux olympiques&#8230;). <br \/>Avec \u00ab\u00a0L&rsquo;Odyss\u00e9e\u00a0\u00bb, sa seconde symphonie, il nous emm\u00e8ne dans une \u00e9pop\u00e9e musicale comme l&rsquo;a fait Hom\u00e8re en nous contant l&rsquo;Odyss\u00e9e d&rsquo;Ulysse.<\/p>\n<p><strong>1. The Iliad<\/strong><br \/>Le d\u00e9but de la symphonie correspond \u00e0 la dixi\u00e8me ann\u00e9e de la c\u00e9l\u00e8bre Guerre de Troie. Les combats ne sont pas favorables aux Grecs mais Ulysse, roi d&rsquo;Ithaque, use de son g\u00e9nie pour tromper les Troyens.<br \/>C&rsquo;est avec le fameux cheval de Troie que d\u00e9bute le premier mouvement. Ce cheval de bois g\u00e9ant est pr\u00e9sent\u00e9 aux Troyens comme un cadeau des Grecs en reconnaissance de leur d\u00e9faite. A l&rsquo;int\u00e9rieur de ce gigantesque cheval&#8230; des soldats grecs qui, \u00e0 la faveur de la nuit tomb\u00e9e, sortent de leur cachette et incendient Troyes\u00a0! Le leurre ayant parfaitement fonctionn\u00e9, les Grecs sont enfin victorieux.<br \/>C&rsquo;est ainsi que s&rsquo;ach\u00e8ve le premier mouvement de la symphonie, en m\u00eame temps que la Guerre de Troie commenc\u00e9e dix ans plus t\u00f4t.<\/p>\n<p><strong>2. The Winds of Pose\u00efdon<\/strong><br \/>Apr\u00e8s cette illustre victoire, Ulysse reprend la mer pour rejoindre son \u00eele Ithaque, sa femme P\u00e9n\u00e9lope et son fils T\u00e9l\u00e9maque. Mais Pos\u00e9\u00efdon, dont Ulysse a rendu le fils aveugle, en a d\u00e9cid\u00e9 autrement. Le roi des mers fait souffler des vents d\u00e9favorables pour emp\u00eacher le retour d&rsquo;Ulysse aupr\u00e8s des siens et c&rsquo;est sur ce vent de col\u00e8re que s&rsquo;ouvre le deuxi\u00e8me mouvement de la symphonie.<br \/>Le navire d&rsquo;Ulysse est alors dirig\u00e9 vers le royaume des Sir\u00e8nes, \u00e9tranges cr\u00e9atures s\u00e9duisant les marins gr\u00e2ce \u00e0 leurs chants envo\u00fbtants.  Totalement d\u00e9sorient\u00e9s, ceux-ci fracassent leurs bateaux sur les rochers et trouvent la mort. Ulysse, attir\u00e9 lui aussi par ces chants, demande \u00e0 ses compagnons de l&rsquo;attacher au mat du navire et leur ordonne de se boucher les oreilles. Une nouvelle fois, son ing\u00e9niosit\u00e9 lui permet de sortir sain et sauf de cette \u00e9preuve.<\/p>\n<p><strong>3. The Isle of Calypso<\/strong><br \/>Apr\u00e8s d&rsquo;autres p\u00e9rip\u00e9ties, Ulysse se retrouve \u00e9chou\u00e9 sur l&rsquo;\u00eele de Calypso,  d\u00e9esse rejet\u00e9e de tous. Celle-ci s&rsquo;accapare Ulysse qu&rsquo;elle dit aimer et lui propose richesses et immortalit\u00e9 en \u00e9change de son amour. Mais \u00e0 quoi bon \u00eatre immortel quand on vit s\u00e9par\u00e9 de son amour ? Passant ses journ\u00e9es \u00e0 pleurer, assis sur un rocher, face \u00e0 la mer, Ulysse ne c\u00e9dera  pas \u00e0 la tentation pendant les sept ann\u00e9es que durera son s\u00e9jour sur l&rsquo;\u00eele de Calypso.  A la demande d&rsquo;Ath\u00e9na, les dieux finissent par envoyer Herm\u00e8s, le dieu messager, ordonner \u00e0 Calypso de rendre \u00e0 Ulysse sa libert\u00e9. <br \/>Elle aide alors le h\u00e9ros \u00e0 confectionner un radeau et apr\u00e8s cinq jours de labeur, Ulysse reprend la mer. C&rsquo;est cette partie de l&rsquo;\u00e9pop\u00e9e hom\u00e9rique qui est mise en musique dans le troisi\u00e8me mouvement de la symphonie.<\/p>\n<p><strong>4. Ithaca<\/strong><br \/>Le quatri\u00e8me et dernier mouvement \u00e9voque le retour du roi d&rsquo;Ithaque dans sa patrie. Apr\u00e8s avoir quitt\u00e9 l&rsquo;\u00eele de Calypso, le radeau conduit Ulysse chez les Ph\u00e9aciens. Ces derniers ont affr\u00e9t\u00e9 un navire pour reconduire Ulysse en Ithaque. Arriv\u00e9 dans sa patrie, Ulysse n&rsquo;est pas encore tranquille. En effet, durant sa longue absence, de nombreux pr\u00e9tendants ont complot\u00e9 pour conqu\u00e9rir P\u00e9n\u00e9lope et devenir roi \u00e0 sa place. Au moment de son retour, P\u00e9n\u00e9lope est pr\u00eate \u00e0 c\u00e9der. Mais la divine Ath\u00e9na, dont Ulysse a toujours eu la faveur, lui vient en aide. C&rsquo;est sous l&rsquo;apparence d&rsquo;un mendiant qu&rsquo;Ulysse peut observer ce qui se trame. Il ne r\u00e9v\u00e8le sa v\u00e9ritable identit\u00e9 qu&rsquo;\u00e0 son fils T\u00e9l\u00e9maque et ensemble, ils mettent au point un stratag\u00e8me afin d&rsquo;\u00e9loigner d\u00e9finitivement les pr\u00e9tendants et   ainsi reprendre sa place de roi. Ainsi, T\u00e9l\u00e9maque convainc-t-il sa m\u00e8re d&rsquo;organiser un concours de tir \u00e0 l&rsquo;arc fort difficile, identique \u00e0 celui organis\u00e9 par le pass\u00e9 et o\u00f9 seul Ulysse avait brill\u00e9. C&rsquo;est toujours sous l&rsquo;apparence d&rsquo;un mendiant que notre h\u00e9ros s&rsquo;illustre lors de ce concours et est reconnu de tous comme \u00e9tant Ulysse, roi d&rsquo;Ithaque.<br \/>C&rsquo;est la fin de l&rsquo;Odyss\u00e9e. Ulysse reprend son tr\u00f4ne et sa place aupr\u00e8s de sa famille apr\u00e8s vingt ans d&rsquo;absence.<br \/>C&rsquo;est sur cette ultime victoire face au destin que s&rsquo;ach\u00e8ve le quatri\u00e8me mouvement de la symphonie.<\/p>\n<\/div>\n<\/div>\n<h3 class=\"entracte\">Seconde partie (Harmonie de Blois et ch&oelig;urs d&rsquo;enfants)<\/h3>\n<p>La chorale \u00ab\u00a0Les P&rsquo;tits loups du jazz\u00a0\u00bb est une chorale d&rsquo;enfants de Montpellier dirig\u00e9e par Olivier Caillard. <br \/>C&rsquo;est sous sa direction et pour que les enfants s&rsquo;approprient la musique que les paroles des chansons sont cr\u00e9\u00e9es collectivement. Les compositions originales de Duke Ellington, George Gershwin, Charlie Parker, Thelonious Monk, ont ainsi donn\u00e9 naissance \u00e0 \u00ab\u00a0Swing Song\u00a0\u00bb, \u00ab\u00a0Le casse-t\u00eate\u00a0\u00bb ou \u00ab\u00a0Monk&rsquo;Canard\u00a0\u00bb, devenus des tubes du r\u00e9pertoire de chant choral pour les enfants.<\/p>\n<p>Trois chorales d&rsquo;enfants sont r\u00e9unies sur ce r\u00e9pertoire :<\/p>\n<ul>\n<li>le Ch\u0153ur d&rsquo;enfants du Cursus Voix du Conservatoire \u00e0 Rayonnement D\u00e9partemental de Blois\/Agglopolys constitu\u00e9 d&rsquo;enfants volontaires et motiv\u00e9s par la pratique chorale et le travail de la voix,<\/li>\n<li>les Classes \u00e0 Horaires Am\u00e9nag\u00e9s Musique de CM2 de l&rsquo;Ecole Marguerite Audoux, \u00e0 Blois,<\/li>\n<li>les Classes \u00e0 Horaires Am\u00e9nag\u00e9s Musique de 6\u00e8me du Coll\u00e8ge des Provinces, \u00e0 Blois.<\/li>\n<\/ul>\n<p>Sont \u00e9galement sur sc\u00e8ne, Cl\u00e9ment Lebraud \u00e0 la batterie, J\u00e9r\u00e9mie Fr\u00e9mont au clavier et Nicolas Bayeux \u00e0 la basse. Ils sont tous les trois \u00e9l\u00e8ves du CRD de Blois en classe Musiques actuelles avec Arnaud Gravet et Manu Caron.<\/p>\n<p>Claire Coursault\u2013B\u00e9guin, qui assure la direction des chorales d&rsquo;enfants au CRD, a souhait\u00e9 ce partenariat avec l&rsquo;Harmonie de Blois et son chef, Vincent Ri\u00e8s.<br \/>L&rsquo;arrangement pour orchestre d&rsquo;Harmonie a \u00e9t\u00e9 r\u00e9alis\u00e9 par Jean-Jacques Charles, actuellement chef adjoint de la Musique des Gardiens de la Paix de la Pr\u00e9fecture de Police de Paris.<br \/>La mise en espace a \u00e9t\u00e9 cr\u00e9\u00e9e par Laura Desprein, professeur de Th\u00e9\u00e2tre au Conservatoire.<\/p>\n<div class=\"morceau\">\n<h4 class=\"morceau_titre\">Les P&rsquo;tits Loups du Jazz<\/h4>\n<p class=\"morceau_compositeur\"><span class=\"morceau_arrangeur\">Arrangement\u00a0: Jean-Jacques Charles pour choeur d&rsquo;enfants, trio de jazz et orchestre d&rsquo;harmonie<\/span><\/p>\n<div class=\"morceau_description\">\n<ol>\n<li>La salsa des P&rsquo;tits loups (Salsa blues) &#8211;   Olivier Caillard<\/li>\n<li>Chat bada (Splanky) &#8211; Olivier Caillard \/ Lester Young<\/li>\n<li>Monk&rsquo;canard (Blue Monk) &#8211; Olivier Caillard\/ Thelonious Monk<\/li>\n<li>Mamadou, Casimir et Tintin (musique traditionnelle) &#8211; Olivier Caillard<\/li>\n<li>Swing Song (It don&rsquo;t mean a thing) &#8211; Olivier Caillard\/ Duke Ellington<\/li>\n<li>La chanson de Bunny (Bernie&rsquo;s tune) &#8211; Olivier Caillard \/ Bernie Miller<\/li>\n<li>L&rsquo;automne (Gentle rain) &#8211; Olivier Caillard \/ Luis Bonfa<\/li>\n<li>Le casse-t\u00eate (Now&rsquo;s Time) &#8211; Olivier Caillard \/ Charlie Parker<\/li>\n<li>C&rsquo;est pas pour moi (But not for me) &#8211; Olivier Caillard \/ George Gershwin<\/li>\n<\/ol>\n<\/div>\n<\/div>\n","protected":false},"excerpt":{"rendered":"<p>Lieu : Halle aux Grains de Blois Date : 12 avril 2015 Avec la participation de ch&oelig;urs d&rsquo;enfants en seconde partie Premi\u00e8re partie (Harmonie de Blois) Symphony n\u00b02, The Odyssey Robert W. Smith N\u00e9 en 1958, Robert W. Smith est un compositeur et arrangeur tr\u00e8s populaire aupr\u00e8s des orchestres am\u00e9ricains. Il a \u00e0 son actif [&hellip;]<\/p>\n","protected":false},"author":1,"featured_media":0,"parent":240,"menu_order":0,"comment_status":"open","ping_status":"open","template":"","meta":{"footnotes":""},"class_list":["post-754","page","type-page","status-publish","hentry"],"_links":{"self":[{"href":"https:\/\/www.harmoniedeblois.fr\/index.php?rest_route=\/wp\/v2\/pages\/754","targetHints":{"allow":["GET"]}}],"collection":[{"href":"https:\/\/www.harmoniedeblois.fr\/index.php?rest_route=\/wp\/v2\/pages"}],"about":[{"href":"https:\/\/www.harmoniedeblois.fr\/index.php?rest_route=\/wp\/v2\/types\/page"}],"author":[{"embeddable":true,"href":"https:\/\/www.harmoniedeblois.fr\/index.php?rest_route=\/wp\/v2\/users\/1"}],"replies":[{"embeddable":true,"href":"https:\/\/www.harmoniedeblois.fr\/index.php?rest_route=%2Fwp%2Fv2%2Fcomments&post=754"}],"version-history":[{"count":4,"href":"https:\/\/www.harmoniedeblois.fr\/index.php?rest_route=\/wp\/v2\/pages\/754\/revisions"}],"predecessor-version":[{"id":760,"href":"https:\/\/www.harmoniedeblois.fr\/index.php?rest_route=\/wp\/v2\/pages\/754\/revisions\/760"}],"up":[{"embeddable":true,"href":"https:\/\/www.harmoniedeblois.fr\/index.php?rest_route=\/wp\/v2\/pages\/240"}],"wp:attachment":[{"href":"https:\/\/www.harmoniedeblois.fr\/index.php?rest_route=%2Fwp%2Fv2%2Fmedia&parent=754"}],"curies":[{"name":"wp","href":"https:\/\/api.w.org\/{rel}","templated":true}]}}