{"id":764,"date":"2015-11-21T20:43:20","date_gmt":"2015-11-21T18:43:20","guid":{"rendered":"http:\/\/www.harmoniedeblois.fr\/?page_id=764"},"modified":"2016-01-10T21:08:21","modified_gmt":"2016-01-10T19:08:21","slug":"prochain-concert-noel-2015","status":"publish","type":"page","link":"https:\/\/www.harmoniedeblois.fr\/?page_id=764","title":{"rendered":"Concert de No\u00ebl 2015"},"content":{"rendered":"<p><a href=\"officiel\/images\/affiches\/HdB-151220.pdf\" target=\"_blank\"><img loading=\"lazy\" decoding=\"async\" src=\"officiel\/images\/affiches\/151220.jpg\" alt=\"Affiche du concert\" class=\"alignleft\" width=\"70\" height=\"100\"\/><\/a><\/p>\n<div class=\"descriptif_concert\">\n<p>Lieu : Halle aux Grains de Blois<\/p>\n<p>Date : 20 d\u00e9cembre 2015<\/p>\n<p>&nbsp;<\/p>\n<\/div>\n<h3 class=\"entracte\">Premi\u00e8re partie<\/h3>\n<div class=\"morceau\">\n<h4 class=\"morceau_titre\">La procession d&rsquo;Elsa \u00e0 la cath\u00e9drale<br \/><span class=\"morceau_titre2\">Extrait de l&rsquo;op\u00e9ra Lohengrin<\/span><\/h4>\n<p class=\"morceau_compositeur\">Richard Wagner<\/p>\n<div class=\"morceau_description\">\n<p>Musicien mais aussi dramaturge, philosophe et metteur en sc\u00e8ne, Richard Wagner n&rsquo;a eu aucun rival dans l&rsquo;Allemagne de son temps. Sous sa plume et sous sa direction, l&rsquo;op\u00e9ra est devenu une &oelig;uvre d&rsquo;art totale.<br \/>\nR\u00e9formateur du th\u00e9\u00e2tre lyrique, Richard Wagner est avant tout un compositeur d&rsquo;op\u00e9ras : il a r\u00e9volutionn\u00e9 le genre \u00e0 la fois dans sa forme, dans sa dramaturgie, dans l&rsquo;\u00e9criture musicale et dans l&rsquo;orchestration, en posant ainsi les jalons du XX<sup>\u00e8me<\/sup> si\u00e8cle.<br \/>\nSon g\u00e9nie artistique est doubl\u00e9 d&rsquo;une personnalit\u00e9 controvers\u00e9e. En effet, Wagner ne laisse pas indiff\u00e9rent et son &oelig;uvre, marqu\u00e9e par des consid\u00e9rations politiques et id\u00e9ologiques, continue de diviser les connaisseurs et les m\u00e9lomanes.<br \/>\nObs\u00e9d\u00e9 toute sa vie par la fondation d&rsquo;une \u00e9cole, Wagner s&rsquo;est \u00e9lev\u00e9 au-dessus des conventions qui faisaient de l&rsquo;op\u00e9ra un simple divertissement. Il consid\u00e8re le th\u00e9\u00e2tre lyrique comme le lieu d&rsquo;une initiation sacr\u00e9e, et la trag\u00e9die, comme un jeu sc\u00e9nique solennel. C&rsquo;est ce r\u00f4le qu&rsquo;il s&rsquo;attribue en composant des drames musicaux o\u00f9 le texte devient musique, la musique action et l&rsquo;action th\u00e9\u00e2tre.<br \/>\nTout comme pour son pr\u00e9c\u00e9dent op\u00e9ra Tannh\u00e4user, Wagner s&rsquo;inspire de la litt\u00e9rature m\u00e9di\u00e9vale germanique pour composer en 1850 son op\u00e9ra Lohengrin. Il raconte l&rsquo;histoire de ce myst\u00e9rieux chevalier accompagn\u00e9<br \/>\nd&rsquo;un cygne, venu sauver la jeune Elsa accus\u00e9e \u00e0 tort d&rsquo;avoir tu\u00e9 son fr\u00e8re. Elsa lui promet en retour de l&rsquo;\u00e9pouser, mais elle ne doit jamais lui demander son nom. Le chevalier remporte son tournoi qui prouve l&rsquo;innocence d&rsquo;Elsa et les noces sont c\u00e9l\u00e9br\u00e9es. Malheureusement, Elsa, influenc\u00e9e, ne peut s&#8217;emp\u00eacher de lui demander qui il est. Lohengrin fils de Parsival, chevalier du Graal est contraint de partir tandis que le cygne se transforme en Gottfried, fr\u00e8re d&rsquo;Elsa.<\/p>\n<p>La procession d&rsquo;Elsa correspond \u00e0 son arriv\u00e9e \u00e0 la cath\u00e9drale pour son mariage avec ce myst\u00e9rieux chevalier blanc. Les nobles dames et chevaliers saluent Elsa sur son passage jusqu&rsquo;\u00e0 son entr\u00e9e dans la cath\u00e9drale. Les voix et les instruments se fondent dans un climat de beaut\u00e9 joyeuse.<\/p>\n<\/div>\n<\/div>\n<hr\/>\n<div class=\"morceau\">\n<h4 class=\"morceau_titre\">Mort \u00e0 Venise<br \/><span class=\"morceau_titre2\">Adagietto de la Symphonie n\u00b05<\/span><\/h4>\n<p class=\"morceau_compositeur\">Gustav Mahler<\/p>\n<div class=\"morceau_description\">\n<p>Compositeur, pianiste et chef d&rsquo;orchestre autrichien de la p\u00e9riode charni\u00e8re entre le XIX<sup>\u00e8me<\/sup> et le XX<sup>\u00e8me<\/sup> si\u00e8cle, Gustav Malher initie la transition vers le post-romantisme et le modernisme en bouleversant le genre symphonique.<br \/>\nIssu d&rsquo;une famille juive modeste, il \u00e9tudie au Conservatoire de Vienne o\u00f9 il suit notamment des cours d&rsquo;harmonie et de composition puis occupe diff\u00e9rents postes de chef d&rsquo;orchestre et de directeur musical en Europe centrale et en Autriche.<br \/>\nSon g\u00e9nie de l&rsquo;orchestration est remarqu\u00e9 lorsqu&rsquo;il dirige Mozart, Beethoven et Wagner \u00e0 l&rsquo;op\u00e9ra de Prague, salle qu&rsquo;il quitte en raison de conflits avec l&rsquo;administration et les musiciens. Sa nomination comme directeur musical de l&rsquo;op\u00e9ra de Vienne, capitale alors en pleine \u00e9bullition artistique, constitue l&rsquo;apog\u00e9e de sa carri\u00e8re. Dans le d\u00e9saccord qui oppose les conservateurs (Brahms) aux progressistes (Wagner), Gustav Mahler choisit son camp, celui de Wagner, qui le fascine par la r\u00e9volution musicale qu&rsquo;il porte. Il finit sa carri\u00e8re \u00e0 l&rsquo;orchestre philharmonique de New York. <br \/>\nPar leurs dimensions monumentales et la d\u00e9mesure de l&rsquo;effectif orchestral, les symphonies de Mahler constituent des chefs d&rsquo;&oelig;uvre du romantisme.<\/p>\n<p>Depuis que Luchino Visconti s&rsquo;est servi de l&rsquo;Adagietto de la Symphonie n\u00b05 comme leitmotiv du film Mort \u00e0 Venise, ce mouvement est sans aucun doute le mouvement le plus pris\u00e9 de tout l&rsquo;&oelig;uvre de Gustav Mahler.<\/p>\n<\/div>\n<\/div>\n<hr\/>\n<div class=\"morceau\">\n<h4 class=\"morceau_titre\">Sinfonia India<\/h4>\n<p class=\"morceau_compositeur\">Carlos Ch&aacute;vez<\/p>\n<div class=\"morceau_description\">\n<p>N\u00e9 en 1899 pr\u00e8s de Mexico, Carlos Antonio de Padua Ch\u00e1vez est le compositeur le plus influent de son pays. <br \/>\nIl commence le piano \u00e0 l&rsquo;\u00e2ge de 9 ans et devient en 1910 l&rsquo;\u00e9l\u00e8ve de l&rsquo;un des plus importants compositeurs du Mexique de l&rsquo;\u00e9poque, Manual Ponce.<br \/>\nIl se met \u00e0 composer peu de temps apr\u00e8s, \u00e9crit plusieurs petits morceaux et montre un talent certain pour l&rsquo;improvisation au clavier. <br \/>\nLargement autodidacte, Ch\u00e1vez n&rsquo;a jamais essay\u00e9 de devenir le disciple d&rsquo;un autre compositeur, il pr\u00e9f\u00e8re s&rsquo;appuyer sur sa propre analyse des &oelig;uvres des ma\u00eetres. Toutefois, il compl\u00e8te ses \u00e9tudes au Conservatoire National o\u00f9 il re\u00e7oit un dipl\u00f4me en composition.<br \/>\nLe premier concert public d\u00e9voilant la musique de Ch\u00e1vez a eu lieu en 1921.<br \/>\nLors d&rsquo;un s\u00e9jour \u00e0 Paris, Ch\u00e1vez se lie d&rsquo;amiti\u00e9 avec le compositeur Paul Dukas, qui l&rsquo;encourage \u00e0 se concentrer sur le riche h\u00e9ritage musical du Mexique, mais l&rsquo;accueil r\u00e9serv\u00e9 du public mexicain pour ses concerts l&rsquo;am\u00e8ne \u00e0 partir \u00e0 New York en 1926. C&rsquo;est \u00e0 New York qu&rsquo;il se lie d&rsquo;amiti\u00e9 avec Aaron Copland et Edgar Var\u00e8se qui l&rsquo;aident \u00e0 rencontrer ceux qui font bouger la musique \u00e0 cette \u00e9poque. On se met enfin \u00e0 \u00e9couter ses &oelig;uvres et celles-ci re\u00e7oivent alors une critique favorable. <br \/>\nApr\u00e8s avoir re\u00e7u la reconnaissance tant m\u00e9rit\u00e9e, Ch\u00e1vez retourne au Mexique en 1928 o\u00f9 il accepte le poste de directeur musical de l&rsquo;Orquesta Sinf\u00f3nica Mexicana. R\u00e9organis\u00e9 sous sa direction, l&rsquo;orchestre devient le premier orchestre permanent de l&rsquo;histoire du Mexique, battant son plein pendant 21 saisons sous sa direction.<\/p>\n<p>C&rsquo;est dans les ann\u00e9es 30 que beaucoup des &oelig;uvres m\u00e9morables de Ch\u00e1vez ont vu le jour. C&rsquo;est le cas de Sinfonia India, cr\u00e9\u00e9e en 1935 et jou\u00e9e pour la premi\u00e8re fois en concert en 1936, sous la direction de Carlos Ch\u00e1vez lui-m\u00eame.<\/p>\n<\/div>\n<\/div>\n<h3 class=\"entracte\">Deuxi\u00e8me partie<\/h3>\n<div class=\"morceau\">\n<h4 class=\"morceau_titre\">Flight to Neverland<\/h4>\n<p class=\"morceau_compositeur\">John Williams<\/p>\n<div class=\"morceau_description\">\n<p>Compositeur, chef d&rsquo;orchestre et pianiste am\u00e9ricain, John Williams est n\u00e9 en 1932 \u00e0 New York. Fils d&rsquo;un percussionniste, il \u00e9tudie le piano d\u00e8s l&rsquo;\u00e2ge de sept ans puis le trombone, le tuba et la trompette. A quinze ans, il dirige son propre groupe de jazz et s&rsquo;essaie \u00e0 l&rsquo;arrangement.<br \/>\nIl compose dans les ann\u00e9es 50 plusieurs &oelig;uvres de jazz et commence \u00e0 composer pour la t\u00e9l\u00e9vision et le cin\u00e9ma.<br \/>\nSon travail particuli\u00e8rement innovant impressionne Steven Spielberg qui lui demande d&rsquo;\u00e9crire la musique de \u00ab&nbsp;Sugarland Express&nbsp;\u00bb en 1974. Une longue collaboration commence puisqu&rsquo;il devient son compositeur f\u00e9tiche et participe \u00e0 21 de ses films : \u00ab&nbsp;Les dents de la mer&nbsp;\u00bb, \u00ab&nbsp;E.T. l&rsquo;extra-terrestre&nbsp;\u00bb, \u00ab&nbsp;Indiana Jones et la derni\u00e8re croisade&nbsp;\u00bb et \u00ab&nbsp;Jurassic Park&nbsp;\u00bb notamment.<br \/>\nIl collabore aussi activement avec George Lucas pour qui il \u00e9crit la musique du film \u00ab&nbsp;Star Wars&nbsp;\u00bb.<br \/>\nJohn Williams a plus de 75 musiques de films \u00e0 son actif, ce qui l&rsquo;a conduit \u00e0 \u00eatre nomm\u00e9 plus de 40 fois aux Oscars et \u00e0 en obtenir 5 pour \u00ab&nbsp;Un Violon sur le Toit&nbsp;\u00bb (1971), \u00ab&nbsp;Les Dents de la Mer&nbsp;\u00bb (1975), \u00ab&nbsp;Star Wars Episode IV&nbsp;\u00bb (1977), \u00ab&nbsp;E.T.&nbsp;\u00bb (1982) et \u00ab&nbsp;La Liste de Schindler&nbsp;\u00bb (1993).<\/p>\n<p>Flight to Neverland est extrait de la bande originale du film fantastique de Steven Spielberg \u00ab&nbsp;Hook ou la revanche du capitaine Crochet&nbsp;\u00bb, sorti en 1991. R\u00e9unissant Dustin Hoffman, Robin Williams, Julia Roberts et Bob Hoskins, le sc\u00e9nario montre un Peter Pan adulte, devenu un avocat d&rsquo;affaires mari\u00e9 et p\u00e8re de deux enfants, mais ayant occult\u00e9 son pass\u00e9 jusqu&rsquo;au jour o\u00f9 le capitaine Crochet r\u00e9appara\u00eet et enl\u00e8ve ses enfants&#8230;<\/p>\n<\/div>\n<\/div>\n<hr\/>\n<div class=\"morceau\">\n<h4 class=\"morceau_titre\">Casanova<br \/><span class=\"morceau_titre2\">Soliste : Yanis Boudris<\/span><\/h4>\n<p class=\"morceau_compositeur\">Johan De Meij<\/p>\n<div class=\"morceau_description\">\n<ol style=\"list-style-type: upper-roman;\">\n<li>Prologo \u2013 Il Tema di Messer Grande (Prologue \u2013 le th\u00e8me de Messer Grande)<\/li>\n<li>Cadenza \u2013 Atto di Presentazione (Cadence \u2013 Acte de pr\u00e9sence)<\/li>\n<li>La Vita a Corte (La Vie \u00e0 la Cour)<\/li>\n<li>L&rsquo;Arresto di Casanova (L&rsquo;Arrestation de Casanova)<\/li>\n<li>Reminiscenze (R\u00eaveries)<\/li>\n<li>L&rsquo;Evasione dai Piombi (L&rsquo;Evasion de la prison de Piombi)<\/li>\n<li>M.M. e C.C. (M.M. et C.C.)<\/li>\n<li>Finale e Stretto : Il Trionfo dell&rsquo;Amore (Le Triomphe de l&rsquo;Amour)<\/li>\n<\/ol>\n<p>N\u00e9 en 1953 aux Pays-Bas, Johan De Meij a commenc\u00e9 sa carri\u00e8re musicale en \u00e9tudiant le trombone au Conservatoire Royal de la Haye. Musicien accompli, il a jou\u00e9 pendant 14 ans dans l&rsquo;un des ensembles de cuivres les plus prestigieux d&rsquo;Europe : le Dutch Brass Sextet et est aujourd&rsquo;hui membre de plusieurs orchestres professionnels.<br \/>\nParall\u00e8lement \u00e0 sa pratique du trombone, Johan De Meij a travaill\u00e9 la direction d&rsquo;orchestre et est actuellement souvent invit\u00e9 \u00e0 diriger des orchestres d&rsquo;harmonie et \u00e0 animer des master-class dans le monde entier.<br \/>\nMais Johan De Meij s&rsquo;est aussi illustr\u00e9 comme brillant compositeur et arrangeur, essentiellement pour orchestre d&rsquo;harmonie. Tr\u00e8s vite, ses arrangements n&rsquo;ont plus \u00e9t\u00e9 jou\u00e9s uniquement par l&rsquo;Orchestre d&rsquo;Harmonie Professionnel d&rsquo;Amsterdam mais par de nombreux orchestres hollandais et \u00e9trangers. Son &oelig;lig;uvre comprend des &oelig;uvres originales, des transcriptions d&rsquo;&oelig;uvres symphoniques et des arrangements de musiques de films et de com\u00e9dies musicales. <br \/>\nSa plus c\u00e9l\u00e8bre composition est la symphonie Le Seigneur des Anneaux, inspir\u00e9e du roman du m\u00eame nom de J.R.R. Tolkien, que vous avez pu entendre ici m\u00eame, il y a tout juste 8 ans, lors de notre concert de no\u00ebl. Compos\u00e9e entre 1984 et 1987 et cr\u00e9\u00e9e en 1988 \u00e0 Bruxelles avec le chef d&rsquo;orchestre Norbert Nozy, cette symphonie a \u00e9t\u00e9 prim\u00e9e en 1989 au prestigieux Concours International de Composition Sudler \u00e0 Chicago.<\/p>\n<p>En 1999, Johan De Meij r\u00e9alise 2 r\u00eaves de jeunesse en composant Casanova : \u00e9crire une &oelig;uvre en hommage \u00e0 Giacomo Puccini, un de ses compositeurs favoris, et \u00e9crire une &oelig;uvre pour violoncelle et orchestre \u00e0 vents.<br \/>\n\u00c0 travers Casanova, il illustre par 8 tableaux musicaux la vie mouvement\u00e9e de ce c\u00e9l\u00e8bre coureur de jupons qui v\u00e9cut en Italie de 1725 \u00e0 1798 :<\/p>\n<ul>\n<li>sa vie \u00e0 la cour, synonyme d&rsquo;abondance en tout genre,<\/li>\n<li>son arrestation, pour pratiques magiques, libertinage et ath\u00e9isme, et son transfert \u00e0 la prison Il Piombi de Venise,<\/li>\n<li>sa captivit\u00e9, pendant laquelle il m\u00e9dite sur sa vie mouvement\u00e9e et rencontre le moine Balbi, avec qui il va \u00e9laborer un ing\u00e9nieux plan d&rsquo;\u00e9vasion,<\/li>\n<li>son \u00e9vasion vers le couvent de l&rsquo;\u00eele de Murano, o\u00f9 il entretient des relations amoureuses avec 2 religieuses (par souci de discr\u00e9tion, les m\u00e9moires de Casanova ne mentionnent que leurs initiales : M.M. et C.C. !).<\/li>\n<\/ul>\n<p>Sur commande de la Fondation musicale n\u00e9erlandaise \u00ab Fond voor de Scheppende Toonkunst \u00bb et \u00e0 la demande de l&rsquo;orchestre d&rsquo;harmonie \u00ab Saint Michel \u00bb de Thorn, il d\u00e9die cette &oelig;uvre \u00e0 Heinz Friesen, son chef d&rsquo;orchestre. En ao\u00fbt 1999, Casanova obtient le Premier Prix en Premi\u00e8re Cat\u00e9gorie du Concours International de Composition \u00e0 Corciano en Italie.<\/p>\n<p>Giacomo Casanova sera repr\u00e9sent\u00e9 ici par le violoncelliste Yanis Boudris, \u00e9l\u00e8ve de Vincent Daguet, professeur du Conservatoire \u00e0 Rayonnement D\u00e9partemental de Blois.<\/p>\n<\/div>\n<\/div>\n<div class=\"media_concert\">\n<p><strong>Articles de presse (\u00a9 <a href=\"http:\/\/www.lanouvellerepublique.fr\/\" target=\"_blank\">La Nouvelle R\u00e9publique<\/a> &nbsp;&#8211;&nbsp; <a href=\"http:\/\/www.larenaissance-41.com\/\" target=\"_blank\">La Renaissance du Loir et Cher<\/a> &nbsp;&#8211;&nbsp; <a href=\"http:\/\/www.30jours.fr\/\" target=\"_blank\">30 jours<\/a>) : <\/strong><\/p>\n<div class=\"media_concert_presse\"><a title=\"30 jours Pays Blaisois - n\u00b036, d\u00e9cembre 2015\" rel=\"lightbox[presse]\" href=\"officiel\/images\/presse\/151220\/151220-01.jpg\"><img loading=\"lazy\" decoding=\"async\" src=\"officiel\/images\/presse\/151220\/tn_151220-01.jpg\" alt=\"\" height=\"120\" width=\"120\"><\/a><a title=\"La Renaissance - 11 d\u00e9cembre 2015\" rel=\"lightbox[presse]\" href=\"officiel\/images\/presse\/151220\/151220-02.jpg\"><img loading=\"lazy\" decoding=\"async\" src=\"officiel\/images\/presse\/151220\/tn_151220-02.jpg\" alt=\"\" height=\"120\" width=\"120\"><\/a><a title=\"La Nouvelle R\u00e9publique - 19 d\u00e9cembre 2015\" rel=\"lightbox[presse]\" href=\"officiel\/images\/presse\/151220\/151220-03.jpg\"><img loading=\"lazy\" decoding=\"async\" src=\"officiel\/images\/presse\/151220\/tn_151220-03.jpg\" alt=\"\" height=\"120\" width=\"120\"><\/a><a title=\"La Nouvelle R\u00e9publique - 24 d\u00e9cembre 2015\" rel=\"lightbox[presse]\" href=\"officiel\/images\/presse\/151220\/151220-04.jpg\"><img loading=\"lazy\" decoding=\"async\" src=\"officiel\/images\/presse\/151220\/tn_151220-04.jpg\" alt=\"\" height=\"120\" width=\"120\"><\/a><a title=\"La Renaissance - 25 d\u00e9cembre 2015\" rel=\"lightbox[presse]\" href=\"officiel\/images\/presse\/151220\/151220-05.jpg\"><img loading=\"lazy\" decoding=\"async\" src=\"officiel\/images\/presse\/151220\/tn_151220-05.jpg\" alt=\"\" height=\"120\" width=\"120\"><\/a><\/div>\n<\/div>\n","protected":false},"excerpt":{"rendered":"<p>Lieu : Halle aux Grains de Blois Date : 20 d\u00e9cembre 2015 &nbsp; Premi\u00e8re partie La procession d&rsquo;Elsa \u00e0 la cath\u00e9draleExtrait de l&rsquo;op\u00e9ra Lohengrin Richard Wagner Musicien mais aussi dramaturge, philosophe et metteur en sc\u00e8ne, Richard Wagner n&rsquo;a eu aucun rival dans l&rsquo;Allemagne de son temps. Sous sa plume et sous sa direction, l&rsquo;op\u00e9ra est [&hellip;]<\/p>\n","protected":false},"author":1,"featured_media":0,"parent":240,"menu_order":0,"comment_status":"open","ping_status":"open","template":"","meta":{"footnotes":""},"class_list":["post-764","page","type-page","status-publish","hentry"],"_links":{"self":[{"href":"https:\/\/www.harmoniedeblois.fr\/index.php?rest_route=\/wp\/v2\/pages\/764","targetHints":{"allow":["GET"]}}],"collection":[{"href":"https:\/\/www.harmoniedeblois.fr\/index.php?rest_route=\/wp\/v2\/pages"}],"about":[{"href":"https:\/\/www.harmoniedeblois.fr\/index.php?rest_route=\/wp\/v2\/types\/page"}],"author":[{"embeddable":true,"href":"https:\/\/www.harmoniedeblois.fr\/index.php?rest_route=\/wp\/v2\/users\/1"}],"replies":[{"embeddable":true,"href":"https:\/\/www.harmoniedeblois.fr\/index.php?rest_route=%2Fwp%2Fv2%2Fcomments&post=764"}],"version-history":[{"count":5,"href":"https:\/\/www.harmoniedeblois.fr\/index.php?rest_route=\/wp\/v2\/pages\/764\/revisions"}],"predecessor-version":[{"id":772,"href":"https:\/\/www.harmoniedeblois.fr\/index.php?rest_route=\/wp\/v2\/pages\/764\/revisions\/772"}],"up":[{"embeddable":true,"href":"https:\/\/www.harmoniedeblois.fr\/index.php?rest_route=\/wp\/v2\/pages\/240"}],"wp:attachment":[{"href":"https:\/\/www.harmoniedeblois.fr\/index.php?rest_route=%2Fwp%2Fv2%2Fmedia&parent=764"}],"curies":[{"name":"wp","href":"https:\/\/api.w.org\/{rel}","templated":true}]}}