{"id":794,"date":"2016-11-26T14:15:19","date_gmt":"2016-11-26T12:15:19","guid":{"rendered":"http:\/\/www.harmoniedeblois.fr\/?page_id=794"},"modified":"2017-01-09T17:12:04","modified_gmt":"2017-01-09T15:12:04","slug":"prochain-concert-noel-2016","status":"publish","type":"page","link":"https:\/\/www.harmoniedeblois.fr\/?page_id=794","title":{"rendered":"Concert de No\u00ebl 2016"},"content":{"rendered":"<p><a href=\"officiel\/images\/affiches\/HdB-161218.pdf\" target=\"_blank\"><img loading=\"lazy\" decoding=\"async\" src=\"officiel\/images\/affiches\/161218.jpg\" alt=\"Affiche du concert\" class=\"alignleft\" width=\"70\" height=\"100\"\/><\/a><\/p>\n<div class=\"descriptif_concert\">\n<p>&nbsp;<br \/>Lieu : Halle aux Grains de Blois<\/p>\n<p>Date : 18 d\u00e9cembre 2016<\/p>\n<p>Avec la participation d&rsquo;Ad\u00e9lie Cartier-Panot et les Six Appeals accompagn\u00e9s par le Big Band de l&rsquo;Harmonie &#038; Friends<\/p>\n<\/div>\n<h3 class=\"entracte\">Premi\u00e8re partie (Harmonie de Blois)<\/h3>\n<div class=\"morceau\">\n<h4 class=\"morceau_titre\">Canon sur une basse obstin\u00e9e<\/h4>\n<p class=\"morceau_compositeur\">Johan Pachelbel<\/p>\n<div class=\"morceau_description\">\n<p>Johann Pachelbel est un compositeur et organiste allemand de la p\u00e9riode baroque, n\u00e9 en 1653 \u00e0 Nuremberg et mort en 1706.<br \/>Durant sa jeunesse, Pachelbel re\u00e7oit son \u00e9ducation musicale de Heinrich Schwemmer, musicien et professeur de musique qui plus tard deviendra chef de ch&oelig;ur de l&rsquo;\u00e9glise Saint Sebaldus \u00e0 Nuremberg.<\/p>\n<p>Inscrit \u00e0 l&rsquo;\u00e2ge de 15 ans \u00e0 l&rsquo;universit\u00e9 d&rsquo;Altdorf, le futur compositeur montre des signes \u00ab\u00a0d&rsquo;intelligence musicale\u00a0\u00bb. Mais, malgr\u00e9 un poste d&rsquo;organiste dans la ville, il doit stopper ses \u00e9tudes \u00e0 cause de difficult\u00e9s financi\u00e8res. Heureusement, une bourse lui permet de continuer sa scolarit\u00e9 musicale \u00e0 la \u00ab\u00a0Gymnasium poeticum\u00a0\u00bb de Regensburg o\u00f9 il impressionne ses professeurs par son talent.<\/p>\n<p>Au cours de sa vie riche en d\u00e9m\u00e9nagements, il est devenu un grand ami de la famille Bach avec laquelle les influences musicales r\u00e9ciproques ont certainement \u00e9t\u00e9 importantes. Il \u00e9tait le parrain d&rsquo;une des s&oelig;urs de Jean-S\u00e9bastien Bach et le professeur d&rsquo;un de ses fr\u00e8res (mais pas du g\u00e9nie allemand lui-m\u00eame).<\/p>\n<p>S&rsquo;il a laiss\u00e9 un catalogue de musique vocale consid\u00e9rable, c&rsquo;est pour son &oelig;uvre pour clavier qu&rsquo;il est avant tout reconnu, et plus particuli\u00e8rement pour son &oelig;uvre pour orgue.<\/p>\n<p>Le canon pour une basse obstin\u00e9e, compos\u00e9 en 1677, est une des &oelig;uvres les plus populaires de l&rsquo;histoire de la musique, encore \u00e9cout\u00e9e partout dans le monde plus de 330 ans apr\u00e8s sa composition.<\/p>\n<\/div>\n<\/div>\n<hr>\n<div class=\"morceau\">\n<h4 class=\"morceau_titre\">Espa\u00f1a Rhapsody<\/h4>\n<p class=\"morceau_compositeur\">Emmanuel Chabrier<\/p>\n<div class=\"morceau_description\">\n<p>Emmanuel Chabrier est un compositeur fran\u00e7ais n\u00e9 en 1841 et mort en 1894.<br \/>Il \u00e9tudie au lyc\u00e9e imp\u00e9rial de Clermont-Ferrand avant de rejoindre le lyc\u00e9e Saint-Louis \u00e0 Paris en 1856. \u00c0 partir de 1862, il travaille au minist\u00e8re de l&rsquo;Int\u00e9rieur \u00e0 Paris et en 1880, il choisit de se consacrer enti\u00e8rement \u00e0 la musique.<\/p>\n<p>Il fr\u00e9quente les \u00e9crivains \u00c9mile Zola et Alphonse Daudet, avec qui il entretient une grande amiti\u00e9, ainsi que les peintres Auguste Renoir, Claude Monet et \u00c9douard Manet.<br \/>Principalement connu pour des &oelig;uvres orchestrales, il a aussi compos\u00e9 plusieurs op\u00e9ras, pi\u00e8ces pour piano et m\u00e9lodies pour une voix et piano. Ses cr\u00e9ations \u00e9taient admir\u00e9es par de nombreux compositeurs tels que Claude Debussy, Maurice Ravel, Erik Satie, Richard Strauss, ou encore Igor Stravinsky.<\/p>\n<p>Enchant\u00e9 par la musique espagnole et andalouse, il promet au chef d&rsquo;orchestre Charles Lamoureux, d&rsquo;\u00e9crire une pi\u00e8ce aux accents espagnols qui feraient \u00ab\u00a0se lever et s&#8217;embrasser les personnes pr\u00e9sentes dans le public\u00a0\u00bb\u00a0! <br \/>C&rsquo;est ainsi qu&rsquo;a vu le jour sa plus c\u00e9l\u00e8bre &oelig;uvre, la rhapsodie pour orchestre Espa\u00f1a en 1883.<\/p>\n<\/div>\n<\/div>\n<hr>\n<div class=\"morceau\">\n<h4 class=\"morceau_titre\">Hymn to the fallen<\/h4>\n<p class=\"morceau_compositeur\">John Williams<\/p>\n<div class=\"morceau_description\">\n<p>Compositeur, chef d&rsquo;orchestre et pianiste am\u00e9ricain, John Williams est n\u00e9 en 1932 \u00e0 New York. Fils d&rsquo;un percussionniste, il \u00e9tudie le piano d\u00e8s l&rsquo;\u00e2ge de sept ans puis le trombone, le tuba et la trompette. A quinze ans, il dirige son propre groupe de jazz et s&rsquo;essaie \u00e0 l&rsquo;arrangement.<\/p>\n<p>Il compose dans les ann\u00e9es 50 plusieurs &oelig;uvres de jazz et commence \u00e0 composer pour la t\u00e9l\u00e9vision et le cin\u00e9ma.<\/p>\n<p>Son travail particuli\u00e8rement innovant impressionne Steven Spielberg qui lui demande d&rsquo;\u00e9crire la musique de \u00ab\u00a0Sugarland Express\u00a0\u00bb en 1974. Une longue collaboration commence puisqu&rsquo;il devient son compositeur f\u00e9tiche et participe \u00e0 21 de ses films\u00a0: \u00ab\u00a0Les dents de la mer\u00a0\u00bb, \u00ab\u00a0E.T. l&rsquo;extra-terrestre\u00a0\u00bb, \u00ab\u00a0Indiana Jones et la derni\u00e8re croisade\u00a0\u00bb et \u00ab\u00a0Jurassic Park\u00a0\u00bb notamment. John Williams a plus de 75 musiques de films \u00e0 son actif, ce qui l&rsquo;a conduit \u00e0 \u00eatre nomm\u00e9 plus de 40 fois aux Oscars.<\/p>\n<p>Hymn to the Fallen est le titre qui cl\u00f4ture le magnifique film de Steven Spielberg sorti en 1998, \u00ab\u00a0Il faut sauver le soldat Ryan\u00a0\u00bb.<br \/>L&rsquo;ancien soldat James Ryan, de retour en Normandie apr\u00e8s toutes ces ann\u00e9es pour aller se recueillir dans un cimeti\u00e8re am\u00e9ricain, se demande s&rsquo;il est devenu quelqu&rsquo;un de bien, s&rsquo;il a m\u00e9rit\u00e9 le sacrifice des hommes, dirig\u00e9s par le capitaine Miller, venus pour le sauver et le ramener chez lui. Cette musique est un hymne \u00e0 ceux qui sont tomb\u00e9s pour lui, et pour la France.<\/p>\n<\/div>\n<\/div>\n<hr>\n<div class=\"morceau\">\n<h4 class=\"morceau_titre\">El bosque m&aacute;gico<\/h4>\n<p class=\"morceau_compositeur\">Ferrer Ferran<br \/><span class=\"morceau_arrangeur\">Soliste : Guillaume Pierlot<\/span><\/p>\n<div class=\"morceau_description\">\n<p>Ferrer Ferran est n\u00e9 en 1966, \u00e0 Valence, en Espagne. \u00c0 l&rsquo;\u00e2ge de quinze ans, il est d\u00e9j\u00e0 laur\u00e9at d&rsquo;un premier prix de piano et de percussion. Par la suite, il obtient un dipl\u00f4me de Musique de Chambre et d&rsquo;accompagnement, ainsi qu&rsquo;un prix de composition et de direction d&rsquo;orchestre de l&rsquo;Acad\u00e9mie Royale de Musique de Grande-Bretagne.<\/p>\n<p>Il s&rsquo;est produit dans son pays natal en tant que soliste, chambriste, et pianiste accompagnateur de grands solistes internationaux. Il collabore avec plusieurs Orchestres Symphoniques espagnols et m\u00e8ne en parall\u00e8le une carri\u00e8re de compositeur, de pianiste et de chef d&rsquo;orchestre. Il est \u00e9galement professeur au Conservatoire Sup\u00e9rieur de Musique de Valence en Espagne. Ses domaines de pr\u00e9dilection\u00a0: la composition et l&rsquo;accompagnement.<\/p>\n<p>Ferrer Ferran est l&rsquo;auteur de nombreuses compositions pour diverses formations instrumentales, Ch&oelig;ur, Orchestre de Chambre et Orchestre d&rsquo;Harmonie, entre autres. La plupart des cr\u00e9ations mondiales de ses &oelig;uvres a \u00e9t\u00e9 assur\u00e9e par des ensembles de renom, et plusieurs de ses compositions ont \u00e9t\u00e9 choisies comme pi\u00e8ces impos\u00e9es de concours et de festivals prestigieux.<\/p>\n<p>Laur\u00e9at de nombreux prix de composition, il a \u00e9t\u00e9 honor\u00e9 de plusieurs distinctions, dont celle de l&rsquo;Association des Jeunes Musiciens d&rsquo;Espagne. Le jury du Concours de Corciano en Italie l&rsquo;a \u00e9galement r\u00e9compens\u00e9 de plusieurs prix.<br \/>El Bosque M\u00e1gico a \u00e9t\u00e9 donn\u00e9 en cr\u00e9ation mondiale le 17 f\u00e9vrier 2002.<\/p>\n<p>&nbsp;<\/p>\n<p>Aujourd&rsquo;hui, c&rsquo;est <strong>Guillaume Pierlot<\/strong> qui s&rsquo;illustre dans ce morceau.<\/p>\n<p>N\u00e9 en 1982, il commence le hautbois d\u00e8s l&rsquo;\u00e2ge de 9 ans avec son grand-p\u00e8re, Pierre Pierlot.<br \/>Il entre au Conservatoire National de R\u00e9gion de Rueil-Malmaison dans la classe de Daniel Arrignon o\u00f9 il obtient un Premier Prix \u00e0 l&rsquo;unanimit\u00e9 en degr\u00e9 sup\u00e9rieur en 2000 suivi de Premiers Prix en degr\u00e9 excellence en 2001 et virtuosit\u00e9 en 2002.<br \/>Il poursuit alors ses \u00e9tudes au Conservatoire National de R\u00e9gion de Paris avec Jean-Claude Jaboulay avant d&rsquo;\u00eatre re\u00e7u en 2003 au Conservatoire National Sup\u00e9rieur de Musique de Paris dans la classe de Jacques Tys. En 2007 lui est d\u00e9cern\u00e9 le Dipl\u00f4me de Formation Sup\u00e9rieure mention Tr\u00e8s Bien \u00e0 l&rsquo;unanimit\u00e9.<\/p>\n<p>Il est co-fondateur du Quintette \u00e0 vent Pentatonic avec lequel il obtient un Premier Prix \u00e0 l&rsquo;unanimit\u00e9 au CNR de Rueil-Malmaison.<br \/>Il anime \u00e9galement le Trio des Cadets (2 hautbois et cor anglais), et le Trio Faguibob (hautbois clarinette et basson) avec lequel il obtient le Dipl\u00f4me de Formation Sup\u00e9rieure de musique de chambre au CNSM de Paris dans la classe de David Walter en 2008.<\/p>\n<p>Avec ces ensembles, il donne des concerts dans diff\u00e9rents festivals et se produit \u00e9galement au sein d&rsquo;orchestres \u00e0 Paris (l&rsquo;Op\u00e9ra de Paris, l&rsquo;Ensemble Orchestral de Paris, l&rsquo;Orchestre Philharmonique de Radio France, l&rsquo;Orchestre National de France, Colonne, Pasdeloup, l&rsquo;Ensemble Intercontemporain de Paris&hellip;) et en province (Op\u00e9ra de Tours, Op\u00e9ra de Toulon&hellip;). Il a \u00e9galement jou\u00e9 sous la direction de chefs d&rsquo;orchestre tels que Kurt Masur, Christoph Eschenbach, Riccardo Muti, Daniele Gatti, Philippe Jordan, Susanna M\u00e4lkki, Peter E\u00f6tv\u00f6s&#8230;<br \/>Il int\u00e8gre en 2008 l&rsquo;Orchestre de la Musique de l&rsquo;Air de Paris.<\/p>\n<\/div>\n<\/div>\n<h3 class=\"entracte\">Deuxi\u00e8me partie (Swing Me Out)<\/h3>\n<div class=\"morceau\">\n<ul>\n<li>Take the \u00ab\u00a0a\u00a0\u00bb train<\/li>\n<li>My heart belongs to daddy<\/li>\n<li>Stompin&rsquo;at the Savoy<\/li>\n<li>Cheek to cheek<\/li>\n<li>Night and day<\/li>\n<li>I&rsquo;m beginning to see the light<\/li>\n<li>Bei mir bist du shoen<\/li>\n<li>Sing sing sing<\/li>\n<li>Tain&rsquo;t what you do<\/li>\n<\/ul>\n<p><img loading=\"lazy\" decoding=\"async\" src=\"officiel\/images\/concerts\/161218\/cartier_panot.jpg\" alt=\"Ad\u00e9lie Cartier-Panot\" class=\"alignleft\" width=\"150\" height=\"200\"\/><strong>Chant : Ad\u00e9lie Cartier-Panot<\/strong><br \/>N\u00e9e \u00e0 Blois, Ad\u00e9lie Cartier-Panot d\u00e9couvre la musique tardivement et d\u00e9bute ses \u00e9tudes musicales par l&rsquo;apprentissage du piano. Le chant devient vite une v\u00e9ritable passion et \u00e0 l&rsquo;\u00e2ge de 17 ans, elle int\u00e8gre l&rsquo;\u00c9cole Nationale de musique d&rsquo;Orl\u00e9ans o\u00f9 elle poursuit ses \u00e9tudes de chant (classe de Mme Semellaz et Mme Coste), de formation musicale, de th\u00e9\u00e2tre et de musique de chambre. En 2006, elle re\u00e7oit un premier prix de musique de chambre. Elle d\u00e9cide alors de poursuivre l&rsquo;apprentissage du chant avec Mme Mercier et Mr\u00a0Gary Mac By.<\/p>\n<p>Parall\u00e8lement, elle int\u00e8gre l&rsquo;universit\u00e9 Fran\u00e7ois Rabelais de Tours o\u00f9 elle obtient une licence professionnelle artistique \u00ab\u00a0Pratiques vocales et chorales\u00a0\u00bb. Elle poursuit ses \u00e9tudes musicales au Conservatoire de musique de Gennevilliers dans la classe de Mme Lagarde et obtient, en juin 2012, un premier prix de chant lyrique avec les f\u00e9licitations du jury puis son perfectionnement un an plus tard.<br \/>Fascin\u00e9e par la p\u00e9riode Swing, elle explore ce r\u00e9pertoire vocal avec Sonia Cat Berro. Elle d\u00e9couvre et apprend le Charleston et le Lindy Hop \u00e0 l&rsquo;\u00e9cole Brotherswing.<\/p>\n<p><img loading=\"lazy\" decoding=\"async\" src=\"officiel\/images\/concerts\/161218\/barrande.jpg\" alt=\"Am\u00e9lie Barrande\" class=\"alignleft\" width=\"150\" height=\"200\"\/><strong>Chor\u00e9graphie\u00a0: Am\u00e9lie Barrande<\/strong><br \/>Am\u00e9lie Barrande est chor\u00e9graphe et professeur de swing au sein de l&rsquo;\u00e9cole Brotherswing, \u00e0 Paris.<\/p>\n<p>Elle a \u00e9t\u00e9 finaliste de plusieurs comp\u00e9titions de Lindy Hop (danse de couple) et d&rsquo;Authentic Jazz Roots (danse solo) dont l&rsquo;European Swing Dance Championship \u00e0 Londres en 2015.<br style=\"clear:both;\" \/><\/p>\n<p><img loading=\"lazy\" decoding=\"async\" src=\"officiel\/images\/concerts\/161218\/mace.jpg\" alt=\"Nathalie Mac\u00e9\" class=\"alignleft\" width=\"150\" height=\"200\"\/><strong>Mise en sc\u00e8ne : Nathalie Mac\u00e9<\/strong><br \/>Form\u00e9e au conservatoire du XVIe de Paris en chant et en th\u00e9\u00e2tre, Nathalie Mac\u00e9 travaille rapidement dans diverses compagnies de th\u00e9\u00e2tre, aussi bien dans des spectacles musicaux que dans des pi\u00e8ces de th\u00e9\u00e2tre \u00ab\u00a0classiques\u00a0\u00bb.<\/p>\n<p>Elle se forme \u00e0 la comedia dell&rsquo;arte avec Jaime Cortez ainsi qu&rsquo;\u00e0 la voix off, et privil\u00e9gie aussi bien le travail du corps que de la voix. Elle anime diff\u00e9rents ateliers th\u00e9\u00e2tre et met en sc\u00e8ne des spectacles, amateurs et professionnels.<br \/>Musique, texte, mouvement, tout cela est pour elle indissociable\u00a0!<br style=\"clear:both;\" \/><\/p>\n<p><strong>Les danseurs<\/strong><br \/>Les Six Appeals (Am\u00e9lie Barrande, Christophe Cholot, Aurore Gauthier, Minh Dang, Le\u00efla Izrar et Sylvain Huchet) ainsi que Pierre Furgoni et Sandrine Bourrier.<\/p>\n<p><strong>Le Big Band de l&rsquo;Harmonie &#038; Friends<\/strong><\/p>\n<ul>\n<li>Piano\u00a0: Dominique Philippeau<\/li>\n<li>Basse\u00a0: S\u00e9bastien Maire<\/li>\n<li>Batterie\u00a0: Johann Fiot<\/li>\n<li>Saxophone alto\u00a0: Jean Ducharme et Juline D\u00e9sir\u00e9<\/li>\n<li>Saxophone t\u00e9nor\u00a0: Didier Chateign\u00e9 et Maxime Ozet<\/li>\n<li>Saxophone baryton\u00a0: Karine Cauquil<\/li>\n<li>Trombone t\u00e9nor\u00a0: Jean-Marie Deniau, Philippe Desmoulins et Jean-Christophe Montagne<\/li>\n<li>Trombone basse\u00a0: Benoit Poeuf<\/li>\n<li>Trompette\u00a0: David Germond, C\u00e9dric Thomas, Sosth\u00e8ne Roger et Christelle Houssard<\/li>\n<\/ul>\n<\/div>\n<div class=\"media_concert\">\n<p><strong>Articles de presse (\u00a9 <a href=\"http:\/\/www.lanouvellerepublique.fr\/\" target=\"_blank\">La Nouvelle R\u00e9publique<\/a> &nbsp;&#8211;&nbsp; <a href=\"http:\/\/www.larenaissance-41.com\/\" target=\"_blank\">La Renaissance du Loir et Cher<\/a> &nbsp;&#8211;&nbsp; <a href=\"http:\/\/www.30jours.fr\/\" target=\"_blank\">30 jours<\/a>) : <\/strong><\/p>\n<div class=\"media_concert_presse\"><a title=\"30 jours Pays Blaisois n\u00b047 - d\u00e9cembre 2016\" rel=\"lightbox[presse]\" href=\"officiel\/images\/presse\/161218\/161218-01.jpg\"><img loading=\"lazy\" decoding=\"async\" src=\"officiel\/images\/presse\/161218\/tn_161218-01.jpg\" alt=\"\" width=\"120\" height=\"120\" \/><\/a><a title=\"La Renaissance - 09 d\u00e9cembre 2016\" rel=\"lightbox[presse]\" href=\"officiel\/images\/presse\/161218\/161218-02.jpg\"><img loading=\"lazy\" decoding=\"async\" src=\"officiel\/images\/presse\/161218\/tn_161218-02.jpg\" alt=\"\" width=\"120\" height=\"120\" \/><\/a><a title=\"La Nouvelle R\u00e9publique - 16 d\u00e9cembre 2016\" rel=\"lightbox[presse]\" href=\"officiel\/images\/presse\/161218\/161218-03.jpg\"><img loading=\"lazy\" decoding=\"async\" src=\"officiel\/images\/presse\/161218\/tn_161218-03.jpg\" alt=\"\" width=\"120\" height=\"120\" \/><\/a><a title=\"La Nouvelle R\u00e9publique - 21 d\u00e9cembre 2016\" rel=\"lightbox[presse]\" href=\"officiel\/images\/presse\/161218\/161218-04.jpg\"><img loading=\"lazy\" decoding=\"async\" src=\"officiel\/images\/presse\/161218\/tn_161218-04.jpg\" alt=\"\" width=\"120\" height=\"120\" \/><\/a><a title=\"La Renaissance - 30 d\u00e9cembre 2016\" rel=\"lightbox[presse]\" href=\"officiel\/images\/presse\/161218\/161218-05.jpg\"><img loading=\"lazy\" decoding=\"async\" src=\"officiel\/images\/presse\/161218\/tn_161218-05.jpg\" alt=\"\" width=\"120\" height=\"120\" \/><\/a><\/div>\n<\/div>\n","protected":false},"excerpt":{"rendered":"<p>&nbsp;Lieu : Halle aux Grains de Blois Date : 18 d\u00e9cembre 2016 Avec la participation d&rsquo;Ad\u00e9lie Cartier-Panot et les Six Appeals accompagn\u00e9s par le Big Band de l&rsquo;Harmonie &#038; Friends Premi\u00e8re partie (Harmonie de Blois) Canon sur une basse obstin\u00e9e Johan Pachelbel Johann Pachelbel est un compositeur et organiste allemand de la p\u00e9riode baroque, n\u00e9 [&hellip;]<\/p>\n","protected":false},"author":1,"featured_media":0,"parent":240,"menu_order":0,"comment_status":"open","ping_status":"open","template":"","meta":{"footnotes":""},"class_list":["post-794","page","type-page","status-publish","hentry"],"_links":{"self":[{"href":"https:\/\/www.harmoniedeblois.fr\/index.php?rest_route=\/wp\/v2\/pages\/794","targetHints":{"allow":["GET"]}}],"collection":[{"href":"https:\/\/www.harmoniedeblois.fr\/index.php?rest_route=\/wp\/v2\/pages"}],"about":[{"href":"https:\/\/www.harmoniedeblois.fr\/index.php?rest_route=\/wp\/v2\/types\/page"}],"author":[{"embeddable":true,"href":"https:\/\/www.harmoniedeblois.fr\/index.php?rest_route=\/wp\/v2\/users\/1"}],"replies":[{"embeddable":true,"href":"https:\/\/www.harmoniedeblois.fr\/index.php?rest_route=%2Fwp%2Fv2%2Fcomments&post=794"}],"version-history":[{"count":18,"href":"https:\/\/www.harmoniedeblois.fr\/index.php?rest_route=\/wp\/v2\/pages\/794\/revisions"}],"predecessor-version":[{"id":806,"href":"https:\/\/www.harmoniedeblois.fr\/index.php?rest_route=\/wp\/v2\/pages\/794\/revisions\/806"}],"up":[{"embeddable":true,"href":"https:\/\/www.harmoniedeblois.fr\/index.php?rest_route=\/wp\/v2\/pages\/240"}],"wp:attachment":[{"href":"https:\/\/www.harmoniedeblois.fr\/index.php?rest_route=%2Fwp%2Fv2%2Fmedia&parent=794"}],"curies":[{"name":"wp","href":"https:\/\/api.w.org\/{rel}","templated":true}]}}