{"id":896,"date":"2018-04-21T12:16:55","date_gmt":"2018-04-21T10:16:55","guid":{"rendered":"http:\/\/www.harmoniedeblois.fr\/?page_id=896"},"modified":"2018-05-13T23:31:50","modified_gmt":"2018-05-13T21:31:50","slug":"prochain-concert-unisson","status":"publish","type":"page","link":"https:\/\/www.harmoniedeblois.fr\/?page_id=896","title":{"rendered":"Concert Unisson 2018"},"content":{"rendered":"<p><a href=\"officiel\/images\/affiches\/Unisson-180427.pdf\" target=\"_blank\"><img loading=\"lazy\" decoding=\"async\" src=\"officiel\/images\/affiches\/180427.jpg\" alt=\"Affiche du concert\" class=\"alignleft\" width=\"70\" height=\"100\"\/><\/a><\/p>\n<div class=\"descriptif_concert\">\n<p>Lieu : Halle aux Grains de Blois<\/p>\n<p>Date : 27 avril 2018<br \/>&nbsp;<\/p>\n<p>Au profit des bless\u00e9s des Arm\u00e9es et des familles des militaires morts en service<\/p>\n<p>&nbsp;<\/p>\n<\/div>\n<p>Blois, 2<sup>\u00e8me<\/sup> \u00e9tape de la tourn\u00e9e de concerts Unisson au profit des bless\u00e9s des Arm\u00e9es et des familles des militaires morts en service.<\/p>\n<p>Sous la baguette de <strong>Madame Ansanay\u2013Alex<\/strong>, premi\u00e8re femme chef de Musique de l&rsquo;Arm\u00e9e de Terre, la Musique des Transmissions de Rennes, orchestre d&rsquo;harmonie compos\u00e9 de 55 musiciens, vous proposera une prestation artistique originale et insolite :<\/p>\n<p style=\"text-align:center;\"><cite>Le Bal des tranch\u00e9es, de la Grande Guerre aux ann\u00e9es folles<\/cite><\/p>\n<p>Ce spectacle, v\u00e9ritable machine \u00e0 remonter le temps, vous transportera dans le chaos des tranch\u00e9es avec <cite>Jupiter<\/cite> de Gustav Holst, puis dans l&rsquo;ivresse des cabarets r\u00e9investis peu \u00e0 peu au lendemain de la guerre avec les premiers airs de Charleston tels que <cite>Swing, swing, swing<\/cite> ou encore <cite>Highlights from Chicago<\/cite>.<\/p>\n<p>L&rsquo;orchestre d&rsquo;Harmonie de Blois assurera la premi\u00e8re partie de ce concert.<\/p>\n<p>Organis\u00e9e par la zone de d\u00e9fense et de  s\u00e9curit\u00e9 Ouest et avec le soutien de la ville de Blois, les fonds r\u00e9colt\u00e9s lors de cette soir\u00e9e, iront au profit de 3 associations : Terre fraternit\u00e9 pour l&rsquo;arm\u00e9e de Terre, l&rsquo;ADOSM pour la Marine nationale, la FOSA pour l&rsquo;arm\u00e9e de l&rsquo;Air.<\/p>\n<p>Sillonnant les routes du grand Ouest depuis 2009, les concerts de la tourn\u00e9e \u00ab UNISSON \u00bb ont travers\u00e9 plus d\u2019une trentaine de villes et accueilli plus de 39 000 spectateurs.<\/p>\n<h3 class=\"entracte\">Premi\u00e8re partie (Harmonie de Blois)<\/h3>\n<div class=\"morceau\">\n<h4 class=\"morceau_titre\">Canzone<\/h4>\n<p class=\"morceau_compositeur\">Elliot A. del Borgo<\/p>\n<div class=\"morceau_description\">\n<p>Elliot A. Del Borgo est un musicien am\u00e9ricain (New York 1938 \u2013 2013).<br \/>Il \u00e9tudie la trompette et la composition, avant d&rsquo;enseigner la pratique instrumentale dans les \u00e9coles primaires. Dipl\u00f4m\u00e9 de la Crane School of Music, il int\u00e8gre en 1966 cet \u00e9tablissement d&rsquo;enseignement sup\u00e9rieur de New York pour y occuper pendant pr\u00e8s de 30 ans, des fonctions p\u00e9dagogiques et administratives, et diriger son orchestre d&rsquo;harmonie. Sa renomm\u00e9e internationale en mati\u00e8re de direction d&rsquo;orchestre lui vaut, en 1993, de devenir membre de l&rsquo;Association des Chefs d&rsquo;Orchestre Am\u00e9ricains.<\/p>\n<p>Auteur de plus de 600 &oelig;uvres, il a notamment compos\u00e9 la musique de la c\u00e9r\u00e9monie d&rsquo;ouverture des Jeux Olympiques d&rsquo;hiver de Lake Placid (New York) en 1980. Sa musique est le reflet de l&rsquo;esth\u00e9tique des id\u00e9aux musicaux du XX<sup>\u00e8me<\/sup> si\u00e8cle, \u00e0 travers son \u00e9clectisme et son style tr\u00e8s rythmique, marqu\u00e9 par une grande vigueur harmonique.<\/p>\n<p><cite>Canzone<\/cite> est une de ses nombreuses &oelig;uvres pour orchestre d&rsquo;harmonie.<\/p>\n<\/div>\n<\/div>\n<hr\/>\n<div class=\"morceau\">\n<h4 class=\"morceau_titre\">Rituel<\/h4>\n<p class=\"morceau_compositeur\">Thierry Muller<\/p>\n<div class=\"morceau_description\">\n<p>Thierry Muller est un musicien fran\u00e7ais, n\u00e9 en 1964. Issu d&rsquo;une famille de musiciens, il pratique la musique depuis son plus jeune \u00e2ge. Il fait ses \u00e9tudes musicales au Conservatoire National de R\u00e9gion de Rouen, puis au Conservatoire National Sup\u00e9rieur de Musique de Paris dans les classes de fl\u00fbte, analyse et harmonie.<\/p>\n<p>Laur\u00e9at de nombreux prix de composition pour orchestre d&rsquo;harmonie, il a \u00e9galement compos\u00e9 des pi\u00e8ces pour fl\u00fbte, trombone, hautbois. Directeur d&rsquo;Ecole de Musique de 1<sup>\u00e8re<\/sup> cat\u00e9gorie, il est depuis 2016 directeur du Conservatoire de Nice.<\/p>\n<p><cite>Rituel<\/cite> est une &oelig;uvre originale pour orchestre d&rsquo;harmonie, \u00e9crite en 2004.<\/p>\n<\/div>\n<\/div>\n<hr\/>\n<div class=\"morceau\">\n<h4 class=\"morceau_titre\">Star Wars, \u00e9pisode 1 : la menace fant\u00f4me<\/h4>\n<p class=\"morceau_compositeur\">John Williams<br \/><span class=\"morceau_arrangeur\">Arr : Robert W. Smith<\/span><\/p>\n<div class=\"morceau_description\">\n<p>Compositeur am\u00e9ricain de renom n\u00e9 en 1932, c\u00e9l\u00e8bre pour ses musiques de films, John Williams fait \u00e9galement preuve de talents de pianiste et de chef d&rsquo;orchestre. Exer\u00e7ant ses dons dans diff\u00e9rents genres musicaux, il a principalement contribu\u00e9 \u00e0 populariser l&rsquo;usage de l&rsquo;orchestre symphonique au cin\u00e9ma.<\/p>\n<p>Dans les ann\u00e9es soixante-dix, il compose la musique de films catastrophes \u00e0 succ\u00e8s (<cite>La Tour infernale<\/cite>) et int\u00e9resse le jeune r\u00e9alisateur qu&rsquo;est Steven Spielberg. Avec lui commence une longue et fructueuse collaboration, marqu\u00e9e d\u00e8s le d\u00e9but par l&rsquo;Oscar de la meilleure musique de film gr\u00e2ce aux <cite>Dents de la mer<\/cite>. Sur les conseils de Spielberg, George Lucas fait appel \u00e0 lui pour sa grande saga <cite>La guerre des Etoiles<\/cite>. C&rsquo;est un immense succ\u00e8s commercial, qui se confirme et se prolonge avec l&rsquo;\u00e9criture de la plupart des grandes r\u00e9ussites du cin\u00e9ma am\u00e9ricain. A l&rsquo;image de Richard Wagner, il utilise le leitmotiv qui permet d&rsquo;identifier des personnages ou des actions. Sa musique interagit avec les images, son orchestration et le traitement de ses th\u00e8mes font de lui un compositeur de premier plan.<\/p>\n<p>La bande originale de <cite>Star Wars, \u00e9pisode I : la menace fant\u00f4me<\/cite> est compos\u00e9e en 1999, 16&nbsp;ans apr\u00e8s celle de <cite>Star Wars, \u00e9pisode VI : le retour du Jedi<\/cite>.<\/p>\n<\/div>\n<\/div>\n<h3 class=\"entracte\">Deuxi\u00e8me partie (Musique des Transmissions de Rennes)<\/h3>\n<div class=\"morceau\">\n<h4 class=\"morceau_titre\">Bullets and Bayonets<\/h4>\n<p class=\"morceau_compositeur\">John Philip SOUSA<\/p>\n<\/div>\n<hr\/>\n<div class=\"morceau\">\n<h4 class=\"morceau_titre\">Mars<\/h4>\n<p class=\"morceau_compositeur\">Gustav HOLST<\/p>\n<\/div>\n<hr\/>\n<div class=\"morceau\">\n<h4 class=\"morceau_titre\">Le bal des tranch\u00e9es<\/h4>\n<p class=\"morceau_compositeur\">Roger BOUTRY<br \/><span class=\"morceau_arrangeur\">Arr : S. ANSANAY-ALEX<\/span><\/p>\n<\/div>\n<hr\/>\n<div class=\"morceau\">\n<h4 class=\"morceau_titre\">Un Am\u00e9ricain \u00e0 Paris<\/h4>\n<p class=\"morceau_compositeur\">Georges GERSHWIN<br \/><span class=\"morceau_arrangeur\">Arr : CESARINI<\/span><\/p>\n<\/div>\n<hr\/>\n<div class=\"morceau\">\n<h4 class=\"morceau_titre\">Swing, swing, swing<\/h4>\n<p class=\"morceau_compositeur\">John WILLIAMS<\/p>\n<\/div>\n<hr\/>\n<div class=\"morceau\">\n<h4 class=\"morceau_titre\">Charles Chaplin<\/h4>\n<p class=\"morceau_compositeur\">CHAPLIN \/ DELANGE<br \/><span class=\"morceau_arrangeur\">Arr : M.PETERS<\/span><\/p>\n<\/div>\n<h3 class=\"entracte\">Troisi\u00e8me partie (Ensemble)<\/h3>\n<div class=\"morceau\">\n<h4 class=\"morceau_titre\">Highlights from Chicago<\/h4>\n<p class=\"morceau_compositeur\">John KANDER<br \/><span class=\"morceau_arrangeur\">Arr : G. GAZZANI<\/span><\/p>\n<\/div>\n<hr\/>\n<div class=\"morceau\">\n<h4 class=\"morceau_titre\">Amazing Gr\u00e2ce 2008<\/h4>\n<p class=\"morceau_compositeur\"><span class=\"morceau_arrangeur\">Arr : P. MURTHA<\/span><\/p>\n<\/div>\n<div class=\"media_concert\">\n<p><strong>Articles de presse (\u00a9 <a href=\"http:\/\/www.lanouvellerepublique.fr\/\" target=\"_blank\">La Nouvelle R\u00e9publique<\/a> &nbsp;&#8211;&nbsp; <a href=\"http:\/\/www.larenaissance-41.com\/\" target=\"_blank\">La Renaissance du Loir et Cher<\/a> &nbsp;&#8211;&nbsp; <a href=\"http:\/\/www.30jours.fr\/\" target=\"_blank\">30 jours<\/a>) : <\/strong><\/p>\n<div class=\"media_concert_presse\">\n<a title=\"La Renaissance - 20 avril 2018\" rel=\"lightbox[presse]\" href=\"officiel\/images\/presse\/180427\/180427-01.jpg\"><img loading=\"lazy\" decoding=\"async\" src=\"officiel\/images\/presse\/180427\/tn_180427-01.jpg\" alt=\"\" width=\"120\" height=\"120\"><\/a><a title=\"La Nouvelle R\u00e9publique - 24 avril 2018\" rel=\"lightbox[presse]\" href=\"officiel\/images\/presse\/180427\/180427-02.jpg\"><img loading=\"lazy\" decoding=\"async\" src=\"officiel\/images\/presse\/180427\/tn_180427-02.jpg\" alt=\"\" width=\"120\" height=\"120\"><\/a><a title=\"La Nouvelle R\u00e9publique - 30 avril 2018\" rel=\"lightbox[presse]\" href=\"officiel\/images\/presse\/180427\/180427-03.jpg\"><img loading=\"lazy\" decoding=\"async\" src=\"officiel\/images\/presse\/180427\/tn_180427-03.jpg\" alt=\"\" width=\"120\" height=\"120\"><\/a>\n<\/div>\n<\/div>\n","protected":false},"excerpt":{"rendered":"<p>Lieu : Halle aux Grains de Blois Date : 27 avril 2018&nbsp; Au profit des bless\u00e9s des Arm\u00e9es et des familles des militaires morts en service &nbsp; Blois, 2\u00e8me \u00e9tape de la tourn\u00e9e de concerts Unisson au profit des bless\u00e9s des Arm\u00e9es et des familles des militaires morts en service. Sous la baguette de Madame [&hellip;]<\/p>\n","protected":false},"author":1,"featured_media":0,"parent":240,"menu_order":0,"comment_status":"open","ping_status":"open","template":"","meta":{"footnotes":""},"class_list":["post-896","page","type-page","status-publish","hentry"],"_links":{"self":[{"href":"https:\/\/www.harmoniedeblois.fr\/index.php?rest_route=\/wp\/v2\/pages\/896","targetHints":{"allow":["GET"]}}],"collection":[{"href":"https:\/\/www.harmoniedeblois.fr\/index.php?rest_route=\/wp\/v2\/pages"}],"about":[{"href":"https:\/\/www.harmoniedeblois.fr\/index.php?rest_route=\/wp\/v2\/types\/page"}],"author":[{"embeddable":true,"href":"https:\/\/www.harmoniedeblois.fr\/index.php?rest_route=\/wp\/v2\/users\/1"}],"replies":[{"embeddable":true,"href":"https:\/\/www.harmoniedeblois.fr\/index.php?rest_route=%2Fwp%2Fv2%2Fcomments&post=896"}],"version-history":[{"count":12,"href":"https:\/\/www.harmoniedeblois.fr\/index.php?rest_route=\/wp\/v2\/pages\/896\/revisions"}],"predecessor-version":[{"id":913,"href":"https:\/\/www.harmoniedeblois.fr\/index.php?rest_route=\/wp\/v2\/pages\/896\/revisions\/913"}],"up":[{"embeddable":true,"href":"https:\/\/www.harmoniedeblois.fr\/index.php?rest_route=\/wp\/v2\/pages\/240"}],"wp:attachment":[{"href":"https:\/\/www.harmoniedeblois.fr\/index.php?rest_route=%2Fwp%2Fv2%2Fmedia&parent=896"}],"curies":[{"name":"wp","href":"https:\/\/api.w.org\/{rel}","templated":true}]}}